{"id":9495,"date":"2021-08-03T16:10:12","date_gmt":"2021-08-03T14:10:12","guid":{"rendered":"https:\/\/www.fredonoccitanie.com\/surveillance\/?page_id=9495"},"modified":"2023-06-12T14:47:26","modified_gmt":"2023-06-12T12:47:26","slug":"reglementation-sur-les-campagnols","status":"publish","type":"page","link":"https:\/\/www.fredonoccitanie.com\/surveillance\/toutes-cultures\/reglementation-sur-les-campagnols\/","title":{"rendered":"R\u00e9glementation sur les campagnols"},"content":{"rendered":"\n<style type=\"text\/css\" data-created_by=\"avia_inline_auto\" id=\"style-css-av-cp3bl3-ba1d328b5e994184071f6de28be19a6d\">\n.avia-section.av-cp3bl3-ba1d328b5e994184071f6de28be19a6d{\nbackground-color:#dbdbcf;\nbackground-image:unset;\n}\n<\/style>\n<div id='av_section_1'  class='avia-section av-cp3bl3-ba1d328b5e994184071f6de28be19a6d main_color avia-section-default avia-no-border-styling  avia-builder-el-0  el_before_av_section  avia-builder-el-first  avia-bg-style-scroll container_wrap fullsize'  ><div class='container av-section-cont-open' ><main  role=\"main\" itemprop=\"mainContentOfPage\"  class='template-page content  av-content-full alpha units'><div class='post-entry post-entry-type-page post-entry-9495'><div class='entry-content-wrapper clearfix'>\n\n<style type=\"text\/css\" data-created_by=\"avia_inline_auto\" id=\"style-css-av-13cqp3-1abbc65ea6f49e2de80d36f35d80d573\">\n.flex_column.av-13cqp3-1abbc65ea6f49e2de80d36f35d80d573{\nborder-radius:0px 0px 0px 0px;\npadding:0px 0px 0px 0px;\n}\n<\/style>\n<div  class='flex_column av-13cqp3-1abbc65ea6f49e2de80d36f35d80d573 av_one_fifth  avia-builder-el-1  el_before_av_three_fifth  avia-builder-el-first  first flex_column_div av-zero-column-padding  '     ><\/div>\n<style type=\"text\/css\" data-created_by=\"avia_inline_auto\" id=\"style-css-av-8z75cn-37f27554b87cb70f0b4c49551be6b440\">\n.flex_column.av-8z75cn-37f27554b87cb70f0b4c49551be6b440{\nborder-radius:0px 0px 0px 0px;\npadding:0px 0px 0px 0px;\n}\n<\/style>\n<div  class='flex_column av-8z75cn-37f27554b87cb70f0b4c49551be6b440 av_three_fifth  avia-builder-el-2  el_after_av_one_fifth  el_before_av_one_fifth  flex_column_div av-zero-column-padding  '     ><article  class='iconbox iconbox_top av-krw51nzo-2d1e4ebc9b68081114785d6567751284  avia-builder-el-3  avia-builder-el-no-sibling  main_color'  itemscope=\"itemscope\" itemtype=\"https:\/\/schema.org\/CreativeWork\" ><div class=\"iconbox_content\"><header class=\"entry-content-header\" aria-label=\"Ic\u00f4ne : \"><div class='iconbox_icon heading-color avia-iconfont avia-font-entypo-fontello' data-av_icon='\ue8cf' data-av_iconfont='entypo-fontello'  ><\/div><\/header><div class='iconbox_content_container '  itemprop=\"text\" ><div class=\"vc_cta3_content-container\">\n<div class=\"vc_cta3-content\">\n<div class=\"vc_cta3_content-container\">\n<div class=\"vc_cta3-content\">\n<header class=\"vc_cta3-content-header\">\n<h2 class=\"vc_custom_heading\" style=\"text-align: center\">Textes r\u00e9glementaires et l\u00e9gislatifs<\/h2>\n<\/header>\n<ul>\n<li><a href=\"https:\/\/www.fredonoccitanie.com\/surveillance\/wp-content\/uploads\/sites\/4\/2017\/08\/arrete_ministeriel_campagnol_20140514.pdf\" target=\"_blank\" rel=\"noopener\">T\u00e9l\u00e9charger l\u2019Arr\u00eat\u00e9 minist\u00e9riel du 14 Mai 2014 relatif au contr\u00f4le des populations de campagnols nuisibles aux cultures ainsi qu\u2019aux conditions d\u2019emploi des produits phytopharmaceutiques contenant de la bromadiolone<\/a><\/li>\n<li><a href=\"https:\/\/www.lozere.gouv.fr\/content\/download\/17598\/137226\/file\/ap_bromadiolone_20160517_SIGNE.pdf\" target=\"_blank\" rel=\"noopener\">T\u00e9l\u00e9charger l\u2019Arr\u00eat\u00e9 pr\u00e9fectoral du 17 mai 2016 organisant la\u00a0 lutte en Loz\u00e8re contre le campagnol terrestre et le campagnol des champs<\/a><\/li>\n<\/ul>\n<\/div>\n<\/div>\n<\/div>\n<\/div>\n<\/div><\/div><footer class=\"entry-footer\"><\/footer><\/article><\/div>\n<style type=\"text\/css\" data-created_by=\"avia_inline_auto\" id=\"style-css-av-76p9dz-a07bbe021dccdad552e1c49324d51f36\">\n.flex_column.av-76p9dz-a07bbe021dccdad552e1c49324d51f36{\nborder-radius:0px 0px 0px 0px;\npadding:0px 0px 0px 0px;\n}\n<\/style>\n<div  class='flex_column av-76p9dz-a07bbe021dccdad552e1c49324d51f36 av_one_fifth  avia-builder-el-4  el_after_av_three_fifth  avia-builder-el-last  flex_column_div av-zero-column-padding  '     ><\/div><\/div><\/div><\/main><!-- close content main element --><\/div><\/div><div id='av_section_2'  class='avia-section av-6b2aav-0a6a05e4c75152750c23356281531b1d main_color avia-section-default avia-no-border-styling  avia-builder-el-5  el_after_av_section  avia-builder-el-last  avia-bg-style-scroll container_wrap fullsize'  ><div class='container av-section-cont-open' ><div class='template-page content  av-content-full alpha units'><div class='post-entry post-entry-type-page post-entry-9495'><div class='entry-content-wrapper clearfix'>\n\n<style type=\"text\/css\" data-created_by=\"avia_inline_auto\" id=\"style-css-av-3jdohj-ddcaf171454e57d744a841e948b0e494\">\n.flex_column.av-3jdohj-ddcaf171454e57d744a841e948b0e494{\nborder-radius:0px 0px 0px 0px;\npadding:0px 0px 0px 0px;\n}\n<\/style>\n<div  class='flex_column av-3jdohj-ddcaf171454e57d744a841e948b0e494 av_two_third  avia-builder-el-6  avia-builder-el-no-sibling  first flex_column_div av-zero-column-padding  '     ><div  class='av-social-sharing-box av-2saggn-26f2b51e1c113d973749dd96a8e1e18c av-social-sharing-box-default  avia-builder-el-7  avia-builder-el-no-sibling  av-social-sharing-box-fullwidth'><div class=\"av-share-box\"><h5 class='av-share-link-description av-no-toc '>Partager cet entr\u00e9e<\/h5><ul class=\"av-share-box-list noLightbox\"><li class='av-share-link av-social-link-facebook avia_social_iconfont' ><a target=\"_blank\" aria-label=\"Partager sur Facebook\" href='https:\/\/www.facebook.com\/sharer.php?u=https:\/\/www.fredonoccitanie.com\/surveillance\/toutes-cultures\/reglementation-sur-les-campagnols\/&#038;t=R%C3%A9glementation%20sur%20les%20campagnols' data-av_icon='\ue8f3' data-av_iconfont='entypo-fontello'  title='' data-avia-related-tooltip='Partager sur Facebook'><span class='avia_hidden_link_text'>Partager sur Facebook<\/span><\/a><\/li><li class='av-share-link av-social-link-twitter avia_social_iconfont' ><a target=\"_blank\" aria-label=\"Partager sur X\" href='https:\/\/twitter.com\/share?text=R%C3%A9glementation%20sur%20les%20campagnols&#038;url=https:\/\/www.fredonoccitanie.com\/surveillance\/?p=9495' data-av_icon='\ue932' data-av_iconfont='entypo-fontello'  title='' data-avia-related-tooltip='Partager sur X'><span class='avia_hidden_link_text'>Partager sur X<\/span><\/a><\/li><li class='av-share-link av-social-link-linkedin avia_social_iconfont' ><a target=\"_blank\" aria-label=\"Partager sur LinkedIn\" href='https:\/\/linkedin.com\/shareArticle?mini=true&#038;title=R%C3%A9glementation%20sur%20les%20campagnols&#038;url=https:\/\/www.fredonoccitanie.com\/surveillance\/toutes-cultures\/reglementation-sur-les-campagnols\/' data-av_icon='\ue8fc' data-av_iconfont='entypo-fontello'  title='' data-avia-related-tooltip='Partager sur LinkedIn'><span class='avia_hidden_link_text'>Partager sur LinkedIn<\/span><\/a><\/li><li class='av-share-link av-social-link-mail avia_social_iconfont' ><a  aria-label=\"Partager par Mail\" href='mailto:?subject=R%C3%A9glementation%20sur%20les%20campagnols&#038;body=https:\/\/www.fredonoccitanie.com\/surveillance\/toutes-cultures\/reglementation-sur-les-campagnols\/' data-av_icon='\ue805' data-av_iconfont='entypo-fontello'  title='' data-avia-related-tooltip='Partager par Mail'><span class='avia_hidden_link_text'>Partager par Mail<\/span><\/a><\/li><\/ul><\/div><\/div><\/div>\n<\/p>\n","protected":false},"excerpt":{"rendered":"","protected":false},"author":3,"featured_media":0,"parent":9226,"menu_order":3,"comment_status":"closed","ping_status":"closed","template":"","meta":{"footnotes":""},"class_list":["post-9495","page","type-page","status-publish","hentry"],"_links":{"self":[{"href":"https:\/\/www.fredonoccitanie.com\/surveillance\/wp-json\/wp\/v2\/pages\/9495","targetHints":{"allow":["GET"]}}],"collection":[{"href":"https:\/\/www.fredonoccitanie.com\/surveillance\/wp-json\/wp\/v2\/pages"}],"about":[{"href":"https:\/\/www.fredonoccitanie.com\/surveillance\/wp-json\/wp\/v2\/types\/page"}],"author":[{"embeddable":true,"href":"https:\/\/www.fredonoccitanie.com\/surveillance\/wp-json\/wp\/v2\/users\/3"}],"replies":[{"embeddable":true,"href":"https:\/\/www.fredonoccitanie.com\/surveillance\/wp-json\/wp\/v2\/comments?post=9495"}],"version-history":[{"count":5,"href":"https:\/\/www.fredonoccitanie.com\/surveillance\/wp-json\/wp\/v2\/pages\/9495\/revisions"}],"predecessor-version":[{"id":10891,"href":"https:\/\/www.fredonoccitanie.com\/surveillance\/wp-json\/wp\/v2\/pages\/9495\/revisions\/10891"}],"up":[{"embeddable":true,"href":"https:\/\/www.fredonoccitanie.com\/surveillance\/wp-json\/wp\/v2\/pages\/9226"}],"wp:attachment":[{"href":"https:\/\/www.fredonoccitanie.com\/surveillance\/wp-json\/wp\/v2\/media?parent=9495"}],"curies":[{"name":"wp","href":"https:\/\/api.w.org\/{rel}","templated":true}]}}