{"id":9169,"date":"2021-07-19T14:54:11","date_gmt":"2021-07-19T12:54:11","guid":{"rendered":"https:\/\/www.fredonoccitanie.com\/surveillance\/?page_id=9169"},"modified":"2024-12-02T11:10:41","modified_gmt":"2024-12-02T10:10:41","slug":"les-gdon-de-laude","status":"publish","type":"page","link":"https:\/\/www.fredonoccitanie.com\/surveillance\/viticulture\/les-groupements-de-defense\/les-gdon-de-laude\/","title":{"rendered":"Les GDON de l&rsquo;Aude"},"content":{"rendered":"\n<style type=\"text\/css\" data-created_by=\"avia_inline_auto\" id=\"style-css-av-en7yoh-20710f39eba2a4c8ad545e299aa2b137\">\n.flex_column.av-en7yoh-20710f39eba2a4c8ad545e299aa2b137{\nborder-radius:0px 0px 0px 0px;\npadding:0px 0px 0px 0px;\n}\n<\/style>\n<div  class='flex_column av-en7yoh-20710f39eba2a4c8ad545e299aa2b137 av_one_half  avia-builder-el-0  el_before_av_one_half  avia-builder-el-first  first flex_column_div av-zero-column-padding  '     ><div  class='avia-slideshow av-kramse7u-8c608f522b9a159692e22bf2a8170e70 avia-slideshow-featured av_slideshow avia-slide-slider  avia-builder-el-1  avia-builder-el-no-sibling  av-slideshow-ui av-control-default av-slideshow-manual av-loop-once av-loop-manual-endless av-default-height-applied avia-slideshow-1' data-slideshow-options=\"{&quot;animation&quot;:&quot;slide&quot;,&quot;autoplay&quot;:false,&quot;loop_autoplay&quot;:&quot;once&quot;,&quot;interval&quot;:5,&quot;loop_manual&quot;:&quot;manual-endless&quot;,&quot;autoplay_stopper&quot;:false,&quot;noNavigation&quot;:false,&quot;bg_slider&quot;:false,&quot;keep_padding&quot;:false,&quot;hoverpause&quot;:false,&quot;show_slide_delay&quot;:0}\"  itemprop=\"image\" itemscope=\"itemscope\" itemtype=\"https:\/\/schema.org\/ImageObject\" ><ul class='avia-slideshow-inner ' style='padding-bottom: 28.917283120377%;'><li  class='avia-slideshow-slide av-kramse7u-8c608f522b9a159692e22bf2a8170e70__0  slide-1 slide-odd'><div data-rel='slideshow-1' class='avia-slide-wrap '   ><img decoding=\"async\" fetchpriority=\"high\" class=\"wp-image-4572 avia-img-lazy-loading-not-4572\"  src=\"https:\/\/www.fredonoccitanie.com\/surveillance\/wp-content\/uploads\/sites\/4\/2016\/11\/syrah-9-1487x430.jpg\" width=\"1487\" height=\"430\" title='syrah' alt=''  itemprop=\"thumbnailUrl\"   \/><\/div><\/li><li  class='avia-slideshow-slide av-kramse7u-8c608f522b9a159692e22bf2a8170e70__1  slide-2 slide-even'><div data-rel='slideshow-1' class='avia-slide-wrap '   ><img decoding=\"async\" fetchpriority=\"high\" class=\"wp-image-4571 avia-img-lazy-loading-not-4571\"  src=\"https:\/\/www.fredonoccitanie.com\/surveillance\/wp-content\/uploads\/sites\/4\/2016\/11\/syrah-2-1500x430.jpg\" width=\"1500\" height=\"430\" title='syrah' alt=''  itemprop=\"thumbnailUrl\"   \/><\/div><\/li><\/ul><div class='avia-slideshow-arrows avia-slideshow-controls' ><a href='#prev' class='prev-slide  avia-svg-icon avia-font-svg_entypo-fontello' data-av_svg_icon='left-open-big' data-av_iconset='svg_entypo-fontello' tabindex='-1' title=\"Pr\u00e9c\u00e9dent\"><svg version=\"1.1\" xmlns=\"http:\/\/www.w3.org\/2000\/svg\" width=\"15\" height=\"32\" viewBox=\"0 0 15 32\" preserveAspectRatio=\"xMidYMid meet\" aria-labelledby='av-svg-title-1' aria-describedby='av-svg-desc-1' role=\"graphics-symbol\" aria-hidden=\"true\">\n<title id='av-svg-title-1'>Pr\u00e9c\u00e9dent<\/title>\n<desc id='av-svg-desc-1'>Pr\u00e9c\u00e9dent<\/desc>\n<path d=\"M14.464 27.84q0.832 0.832 0 1.536-0.832 0.832-1.536 0l-12.544-12.608q-0.768-0.768 0-1.6l12.544-12.608q0.704-0.832 1.536 0 0.832 0.704 0 1.536l-11.456 11.904z\"><\/path>\n<\/svg><span class='avia_hidden_link_text'>Pr\u00e9c\u00e9dent<\/span><\/a><a href='#next' class='next-slide  avia-svg-icon avia-font-svg_entypo-fontello' data-av_svg_icon='right-open-big' data-av_iconset='svg_entypo-fontello' tabindex='-1' title=\"Suivant\"><svg version=\"1.1\" xmlns=\"http:\/\/www.w3.org\/2000\/svg\" width=\"15\" height=\"32\" viewBox=\"0 0 15 32\" preserveAspectRatio=\"xMidYMid meet\" aria-labelledby='av-svg-title-2' aria-describedby='av-svg-desc-2' role=\"graphics-symbol\" aria-hidden=\"true\">\n<title id='av-svg-title-2'>Suivant<\/title>\n<desc id='av-svg-desc-2'>Suivant<\/desc>\n<path d=\"M0.416 27.84l11.456-11.84-11.456-11.904q-0.832-0.832 0-1.536 0.832-0.832 1.536 0l12.544 12.608q0.768 0.832 0 1.6l-12.544 12.608q-0.704 0.832-1.536 0-0.832-0.704 0-1.536z\"><\/path>\n<\/svg><span class='avia_hidden_link_text'>Suivant<\/span><\/a><\/div><div class='avia-slideshow-dots avia-slideshow-controls'><a href='#1' class='goto-slide active' >1<\/a><a href='#2' class='goto-slide ' >2<\/a><\/div><\/div><\/div>\n\n<style type=\"text\/css\" data-created_by=\"avia_inline_auto\" id=\"style-css-av-zn7ch-5e48d6ec02cbc78f3605d05e693a0e59\">\n.flex_column.av-zn7ch-5e48d6ec02cbc78f3605d05e693a0e59{\nborder-radius:0px 0px 0px 0px;\npadding:0px 0px 0px 0px;\n}\n<\/style>\n<div  class='flex_column av-zn7ch-5e48d6ec02cbc78f3605d05e693a0e59 av_one_half  avia-builder-el-2  el_after_av_one_half  el_before_av_one_half  flex_column_div av-zero-column-padding  '     ><section  class='av_textblock_section av-kramrwkn-1655459bc51ff83d5b2c1ad374113d97 '   itemscope=\"itemscope\" itemtype=\"https:\/\/schema.org\/CreativeWork\" ><div class='avia_textblock'  itemprop=\"text\" ><p align=\"justify\">La flavescence dor\u00e9e de la vigne est une <b>maladie \u00e0 phytoplasme<\/b>, un agent infectieux apparent\u00e9 aux bact\u00e9ries mais qui ne pr\u00e9sente pas de paroi cellulaire. Cette maladie est l\u2019une des plus importante sur la vigne en France et fait l\u2019objet d\u2019un plan de quarantaine.<\/p>\n<p align=\"justify\">\u00a0\u00a0\u00a0\u00a0 Le phytoplasme est<b> transmis \u00e0 la vigne par la cicadelle vectrice de la flavescence,\u00a0<em>Scapho\u00efdeus titanus<\/em>. <\/b>Cette maladie serait originaire d\u2019Europe puisque les derni\u00e8res recherches g\u00e9nomiques montrent que des phytoplasmes analogues ont toujours \u00e9t\u00e9 pr\u00e9sents dans d\u2019autres plantes telles que l\u2019aulne ou la cl\u00e9matite. L\u2019insecte vecteur est quand \u00e0 lui originaire d\u2019Am\u00e9rique du Nord, mais est aujourd\u2019hui pr\u00e9sent dans bon nombre de r\u00e9gions fran\u00e7aises. Les risques d\u2019infection au vignoble sont \u00e9lev\u00e9s lorsque l\u2019on observe la pr\u00e9sence simultan\u00e9e de l\u2019insecte vecteur et du phytoplasme, qui p\u00e9n\u00e8tre dans la plante par l\u2019interm\u00e9diaire des piqures de nutrition de la cicadelle.<\/p>\n<p align=\"justify\"><b>\u00a0\u00a0\u00a0\u00a0 Actuellement, la flavescence dor\u00e9e est pr\u00e9sente dans une grande partie des vignobles fran\u00e7ais.<\/b> Cette maladie est apparue en France dans les ann\u00e9es 60 en Aquitaine. <b>Dans notre r\u00e9gion<\/b>, la maladie est apparue en 1982, tout d\u2019abord dans l\u2019Aude puis dans les Pyr\u00e9n\u00e9es-Orientales. <strong>Aujourd\u2019hui, tout le vignoble languedocien est concern\u00e9<\/strong>.<\/p>\n<p><strong>Retrouver toutes les information sur la flavescence dor\u00e9e en cliquan<\/strong>t <a href=\"https:\/\/www.fredonoccitanie.com\/surveillance\/flavescence-doree\/\">ici<\/a><\/p>\n<h3>T\u00e9l\u00e9charger les Bulletins d\u2019informations Flavescence Dor\u00e9e D\u00e9partement de l\u2019Aude<\/h3>\n<ul>\n<li><a href=\"https:\/\/fredonoccitanie189-my.sharepoint.com\/:b:\/g\/personal\/e_algans_fredon-occitanie_fr\/EQJws07_7DNLvADR12Ku650BCR-Kj7g6rqbVGB0vXWGDfA?e=edmhTd\">2021<\/a><\/li>\n<li><a href=\"https:\/\/fredonoccitanie189-my.sharepoint.com\/:b:\/g\/personal\/e_algans_fredon-occitanie_fr\/EVq7hiGzdrZMinS5YIwTBVUBwgk6eVPxEPuvEwwW-VMn3A?e=1ABda5\">2022<\/a><\/li>\n<li><a href=\"https:\/\/fredonoccitanie189-my.sharepoint.com\/:b:\/g\/personal\/e_algans_fredon-occitanie_fr\/EePrB6bOBDNNhMqT4qEx52UBLnHx53xjooVtifxyELaV5A?e=Q9oWeC\">2023<\/a><\/li>\n<\/ul>\n<\/div><\/section><\/div>\n\n<style type=\"text\/css\" data-created_by=\"avia_inline_auto\" id=\"style-css-av-7mvtcx-00dce65c0f63d4e692c1332bc7c10d06\">\n.flex_column.av-7mvtcx-00dce65c0f63d4e692c1332bc7c10d06{\nborder-radius:0px 0px 0px 0px;\npadding:0px 0px 0px 0px;\n}\n<\/style>\n<div  class='flex_column av-7mvtcx-00dce65c0f63d4e692c1332bc7c10d06 av_one_half  avia-builder-el-4  el_after_av_one_half  el_before_av_one_half  first flex_column_div av-zero-column-padding  column-top-margin'     ><style type=\"text\/css\" data-created_by=\"avia_inline_auto\" id=\"style-css-av-l0cagalp-9b8e981f62afde0c7c839e19469f4e94\">\n.avia-image-container.av-l0cagalp-9b8e981f62afde0c7c839e19469f4e94 img.avia_image{\nbox-shadow:none;\n}\n.avia-image-container.av-l0cagalp-9b8e981f62afde0c7c839e19469f4e94 .av-image-caption-overlay-center{\ncolor:#ffffff;\n}\n<\/style>\n<div  class='avia-image-container av-l0cagalp-9b8e981f62afde0c7c839e19469f4e94 av-styling- av-img-linked avia-align-center  avia-builder-el-5  avia-builder-el-no-sibling '   itemprop=\"image\" itemscope=\"itemscope\" itemtype=\"https:\/\/schema.org\/ImageObject\" ><div class=\"avia-image-container-inner\"><div class=\"avia-image-overlay-wrap\"><a href=\"https:\/\/www.fredonoccitanie.com\/surveillance\/wp-content\/uploads\/sites\/4\/2022\/03\/CARTE-GDON-2022-Fevrier.png\" class='avia_image '  aria-label='GDON 2025'><img decoding=\"async\" fetchpriority=\"high\" class='wp-image-13658 avia-img-lazy-loading-not-13658 avia_image ' src=\"https:\/\/www.fredonoccitanie.com\/surveillance\/wp-content\/uploads\/sites\/4\/2024\/12\/GDON-2025-scaled.jpeg\" alt='' title='GDON 2025'  height=\"1810\" width=\"2560\"  itemprop=\"thumbnailUrl\" srcset=\"https:\/\/www.fredonoccitanie.com\/surveillance\/wp-content\/uploads\/sites\/4\/2024\/12\/GDON-2025-scaled.jpeg 2560w, https:\/\/www.fredonoccitanie.com\/surveillance\/wp-content\/uploads\/sites\/4\/2024\/12\/GDON-2025-300x212.jpeg 300w, https:\/\/www.fredonoccitanie.com\/surveillance\/wp-content\/uploads\/sites\/4\/2024\/12\/GDON-2025-1030x728.jpeg 1030w, https:\/\/www.fredonoccitanie.com\/surveillance\/wp-content\/uploads\/sites\/4\/2024\/12\/GDON-2025-768x543.jpeg 768w, https:\/\/www.fredonoccitanie.com\/surveillance\/wp-content\/uploads\/sites\/4\/2024\/12\/GDON-2025-1536x1086.jpeg 1536w, https:\/\/www.fredonoccitanie.com\/surveillance\/wp-content\/uploads\/sites\/4\/2024\/12\/GDON-2025-2048x1448.jpeg 2048w, https:\/\/www.fredonoccitanie.com\/surveillance\/wp-content\/uploads\/sites\/4\/2024\/12\/GDON-2025-1500x1061.jpeg 1500w, https:\/\/www.fredonoccitanie.com\/surveillance\/wp-content\/uploads\/sites\/4\/2024\/12\/GDON-2025-260x185.jpeg 260w, https:\/\/www.fredonoccitanie.com\/surveillance\/wp-content\/uploads\/sites\/4\/2024\/12\/GDON-2025-705x499.jpeg 705w\" sizes=\"(max-width: 2560px) 100vw, 2560px\" \/><\/a><\/div><\/div><\/div><\/div>\n<style type=\"text\/css\" data-created_by=\"avia_inline_auto\" id=\"style-css-av-48ag6p-7f262f7b5ea306f09516a1329104ff2a\">\n.flex_column.av-48ag6p-7f262f7b5ea306f09516a1329104ff2a{\nborder-radius:0px 0px 0px 0px;\npadding:0px 0px 0px 0px;\n}\n<\/style>\n<div  class='flex_column av-48ag6p-7f262f7b5ea306f09516a1329104ff2a av_one_half  avia-builder-el-6  el_after_av_one_half  el_before_av_one_full  flex_column_div av-zero-column-padding  column-top-margin'     ><style type=\"text\/css\" data-created_by=\"avia_inline_auto\" id=\"style-css-av-lfma1x1r-be040adaa3f2d24a931211c3c8d58d03\">\n.avia-image-container.av-lfma1x1r-be040adaa3f2d24a931211c3c8d58d03 img.avia_image{\nbox-shadow:none;\n}\n.avia-image-container.av-lfma1x1r-be040adaa3f2d24a931211c3c8d58d03 .av-image-caption-overlay-center{\ncolor:#ffffff;\n}\n<\/style>\n<div  class='avia-image-container av-lfma1x1r-be040adaa3f2d24a931211c3c8d58d03 av-styling- av-img-linked avia-align-center  avia-builder-el-7  avia-builder-el-no-sibling '   itemprop=\"image\" itemscope=\"itemscope\" itemtype=\"https:\/\/schema.org\/ImageObject\" ><div class=\"avia-image-container-inner\"><div class=\"avia-image-overlay-wrap\"><a href=\"https:\/\/www.fredonoccitanie.com\/surveillance\/wp-content\/uploads\/sites\/4\/2022\/03\/CARTE-GDON-2022-Fevrier.png\" class='avia_image '  aria-label='SOUS SECTEUR GDON NARBONNE_fond scann'><img decoding=\"async\" fetchpriority=\"high\" class='wp-image-10767 avia-img-lazy-loading-not-10767 avia_image ' src=\"https:\/\/www.fredonoccitanie.com\/surveillance\/wp-content\/uploads\/sites\/4\/2023\/03\/SOUS-SECTEUR-GDON-NARBONNE_fond-scann-scaled.jpg\" alt='' title='SOUS SECTEUR GDON NARBONNE_fond scann'  height=\"1810\" width=\"2560\"  itemprop=\"thumbnailUrl\" srcset=\"https:\/\/www.fredonoccitanie.com\/surveillance\/wp-content\/uploads\/sites\/4\/2023\/03\/SOUS-SECTEUR-GDON-NARBONNE_fond-scann-scaled.jpg 2560w, https:\/\/www.fredonoccitanie.com\/surveillance\/wp-content\/uploads\/sites\/4\/2023\/03\/SOUS-SECTEUR-GDON-NARBONNE_fond-scann-300x212.jpg 300w, https:\/\/www.fredonoccitanie.com\/surveillance\/wp-content\/uploads\/sites\/4\/2023\/03\/SOUS-SECTEUR-GDON-NARBONNE_fond-scann-1030x728.jpg 1030w, https:\/\/www.fredonoccitanie.com\/surveillance\/wp-content\/uploads\/sites\/4\/2023\/03\/SOUS-SECTEUR-GDON-NARBONNE_fond-scann-768x543.jpg 768w, https:\/\/www.fredonoccitanie.com\/surveillance\/wp-content\/uploads\/sites\/4\/2023\/03\/SOUS-SECTEUR-GDON-NARBONNE_fond-scann-1536x1086.jpg 1536w, https:\/\/www.fredonoccitanie.com\/surveillance\/wp-content\/uploads\/sites\/4\/2023\/03\/SOUS-SECTEUR-GDON-NARBONNE_fond-scann-2048x1448.jpg 2048w, https:\/\/www.fredonoccitanie.com\/surveillance\/wp-content\/uploads\/sites\/4\/2023\/03\/SOUS-SECTEUR-GDON-NARBONNE_fond-scann-1500x1061.jpg 1500w, https:\/\/www.fredonoccitanie.com\/surveillance\/wp-content\/uploads\/sites\/4\/2023\/03\/SOUS-SECTEUR-GDON-NARBONNE_fond-scann-260x185.jpg 260w, https:\/\/www.fredonoccitanie.com\/surveillance\/wp-content\/uploads\/sites\/4\/2023\/03\/SOUS-SECTEUR-GDON-NARBONNE_fond-scann-705x499.jpg 705w\" sizes=\"(max-width: 2560px) 100vw, 2560px\" \/><\/a><\/div><\/div><\/div><\/div><\/p>\n\n<style type=\"text\/css\" data-created_by=\"avia_inline_auto\" id=\"style-css-av-2murgh-9af78077a1aa0336cad9b25a7e477efb\">\n.flex_column.av-2murgh-9af78077a1aa0336cad9b25a7e477efb{\nborder-radius:0px 0px 0px 0px;\npadding:0px 0px 0px 0px;\n}\n<\/style>\n<div  class='flex_column av-2murgh-9af78077a1aa0336cad9b25a7e477efb av_one_full  avia-builder-el-8  el_after_av_one_half  el_before_av_one_full  first flex_column_div av-zero-column-padding  column-top-margin'     ><section  class='av_textblock_section av-lfmaefxr-c5fcafe462e52a135e6205a3795f1438 '   itemscope=\"itemscope\" itemtype=\"https:\/\/schema.org\/CreativeWork\" ><div class='avia_textblock'  itemprop=\"text\" ><div class=\"vc_row wpb_row vc_row-fluid\">\n<div class=\"wpb_column vc_column_container vc_col-sm-12\">\n<div class=\"vc_column-inner\">\n<div class=\"wpb_wrapper\">\n<h1>Les Groupements de D\u00e9fenses de l\u2019Aude (GDON)<\/h1>\n<div class=\"wpb_text_column wpb_content_element \">\n<div class=\"wpb_wrapper\">\n<p>Un GDON est un Groupement de D\u00e9fense contre les Organismes Nuisibles comprenant des agriculteurs qui luttent collectivement sur leurs territoires contre les diff\u00e9rents dangers sanitaires auxquels ils peuvent faire face. Cr\u00e9\u00e9e \u00e0 l\u2019initiative des exploitants, les GDON travaillent en collaboration avec la FEDON notamment pour lutter contre la flavescence dor\u00e9e qui est l\u2019une de nos principales missions.<\/p>\n<\/div>\n<\/div>\n<\/div>\n<\/div>\n<\/div>\n<\/div>\n<div class=\"vc_row wpb_row vc_row-fluid\">\n<div class=\"wpb_column vc_column_container vc_col-sm-12\">\n<div class=\"vc_column-inner\">\n<div class=\"wpb_wrapper\">\n<figure class=\"sc_image sc_image_shape_square\"><\/figure>\n<div class=\"vc_empty_space\"><\/div>\n<\/div>\n<\/div>\n<\/div>\n<\/div>\n<div class=\"vc_row wpb_row vc_row-fluid\">\n<div class=\"wpb_column vc_column_container vc_col-sm-12\">\n<div class=\"vc_column-inner\">\n<div class=\"wpb_wrapper\">\n<div class=\"wpb_text_column wpb_content_element \">\n<h2>Liste des GDON 2022<\/h2>\n<ul>\n<li><strong>GDON Alaigne : <\/strong>Alaigne, Bellegarde-Du-Raz\u00e8s, Belv\u00e8ze-Du-Raz\u00e8s, Br\u00e9zilhac, Brugairolles, Cailhau, Cailhavel, Cambieure, Donazac, Escueillens-Et-Saint-Just-De-B\u00e9lengard, Fanjeaux, Fenouillet-Du-Raz\u00e8s, Ferran, Gramazie, Hounoux, La Cassaigne, La Court\u00eate, La Force, Lasserre-De-Prouille, Laurac, Lauraguel, Malvi\u00e8s, Mazerolles-Du-Raz\u00e8s, Montclar, Montgradail, Routier, Villarzel-Du-Raz\u00e8s, Villeneuve-Les-Montr\u00e9al, Villesiscle, Saint-Martin-De-Villereglan<\/li>\n<li><strong>GDON Alzonne : <\/strong>Castelnaudary, Issel, Saint-Papoul, Villespy, Cenne Monestier, Carlipa, Saint-Martin Le Vieil, Raissac Sur Lampy, Alzonne<\/li>\n<li><strong>GDON Arzens :<\/strong>Alairac, Arzens, Lavalette, Montr\u00e9al, Roullens<\/li>\n<li><strong>GDON Aude Alaric :<\/strong>Barbaira, Capendu, Comigne, Montirat, Monze, Pradelles-En-Val, Douzens, Floure, Fonti\u00e8s-D\u2019Aude, Marseillette,<\/li>\n<li><strong>GDON Argeliers : <\/strong>Argeliers,Bize Minervois, Sainte Vali\u00e8re, Roubia<\/li>\n<li><strong>GDON Aigues Vives \u2013 Badens : <\/strong>Aigues Vives \u2013 Badens<\/li>\n<li><strong>GDON Bouri\u00e8ge : <\/strong>Ajac, Alet-Les-Bains, Antugnac, Belcastel-Et-Buc, Belvianes-Et-Cavirac, Bourigeole, Brenac, Campagne-Sur-Aude, Cassaignes, Castelreng, C\u00e9pie, Conilhac-De-La-Montagne, Couiza, Cournanel, Courtauly, Coustaussa, Esp\u00e9raza, Fa, Festes-Et-Saint-Andr\u00e9, Gaja-Et-Villedieu, Gardie, Ginoles, Granes, Greffeil, La Bezole, La Digne-D \u2018amont, Limoux, Loupia, Luc-Sur-Aude, Magrie, Malras, Montazels, Pauligne, Peyrolles, Pieusse, Pomas, Pomy, Quillan, Rennes-Le-Chateau, Rouffiac-D\u2019Aude, Rouvenac, Saint-Couat-Du-Raz\u00e8s, Saint-Ferriol, Saint-Hilaire, Saint-Jean-De-Paracol, Saint-Julia-De-Bec, Saint-Polycarpe, Tourreilles, Villar-Saint-Anselme, Villebazy, Villelongue-D\u2019Aude, Bouri\u00e8ge, La Digne-D \u2018aval, La Serpent, Ladern-Sur-Lauquet, Preixan, Roquetaillade, Serres<\/li>\n<li><strong>GDON Cabard\u00e8s :<\/strong>Aragon, Montolieu, Moussoulens, Pennautier, Pezens, Ventenac-Cabard\u00e8s, Sainte Eulalie, Villes\u00e8quelande, Caux Et Sauzens<\/li>\n<li><strong>GDON Camplong : <\/strong>Camplong d\u2019Aude<\/li>\n<li><strong>GDON Canet : <\/strong>Canet, Saint Nazaire d\u2019Aude, Saint Marcel d\u2019Aude, Raissac d\u2019Aude, Villedaigne, Ventenac en Minervois, Paraza<\/li>\n<li><strong>GDON Carsac : <\/strong>Cavanac, Cazilhac, Leuc, Palaja, Verzeille, Couffoulens, Carcassonne<\/li>\n<li><strong>GDON Corbi\u00e8res Minervois : <\/strong>Escales, Montbrun-des-Corbi\u00e8res, Tourouzelle, Roquecourbe Minervois, Saint Couat d\u2019Aude<\/li>\n<li><strong>GDON Coursan Fleury : <\/strong>Armissan, Coursan, Vinassan, Fleury, Salles-D\u2019Aude<\/li>\n<li><strong>GDON de Cuxac d\u2019Aude : <\/strong>Cuxac d\u2019Aude<\/li>\n<li><strong>GDON Fabrezan\u00a0 : <\/strong>Fabrezan, Fontcouverte, Ribaute<\/li>\n<li><strong>GDON Gruissan\u00a0: <\/strong>Gruissan,<\/li>\n<li><strong>GDON Hautes Corbi\u00e8res : <\/strong>Albas, Coustouge, Fontjoncouse, Montgaillard, Quintillan, Rouffiac-Des-Corbi\u00e8res, Talairan, Cucugnan, Davejean, Dernacueillette, Duilhac-Sous-Peyrepertuse, F\u00e9lines-Termen\u00e8s, Jonqui\u00e8res, Lagrasse, Laroque-De-Fa, Maisons, Padern, Palairac, Saint-Laurent-De-La-Cabrerisse, Termes, Tournissan, Vignevieille, Villerouge-Termen\u00e8s, Soulatg<\/li>\n<\/ul>\n<\/div>\n<div class=\"wpb_text_column wpb_content_element \">\n<ul>\n<li><strong>GDON La Redorte : <\/strong>La Redorte, Castelnau-D\u2019Aude<\/li>\n<li><strong>GDON La Cesse: <\/strong>Ginestas, Mirepeisset<\/li>\n<li><strong>GDON L\u00e9zignan : <\/strong>Conilhac-Corbi\u00e8res, L\u00e9zignan-Corbi\u00e8res<\/li>\n<li><strong>GDON Littoral: <\/strong>Caves, Feuilla, Fitou, La Palme, Leucate, Roquefort-Des-Corbi\u00e8res, Treilles<\/li>\n<li><strong>GDON Minervois Ouest : <\/strong>Caunes-Minervois, Laure-Minervois, Limousis, Peyriac-Minervois, Rieux-Minervois, Saint-Frichoux, Sall\u00e8les-Cabard\u00e8s, Trausse, Villarzel-Cabard\u00e8s, Villeneuve-Minervois, Moux<\/li>\n<li><strong>GDON de Narbonne : <\/strong>Narbonne (divis\u00e9 en sous-secteur)<\/li>\n<li><strong>GDON N\u00e9vian Montredon : <\/strong>N\u00e9vian, Montredon des Corbi\u00e8res, Marcorignan, Moussan<\/li>\n<li><strong>GDON Orbieu Aussou : <\/strong>Boutenac, Cruscades, Ferrals-Les-Corbi\u00e8res, Luc-Sur-Orbieu, Ornaisons, Bizanet, Mons\u00e9ret, Saint Andr\u00e9 de Roquelongue, Th\u00e9zan des Corbi\u00e8res<\/li>\n<li><strong>GDON Ouveillan : <\/strong>Ouveillan, Sall\u00e8les-D\u2019Aude<\/li>\n<li><strong>GDON Portel : <\/strong>Bages, Peyriac-De-Mer, Portel-Des-Corbi\u00e8res, Port-La-Nouvelle, Sigean<\/li>\n<li><strong>GDON Pouzols Mailhac : <\/strong>Pouzols Minervois, Mailhac<\/li>\n<li><strong>GDON Puich\u00e9ric : <\/strong>Puich\u00e9ric, Blomac<\/li>\n<li><strong>GDON Servi\u00e8s En Val : <\/strong>Arquettes-En-Val, Caunettes-En-Val, Labastide-En-Val, Mayronnes, Montlaur, Rieux-En-Val, Saint-Pierre-Des-Champs, Servi\u00e8s-En-Val, Taurize, Villar-En-Val, Villetritouls<\/li>\n<li><strong>GDON Tuchan : <\/strong>Durban-Corbi\u00e8res, Paziols, Tuchan, Villeneuve-Les-Corbi\u00e8res<\/li>\n<li><strong>GDON Vall\u00e9e Du Paradis : <\/strong>Cascastel-Des-Corbi\u00e8res, Villes\u00e8que-Des-Corbi\u00e8res, Embres-Et-Castelmaure, Fraiss\u00e9-Des-Corbi\u00e8res, Saint-Jean-De-Barrou<\/li>\n<li><strong>GDON Villalier : <\/strong>Conques, Salsigne, Villani\u00e8re, Villardonnel, Villegailhenc, Villemoustaussou, Lastours, Fraisse, Bagnoles, Bouilhonnac, Malves-En-Minervois, Villalier, Villedubert, Villegly, Tr\u00e8bes, Rustiques<\/li>\n<li><strong>GDON Lac de Jouarres:<\/strong> Azille, Homps et P\u00e9pieux<\/li>\n<\/ul>\n<\/div>\n<\/div>\n<\/div>\n<\/div>\n<\/div>\n<\/div><\/section><\/div>\n<style type=\"text\/css\" data-created_by=\"avia_inline_auto\" id=\"style-css-av-64cq29-04af4a01e5ef76a2db707dc6a1985580\">\n.flex_column.av-64cq29-04af4a01e5ef76a2db707dc6a1985580{\nborder-radius:0px 0px 0px 0px;\npadding:0px 0px 0px 0px;\n}\n<\/style>\n<div  class='flex_column av-64cq29-04af4a01e5ef76a2db707dc6a1985580 av_one_full  avia-builder-el-10  el_after_av_one_full  avia-builder-el-last  first flex_column_div av-zero-column-padding  column-top-margin'     ><section  class='av_textblock_section av-kramtmi7-391c9018203e22cacabe42e57db1e6e5 '   itemscope=\"itemscope\" itemtype=\"https:\/\/schema.org\/CreativeWork\" ><div class='avia_textblock'  itemprop=\"text\" ><h2 style=\"text-align: center;\">Adh\u00e9sion profession viticole aux GDON<\/h2>\n<p style=\"text-align: center;\"><a href=\"https:\/\/www.fredonoccitanie.com\/nous-contacter\/\">Contactez la FDGDON 11<\/a><\/p>\n<\/div><\/section><\/div><\/p>\n","protected":false},"excerpt":{"rendered":"","protected":false},"author":1,"featured_media":0,"parent":9215,"menu_order":2,"comment_status":"closed","ping_status":"closed","template":"","meta":{"footnotes":""},"class_list":["post-9169","page","type-page","status-publish","hentry"],"_links":{"self":[{"href":"https:\/\/www.fredonoccitanie.com\/surveillance\/wp-json\/wp\/v2\/pages\/9169","targetHints":{"allow":["GET"]}}],"collection":[{"href":"https:\/\/www.fredonoccitanie.com\/surveillance\/wp-json\/wp\/v2\/pages"}],"about":[{"href":"https:\/\/www.fredonoccitanie.com\/surveillance\/wp-json\/wp\/v2\/types\/page"}],"author":[{"embeddable":true,"href":"https:\/\/www.fredonoccitanie.com\/surveillance\/wp-json\/wp\/v2\/users\/1"}],"replies":[{"embeddable":true,"href":"https:\/\/www.fredonoccitanie.com\/surveillance\/wp-json\/wp\/v2\/comments?post=9169"}],"version-history":[{"count":5,"href":"https:\/\/www.fredonoccitanie.com\/surveillance\/wp-json\/wp\/v2\/pages\/9169\/revisions"}],"predecessor-version":[{"id":9926,"href":"https:\/\/www.fredonoccitanie.com\/surveillance\/wp-json\/wp\/v2\/pages\/9169\/revisions\/9926"}],"up":[{"embeddable":true,"href":"https:\/\/www.fredonoccitanie.com\/surveillance\/wp-json\/wp\/v2\/pages\/9215"}],"wp:attachment":[{"href":"https:\/\/www.fredonoccitanie.com\/surveillance\/wp-json\/wp\/v2\/media?parent=9169"}],"curies":[{"name":"wp","href":"https:\/\/api.w.org\/{rel}","templated":true}]}}