{"id":9166,"date":"2021-07-19T14:52:03","date_gmt":"2021-07-19T12:52:03","guid":{"rendered":"https:\/\/www.fredonoccitanie.com\/surveillance\/?page_id=9166"},"modified":"2025-04-28T10:02:05","modified_gmt":"2025-04-28T08:02:05","slug":"gdon-de-lherault","status":"publish","type":"page","link":"https:\/\/www.fredonoccitanie.com\/surveillance\/viticulture\/les-groupements-de-defense\/gdon-de-lherault\/","title":{"rendered":"Les GDON de l&rsquo;H\u00e9rault"},"content":{"rendered":"\n<style type=\"text\/css\" data-created_by=\"avia_inline_auto\" id=\"style-css-av-2z9nf2-99af60a79a282fbbca90c0a822c4f028\">\n.flex_column.av-2z9nf2-99af60a79a282fbbca90c0a822c4f028{\nborder-radius:0px 0px 0px 0px;\npadding:0px 0px 0px 0px;\n}\n<\/style>\n<div  class='flex_column av-2z9nf2-99af60a79a282fbbca90c0a822c4f028 av_one_full  avia-builder-el-0  el_before_av_one_half  avia-builder-el-first  first flex_column_div av-zero-column-padding  '     ><p>\n<style type=\"text\/css\" data-created_by=\"avia_inline_auto\" id=\"style-css-av-kramm4fl-2b750aa9ade1b86cf291d6377e26dfee\">\n.avia-image-container.av-kramm4fl-2b750aa9ade1b86cf291d6377e26dfee img.avia_image{\nbox-shadow:none;\n}\n.avia-image-container.av-kramm4fl-2b750aa9ade1b86cf291d6377e26dfee .av-image-caption-overlay-center{\ncolor:#ffffff;\n}\n<\/style>\n<div  class='avia-image-container av-kramm4fl-2b750aa9ade1b86cf291d6377e26dfee av-styling- avia-align-center  avia-builder-el-1  el_before_av_hr  avia-builder-el-first '   itemprop=\"image\" itemscope=\"itemscope\" itemtype=\"https:\/\/schema.org\/ImageObject\" ><div class=\"avia-image-container-inner\"><div class=\"avia-image-overlay-wrap\"><img decoding=\"async\" fetchpriority=\"high\" class='wp-image-13997 avia-img-lazy-loading-not-13997 avia_image ' src=\"https:\/\/www.fredonoccitanie.com\/surveillance\/wp-content\/uploads\/sites\/4\/2025\/04\/GDON_20243112-1030x728.png\" alt='Carte des GDON de l&#039;H\u00e9rault_ d\u00e9cembre 2024' title='GDON_20243112'  height=\"728\" width=\"1030\"  itemprop=\"thumbnailUrl\" srcset=\"https:\/\/www.fredonoccitanie.com\/surveillance\/wp-content\/uploads\/sites\/4\/2025\/04\/GDON_20243112-1030x728.png 1030w, https:\/\/www.fredonoccitanie.com\/surveillance\/wp-content\/uploads\/sites\/4\/2025\/04\/GDON_20243112-300x212.png 300w, https:\/\/www.fredonoccitanie.com\/surveillance\/wp-content\/uploads\/sites\/4\/2025\/04\/GDON_20243112-768x543.png 768w, https:\/\/www.fredonoccitanie.com\/surveillance\/wp-content\/uploads\/sites\/4\/2025\/04\/GDON_20243112-1536x1086.png 1536w, https:\/\/www.fredonoccitanie.com\/surveillance\/wp-content\/uploads\/sites\/4\/2025\/04\/GDON_20243112-2048x1448.png 2048w, https:\/\/www.fredonoccitanie.com\/surveillance\/wp-content\/uploads\/sites\/4\/2025\/04\/GDON_20243112-1500x1061.png 1500w, https:\/\/www.fredonoccitanie.com\/surveillance\/wp-content\/uploads\/sites\/4\/2025\/04\/GDON_20243112-260x185.png 260w, https:\/\/www.fredonoccitanie.com\/surveillance\/wp-content\/uploads\/sites\/4\/2025\/04\/GDON_20243112-705x499.png 705w\" sizes=\"(max-width: 1030px) 100vw, 1030px\" \/><\/div><\/div><\/div><br \/>\n<div  class='hr av-3usjwe-d0b4e8c79de86ba65d3f27c127375085 hr-default  avia-builder-el-2  el_after_av_image  avia-builder-el-last '><span class='hr-inner '><span class=\"hr-inner-style\"><\/span><\/span><\/div><\/p><\/div>\n\n<style type=\"text\/css\" data-created_by=\"avia_inline_auto\" id=\"style-css-av-e663wu-00ad23950b819c18bf79666d50b32322\">\n.flex_column.av-e663wu-00ad23950b819c18bf79666d50b32322{\nborder-radius:0px 0px 0px 0px;\npadding:0px 0px 0px 0px;\n}\n<\/style>\n<div  class='flex_column av-e663wu-00ad23950b819c18bf79666d50b32322 av_one_half  avia-builder-el-3  el_after_av_one_full  el_before_av_one_half  first flex_column_div av-zero-column-padding  column-top-margin'     ><section  class='av_textblock_section av-kramnmv3-a01c2b5f0d8e6a813d378f471df35d0b '   itemscope=\"itemscope\" itemtype=\"https:\/\/schema.org\/CreativeWork\" ><div class='avia_textblock'  itemprop=\"text\" ><div class=\"vc_cta3_content-container\">\n<div class=\"vc_cta3-content\">\n<header class=\"vc_cta3-content-header\">\n<h2 class=\"vc_custom_heading\">Liste des GDON et des communes<\/h2>\n<\/header>\n<p><a href=\"https:\/\/fredonoccitanie189-my.sharepoint.com\/:b:\/g\/personal\/l_grivel_fredon-occitanie_fr\/EXXczYbWNaBLp0EkJtD23H8BNx_HAGxMbk8jp8KuzkMdUQ?e=3ZviHy\">Liste des GDON de l&rsquo;H\u00e9rault_au 31 12 2024<\/a><\/p>\n<\/div>\n<\/div>\n<h4>Comment savoir si un GDON existe sur ma commune ?<\/h4>\n<p><a href=\"https:\/\/fredonoccitanie189-my.sharepoint.com\/:b:\/g\/personal\/l_grivel_fredon-occitanie_fr\/EbtAVilKMNBHj7zZb3d-8K0BF9f6Aj9hWZ4wbdxRo1Yssw?e=VWIE2h\">Correspondance Communes-GDON_HERAULT_au 31 12 2024<\/a><\/p>\n<p>Pour toute question n&rsquo;h\u00e9sitez pas \u00e0 contacter la FDGDON de l&rsquo;H\u00e9rault !<\/p>\n<div class=\"vc_cta3_content-container\">\n<div class=\"vc_cta3-content\"><\/div>\n<\/div>\n<\/div><\/section><\/div>\n\n<style type=\"text\/css\" data-created_by=\"avia_inline_auto\" id=\"style-css-av-d585tq-64869ec95728d529447e8cf187a374b9\">\n.flex_column.av-d585tq-64869ec95728d529447e8cf187a374b9{\nborder-radius:0px 0px 0px 0px;\npadding:0px 0px 0px 0px;\n}\n<\/style>\n<div  class='flex_column av-d585tq-64869ec95728d529447e8cf187a374b9 av_one_half  avia-builder-el-5  el_after_av_one_half  el_before_av_hr  flex_column_div av-zero-column-padding  column-top-margin'     ><div  class='avia-slideshow av-lsythlt5-6910fe1e7f28b55cae98b75d1a432357 avia-slideshow-featured_large av_slideshow avia-slide-slider  avia-builder-el-6  avia-builder-el-no-sibling  av-slideshow-ui av-control-default av-slideshow-autoplay av-loop-endless av-loop-manual-endless av-default-height-applied avia-slideshow-1' data-slideshow-options=\"{&quot;animation&quot;:&quot;slide&quot;,&quot;autoplay&quot;:true,&quot;loop_autoplay&quot;:&quot;endless&quot;,&quot;interval&quot;:5,&quot;loop_manual&quot;:&quot;manual-endless&quot;,&quot;autoplay_stopper&quot;:false,&quot;noNavigation&quot;:false,&quot;bg_slider&quot;:false,&quot;keep_padding&quot;:false,&quot;hoverpause&quot;:false,&quot;show_slide_delay&quot;:0}\"  itemprop=\"image\" itemscope=\"itemscope\" itemtype=\"https:\/\/schema.org\/ImageObject\" ><ul class='avia-slideshow-inner ' style='padding-bottom: 42%;'><li  class='avia-slideshow-slide av-lsythlt5-6910fe1e7f28b55cae98b75d1a432357__0  slide-1 slide-odd'><div data-rel='slideshow-1' class='avia-slide-wrap '   ><img decoding=\"async\" fetchpriority=\"high\" class=\"wp-image-11611 avia-img-lazy-loading-not-11611\"  src=\"https:\/\/www.fredonoccitanie.com\/surveillance\/wp-content\/uploads\/sites\/4\/2024\/02\/IMG_20230803_191100_Prospection-Florensac-1500x630.jpg\" width=\"1500\" height=\"630\" title='IMG_20230803_191100_Prospection Florensac' alt=''  itemprop=\"thumbnailUrl\"   \/><\/div><\/li><li  class='avia-slideshow-slide av-lsythlt5-6910fe1e7f28b55cae98b75d1a432357__1  slide-2 slide-even'><div data-rel='slideshow-1' class='avia-slide-wrap '   ><img decoding=\"async\" fetchpriority=\"high\" class=\"wp-image-11612 avia-img-lazy-loading-not-11612\"  src=\"https:\/\/www.fredonoccitanie.com\/surveillance\/wp-content\/uploads\/sites\/4\/2024\/02\/Prospection-collective_1-1500x630.jpg\" width=\"1500\" height=\"630\" title='Prospection collective_1' alt=''  itemprop=\"thumbnailUrl\"   \/><\/div><\/li><li  class='avia-slideshow-slide av-lsythlt5-6910fe1e7f28b55cae98b75d1a432357__2  slide-3 slide-odd'><div data-rel='slideshow-1' class='avia-slide-wrap '   ><img decoding=\"async\" fetchpriority=\"high\" class=\"wp-image-11610 avia-img-lazy-loading-not-11610\"  src=\"https:\/\/www.fredonoccitanie.com\/surveillance\/wp-content\/uploads\/sites\/4\/2024\/02\/IMG_20230829_144749-1500x630.jpg\" width=\"1500\" height=\"630\" title='IMG_20230829_144749' alt=''  itemprop=\"thumbnailUrl\"   \/><\/div><\/li><li  class='avia-slideshow-slide av-lsythlt5-6910fe1e7f28b55cae98b75d1a432357__3  slide-4 slide-even'><div data-rel='slideshow-1' class='avia-slide-wrap '   ><img decoding=\"async\" fetchpriority=\"high\" class=\"wp-image-11613 avia-img-lazy-loading-not-11613\"  src=\"https:\/\/www.fredonoccitanie.com\/surveillance\/wp-content\/uploads\/sites\/4\/2024\/02\/Reunion-GDON_2-1440x630.jpg\" width=\"1440\" height=\"630\" title='R\u00e9union GDON_2' alt=''  itemprop=\"thumbnailUrl\"   \/><\/div><\/li><li  class='avia-slideshow-slide av-lsythlt5-6910fe1e7f28b55cae98b75d1a432357__4  slide-5 slide-odd'><div data-rel='slideshow-1' class='avia-slide-wrap '   ><img decoding=\"async\" fetchpriority=\"high\" class=\"wp-image-11590 avia-img-lazy-loading-not-11590\"  src=\"https:\/\/www.fredonoccitanie.com\/surveillance\/wp-content\/uploads\/sites\/4\/2024\/02\/Prospection-collective_4_copie-1500x630.jpg\" width=\"1500\" height=\"630\" title='Prospection collective_4_copie' alt=''  itemprop=\"thumbnailUrl\"   \/><\/div><\/li><li  class='avia-slideshow-slide av-lsythlt5-6910fe1e7f28b55cae98b75d1a432357__5  slide-6 slide-even'><div data-rel='slideshow-1' class='avia-slide-wrap '   ><img decoding=\"async\" fetchpriority=\"high\" class=\"wp-image-14000 avia-img-lazy-loading-not-14000\"  src=\"https:\/\/www.fredonoccitanie.com\/surveillance\/wp-content\/uploads\/sites\/4\/2025\/04\/Tournee-GDON_VPE-1479x630.jpg\" width=\"1479\" height=\"630\" title='Tourn\u00e9e GDON_VPE' alt='Tourn\u00e9e GDON H\u00e9rault_2024'  itemprop=\"thumbnailUrl\"   \/><\/div><\/li><li  class='avia-slideshow-slide av-lsythlt5-6910fe1e7f28b55cae98b75d1a432357__6  slide-7 slide-odd'><div data-rel='slideshow-1' class='avia-slide-wrap '   ><img decoding=\"async\" fetchpriority=\"high\" class=\"wp-image-14001 avia-img-lazy-loading-not-14001\"  src=\"https:\/\/www.fredonoccitanie.com\/surveillance\/wp-content\/uploads\/sites\/4\/2025\/04\/Tournee-GDON_VPE_2-1500x630.jpg\" width=\"1500\" height=\"630\" title='Tourn\u00e9e GDON_VPE_2' alt='Tourn\u00e9e GDON H\u00e9rault_2024'  itemprop=\"thumbnailUrl\"   \/><\/div><\/li><li  class='avia-slideshow-slide av-lsythlt5-6910fe1e7f28b55cae98b75d1a432357__7  slide-8 slide-even'><div data-rel='slideshow-1' class='avia-slide-wrap '   ><img decoding=\"async\" fetchpriority=\"high\" class=\"wp-image-14002 avia-img-lazy-loading-not-14002\"  src=\"https:\/\/www.fredonoccitanie.com\/surveillance\/wp-content\/uploads\/sites\/4\/2025\/04\/Tournee-GDON_Faugerois_3-1500x630.jpg\" width=\"1500\" height=\"630\" title='Tourn\u00e9e GDON_Faug\u00e9rois_3' alt='Tourn\u00e9e GDON H\u00e9rault_2024'  itemprop=\"thumbnailUrl\"   \/><\/div><\/li><li  class='avia-slideshow-slide av-lsythlt5-6910fe1e7f28b55cae98b75d1a432357__8  slide-9 slide-odd'><div data-rel='slideshow-1' class='avia-slide-wrap '   ><img decoding=\"async\" fetchpriority=\"high\" class=\"wp-image-14003 avia-img-lazy-loading-not-14003\"  src=\"https:\/\/www.fredonoccitanie.com\/surveillance\/wp-content\/uploads\/sites\/4\/2025\/04\/Tournee-GDON_Minerve-1500x630.jpg\" width=\"1500\" height=\"630\" title='Tourn\u00e9e GDON_Minerve' alt='Tourn\u00e9e GDON H\u00e9rault_2024'  itemprop=\"thumbnailUrl\"   \/><\/div><\/li><li  class='avia-slideshow-slide av-lsythlt5-6910fe1e7f28b55cae98b75d1a432357__9  slide-10 slide-even'><div data-rel='slideshow-1' class='avia-slide-wrap '   ><img decoding=\"async\" fetchpriority=\"high\" class=\"wp-image-14004 avia-img-lazy-loading-not-14004\"  src=\"https:\/\/www.fredonoccitanie.com\/surveillance\/wp-content\/uploads\/sites\/4\/2025\/04\/Tournee-GDON_Rouviege_3-1500x630.jpg\" width=\"1500\" height=\"630\" title='Tourn\u00e9e GDON_Rouvi\u00e8ge_3' alt='Tourn\u00e9e GDON H\u00e9rault_2024'  itemprop=\"thumbnailUrl\"   \/><\/div><\/li><\/ul><div class='avia-slideshow-arrows avia-slideshow-controls' ><a href='#prev' class='prev-slide  avia-svg-icon avia-font-svg_entypo-fontello' data-av_svg_icon='left-open-big' data-av_iconset='svg_entypo-fontello' tabindex='-1' title=\"Pr\u00e9c\u00e9dent\"><svg version=\"1.1\" xmlns=\"http:\/\/www.w3.org\/2000\/svg\" width=\"15\" height=\"32\" viewBox=\"0 0 15 32\" preserveAspectRatio=\"xMidYMid meet\" aria-labelledby='av-svg-title-1' aria-describedby='av-svg-desc-1' role=\"graphics-symbol\" aria-hidden=\"true\">\n<title id='av-svg-title-1'>Pr\u00e9c\u00e9dent<\/title>\n<desc id='av-svg-desc-1'>Pr\u00e9c\u00e9dent<\/desc>\n<path d=\"M14.464 27.84q0.832 0.832 0 1.536-0.832 0.832-1.536 0l-12.544-12.608q-0.768-0.768 0-1.6l12.544-12.608q0.704-0.832 1.536 0 0.832 0.704 0 1.536l-11.456 11.904z\"><\/path>\n<\/svg><span class='avia_hidden_link_text'>Pr\u00e9c\u00e9dent<\/span><\/a><a href='#next' class='next-slide  avia-svg-icon avia-font-svg_entypo-fontello' data-av_svg_icon='right-open-big' data-av_iconset='svg_entypo-fontello' tabindex='-1' title=\"Suivant\"><svg version=\"1.1\" xmlns=\"http:\/\/www.w3.org\/2000\/svg\" width=\"15\" height=\"32\" viewBox=\"0 0 15 32\" preserveAspectRatio=\"xMidYMid meet\" aria-labelledby='av-svg-title-2' aria-describedby='av-svg-desc-2' role=\"graphics-symbol\" aria-hidden=\"true\">\n<title id='av-svg-title-2'>Suivant<\/title>\n<desc id='av-svg-desc-2'>Suivant<\/desc>\n<path d=\"M0.416 27.84l11.456-11.84-11.456-11.904q-0.832-0.832 0-1.536 0.832-0.832 1.536 0l12.544 12.608q0.768 0.832 0 1.6l-12.544 12.608q-0.704 0.832-1.536 0-0.832-0.704 0-1.536z\"><\/path>\n<\/svg><span class='avia_hidden_link_text'>Suivant<\/span><\/a><\/div><div class='avia-slideshow-dots avia-slideshow-controls'><a href='#1' class='goto-slide active' >1<\/a><a href='#2' class='goto-slide ' >2<\/a><a href='#3' class='goto-slide ' >3<\/a><a href='#4' class='goto-slide ' >4<\/a><a href='#5' class='goto-slide ' >5<\/a><a href='#6' class='goto-slide ' >6<\/a><a href='#7' class='goto-slide ' >7<\/a><a href='#8' class='goto-slide ' >8<\/a><a href='#9' class='goto-slide ' >9<\/a><a href='#10' class='goto-slide ' >10<\/a><\/div><\/div><\/div><div  class='hr av-lsytnjk0-9345455206daa8e5eaa6fb0fa854380a hr-default  avia-builder-el-7  el_after_av_one_half  el_before_av_one_full '><span class='hr-inner '><span class=\"hr-inner-style\"><\/span><\/span><\/div><\/p>\n\n<style type=\"text\/css\" data-created_by=\"avia_inline_auto\" id=\"style-css-av-2sa8hq-7508afc90356e8937cbccfad57447a98\">\n.flex_column.av-2sa8hq-7508afc90356e8937cbccfad57447a98{\nborder-radius:0px 0px 0px 0px;\npadding:0px 0px 0px 0px;\n}\n<\/style>\n<div  class='flex_column av-2sa8hq-7508afc90356e8937cbccfad57447a98 av_one_full  avia-builder-el-8  el_after_av_hr  el_before_av_hr  first flex_column_div av-zero-column-padding  '     ><section  class='av_textblock_section av-liu18fta-41e3a48da87b2d129b5d279425298891 '   itemscope=\"itemscope\" itemtype=\"https:\/\/schema.org\/CreativeWork\" ><div class='avia_textblock'  itemprop=\"text\" ><div class=\"vc_cta3_content-container\">\n<div class=\"vc_cta3-content\">\n<header class=\"vc_cta3-content-header\">\n<h2 class=\"vc_custom_heading\">Contribution professionnelle \u00e0 la lutte contre la Flavescence dor\u00e9e dans l&rsquo;H\u00e9rault : 2 \u20ac\/ha<\/h2>\n<\/header>\n<\/div>\n<\/div>\n<p>Depuis 2021, une cotisation de 2\u20ac\/ha\/an a \u00e9t\u00e9 mise en place sur le d\u00e9partement de l&rsquo;H\u00e9rault pour financer la lutte contre la flavescence dor\u00e9e de la vigne.<\/p>\n<p>Cette cotisation \u00e0 l\u2019hectare est destin\u00e9e \u00e0 couvrir le renforcement de la prospection (embauche de prospecteurs saisonniers) et l\u2019accompagnement des exploitants par la FDGDON 34, dans le but d\u2019am\u00e9liorer la situation sanitaire du d\u00e9partement et d\u2019\u00e9tendre l\u2019am\u00e9nagement des traitements insecticides.<\/p>\n<p><a href=\"https:\/\/fredonoccitanie189-my.sharepoint.com\/:b:\/g\/personal\/l_grivel_fredon-occitanie_fr\/ESsWTY2VkvFEvW297WDcd4EB5shiFUDe44QqfWDeGJa81g?e=FTYr8R\"><strong>Bulletin Cotisation exploitants 2025<\/strong><\/a><\/p>\n<p>NB : Certaines caves coop\u00e9ratives ou ODG appellent collectivement cette cotisation : renseignez-vous aupr\u00e8s de la votre !<\/p>\n<p><a href=\"https:\/\/fredonoccitanie189-my.sharepoint.com\/:b:\/g\/personal\/l_grivel_fredon-occitanie_fr\/EWibq9ylDJ9OkeNijISNAK4BaulIIPv3BswpnK0Ykv7-Zg?e=dyPyhW\"><strong>Bulletin Cotisation Caves coop 2025<\/strong><\/a><\/p>\n<\/div><\/section><\/div>\n<div  class='hr av-3762m6-0abd0122d817ac2d513fb536cde101d6 hr-default  avia-builder-el-10  el_after_av_one_full  avia-builder-el-last '><span class='hr-inner '><span class=\"hr-inner-style\"><\/span><\/span><\/div>\n","protected":false},"excerpt":{"rendered":"","protected":false},"author":1,"featured_media":0,"parent":9215,"menu_order":1,"comment_status":"closed","ping_status":"closed","template":"","meta":{"footnotes":""},"class_list":["post-9166","page","type-page","status-publish","hentry"],"_links":{"self":[{"href":"https:\/\/www.fredonoccitanie.com\/surveillance\/wp-json\/wp\/v2\/pages\/9166","targetHints":{"allow":["GET"]}}],"collection":[{"href":"https:\/\/www.fredonoccitanie.com\/surveillance\/wp-json\/wp\/v2\/pages"}],"about":[{"href":"https:\/\/www.fredonoccitanie.com\/surveillance\/wp-json\/wp\/v2\/types\/page"}],"author":[{"embeddable":true,"href":"https:\/\/www.fredonoccitanie.com\/surveillance\/wp-json\/wp\/v2\/users\/1"}],"replies":[{"embeddable":true,"href":"https:\/\/www.fredonoccitanie.com\/surveillance\/wp-json\/wp\/v2\/comments?post=9166"}],"version-history":[{"count":5,"href":"https:\/\/www.fredonoccitanie.com\/surveillance\/wp-json\/wp\/v2\/pages\/9166\/revisions"}],"predecessor-version":[{"id":9879,"href":"https:\/\/www.fredonoccitanie.com\/surveillance\/wp-json\/wp\/v2\/pages\/9166\/revisions\/9879"}],"up":[{"embeddable":true,"href":"https:\/\/www.fredonoccitanie.com\/surveillance\/wp-json\/wp\/v2\/pages\/9215"}],"wp:attachment":[{"href":"https:\/\/www.fredonoccitanie.com\/surveillance\/wp-json\/wp\/v2\/media?parent=9166"}],"curies":[{"name":"wp","href":"https:\/\/api.w.org\/{rel}","templated":true}]}}