{"id":9145,"date":"2021-07-19T14:29:21","date_gmt":"2021-07-19T12:29:21","guid":{"rendered":"https:\/\/www.fredonoccitanie.com\/surveillance\/?page_id=9145"},"modified":"2022-02-10T10:13:14","modified_gmt":"2022-02-10T09:13:14","slug":"newsletter","status":"publish","type":"page","link":"https:\/\/www.fredonoccitanie.com\/surveillance\/vie-du-reseau\/newsletter\/","title":{"rendered":"Lettre d&rsquo;information"},"content":{"rendered":"\n<style type=\"text\/css\" data-created_by=\"avia_inline_auto\" id=\"style-css-av-g6yzt-4c640dd695bc7aa51f6e44814415200f\">\n.flex_column.av-g6yzt-4c640dd695bc7aa51f6e44814415200f{\nborder-radius:0px 0px 0px 0px;\npadding:0px 0px 0px 0px;\n}\n<\/style>\n<div  class='flex_column av-g6yzt-4c640dd695bc7aa51f6e44814415200f av_three_fourth  avia-builder-el-0  el_before_av_one_full  avia-builder-el-first  first flex_column_div av-zero-column-padding  '     ><section  class='av_textblock_section av-ku2erk7i-ffa710d5036f054850f63d77a6d7baf2 '   itemscope=\"itemscope\" itemtype=\"https:\/\/schema.org\/CreativeWork\" ><div class='avia_textblock'  itemprop=\"text\" ><h2>S&rsquo;inscrire \u00e0 la lettre d&rsquo;information<\/h2>\n<script>(function() {\n\twindow.mc4wp = window.mc4wp || {\n\t\tlisteners: [],\n\t\tforms: {\n\t\t\ton: function(evt, cb) {\n\t\t\t\twindow.mc4wp.listeners.push(\n\t\t\t\t\t{\n\t\t\t\t\t\tevent   : evt,\n\t\t\t\t\t\tcallback: cb\n\t\t\t\t\t}\n\t\t\t\t);\n\t\t\t}\n\t\t}\n\t}\n})();\n<\/script><!-- Mailchimp for WordPress v4.12.1 - https:\/\/wordpress.org\/plugins\/mailchimp-for-wp\/ --><form id=\"mc4wp-form-1\" class=\"mc4wp-form mc4wp-form-9569\" method=\"post\" data-id=\"9569\" data-name=\"Inscription surveillance\" ><div class=\"mc4wp-form-fields\"><p>\r\n\t<label>Adresse de courrier \u00e9lectronique: \r\n\t\t<input type=\"email\" name=\"EMAIL\" placeholder=\"Votre adresse de courrier \u00e9lectronique\" required \/>\r\n<\/label>\r\n<\/p>\r\n\r\n<p>\r\n\t<input type=\"submit\" value=\"Abonnez-vous\" \/>\r\n<\/p><\/div><label style=\"display: none !important;\">Laissez ce champ vide si vous \u00eates humain\u00a0: <input type=\"text\" name=\"_mc4wp_honeypot\" value=\"\" tabindex=\"-1\" autocomplete=\"off\" \/><\/label><input type=\"hidden\" name=\"_mc4wp_timestamp\" value=\"1777516383\" \/><input type=\"hidden\" name=\"_mc4wp_form_id\" value=\"9569\" \/><input type=\"hidden\" name=\"_mc4wp_form_element_id\" value=\"mc4wp-form-1\" \/><div class=\"mc4wp-response\"><\/div><\/form><!-- \/ Mailchimp for WordPress Plugin -->\n<\/div><\/section><br \/>\n<section  class='av_textblock_section av-kvm6mdq8-f9162ba3c38bb3018d821936c3034921 '   itemscope=\"itemscope\" itemtype=\"https:\/\/schema.org\/CreativeWork\" ><div class='avia_textblock'  itemprop=\"text\" ><p>En m\u2019abonnant, j\u2019accepte de recevoir les actualit\u00e9s de la d\u00e9marche et ses partenaires. Je comprends que je peux me d\u00e9sabonner \u00e0 tout moment \u00e0 l\u2019aide des liens de d\u00e9sinscription en fin de message.<\/p>\n<div class=\"content__gdprLegal\">\n<p><em>We use Mailchimp as our marketing platform. By clicking below to subscribe, you acknowledge that your information will be transferred to Mailchimp for processing. <\/em><a href=\"https:\/\/mailchimp.com\/legal\/\" target=\"_blank\" rel=\"noopener\"><em>Learn more about Mailchimp\u2019s privacy practices here.<\/em><\/a><\/p>\n<\/div>\n<\/div><\/section><\/p><\/div>\n\n<style type=\"text\/css\" data-created_by=\"avia_inline_auto\" id=\"style-css-av-av_one_full-53b0b300fb3685750664fb085c5ad19d\">\n.flex_column.av-av_one_full-53b0b300fb3685750664fb085c5ad19d{\nborder-radius:0px 0px 0px 0px;\npadding:0px 0px 0px 0px;\n}\n<\/style>\n<div  class='flex_column av-av_one_full-53b0b300fb3685750664fb085c5ad19d av_one_full  avia-builder-el-3  el_after_av_three_fourth  avia-builder-el-last  first flex_column_div av-zero-column-padding  column-top-margin'     ><div  data-slideshow-options=\"{&quot;animation&quot;:&quot;fade&quot;,&quot;autoplay&quot;:false,&quot;loop_autoplay&quot;:&quot;once&quot;,&quot;interval&quot;:5,&quot;loop_manual&quot;:&quot;manual-endless&quot;,&quot;autoplay_stopper&quot;:false,&quot;noNavigation&quot;:false,&quot;show_slide_delay&quot;:90}\" class='avia-content-slider avia-content-grid-active avia-content-slider1 avia-content-slider-odd  avia-builder-el-4  avia-builder-el-no-sibling  av-slideshow-ui av-control-default   av-no-slider-navigation av-slideshow-manual av-loop-once av-loop-manual-endless '  itemscope=\"itemscope\" itemtype=\"https:\/\/schema.org\/Blog\" ><div class=\"avia-content-slider-inner\"><div class=\"slide-entry-wrap\"><article class='slide-entry flex_column  post-entry post-entry-14387 slide-entry-overview slide-loop-1 slide-parity-odd  av_one_third first real-thumbnail posttype-post post-format-standard'  itemscope=\"itemscope\" itemtype=\"https:\/\/schema.org\/CreativeWork\" ><a href='https:\/\/www.fredonoccitanie.com\/surveillance\/2025\/11\/24\/campagnol\/' data-rel='slide-1' class='slide-image' title='[LETTRE CAMPAGNOLS] Infos et actus de novembre'><img decoding=\"async\" fetchpriority=\"high\" width=\"495\" height=\"400\" src=\"https:\/\/www.fredonoccitanie.com\/surveillance\/wp-content\/uploads\/sites\/4\/2025\/10\/lettre_campagnol-1-495x400.png\" class=\"wp-image-14344 avia-img-lazy-loading-not-14344 attachment-portfolio size-portfolio wp-post-image\" alt=\"\" srcset=\"https:\/\/www.fredonoccitanie.com\/surveillance\/wp-content\/uploads\/sites\/4\/2025\/10\/lettre_campagnol-1-495x400.png 495w, https:\/\/www.fredonoccitanie.com\/surveillance\/wp-content\/uploads\/sites\/4\/2025\/10\/lettre_campagnol-1-845x684.png 845w\" sizes=\"(max-width: 495px) 100vw, 495px\" \/><\/a><div class=\"slide-content\"><header class=\"entry-content-header\" aria-label=\"Slide: [LETTRE CAMPAGNOLS] Infos et actus de novembre\"><h3 class='slide-entry-title entry-title '  itemprop=\"headline\" ><a href='https:\/\/www.fredonoccitanie.com\/surveillance\/2025\/11\/24\/campagnol\/' title='[LETTRE CAMPAGNOLS] Infos et actus de novembre'>[LETTRE CAMPAGNOLS] Infos et actus de novembre<\/a><\/h3><span class=\"av-vertical-delimiter\"><\/span><\/header><div class=\"slide-meta\"><time class='slide-meta-time updated'  itemprop=\"datePublished\" datetime=\"2025-11-24T16:06:39+01:00\" >24 novembre 2025<\/time><\/div><div class='slide-entry-excerpt entry-content'  itemprop=\"text\" >Retrouvez les derni\u00e8res Lettre - informations et actualit\u00e9s\u2026<\/div><\/div><footer class=\"entry-footer\"><\/footer><span class='hidden'>\n\t\t\t\t<span class='av-structured-data'  itemprop=\"image\" itemscope=\"itemscope\" itemtype=\"https:\/\/schema.org\/ImageObject\" >\n\t\t\t\t\t\t<span itemprop='url'>https:\/\/www.fredonoccitanie.com\/surveillance\/wp-content\/uploads\/sites\/4\/2025\/10\/lettre_campagnol-1.png<\/span>\n\t\t\t\t\t\t<span itemprop='height'>2196<\/span>\n\t\t\t\t\t\t<span itemprop='width'>2632<\/span>\n\t\t\t\t<\/span>\n\t\t\t\t<span class='av-structured-data'  itemprop=\"publisher\" itemtype=\"https:\/\/schema.org\/Organization\" itemscope=\"itemscope\" >\n\t\t\t\t\t\t<span itemprop='name'>barbara<\/span>\n\t\t\t\t\t\t<span itemprop='logo' itemscope itemtype='https:\/\/schema.org\/ImageObject'>\n\t\t\t\t\t\t\t<span itemprop='url'>https:\/\/www.fredonoccitanie.com\/surveillance\/wp-content\/uploads\/sites\/4\/2021\/06\/logo_sanitaire.png<\/span>\n\t\t\t\t\t\t<\/span>\n\t\t\t\t<\/span><span class='av-structured-data'  itemprop=\"author\" itemscope=\"itemscope\" itemtype=\"https:\/\/schema.org\/Person\" ><span itemprop='name'>barbara<\/span><\/span><span class='av-structured-data'  itemprop=\"datePublished\" datetime=\"2021-07-19T14:29:21+02:00\" >2025-11-24 16:06:39<\/span><span class='av-structured-data'  itemprop=\"dateModified\" itemtype=\"https:\/\/schema.org\/dateModified\" >2025-11-24 16:08:03<\/span><span class='av-structured-data'  itemprop=\"mainEntityOfPage\" itemtype=\"https:\/\/schema.org\/mainEntityOfPage\" ><span itemprop='name'>[LETTRE CAMPAGNOLS] Infos et actus de novembre<\/span><\/span><\/span><\/article><article class='slide-entry flex_column  post-entry post-entry-14327 slide-entry-overview slide-loop-2 slide-parity-even  av_one_third  real-thumbnail posttype-post post-format-standard'  itemscope=\"itemscope\" itemtype=\"https:\/\/schema.org\/CreativeWork\" ><a href='https:\/\/www.fredonoccitanie.com\/surveillance\/2025\/10\/10\/campagnol-decouvrez-deux-videos-sur-la-lutte-collective-realisee-par-le-cidam-du-massif-central-2\/' data-rel='slide-1' class='slide-image' title='[LETTRE CAMPAGNOLS] Infos et actus d&rsquo;octobre'><img decoding=\"async\" fetchpriority=\"high\" width=\"495\" height=\"400\" src=\"https:\/\/www.fredonoccitanie.com\/surveillance\/wp-content\/uploads\/sites\/4\/2025\/10\/lettre_campagnol-1-495x400.png\" class=\"wp-image-14344 avia-img-lazy-loading-not-14344 attachment-portfolio size-portfolio wp-post-image\" alt=\"\" srcset=\"https:\/\/www.fredonoccitanie.com\/surveillance\/wp-content\/uploads\/sites\/4\/2025\/10\/lettre_campagnol-1-495x400.png 495w, https:\/\/www.fredonoccitanie.com\/surveillance\/wp-content\/uploads\/sites\/4\/2025\/10\/lettre_campagnol-1-845x684.png 845w\" sizes=\"(max-width: 495px) 100vw, 495px\" \/><\/a><div class=\"slide-content\"><header class=\"entry-content-header\" aria-label=\"Slide: [LETTRE CAMPAGNOLS] Infos et actus d&#039;octobre\"><h3 class='slide-entry-title entry-title '  itemprop=\"headline\" ><a href='https:\/\/www.fredonoccitanie.com\/surveillance\/2025\/10\/10\/campagnol-decouvrez-deux-videos-sur-la-lutte-collective-realisee-par-le-cidam-du-massif-central-2\/' title='[LETTRE CAMPAGNOLS] Infos et actus d&rsquo;octobre'>[LETTRE CAMPAGNOLS] Infos et actus d&rsquo;octobre<\/a><\/h3><span class=\"av-vertical-delimiter\"><\/span><\/header><div class=\"slide-meta\"><time class='slide-meta-time updated'  itemprop=\"datePublished\" datetime=\"2025-10-10T13:52:03+02:00\" >10 octobre 2025<\/time><\/div><div class='slide-entry-excerpt entry-content'  itemprop=\"text\" >Retrouvez les derni\u00e8res Lettre - informations et actualit\u00e9s\u2026<\/div><\/div><footer class=\"entry-footer\"><\/footer><span class='hidden'>\n\t\t\t\t<span class='av-structured-data'  itemprop=\"image\" itemscope=\"itemscope\" itemtype=\"https:\/\/schema.org\/ImageObject\" >\n\t\t\t\t\t\t<span itemprop='url'>https:\/\/www.fredonoccitanie.com\/surveillance\/wp-content\/uploads\/sites\/4\/2025\/10\/lettre_campagnol-1.png<\/span>\n\t\t\t\t\t\t<span itemprop='height'>2196<\/span>\n\t\t\t\t\t\t<span itemprop='width'>2632<\/span>\n\t\t\t\t<\/span>\n\t\t\t\t<span class='av-structured-data'  itemprop=\"publisher\" itemtype=\"https:\/\/schema.org\/Organization\" itemscope=\"itemscope\" >\n\t\t\t\t\t\t<span itemprop='name'>barbara<\/span>\n\t\t\t\t\t\t<span itemprop='logo' itemscope itemtype='https:\/\/schema.org\/ImageObject'>\n\t\t\t\t\t\t\t<span itemprop='url'>https:\/\/www.fredonoccitanie.com\/surveillance\/wp-content\/uploads\/sites\/4\/2021\/06\/logo_sanitaire.png<\/span>\n\t\t\t\t\t\t<\/span>\n\t\t\t\t<\/span><span class='av-structured-data'  itemprop=\"author\" itemscope=\"itemscope\" itemtype=\"https:\/\/schema.org\/Person\" ><span itemprop='name'>barbara<\/span><\/span><span class='av-structured-data'  itemprop=\"datePublished\" datetime=\"2021-07-19T14:29:21+02:00\" >2025-10-10 13:52:03<\/span><span class='av-structured-data'  itemprop=\"dateModified\" itemtype=\"https:\/\/schema.org\/dateModified\" >2025-10-14 15:12:52<\/span><span class='av-structured-data'  itemprop=\"mainEntityOfPage\" itemtype=\"https:\/\/schema.org\/mainEntityOfPage\" ><span itemprop='name'>[LETTRE CAMPAGNOLS] Infos et actus d&rsquo;octobre<\/span><\/span><\/span><\/article><article class='slide-entry flex_column  post-entry post-entry-10763 slide-entry-overview slide-loop-3 slide-parity-odd  post-entry-last  av_one_third  real-thumbnail posttype-post post-format-standard'  itemscope=\"itemscope\" itemtype=\"https:\/\/schema.org\/CreativeWork\" ><a href='https:\/\/www.fredonoccitanie.com\/surveillance\/2023\/03\/23\/lettre-fredon-occitanie-n1-mars-2023\/' data-rel='slide-1' class='slide-image' title='Lettre FREDON Occitanie n\u00b01 &#8211; MARS 2023'><img decoding=\"async\" fetchpriority=\"high\" width=\"140\" height=\"140\" src=\"https:\/\/www.fredonoccitanie.com\/surveillance\/wp-content\/uploads\/sites\/4\/2021\/06\/picto_surveillance.png\" class=\"wp-image-365 avia-img-lazy-loading-not-365 attachment-portfolio size-portfolio wp-post-image\" alt=\"\" srcset=\"https:\/\/www.fredonoccitanie.com\/surveillance\/wp-content\/uploads\/sites\/4\/2021\/06\/picto_surveillance.png 140w, https:\/\/www.fredonoccitanie.com\/surveillance\/wp-content\/uploads\/sites\/4\/2021\/06\/picto_surveillance-80x80.png 80w, https:\/\/www.fredonoccitanie.com\/surveillance\/wp-content\/uploads\/sites\/4\/2021\/06\/picto_surveillance-36x36.png 36w\" sizes=\"(max-width: 140px) 100vw, 140px\" \/><\/a><div class=\"slide-content\"><header class=\"entry-content-header\" aria-label=\"Slide: Lettre FREDON Occitanie n\u00b01 - MARS 2023\"><h3 class='slide-entry-title entry-title '  itemprop=\"headline\" ><a href='https:\/\/www.fredonoccitanie.com\/surveillance\/2023\/03\/23\/lettre-fredon-occitanie-n1-mars-2023\/' title='Lettre FREDON Occitanie n\u00b01 &#8211; MARS 2023'>Lettre FREDON Occitanie n\u00b01 &#8211; MARS 2023<\/a><\/h3><span class=\"av-vertical-delimiter\"><\/span><\/header><\/div><footer class=\"entry-footer\"><\/footer><span class='hidden'>\n\t\t\t\t<span class='av-structured-data'  itemprop=\"image\" itemscope=\"itemscope\" itemtype=\"https:\/\/schema.org\/ImageObject\" >\n\t\t\t\t\t\t<span itemprop='url'>https:\/\/www.fredonoccitanie.com\/surveillance\/wp-content\/uploads\/sites\/4\/2021\/06\/picto_surveillance.png<\/span>\n\t\t\t\t\t\t<span itemprop='height'>140<\/span>\n\t\t\t\t\t\t<span itemprop='width'>140<\/span>\n\t\t\t\t<\/span>\n\t\t\t\t<span class='av-structured-data'  itemprop=\"publisher\" itemtype=\"https:\/\/schema.org\/Organization\" itemscope=\"itemscope\" >\n\t\t\t\t\t\t<span itemprop='name'>ALGANS Emilie<\/span>\n\t\t\t\t\t\t<span itemprop='logo' itemscope itemtype='https:\/\/schema.org\/ImageObject'>\n\t\t\t\t\t\t\t<span itemprop='url'>https:\/\/www.fredonoccitanie.com\/surveillance\/wp-content\/uploads\/sites\/4\/2021\/06\/logo_sanitaire.png<\/span>\n\t\t\t\t\t\t<\/span>\n\t\t\t\t<\/span><span class='av-structured-data'  itemprop=\"author\" itemscope=\"itemscope\" itemtype=\"https:\/\/schema.org\/Person\" ><span itemprop='name'>ALGANS Emilie<\/span><\/span><span class='av-structured-data'  itemprop=\"datePublished\" datetime=\"2021-07-19T14:29:21+02:00\" >2023-03-23 16:42:14<\/span><span class='av-structured-data'  itemprop=\"dateModified\" itemtype=\"https:\/\/schema.org\/dateModified\" >2023-03-23 16:42:14<\/span><span class='av-structured-data'  itemprop=\"mainEntityOfPage\" itemtype=\"https:\/\/schema.org\/mainEntityOfPage\" ><span itemprop='name'>Lettre FREDON Occitanie n\u00b01 &#8211; MARS 2023<\/span><\/span><\/span><\/article><\/div><\/div><div class='pagination-wrap pagination-slider'><nav class='pagination'><span class='pagination-meta'>Page 1 sur 2<\/span><span class='current'>1<\/span><a href='https:\/\/www.fredonoccitanie.com\/surveillance\/wp-json\/wp\/v2\/pages\/9145\/?avia-element-paging=2' class='inactive next_page' >2<\/a><\/nav>\n<\/div><\/div><\/div>\n","protected":false},"excerpt":{"rendered":"","protected":false},"author":1,"featured_media":0,"parent":9234,"menu_order":2,"comment_status":"closed","ping_status":"closed","template":"","meta":{"footnotes":""},"class_list":["post-9145","page","type-page","status-publish","hentry"],"_links":{"self":[{"href":"https:\/\/www.fredonoccitanie.com\/surveillance\/wp-json\/wp\/v2\/pages\/9145","targetHints":{"allow":["GET"]}}],"collection":[{"href":"https:\/\/www.fredonoccitanie.com\/surveillance\/wp-json\/wp\/v2\/pages"}],"about":[{"href":"https:\/\/www.fredonoccitanie.com\/surveillance\/wp-json\/wp\/v2\/types\/page"}],"author":[{"embeddable":true,"href":"https:\/\/www.fredonoccitanie.com\/surveillance\/wp-json\/wp\/v2\/users\/1"}],"replies":[{"embeddable":true,"href":"https:\/\/www.fredonoccitanie.com\/surveillance\/wp-json\/wp\/v2\/comments?post=9145"}],"version-history":[{"count":5,"href":"https:\/\/www.fredonoccitanie.com\/surveillance\/wp-json\/wp\/v2\/pages\/9145\/revisions"}],"predecessor-version":[{"id":10570,"href":"https:\/\/www.fredonoccitanie.com\/surveillance\/wp-json\/wp\/v2\/pages\/9145\/revisions\/10570"}],"up":[{"embeddable":true,"href":"https:\/\/www.fredonoccitanie.com\/surveillance\/wp-json\/wp\/v2\/pages\/9234"}],"wp:attachment":[{"href":"https:\/\/www.fredonoccitanie.com\/surveillance\/wp-json\/wp\/v2\/media?parent=9145"}],"curies":[{"name":"wp","href":"https:\/\/api.w.org\/{rel}","templated":true}]}}