{"id":14400,"date":"2025-12-12T09:16:25","date_gmt":"2025-12-12T08:16:25","guid":{"rendered":"https:\/\/www.fredonoccitanie.com\/surveillance\/?page_id=14400"},"modified":"2025-12-12T11:17:14","modified_gmt":"2025-12-12T10:17:14","slug":"signalement","status":"publish","type":"page","link":"https:\/\/www.fredonoccitanie.com\/surveillance\/signalement\/","title":{"rendered":"Signalement"},"content":{"rendered":"<div  class='flex_column av-p59wf4-c63617aa27a7e6c55818f60fd42ae6d5 av_two_third  avia-builder-el-0  el_before_av_one_third  avia-builder-el-first  first flex_column_div  '     ><section  class='av_textblock_section av-m8h4d07v-e47dc3c9ad2d854dab703e3f7001b4c9 '   itemscope=\"itemscope\" itemtype=\"https:\/\/schema.org\/CreativeWork\" ><div class='avia_textblock'  itemprop=\"text\" ><h2 style=\"text-align: center;\">Vous souhaitez faire un signalement d&rsquo;un organisme nuisible<\/h2>\n<p>Le signalement s\u2019effectue directement sur le site de la<strong> DRAAF Occitanie.<\/strong><br \/>\nIl peut s\u2019agir d\u2019un organisme nuisible aux v\u00e9g\u00e9taux r\u00e9glement\u00e9, n\u00e9cessitant une action rapide de l\u2019\u00c9tat, des professionnels ou d\u2019autres acteurs concern\u00e9s.<\/p>\n<p>Pour faciliter l\u2019identification, il est <strong>vivement recommand\u00e9 d\u2019ajouter des pr\u00e9cisions sur votre observation,<\/strong> notamment :<\/p>\n<ul>\n<li>des <strong>photo<\/strong>s de l\u2019organisme ou des d\u00e9g\u00e2ts observ\u00e9s,<\/li>\n<li>le <strong>lieu exact et la date<\/strong> de la d\u00e9couverte,<\/li>\n<li>toute information utile sur le <strong>contexte<\/strong> (plante concern\u00e9e, nombre d\u2019individus, etc.).<\/li>\n<\/ul>\n<p>Si vous avez captur\u00e9 un insecte, quel que soit son stade (larve, adulte\u2026), <strong>conservez-le au frais dans un r\u00e9cipient ferm\u00e9 en attendant d\u2019\u00eatre recontact\u00e9 par un inspecteur<\/strong>. Celui-ci pourra \u00eatre amen\u00e9 \u00e0 r\u00e9cup\u00e9rer l\u2019\u00e9chantillon afin de r\u00e9aliser une analyse officielle.<\/p>\n<p><center><br \/>\n<a style=\"background: #ca1823; color: #fff; padding: 2px 25px; text-decoration: none; border-radius: 6px; font-size: 18px; font-family: Arial, sans-serif; display: inline-block; cursor: pointer;\" href=\"https:\/\/draaf.occitanie.agriculture.gouv.fr\/signaler-un-organisme-nuisible-aux-vegetaux-a9380.html#:~:text=Il%20peut,controler\" target=\"_blank\" rel=\"noopener\"><br \/>\nFaire un signalement<br \/>\n<\/a><\/center><\/p>\n<\/div><\/section><\/div><div  class='flex_column av-miju2o-80fd7fab4bb6d53feeb48754884a5873 av_one_third  avia-builder-el-2  el_after_av_two_third  avia-builder-el-last  flex_column_div  '     ><style type=\"text\/css\" data-created_by=\"avia_inline_auto\" id=\"style-css-av-m8h4if8c-002761c49e4b841bda42d7af3f397365\">\n.avia-image-container.av-m8h4if8c-002761c49e4b841bda42d7af3f397365 img.avia_image{\nbox-shadow:none;\n}\n.avia-image-container.av-m8h4if8c-002761c49e4b841bda42d7af3f397365 .av-image-caption-overlay-center{\ncolor:#ffffff;\n}\n<\/style>\n<div  class='avia-image-container av-m8h4if8c-002761c49e4b841bda42d7af3f397365 av-styling- avia-align-center  avia-builder-el-3  avia-builder-el-no-sibling '   itemprop=\"image\" itemscope=\"itemscope\" itemtype=\"https:\/\/schema.org\/ImageObject\" ><div class=\"avia-image-container-inner\"><div class=\"avia-image-overlay-wrap\"><img decoding=\"async\" fetchpriority=\"high\" class='wp-image-13759 avia-img-lazy-loading-not-13759 avia_image ' src=\"https:\/\/www.fredonoccitanie.com\/surveillance\/wp-content\/uploads\/sites\/4\/2025\/03\/DRAAF_prefetOcc-300x277.jpg\" alt='' title='DRAAF_prefetOcc'  height=\"277\" width=\"300\"  itemprop=\"thumbnailUrl\" srcset=\"https:\/\/www.fredonoccitanie.com\/surveillance\/wp-content\/uploads\/sites\/4\/2025\/03\/DRAAF_prefetOcc-300x277.jpg 300w, https:\/\/www.fredonoccitanie.com\/surveillance\/wp-content\/uploads\/sites\/4\/2025\/03\/DRAAF_prefetOcc.jpg 520w\" sizes=\"(max-width: 300px) 100vw, 300px\" \/><\/div><\/div><\/div><\/div><\/p>\n","protected":false},"excerpt":{"rendered":"","protected":false},"author":5,"featured_media":0,"parent":0,"menu_order":0,"comment_status":"closed","ping_status":"closed","template":"","meta":{"footnotes":""},"class_list":["post-14400","page","type-page","status-publish","hentry"],"_links":{"self":[{"href":"https:\/\/www.fredonoccitanie.com\/surveillance\/wp-json\/wp\/v2\/pages\/14400","targetHints":{"allow":["GET"]}}],"collection":[{"href":"https:\/\/www.fredonoccitanie.com\/surveillance\/wp-json\/wp\/v2\/pages"}],"about":[{"href":"https:\/\/www.fredonoccitanie.com\/surveillance\/wp-json\/wp\/v2\/types\/page"}],"author":[{"embeddable":true,"href":"https:\/\/www.fredonoccitanie.com\/surveillance\/wp-json\/wp\/v2\/users\/5"}],"replies":[{"embeddable":true,"href":"https:\/\/www.fredonoccitanie.com\/surveillance\/wp-json\/wp\/v2\/comments?post=14400"}],"version-history":[{"count":5,"href":"https:\/\/www.fredonoccitanie.com\/surveillance\/wp-json\/wp\/v2\/pages\/14400\/revisions"}],"predecessor-version":[{"id":14444,"href":"https:\/\/www.fredonoccitanie.com\/surveillance\/wp-json\/wp\/v2\/pages\/14400\/revisions\/14444"}],"wp:attachment":[{"href":"https:\/\/www.fredonoccitanie.com\/surveillance\/wp-json\/wp\/v2\/media?parent=14400"}],"curies":[{"name":"wp","href":"https:\/\/api.w.org\/{rel}","templated":true}]}}