{"id":12768,"date":"2024-06-27T10:07:40","date_gmt":"2024-06-27T08:07:40","guid":{"rendered":"https:\/\/www.fredonoccitanie.com\/surveillance\/?page_id=12768"},"modified":"2025-08-11T17:00:40","modified_gmt":"2025-08-11T15:00:40","slug":"le-reseau-dobservateurs","status":"publish","type":"page","link":"https:\/\/www.fredonoccitanie.com\/surveillance\/toutes-cultures\/le-reseau-dobservateurs\/","title":{"rendered":"Le r\u00e9seau d&rsquo;observateurs"},"content":{"rendered":"<div id='av_section_1'  class='avia-section av-2mf23ls-7d98ce8505e51503e06951b0c877af26 main_color avia-section-default avia-no-border-styling  avia-builder-el-0  el_before_av_section  avia-builder-el-first  avia-bg-style-scroll container_wrap fullsize'  ><div class='container av-section-cont-open' ><main  role=\"main\" itemprop=\"mainContentOfPage\"  class='template-page content  av-content-full alpha units'><div class='post-entry post-entry-type-page post-entry-12768'><div class='entry-content-wrapper clearfix'>\n\n<style type=\"text\/css\" data-created_by=\"avia_inline_auto\" id=\"style-css-av-1w2mkxs-65d215969343d411e7e8d96b28a0af55\">\n.flex_column.av-1w2mkxs-65d215969343d411e7e8d96b28a0af55{\nborder-radius:0px 0px 0px 0px;\npadding:0px 0px 0px 0px;\n}\n<\/style>\n<div  class='flex_column av-1w2mkxs-65d215969343d411e7e8d96b28a0af55 av_three_fourth  avia-builder-el-1  el_before_av_one_fourth  avia-builder-el-first  first flex_column_div av-zero-column-padding  '     ><p><section  class='av_textblock_section av-lxwzdmbk-9983493c814e6c79992fd931170d2ac5 '   itemscope=\"itemscope\" itemtype=\"https:\/\/schema.org\/CreativeWork\" ><div class='avia_textblock'  itemprop=\"text\" ><p><strong>Il s\u2019agit d\u2019un groupe d\u2019observateurs constitu\u00e9 majoritairement d\u2019agriculteurs volontaires et de techniciens coordonn\u00e9s par FREDON Occitanie. Le r\u00e9seau se mobilise une fois au printemps et une fois \u00e0 l\u2019automne pour observer les campagnols et les taupes et faire l\u2019\u00e9tat des lieux des populations. <\/strong><\/p>\n<\/div><\/section><br \/>\n\n<style type=\"text\/css\" data-created_by=\"avia_inline_auto\" id=\"style-css-av-lxwzg63n-4e92d6eaf30b4d63fe508eeeeda8a6ea\">\n#top .hr.hr-invisible.av-lxwzg63n-4e92d6eaf30b4d63fe508eeeeda8a6ea{\nheight:40px;\n}\n<\/style>\n<div  class='hr av-lxwzg63n-4e92d6eaf30b4d63fe508eeeeda8a6ea hr-invisible  avia-builder-el-3  el_after_av_textblock  el_before_av_textblock '><span class='hr-inner '><span class=\"hr-inner-style\"><\/span><\/span><\/div><br \/>\n<section  class='av_textblock_section av-lyzn0468-8bde742fc1362a6b7909dac248ed9764 '   itemscope=\"itemscope\" itemtype=\"https:\/\/schema.org\/CreativeWork\" ><div class='avia_textblock'  itemprop=\"text\" ><h4><strong>Le r\u00e9seau d&rsquo;observateurs en 2024<\/strong><\/h4>\n<\/div><\/section><br \/>\n\n<style type=\"text\/css\" data-created_by=\"avia_inline_auto\" id=\"style-css-av-lyzn0zfj-d95b3ea6d2b9180489d5cb112fc97a52\">\n#top .hr.hr-invisible.av-lyzn0zfj-d95b3ea6d2b9180489d5cb112fc97a52{\nheight:30px;\n}\n<\/style>\n<div  class='hr av-lyzn0zfj-d95b3ea6d2b9180489d5cb112fc97a52 hr-invisible  avia-builder-el-5  el_after_av_textblock  avia-builder-el-last '><span class='hr-inner '><span class=\"hr-inner-style\"><\/span><\/span><\/div><\/p><\/div>\n<style type=\"text\/css\" data-created_by=\"avia_inline_auto\" id=\"style-css-av-3kd4fwg-1a64e06cea21191ac11c4939a9d2f9eb\">\n.flex_column.av-3kd4fwg-1a64e06cea21191ac11c4939a9d2f9eb{\nborder-radius:0px 0px 0px 0px;\npadding:0px 0px 0px 0px;\n}\n<\/style>\n<div  class='flex_column av-3kd4fwg-1a64e06cea21191ac11c4939a9d2f9eb av_one_fourth  avia-builder-el-6  el_after_av_three_fourth  el_before_av_textblock  flex_column_div av-zero-column-padding  '     ><article  class='iconbox iconbox_top av-lyx252fw-dbd96b0c409f47799f4779212e677926  avia-builder-el-7  avia-builder-el-no-sibling  main_color'  itemscope=\"itemscope\" itemtype=\"https:\/\/schema.org\/CreativeWork\" ><div class=\"iconbox_content\"><header class=\"entry-content-header\" aria-label=\"Ic\u00f4ne : \"><div class='iconbox_icon heading-color avia-iconfont avia-font-entypo-fontello' data-av_icon='\ue81e' data-av_iconfont='entypo-fontello'  ><\/div><\/header><div class='iconbox_content_container '  itemprop=\"text\" ><p style=\"text-align: center\"><strong><span style=\"color: #576b35\"><a style=\"color: #576b35\" href=\"https:\/\/www.fredonoccitanie.com\/surveillance\/les-campagnols\/#ancre1\">ACCUEIL\u00a0 <br class=\"avia-permanent-lb\" \/><\/a><\/span><\/strong><a href=\"https:\/\/www.fredonoccitanie.com\/surveillance\/carte-evolution-campagnols\/\">La surveillance des populations<\/a><\/p>\n<\/div><\/div><footer class=\"entry-footer\"><\/footer><\/article><\/div><section  class='av_textblock_section av-lxwzdsns-5e8b55bc78bd639346fbc050363bb84d '   itemscope=\"itemscope\" itemtype=\"https:\/\/schema.org\/CreativeWork\" ><div class='avia_textblock'  itemprop=\"text\" ><p>\u00c0 ce jour, le r\u00e9seau compte 19 agriculteurs volontaires, la Chambre d&rsquo;Agriculture de l&rsquo;Aveyron, le PNR de l&rsquo;Aubrac, la CUMA de Ste-Genevi\u00e8ve-sur-Argence Cantoin, et la FODSA-GDS-FARAGO Aveyron.<\/p>\n<p>FREDON Occitanie s\u2019organise progressivement pour d\u00e9velopper et animer des r\u00e9seaux d\u2019observateurs sur d\u2019autres territoires en Occitanie.<\/p>\n<\/div><\/section>\n\n<style type=\"text\/css\" data-created_by=\"avia_inline_auto\" id=\"style-css-av-ls6aps-4c9dd19a21b5837e206d345615e98813\">\n.flex_column.av-ls6aps-4c9dd19a21b5837e206d345615e98813{\nborder-radius:0px 0px 0px 0px;\npadding:0px 0px 0px 0px;\n}\n<\/style>\n<div  class='flex_column av-ls6aps-4c9dd19a21b5837e206d345615e98813 av_one_fifth  avia-builder-el-9  el_after_av_textblock  el_before_av_three_fifth  first flex_column_div av-zero-column-padding  column-top-margin'     ><\/div>\n<style type=\"text\/css\" data-created_by=\"avia_inline_auto\" id=\"style-css-av-35h86ao-c73b77914ac60e0beaffd4781d8b15cb\">\n.flex_column.av-35h86ao-c73b77914ac60e0beaffd4781d8b15cb{\nborder-radius:0px 0px 0px 0px;\npadding:0px 0px 0px 0px;\n}\n<\/style>\n<div  class='flex_column av-35h86ao-c73b77914ac60e0beaffd4781d8b15cb av_three_fifth  avia-builder-el-10  el_after_av_one_fifth  el_before_av_one_fifth  flex_column_div av-zero-column-padding  column-top-margin'     ><style type=\"text\/css\" data-created_by=\"avia_inline_auto\" id=\"style-css-av-lxx1omc0-577ce4d68a5f342dd026059ae9fdf17e\">\n.avia-image-container.av-lxx1omc0-577ce4d68a5f342dd026059ae9fdf17e img.avia_image{\nbox-shadow:none;\n}\n.avia-image-container.av-lxx1omc0-577ce4d68a5f342dd026059ae9fdf17e .av-image-caption-overlay-center{\ncolor:#ffffff;\n}\n<\/style>\n<div  class='avia-image-container av-lxx1omc0-577ce4d68a5f342dd026059ae9fdf17e av-styling- avia-align-center  avia-builder-el-11  avia-builder-el-no-sibling '   itemprop=\"image\" itemscope=\"itemscope\" itemtype=\"https:\/\/schema.org\/ImageObject\" ><div class=\"avia-image-container-inner\"><div class=\"avia-image-overlay-wrap\"><img decoding=\"async\" fetchpriority=\"high\" class='wp-image-12784 avia-img-lazy-loading-not-12784 avia_image ' src=\"https:\/\/www.fredonoccitanie.com\/surveillance\/wp-content\/uploads\/sites\/4\/2024\/06\/Occupation-du-reseau.png\" alt='' title='Occupation du r\u00e9seau'  height=\"2480\" width=\"3507\"  itemprop=\"thumbnailUrl\" srcset=\"https:\/\/www.fredonoccitanie.com\/surveillance\/wp-content\/uploads\/sites\/4\/2024\/06\/Occupation-du-reseau.png 3507w, https:\/\/www.fredonoccitanie.com\/surveillance\/wp-content\/uploads\/sites\/4\/2024\/06\/Occupation-du-reseau-300x212.png 300w, https:\/\/www.fredonoccitanie.com\/surveillance\/wp-content\/uploads\/sites\/4\/2024\/06\/Occupation-du-reseau-1030x728.png 1030w, https:\/\/www.fredonoccitanie.com\/surveillance\/wp-content\/uploads\/sites\/4\/2024\/06\/Occupation-du-reseau-768x543.png 768w, https:\/\/www.fredonoccitanie.com\/surveillance\/wp-content\/uploads\/sites\/4\/2024\/06\/Occupation-du-reseau-1536x1086.png 1536w, https:\/\/www.fredonoccitanie.com\/surveillance\/wp-content\/uploads\/sites\/4\/2024\/06\/Occupation-du-reseau-2048x1448.png 2048w, https:\/\/www.fredonoccitanie.com\/surveillance\/wp-content\/uploads\/sites\/4\/2024\/06\/Occupation-du-reseau-1500x1061.png 1500w, https:\/\/www.fredonoccitanie.com\/surveillance\/wp-content\/uploads\/sites\/4\/2024\/06\/Occupation-du-reseau-260x185.png 260w, https:\/\/www.fredonoccitanie.com\/surveillance\/wp-content\/uploads\/sites\/4\/2024\/06\/Occupation-du-reseau-705x499.png 705w\" sizes=\"(max-width: 3507px) 100vw, 3507px\" \/><\/div><\/div><\/div><\/div>\n<style type=\"text\/css\" data-created_by=\"avia_inline_auto\" id=\"style-css-av-2ejyhgg-1a9bba46401401e79b0d5ab346bfff0c\">\n.flex_column.av-2ejyhgg-1a9bba46401401e79b0d5ab346bfff0c{\nborder-radius:0px 0px 0px 0px;\npadding:0px 0px 0px 0px;\n}\n<\/style>\n<div  class='flex_column av-2ejyhgg-1a9bba46401401e79b0d5ab346bfff0c av_one_fifth  avia-builder-el-12  el_after_av_three_fifth  el_before_av_hr  flex_column_div av-zero-column-padding  column-top-margin'     ><\/div>\n<style type=\"text\/css\" data-created_by=\"avia_inline_auto\" id=\"style-css-av-uzi0v4-56ff1f879b0b12160198569060cf8fc8\">\n#top .hr.hr-invisible.av-uzi0v4-56ff1f879b0b12160198569060cf8fc8{\nheight:50px;\n}\n<\/style>\n<div  class='hr av-uzi0v4-56ff1f879b0b12160198569060cf8fc8 hr-invisible  avia-builder-el-13  el_after_av_one_fifth  el_before_av_textblock '><span class='hr-inner '><span class=\"hr-inner-style\"><\/span><\/span><\/div>\n<section  class='av_textblock_section av-lxx1x6t9-3940790b2113e1248ffc60c9270cb61a '   itemscope=\"itemscope\" itemtype=\"https:\/\/schema.org\/CreativeWork\" ><div class='avia_textblock'  itemprop=\"text\" ><p>La <strong>couleur rose sur la carte repr\u00e9sente les endroits observ\u00e9s par le r\u00e9seau<\/strong>, ce qui permet de visualiser les communes pour lesquelles nous n\u2019avons pas encore d\u2019observateurs. L\u2019objectif \u00e9tant d\u2019avoir des observateurs partout o\u00f9 il y a un besoin.<\/p>\n<\/div><\/section>\n\n<\/div><\/div><\/main><!-- close content main element --><\/div><\/div>\n<style type=\"text\/css\" data-created_by=\"avia_inline_auto\" id=\"style-css-av-lxwzek4n-e95cb7d2e3345d9bf4f43056a52faf44\">\n.avia-section.av-lxwzek4n-e95cb7d2e3345d9bf4f43056a52faf44{\nbackground-color:#dbdbcf;\nbackground-image:unset;\n}\n<\/style>\n<div id='av_section_2'  class='avia-section av-lxwzek4n-e95cb7d2e3345d9bf4f43056a52faf44 main_color avia-section-default avia-no-border-styling  avia-builder-el-15  el_after_av_section  avia-builder-el-last  avia-bg-style-scroll container_wrap fullsize'  ><div class='container av-section-cont-open' ><div class='template-page content  av-content-full alpha units'><div class='post-entry post-entry-type-page post-entry-12768'><div class='entry-content-wrapper clearfix'>\n\n<style type=\"text\/css\" data-created_by=\"avia_inline_auto\" id=\"style-css-av-40ungv4-ea08edaa35b70e78a1ee251eecb7bc47\">\n.flex_column.av-40ungv4-ea08edaa35b70e78a1ee251eecb7bc47{\nborder-radius:0px 0px 0px 0px;\npadding:0px 0px 0px 0px;\n}\n<\/style>\n<div  class='flex_column av-40ungv4-ea08edaa35b70e78a1ee251eecb7bc47 av_three_fifth  avia-builder-el-16  el_before_av_one_third  avia-builder-el-first  first flex_column_div av-zero-column-padding  '     ><section  class='av_textblock_section av-lxwzeod3-10077ef2bb3d2712c50ae4aa3e79e8b8 '   itemscope=\"itemscope\" itemtype=\"https:\/\/schema.org\/CreativeWork\" ><div class='avia_textblock'  itemprop=\"text\" ><h2 style=\"text-align: center\">Devenir observateur<\/h2>\n<\/div><\/section><br \/>\n\n<style type=\"text\/css\" data-created_by=\"avia_inline_auto\" id=\"style-css-av-lxwzmxbn-524475ffbe96fab92848dfbe8670e4bb\">\n#top .hr.hr-invisible.av-lxwzmxbn-524475ffbe96fab92848dfbe8670e4bb{\nheight:25px;\n}\n<\/style>\n<div  class='hr av-lxwzmxbn-524475ffbe96fab92848dfbe8670e4bb hr-invisible  avia-builder-el-18  el_after_av_textblock  el_before_av_textblock '><span class='hr-inner '><span class=\"hr-inner-style\"><\/span><\/span><\/div><br \/>\n<section  class='av_textblock_section av-3n6ozpc-02a0aba727fad9af3b31777075af4819 '   itemscope=\"itemscope\" itemtype=\"https:\/\/schema.org\/CreativeWork\" ><div class='avia_textblock'  itemprop=\"text\" ><p style=\"text-align: center\">Comptez seulement 1h30 au printemps et 1h30 \u00e0 l&rsquo;automne.<\/p>\n<\/div><\/section><br \/>\n\n<style type=\"text\/css\" data-created_by=\"avia_inline_auto\" id=\"style-css-av-2vqo5b4-479a3c6d53fe3adfc12cf8167795fe9b\">\n#top .hr.hr-invisible.av-2vqo5b4-479a3c6d53fe3adfc12cf8167795fe9b{\nheight:15px;\n}\n<\/style>\n<div  class='hr av-2vqo5b4-479a3c6d53fe3adfc12cf8167795fe9b hr-invisible  avia-builder-el-20  el_after_av_textblock  el_before_av_textblock '><span class='hr-inner '><span class=\"hr-inner-style\"><\/span><\/span><\/div><br \/>\n<section  class='av_textblock_section av-2hju89s-14d83077a6c0144540bd413ffc7bc83b '   itemscope=\"itemscope\" itemtype=\"https:\/\/schema.org\/CreativeWork\" ><div class='avia_textblock'  itemprop=\"text\" ><h3>Vous observez chez vous<\/h3>\n<\/div><\/section><br \/>\n<section  class='av_textblock_section av-240aczk-e4549f3d561756759441a440929de030 '   itemscope=\"itemscope\" itemtype=\"https:\/\/schema.org\/CreativeWork\" ><div class='avia_textblock'  itemprop=\"text\" ><p><strong>Sur votre exploitation et aux alentours si vous le souhaitez.<\/strong> La notion de \u00ab\u00a0r\u00e9f\u00e9rent communal\u00a0\u00bb en cours entre 2015 et 2019 a disparu car les communes sont parfois tr\u00e8s \u00e9tendues.<\/p>\n<\/div><\/section><br \/>\n\n<style type=\"text\/css\" data-created_by=\"avia_inline_auto\" id=\"style-css-av-1szet4w-aa3366b2c4882e49ab6b9e4a02c3cdb2\">\n#top .hr.hr-invisible.av-1szet4w-aa3366b2c4882e49ab6b9e4a02c3cdb2{\nheight:25px;\n}\n<\/style>\n<div  class='hr av-1szet4w-aa3366b2c4882e49ab6b9e4a02c3cdb2 hr-invisible  avia-builder-el-23  el_after_av_textblock  el_before_av_textblock '><span class='hr-inner '><span class=\"hr-inner-style\"><\/span><\/span><\/div><br \/>\n<section  class='av_textblock_section av-11xsnkw-e5196c06bc043406ee6dbff2b00b4fda '   itemscope=\"itemscope\" itemtype=\"https:\/\/schema.org\/CreativeWork\" ><div class='avia_textblock'  itemprop=\"text\" ><h3>L&rsquo;observation est rapide<\/h3>\n<\/div><\/section><br \/>\n<section  class='av_textblock_section av-lxwzyc3n-564344d4b87b86b217fdf5c28a5791a1 '   itemscope=\"itemscope\" itemtype=\"https:\/\/schema.org\/CreativeWork\" ><div class='avia_textblock'  itemprop=\"text\" ><p>L\u2019observation est rapide.<\/p>\n<ul>\n<li>Vous visitez entre 10 et 15 parcelles de prairies.<\/li>\n<li>Pour chaque parcelle, vous donnez une note \u00ab\u202fcampagnols\u202f\u00bb et une note \u00ab\u202ftaupes\u202f\u00bb. Cela ne vous prendra que 2 minutes.<\/li>\n<li>Vous enregistrez vos notes sur papier ou sur votre t\u00e9l\u00e9phone \u00e0 l\u2019aide de l\u2019application mobile \u00ab\u202fArvicolaObs\u202f\u00bb d\u00e9velopp\u00e9e par VetAgroSup.<\/li>\n<\/ul>\n<p>Remarque:\u202f l\u2019observation est bas\u00e9e sur la pr\u00e9sence de tumuli et de taupini\u00e8res fra\u00eeches.<\/p>\n<\/div><\/section><br \/>\n<section  class='av_textblock_section av-lxygjmnv-15019d1ebc11aaa8ba795cbb6eb2db8c '   itemscope=\"itemscope\" itemtype=\"https:\/\/schema.org\/CreativeWork\" ><div class='avia_textblock'  itemprop=\"text\" ><p style=\"text-align: center\"><strong>Contactez-nous pour int\u00e9grer le r\u00e9seau.<\/strong><\/p>\n<\/div><\/section><\/p><\/div>\n<style type=\"text\/css\" data-created_by=\"avia_inline_auto\" id=\"style-css-av-tir0o0-ff213fd93f5da6ff1910863d8aa3b65e\">\n.flex_column.av-tir0o0-ff213fd93f5da6ff1910863d8aa3b65e{\nborder-radius:0px 0px 0px 0px;\npadding:0px 0px 0px 0px;\n}\n<\/style>\n<div  class='flex_column av-tir0o0-ff213fd93f5da6ff1910863d8aa3b65e av_one_third  avia-builder-el-27  el_after_av_three_fifth  avia-builder-el-last  flex_column_div av-zero-column-padding  '     ><style type=\"text\/css\" data-created_by=\"avia_inline_auto\" id=\"style-css-av-lxwzxitf-677c359a0407085cd22418591cab4015\">\n.avia-image-container.av-lxwzxitf-677c359a0407085cd22418591cab4015 img.avia_image{\nbox-shadow:none;\n}\n.avia-image-container.av-lxwzxitf-677c359a0407085cd22418591cab4015 .av-image-caption-overlay-center{\ncolor:#ffffff;\n}\n<\/style>\n<div  class='avia-image-container av-lxwzxitf-677c359a0407085cd22418591cab4015 av-styling- avia-align-center  avia-builder-el-28  avia-builder-el-no-sibling '   itemprop=\"image\" itemscope=\"itemscope\" itemtype=\"https:\/\/schema.org\/ImageObject\" ><div class=\"avia-image-container-inner\"><div class=\"avia-image-overlay-wrap\"><img decoding=\"async\" fetchpriority=\"high\" class='wp-image-12779 avia-img-lazy-loading-not-12779 avia_image ' src=\"https:\/\/www.fredonoccitanie.com\/surveillance\/wp-content\/uploads\/sites\/4\/2024\/06\/20240416_145822-scaled.jpg\" alt='' title='Application ArvicolaObs'  height=\"2560\" width=\"1920\"  itemprop=\"thumbnailUrl\" srcset=\"https:\/\/www.fredonoccitanie.com\/surveillance\/wp-content\/uploads\/sites\/4\/2024\/06\/20240416_145822-scaled.jpg 1920w, https:\/\/www.fredonoccitanie.com\/surveillance\/wp-content\/uploads\/sites\/4\/2024\/06\/20240416_145822-225x300.jpg 225w, https:\/\/www.fredonoccitanie.com\/surveillance\/wp-content\/uploads\/sites\/4\/2024\/06\/20240416_145822-773x1030.jpg 773w, https:\/\/www.fredonoccitanie.com\/surveillance\/wp-content\/uploads\/sites\/4\/2024\/06\/20240416_145822-768x1024.jpg 768w, https:\/\/www.fredonoccitanie.com\/surveillance\/wp-content\/uploads\/sites\/4\/2024\/06\/20240416_145822-1152x1536.jpg 1152w, https:\/\/www.fredonoccitanie.com\/surveillance\/wp-content\/uploads\/sites\/4\/2024\/06\/20240416_145822-1536x2048.jpg 1536w, https:\/\/www.fredonoccitanie.com\/surveillance\/wp-content\/uploads\/sites\/4\/2024\/06\/20240416_145822-1125x1500.jpg 1125w, https:\/\/www.fredonoccitanie.com\/surveillance\/wp-content\/uploads\/sites\/4\/2024\/06\/20240416_145822-529x705.jpg 529w\" sizes=\"(max-width: 1920px) 100vw, 1920px\" \/><\/div><\/div><\/div><\/div>\n","protected":false},"excerpt":{"rendered":"","protected":false},"author":15,"featured_media":0,"parent":9226,"menu_order":7,"comment_status":"closed","ping_status":"closed","template":"","meta":{"footnotes":""},"class_list":["post-12768","page","type-page","status-publish","hentry"],"_links":{"self":[{"href":"https:\/\/www.fredonoccitanie.com\/surveillance\/wp-json\/wp\/v2\/pages\/12768","targetHints":{"allow":["GET"]}}],"collection":[{"href":"https:\/\/www.fredonoccitanie.com\/surveillance\/wp-json\/wp\/v2\/pages"}],"about":[{"href":"https:\/\/www.fredonoccitanie.com\/surveillance\/wp-json\/wp\/v2\/types\/page"}],"author":[{"embeddable":true,"href":"https:\/\/www.fredonoccitanie.com\/surveillance\/wp-json\/wp\/v2\/users\/15"}],"replies":[{"embeddable":true,"href":"https:\/\/www.fredonoccitanie.com\/surveillance\/wp-json\/wp\/v2\/comments?post=12768"}],"version-history":[{"count":5,"href":"https:\/\/www.fredonoccitanie.com\/surveillance\/wp-json\/wp\/v2\/pages\/12768\/revisions"}],"predecessor-version":[{"id":12776,"href":"https:\/\/www.fredonoccitanie.com\/surveillance\/wp-json\/wp\/v2\/pages\/12768\/revisions\/12776"}],"up":[{"embeddable":true,"href":"https:\/\/www.fredonoccitanie.com\/surveillance\/wp-json\/wp\/v2\/pages\/9226"}],"wp:attachment":[{"href":"https:\/\/www.fredonoccitanie.com\/surveillance\/wp-json\/wp\/v2\/media?parent=12768"}],"curies":[{"name":"wp","href":"https:\/\/api.w.org\/{rel}","templated":true}]}}