{"id":12260,"date":"2024-06-14T11:30:07","date_gmt":"2024-06-14T09:30:07","guid":{"rendered":"https:\/\/www.fredonoccitanie.com\/surveillance\/?page_id=12260"},"modified":"2024-08-09T12:49:05","modified_gmt":"2024-08-09T10:49:05","slug":"reconnaitre-les-indices","status":"publish","type":"page","link":"https:\/\/www.fredonoccitanie.com\/surveillance\/toutes-cultures\/reconnaitre-les-indices\/","title":{"rendered":"Reconna\u00eetre les indices"},"content":{"rendered":"<div id='av_section_1'  class='avia-section av-14k5ukk-9bd7e1ff7ab4e19ed4eb09d1253ee47f main_color avia-section-default avia-no-border-styling  avia-builder-el-0  avia-builder-el-no-sibling  avia-bg-style-scroll container_wrap fullsize'  ><div class='container av-section-cont-open' ><main  role=\"main\" itemprop=\"mainContentOfPage\"  class='template-page content  av-content-full alpha units'><div class='post-entry post-entry-type-page post-entry-12260'><div class='entry-content-wrapper clearfix'>\n\n<style type=\"text\/css\" data-created_by=\"avia_inline_auto\" id=\"style-css-av-ibojqc-3df99a80c5e3a5139c2ba1562f63196e\">\n.flex_column.av-ibojqc-3df99a80c5e3a5139c2ba1562f63196e{\nborder-radius:0px 0px 0px 0px;\npadding:0px 0px 0px 0px;\n}\n<\/style>\n<div  class='flex_column av-ibojqc-3df99a80c5e3a5139c2ba1562f63196e av_three_fourth  avia-builder-el-1  el_before_av_one_fourth  avia-builder-el-first  first flex_column_div av-zero-column-padding  '     ><p>\n<style type=\"text\/css\" data-created_by=\"avia_inline_auto\" id=\"style-css-av-lywt2o4f-193f6021911181f00e89e839879b0c51\">\n#top .hr.hr-invisible.av-lywt2o4f-193f6021911181f00e89e839879b0c51{\nheight:70px;\n}\n<\/style>\n<div  class='hr av-lywt2o4f-193f6021911181f00e89e839879b0c51 hr-invisible  avia-builder-el-2  el_before_av_textblock  avia-builder-el-first '><span class='hr-inner '><span class=\"hr-inner-style\"><\/span><\/span><\/div><br \/>\n<section  class='av_textblock_section av-lxegecmj-8ea92e9589ecbf85e3b11edb696a11e7 '   itemscope=\"itemscope\" itemtype=\"https:\/\/schema.org\/CreativeWork\" ><div class='avia_textblock'  itemprop=\"text\" ><h5 style=\"text-align: left\">Le campagnol terrestre et le campagnol proven\u00e7al forment des monticules de terre appel\u00e9s \u00ab tumuli \u00bb.<\/h5>\n<\/div><\/section><br \/>\n\n<style type=\"text\/css\" data-created_by=\"avia_inline_auto\" id=\"style-css-av-lyx0cteg-3504aa277caf3e7d2d6a31aee3f8a3c8\">\n#top .hr.hr-invisible.av-lyx0cteg-3504aa277caf3e7d2d6a31aee3f8a3c8{\nheight:20px;\n}\n<\/style>\n<div  class='hr av-lyx0cteg-3504aa277caf3e7d2d6a31aee3f8a3c8 hr-invisible  avia-builder-el-4  el_after_av_textblock  el_before_av_textblock '><span class='hr-inner '><span class=\"hr-inner-style\"><\/span><\/span><\/div><br \/>\n<section  class='av_textblock_section av-lyx08tjr-b2ed9914468f08a93fe5f609584ce65e '   itemscope=\"itemscope\" itemtype=\"https:\/\/schema.org\/CreativeWork\" ><div class='avia_textblock'  itemprop=\"text\" ><h2 style=\"margin: 0in;font-family: 'Source Sans Pro';font-size: 14pt;color: #d6970a;text-align: center\"><\/h2>\n<p style=\"margin: 0in;font-family: 'Source Sans Pro';font-size: 14pt;color: #d6970a;text-align: left\"><span style=\"color: #000000\">\u00a0Les tumuli ressemblent beaucoup aux monticules de taupes, appel\u00e9es \u00ab taupini\u00e8res \u00bb. <br class=\"avia-permanent-lb\" \/><br class=\"avia-permanent-lb\" \/><\/span><em><span style=\"color: #000000;font-size: 12pt\">Attention, le campagnol des champs ne fait pas de monticules de terre.<\/span><\/em><\/p>\n<\/div><\/section><\/p><\/div>\n<style type=\"text\/css\" data-created_by=\"avia_inline_auto\" id=\"style-css-av-11203hg-c7cc90cf67312be64a29662a6c3dd18a\">\n.flex_column.av-11203hg-c7cc90cf67312be64a29662a6c3dd18a{\nborder-radius:0px 0px 0px 0px;\npadding:0px 0px 0px 0px;\n}\n<\/style>\n<div  class='flex_column av-11203hg-c7cc90cf67312be64a29662a6c3dd18a av_one_fourth  avia-builder-el-6  el_after_av_three_fourth  el_before_av_one_full  flex_column_div av-zero-column-padding  '     ><p>\n<style type=\"text\/css\" data-created_by=\"avia_inline_auto\" id=\"style-css-av-lzlfmgtv-b02aa082d28e2fcd1658a6f65aad3d79\">\n#top .hr.hr-invisible.av-lzlfmgtv-b02aa082d28e2fcd1658a6f65aad3d79{\nheight:70px;\n}\n<\/style>\n<div  class='hr av-lzlfmgtv-b02aa082d28e2fcd1658a6f65aad3d79 hr-invisible  avia-builder-el-7  el_before_av_icon_box  avia-builder-el-first '><span class='hr-inner '><span class=\"hr-inner-style\"><\/span><\/span><\/div><br \/>\n<article  class='iconbox iconbox_top av-lxyita6a-d3e3cae53fad34a71b077df0e9acf7bf  avia-builder-el-8  el_after_av_hr  avia-builder-el-last  main_color'  itemscope=\"itemscope\" itemtype=\"https:\/\/schema.org\/CreativeWork\" ><div class=\"iconbox_content\"><header class=\"entry-content-header\" aria-label=\"Ic\u00f4ne : \"><div class='iconbox_icon heading-color avia-iconfont avia-font-entypo-fontello' data-av_icon='\ue81e' data-av_iconfont='entypo-fontello'  ><\/div><\/header><div class='iconbox_content_container '  itemprop=\"text\" ><p style=\"text-align: center\"><span style=\"color: #576b35\"><strong><a style=\"color: #576b35\" href=\"https:\/\/www.fredonoccitanie.com\/surveillance\/les-campagnols\/#ancre1\">ACCUEIL\u00a0 <br class=\"avia-permanent-lb\" \/><\/a><\/strong><\/span><a href=\"https:\/\/www.fredonoccitanie.com\/surveillance\/toutes-cultures\/le-campagnol-terrestre\/\">Campagnol terrestre<\/a> <br class=\"avia-permanent-lb\" \/><a href=\"https:\/\/www.fredonoccitanie.com\/surveillance\/toutes-cultures\/campagnol-provencal\/\">Campagnol proven\u00e7al<\/a> <br class=\"avia-permanent-lb\" \/><a href=\"https:\/\/www.fredonoccitanie.com\/surveillance\/bibliotheque-doutils\/#ancre7\">Photos taupini\u00e8res et tumuli<\/a><\/p>\n<\/div><\/div><footer class=\"entry-footer\"><\/footer><\/article><\/p><\/div>\n<style type=\"text\/css\" data-created_by=\"avia_inline_auto\" id=\"style-css-av-2a9tcjo-3f85d380a0fd67d5386f8cdd4d5f75b6\">\n.flex_column.av-2a9tcjo-3f85d380a0fd67d5386f8cdd4d5f75b6{\nborder-radius:0px 0px 0px 0px;\npadding:0px 0px 0px 0px;\n}\n<\/style>\n<div  class='flex_column av-2a9tcjo-3f85d380a0fd67d5386f8cdd4d5f75b6 av_one_full  avia-builder-el-9  el_after_av_one_fourth  el_before_av_one_fifth  first flex_column_div av-zero-column-padding  column-top-margin'     ><p>\n<style type=\"text\/css\" data-created_by=\"avia_inline_auto\" id=\"style-css-av-lywt1rzi-400a6e1c3031753904727f095ae359c8\">\n#top .hr.hr-invisible.av-lywt1rzi-400a6e1c3031753904727f095ae359c8{\nheight:70px;\n}\n<\/style>\n<div  class='hr av-lywt1rzi-400a6e1c3031753904727f095ae359c8 hr-invisible  avia-builder-el-10  el_before_av_textblock  avia-builder-el-first '><span class='hr-inner '><span class=\"hr-inner-style\"><\/span><\/span><\/div><br \/>\n<section  class='av_textblock_section av-11bl6bo-83bed81a5a5d1ccb4669d7c4788136ff '   itemscope=\"itemscope\" itemtype=\"https:\/\/schema.org\/CreativeWork\" ><div class='avia_textblock'  itemprop=\"text\" ><h4 style=\"text-align: left\">Quatre<strong> indices cl\u00e9s<\/strong> pour vous aider \u00e0 trouver l&rsquo;auteur des monticules de terre chez vous.<\/h4>\n<p><strong>Suivez les \u00e9tapes :<\/strong><\/p>\n<\/div><\/section><\/p><\/div>\n<style type=\"text\/css\" data-created_by=\"avia_inline_auto\" id=\"style-css-av-av_one_fifth-53b0b300fb3685750664fb085c5ad19d\">\n.flex_column.av-av_one_fifth-53b0b300fb3685750664fb085c5ad19d{\nborder-radius:0px 0px 0px 0px;\npadding:0px 0px 0px 0px;\n}\n<\/style>\n<div  class='flex_column av-av_one_fifth-53b0b300fb3685750664fb085c5ad19d av_one_fifth  avia-builder-el-12  el_after_av_one_full  el_before_av_two_third  first flex_column_div av-zero-column-padding  column-top-margin'     ><\/div>\n<style type=\"text\/css\" data-created_by=\"avia_inline_auto\" id=\"style-css-av-vw4kf8-b2e63ad8c29e41d7c16521da5ca9721e\">\n.flex_column.av-vw4kf8-b2e63ad8c29e41d7c16521da5ca9721e{\nborder-radius:0px 0px 0px 0px;\npadding:0px 0px 0px 0px;\n}\n<\/style>\n<div  class='flex_column av-vw4kf8-b2e63ad8c29e41d7c16521da5ca9721e av_two_third  avia-builder-el-13  el_after_av_one_fifth  el_before_av_one_full  flex_column_div av-zero-column-padding  column-top-margin'     ><style type=\"text\/css\" data-created_by=\"avia_inline_auto\" id=\"style-css-av-lxefu0bo-9d52c9485b8cfd8d488a5b61a6a2469b\">\n.avia-image-container.av-lxefu0bo-9d52c9485b8cfd8d488a5b61a6a2469b img.avia_image{\nbox-shadow:none;\n}\n.avia-image-container.av-lxefu0bo-9d52c9485b8cfd8d488a5b61a6a2469b .av-image-caption-overlay-center{\ncolor:#ffffff;\n}\n<\/style>\n<div  class='avia-image-container av-lxefu0bo-9d52c9485b8cfd8d488a5b61a6a2469b av-styling- avia-align-center  avia-builder-el-14  avia-builder-el-no-sibling '   itemprop=\"image\" itemscope=\"itemscope\" itemtype=\"https:\/\/schema.org\/ImageObject\" ><div class=\"avia-image-container-inner\"><div class=\"avia-image-overlay-wrap\"><img decoding=\"async\" fetchpriority=\"high\" class='wp-image-13494 avia-img-lazy-loading-not-13494 avia_image ' src=\"https:\/\/www.fredonoccitanie.com\/surveillance\/wp-content\/uploads\/sites\/4\/2024\/08\/difference_campagnol_taupe.png-scaled.jpg\" alt='' title='diff\u00e9rence_campagnol_taupe.png'  height=\"2560\" width=\"1492\"  itemprop=\"thumbnailUrl\" srcset=\"https:\/\/www.fredonoccitanie.com\/surveillance\/wp-content\/uploads\/sites\/4\/2024\/08\/difference_campagnol_taupe.png-scaled.jpg 1492w, https:\/\/www.fredonoccitanie.com\/surveillance\/wp-content\/uploads\/sites\/4\/2024\/08\/difference_campagnol_taupe.png-175x300.jpg 175w, https:\/\/www.fredonoccitanie.com\/surveillance\/wp-content\/uploads\/sites\/4\/2024\/08\/difference_campagnol_taupe.png-600x1030.jpg 600w, https:\/\/www.fredonoccitanie.com\/surveillance\/wp-content\/uploads\/sites\/4\/2024\/08\/difference_campagnol_taupe.png-768x1318.jpg 768w, https:\/\/www.fredonoccitanie.com\/surveillance\/wp-content\/uploads\/sites\/4\/2024\/08\/difference_campagnol_taupe.png-895x1536.jpg 895w, https:\/\/www.fredonoccitanie.com\/surveillance\/wp-content\/uploads\/sites\/4\/2024\/08\/difference_campagnol_taupe.png-1193x2048.jpg 1193w, https:\/\/www.fredonoccitanie.com\/surveillance\/wp-content\/uploads\/sites\/4\/2024\/08\/difference_campagnol_taupe.png-874x1500.jpg 874w, https:\/\/www.fredonoccitanie.com\/surveillance\/wp-content\/uploads\/sites\/4\/2024\/08\/difference_campagnol_taupe.png-411x705.jpg 411w\" sizes=\"(max-width: 1492px) 100vw, 1492px\" \/><\/div><\/div><\/div><\/div>\n<style type=\"text\/css\" data-created_by=\"avia_inline_auto\" id=\"style-css-av-av_one_full-53b0b300fb3685750664fb085c5ad19d\">\n.flex_column.av-av_one_full-53b0b300fb3685750664fb085c5ad19d{\nborder-radius:0px 0px 0px 0px;\npadding:0px 0px 0px 0px;\n}\n<\/style>\n<div  class='flex_column av-av_one_full-53b0b300fb3685750664fb085c5ad19d av_one_full  avia-builder-el-15  el_after_av_two_third  avia-builder-el-last  first flex_column_div av-zero-column-padding  column-top-margin'     ><p>\n<style type=\"text\/css\" data-created_by=\"avia_inline_auto\" id=\"style-css-av-av_hr-3a876428eececa9d35452247ddb053af\">\n#top .hr.hr-invisible.av-av_hr-3a876428eececa9d35452247ddb053af{\nheight:50px;\n}\n<\/style>\n<div  class='hr av-av_hr-3a876428eececa9d35452247ddb053af hr-invisible  avia-builder-el-16  el_before_av_textblock  avia-builder-el-first '><span class='hr-inner '><span class=\"hr-inner-style\"><\/span><\/span><\/div><br \/>\n<section  class='av_textblock_section av-av_textblock-32af9c344aeda5838e62bcf702809feb '   itemscope=\"itemscope\" itemtype=\"https:\/\/schema.org\/CreativeWork\" ><div class='avia_textblock'  itemprop=\"text\" ><p style=\"margin: 0in;font-family: 'Source Sans Pro';font-size: 12.0pt\"><em>Remarque : <strong>la diff\u00e9rence entre le campagnol terrestre et le proven\u00e7al<\/strong> est la taille des trous et des galeries qui sont plus gros chez le campagnol terrestre. La distribution des deux esp\u00e8ces peut vous aider \u00e0 l&rsquo;identification. Le campagnol proven\u00e7al occupe le pourtour m\u00e9diterran\u00e9en alors que le campagnol terrestre pr\u00e9f\u00e8re un climat continental et montagnard. Le pi\u00e9geage est la seule fa\u00e7on de confirmer l&rsquo;esp\u00e8ce.<\/em><\/p>\n<\/div><\/section><br \/>\n\n<style type=\"text\/css\" data-created_by=\"avia_inline_auto\" id=\"style-css-av-av_hr-65bd92347fddc685eba247be6d5a9a45\">\n#top .hr.hr-invisible.av-av_hr-65bd92347fddc685eba247be6d5a9a45{\nheight:40px;\n}\n<\/style>\n<div  class='hr av-av_hr-65bd92347fddc685eba247be6d5a9a45 hr-invisible  avia-builder-el-18  el_after_av_textblock  el_before_av_textblock '><span class='hr-inner '><span class=\"hr-inner-style\"><\/span><\/span><\/div><br \/>\n<section  class='av_textblock_section av-av_textblock-32af9c344aeda5838e62bcf702809feb '   itemscope=\"itemscope\" itemtype=\"https:\/\/schema.org\/CreativeWork\" ><div class='avia_textblock'  itemprop=\"text\" ><p style=\"margin: 0in;font-family: 'Source Sans Pro';font-size: 12.0pt;text-align: center;color: #87a753\">Bon \u00e0 savoir : plus le monticule est r\u00e9cent plus il est facile d&rsquo;identifier son auteur car les indices sont conserv\u00e9s.<\/p>\n<\/div><\/section><\/p><\/div>\n","protected":false},"excerpt":{"rendered":"","protected":false},"author":15,"featured_media":0,"parent":9226,"menu_order":7,"comment_status":"closed","ping_status":"closed","template":"","meta":{"footnotes":""},"class_list":["post-12260","page","type-page","status-publish","hentry"],"_links":{"self":[{"href":"https:\/\/www.fredonoccitanie.com\/surveillance\/wp-json\/wp\/v2\/pages\/12260","targetHints":{"allow":["GET"]}}],"collection":[{"href":"https:\/\/www.fredonoccitanie.com\/surveillance\/wp-json\/wp\/v2\/pages"}],"about":[{"href":"https:\/\/www.fredonoccitanie.com\/surveillance\/wp-json\/wp\/v2\/types\/page"}],"author":[{"embeddable":true,"href":"https:\/\/www.fredonoccitanie.com\/surveillance\/wp-json\/wp\/v2\/users\/15"}],"replies":[{"embeddable":true,"href":"https:\/\/www.fredonoccitanie.com\/surveillance\/wp-json\/wp\/v2\/comments?post=12260"}],"version-history":[{"count":5,"href":"https:\/\/www.fredonoccitanie.com\/surveillance\/wp-json\/wp\/v2\/pages\/12260\/revisions"}],"predecessor-version":[{"id":13496,"href":"https:\/\/www.fredonoccitanie.com\/surveillance\/wp-json\/wp\/v2\/pages\/12260\/revisions\/13496"}],"up":[{"embeddable":true,"href":"https:\/\/www.fredonoccitanie.com\/surveillance\/wp-json\/wp\/v2\/pages\/9226"}],"wp:attachment":[{"href":"https:\/\/www.fredonoccitanie.com\/surveillance\/wp-json\/wp\/v2\/media?parent=12260"}],"curies":[{"name":"wp","href":"https:\/\/api.w.org\/{rel}","templated":true}]}}