{"id":8089,"date":"2021-07-16T14:09:56","date_gmt":"2021-07-16T12:09:56","guid":{"rendered":"https:\/\/www.fredonoccitanie.com\/jevi\/?page_id=8089"},"modified":"2026-01-29T16:16:09","modified_gmt":"2026-01-29T15:16:09","slug":"newsletters","status":"publish","type":"page","link":"https:\/\/www.fredonoccitanie.com\/jevi\/ressources\/newsletters\/","title":{"rendered":"Lettres"},"content":{"rendered":"\n<style type=\"text\/css\" data-created_by=\"avia_inline_auto\" id=\"style-css-av-bajvd-ba28dbd05a038c62df3838fb52ed7048\">\n.flex_column.av-bajvd-ba28dbd05a038c62df3838fb52ed7048{\nborder-radius:0px 0px 0px 0px;\npadding:0px 0px 0px 0px;\n}\n<\/style>\n<div  class='flex_column av-bajvd-ba28dbd05a038c62df3838fb52ed7048 av_three_fourth  avia-builder-el-0  el_before_av_one_full  avia-builder-el-first  first flex_column_div av-zero-column-padding  '     ><section  class='av_textblock_section av-ku2eouxg-18de8d18ff5349888771ec34ffbe9041 '   itemscope=\"itemscope\" itemtype=\"https:\/\/schema.org\/CreativeWork\" ><div class='avia_textblock'  itemprop=\"text\" ><h2>S&rsquo;inscrire \u00e0 la lettre du r\u00e9seau JEVI<\/h2>\n<\/div><\/section><br \/>\n<section  class='av_textblock_section av-kvm6lfbd-3a1e5ce687be62970de3d28434d7b676 '   itemscope=\"itemscope\" itemtype=\"https:\/\/schema.org\/CreativeWork\" ><div class='avia_textblock'  itemprop=\"text\" ><p>En m\u2019abonnant, j\u2019accepte de recevoir les actualit\u00e9s du r\u00e9seau JEVI et de ses partenaires. Je comprends que je peux me d\u00e9sabonner \u00e0 tout moment \u00e0 l\u2019aide des liens de d\u00e9sinscription en fin de message.<\/p>\n<\/div><\/section><\/p><\/div>\n<style type=\"text\/css\" data-created_by=\"avia_inline_auto\" id=\"style-css-av-390x6x-c8e509107d6dff151ad542c768393c57\">\n.flex_column.av-390x6x-c8e509107d6dff151ad542c768393c57{\nborder-radius:0px 0px 0px 0px;\npadding:0px 0px 0px 0px;\n}\n<\/style>\n<div  class='flex_column av-390x6x-c8e509107d6dff151ad542c768393c57 av_one_full  avia-builder-el-3  el_after_av_three_fourth  avia-builder-el-last  first flex_column_div av-zero-column-padding  column-top-margin'     ><div  data-slideshow-options=\"{&quot;animation&quot;:&quot;fade&quot;,&quot;autoplay&quot;:false,&quot;loop_autoplay&quot;:&quot;once&quot;,&quot;interval&quot;:5,&quot;loop_manual&quot;:&quot;manual-endless&quot;,&quot;autoplay_stopper&quot;:false,&quot;noNavigation&quot;:false,&quot;show_slide_delay&quot;:90}\" class='avia-content-slider avia-content-grid-active avia-content-slider1 avia-content-slider-odd  avia-builder-el-4  avia-builder-el-no-sibling  av-slideshow-ui av-control-default   av-no-slider-navigation av-slideshow-manual av-loop-once av-loop-manual-endless '  itemscope=\"itemscope\" itemtype=\"https:\/\/schema.org\/Blog\" ><div class=\"avia-content-slider-inner\"><div class=\"slide-entry-wrap\"><article class='slide-entry flex_column  post-entry post-entry-18814 slide-entry-overview slide-loop-1 slide-parity-odd  av_one_third first real-thumbnail posttype-post post-format-standard'  itemscope=\"itemscope\" itemtype=\"https:\/\/schema.org\/CreativeWork\" ><a href='https:\/\/www.fredonoccitanie.com\/jevi\/2026\/03\/13\/la-lettre-jevi-2\/' data-rel='slide-1' class='slide-image' title='La lettre JEVI #2'><img decoding=\"async\" fetchpriority=\"high\" width=\"495\" height=\"400\" src=\"https:\/\/www.fredonoccitanie.com\/jevi\/wp-content\/uploads\/sites\/2\/2026\/03\/1-e1773411726131-495x400.png\" class=\"wp-image-18819 avia-img-lazy-loading-not-18819 attachment-portfolio size-portfolio wp-post-image\" alt=\"\" srcset=\"https:\/\/www.fredonoccitanie.com\/jevi\/wp-content\/uploads\/sites\/2\/2026\/03\/1-e1773411726131-495x400.png 495w, https:\/\/www.fredonoccitanie.com\/jevi\/wp-content\/uploads\/sites\/2\/2026\/03\/1-e1773411726131-845x684.png 845w\" sizes=\"(max-width: 495px) 100vw, 495px\" \/><\/a><div class=\"slide-content\"><header class=\"entry-content-header\" aria-label=\"Slide: La lettre JEVI #2\"><h3 class='slide-entry-title entry-title '  itemprop=\"headline\" ><a href='https:\/\/www.fredonoccitanie.com\/jevi\/2026\/03\/13\/la-lettre-jevi-2\/' title='La lettre JEVI #2'>La lettre JEVI #2<\/a><\/h3><span class=\"av-vertical-delimiter\"><\/span><\/header><div class=\"slide-meta\"><time class='slide-meta-time updated'  itemprop=\"datePublished\" datetime=\"2026-03-13T15:22:35+01:00\" >13 mars 2026<\/time><\/div><div class='slide-entry-excerpt entry-content'  itemprop=\"text\" >\r\nRetrouvez les actualit\u00e9s du r\u00e9seau dans la lettre #2 2026\r\nRetrouvez\u2026<\/div><\/div><footer class=\"entry-footer\"><\/footer><span class='hidden'>\n\t\t\t\t<span class='av-structured-data'  itemprop=\"image\" itemscope=\"itemscope\" itemtype=\"https:\/\/schema.org\/ImageObject\" >\n\t\t\t\t\t\t<span itemprop='url'>https:\/\/www.fredonoccitanie.com\/jevi\/wp-content\/uploads\/sites\/2\/2026\/03\/1-e1773411741630.png<\/span>\n\t\t\t\t\t\t<span itemprop='height'>299<\/span>\n\t\t\t\t\t\t<span itemprop='width'>350<\/span>\n\t\t\t\t<\/span>\n\t\t\t\t<span class='av-structured-data'  itemprop=\"publisher\" itemtype=\"https:\/\/schema.org\/Organization\" itemscope=\"itemscope\" >\n\t\t\t\t\t\t<span itemprop='name'>Florian Martel<\/span>\n\t\t\t\t\t\t<span itemprop='logo' itemscope itemtype='https:\/\/schema.org\/ImageObject'>\n\t\t\t\t\t\t\t<span itemprop='url'>https:\/\/www.fredonoccitanie.com\/jevi\/wp-content\/uploads\/sites\/2\/2021\/06\/logo_jevi.png<\/span>\n\t\t\t\t\t\t<\/span>\n\t\t\t\t<\/span><span class='av-structured-data'  itemprop=\"author\" itemscope=\"itemscope\" itemtype=\"https:\/\/schema.org\/Person\" ><span itemprop='name'>Florian Martel<\/span><\/span><span class='av-structured-data'  itemprop=\"datePublished\" datetime=\"2021-07-16T14:09:56+02:00\" >2026-03-13 15:22:35<\/span><span class='av-structured-data'  itemprop=\"dateModified\" itemtype=\"https:\/\/schema.org\/dateModified\" >2026-03-13 15:22:35<\/span><span class='av-structured-data'  itemprop=\"mainEntityOfPage\" itemtype=\"https:\/\/schema.org\/mainEntityOfPage\" ><span itemprop='name'>La lettre JEVI #2<\/span><\/span><\/span><\/article><article class='slide-entry flex_column  post-entry post-entry-18504 slide-entry-overview slide-loop-2 slide-parity-even  av_one_third  real-thumbnail posttype-post post-format-standard'  itemscope=\"itemscope\" itemtype=\"https:\/\/schema.org\/CreativeWork\" ><a href='https:\/\/www.fredonoccitanie.com\/jevi\/2026\/01\/14\/la-lettre-jevi-2026-1-janvier\/' data-rel='slide-1' class='slide-image' title='La Lettre JEVI 2026 #1 &#8211; Janvier'><img decoding=\"async\" fetchpriority=\"high\" width=\"495\" height=\"400\" src=\"https:\/\/www.fredonoccitanie.com\/jevi\/wp-content\/uploads\/sites\/2\/2026\/01\/Lettre2025_1@2x-100-495x400.jpg\" class=\"wp-image-18505 avia-img-lazy-loading-not-18505 attachment-portfolio size-portfolio wp-post-image\" alt=\"\" \/><\/a><div class=\"slide-content\"><header class=\"entry-content-header\" aria-label=\"Slide: La Lettre JEVI 2026 #1 - Janvier\"><h3 class='slide-entry-title entry-title '  itemprop=\"headline\" ><a href='https:\/\/www.fredonoccitanie.com\/jevi\/2026\/01\/14\/la-lettre-jevi-2026-1-janvier\/' title='La Lettre JEVI 2026 #1 &#8211; Janvier'>La Lettre JEVI 2026 #1 &#8211; Janvier<\/a><\/h3><span class=\"av-vertical-delimiter\"><\/span><\/header><div class=\"slide-meta\"><time class='slide-meta-time updated'  itemprop=\"datePublished\" datetime=\"2026-01-14T14:53:53+01:00\" >14 janvier 2026<\/time><\/div><div class='slide-entry-excerpt entry-content'  itemprop=\"text\" >\r\nRetrouvez les actualit\u00e9s du r\u00e9seau dans la lettre #1 2026\r\n\u00a0\u2026<\/div><\/div><footer class=\"entry-footer\"><\/footer><span class='hidden'>\n\t\t\t\t<span class='av-structured-data'  itemprop=\"image\" itemscope=\"itemscope\" itemtype=\"https:\/\/schema.org\/ImageObject\" >\n\t\t\t\t\t\t<span itemprop='url'>https:\/\/www.fredonoccitanie.com\/jevi\/wp-content\/uploads\/sites\/2\/2026\/01\/Lettre2025_1@2x-100.jpg<\/span>\n\t\t\t\t\t\t<span itemprop='height'>434<\/span>\n\t\t\t\t\t\t<span itemprop='width'>644<\/span>\n\t\t\t\t<\/span>\n\t\t\t\t<span class='av-structured-data'  itemprop=\"publisher\" itemtype=\"https:\/\/schema.org\/Organization\" itemscope=\"itemscope\" >\n\t\t\t\t\t\t<span itemprop='name'>sophie<\/span>\n\t\t\t\t\t\t<span itemprop='logo' itemscope itemtype='https:\/\/schema.org\/ImageObject'>\n\t\t\t\t\t\t\t<span itemprop='url'>https:\/\/www.fredonoccitanie.com\/jevi\/wp-content\/uploads\/sites\/2\/2021\/06\/logo_jevi.png<\/span>\n\t\t\t\t\t\t<\/span>\n\t\t\t\t<\/span><span class='av-structured-data'  itemprop=\"author\" itemscope=\"itemscope\" itemtype=\"https:\/\/schema.org\/Person\" ><span itemprop='name'>sophie<\/span><\/span><span class='av-structured-data'  itemprop=\"datePublished\" datetime=\"2021-07-16T14:09:56+02:00\" >2026-01-14 14:53:53<\/span><span class='av-structured-data'  itemprop=\"dateModified\" itemtype=\"https:\/\/schema.org\/dateModified\" >2026-01-14 14:53:53<\/span><span class='av-structured-data'  itemprop=\"mainEntityOfPage\" itemtype=\"https:\/\/schema.org\/mainEntityOfPage\" ><span itemprop='name'>La Lettre JEVI 2026 #1 &#8211; Janvier<\/span><\/span><\/span><\/article><article class='slide-entry flex_column  post-entry post-entry-18211 slide-entry-overview slide-loop-3 slide-parity-odd  av_one_third  real-thumbnail posttype-post post-format-standard'  itemscope=\"itemscope\" itemtype=\"https:\/\/schema.org\/CreativeWork\" ><a href='https:\/\/www.fredonoccitanie.com\/jevi\/2025\/09\/12\/la-lettre-jevi-2025-3\/' data-rel='slide-1' class='slide-image' title='La Lettre JEVI 2025 #3 &#8211; Septembre'><img decoding=\"async\" fetchpriority=\"high\" width=\"495\" height=\"400\" src=\"https:\/\/www.fredonoccitanie.com\/jevi\/wp-content\/uploads\/sites\/2\/2025\/09\/Lettre2025_3@4x-100-495x400.jpg\" class=\"wp-image-18213 avia-img-lazy-loading-not-18213 attachment-portfolio size-portfolio wp-post-image\" alt=\"\" srcset=\"https:\/\/www.fredonoccitanie.com\/jevi\/wp-content\/uploads\/sites\/2\/2025\/09\/Lettre2025_3@4x-100-495x400.jpg 495w, https:\/\/www.fredonoccitanie.com\/jevi\/wp-content\/uploads\/sites\/2\/2025\/09\/Lettre2025_3@4x-100-845x684.jpg 845w\" sizes=\"(max-width: 495px) 100vw, 495px\" \/><\/a><div class=\"slide-content\"><header class=\"entry-content-header\" aria-label=\"Slide: La Lettre JEVI 2025 #3 - Septembre\"><h3 class='slide-entry-title entry-title '  itemprop=\"headline\" ><a href='https:\/\/www.fredonoccitanie.com\/jevi\/2025\/09\/12\/la-lettre-jevi-2025-3\/' title='La Lettre JEVI 2025 #3 &#8211; Septembre'>La Lettre JEVI 2025 #3 &#8211; Septembre<\/a><\/h3><span class=\"av-vertical-delimiter\"><\/span><\/header><div class=\"slide-meta\"><time class='slide-meta-time updated'  itemprop=\"datePublished\" datetime=\"2025-09-12T16:21:39+02:00\" >12 septembre 2025<\/time><\/div><div class='slide-entry-excerpt entry-content'  itemprop=\"text\" >\r\nRetrouvez les actualit\u00e9s du r\u00e9seau dans la lettre #3 2025\r\n\u00a0\u2026<\/div><\/div><footer class=\"entry-footer\"><\/footer><span class='hidden'>\n\t\t\t\t<span class='av-structured-data'  itemprop=\"image\" itemscope=\"itemscope\" itemtype=\"https:\/\/schema.org\/ImageObject\" >\n\t\t\t\t\t\t<span itemprop='url'>https:\/\/www.fredonoccitanie.com\/jevi\/wp-content\/uploads\/sites\/2\/2025\/09\/Lettre2025_3@4x-100.jpg<\/span>\n\t\t\t\t\t\t<span itemprop='height'>869<\/span>\n\t\t\t\t\t\t<span itemprop='width'>1289<\/span>\n\t\t\t\t<\/span>\n\t\t\t\t<span class='av-structured-data'  itemprop=\"publisher\" itemtype=\"https:\/\/schema.org\/Organization\" itemscope=\"itemscope\" >\n\t\t\t\t\t\t<span itemprop='name'>sophie<\/span>\n\t\t\t\t\t\t<span itemprop='logo' itemscope itemtype='https:\/\/schema.org\/ImageObject'>\n\t\t\t\t\t\t\t<span itemprop='url'>https:\/\/www.fredonoccitanie.com\/jevi\/wp-content\/uploads\/sites\/2\/2021\/06\/logo_jevi.png<\/span>\n\t\t\t\t\t\t<\/span>\n\t\t\t\t<\/span><span class='av-structured-data'  itemprop=\"author\" itemscope=\"itemscope\" itemtype=\"https:\/\/schema.org\/Person\" ><span itemprop='name'>sophie<\/span><\/span><span class='av-structured-data'  itemprop=\"datePublished\" datetime=\"2021-07-16T14:09:56+02:00\" >2025-09-12 16:21:39<\/span><span class='av-structured-data'  itemprop=\"dateModified\" itemtype=\"https:\/\/schema.org\/dateModified\" >2025-09-12 16:28:12<\/span><span class='av-structured-data'  itemprop=\"mainEntityOfPage\" itemtype=\"https:\/\/schema.org\/mainEntityOfPage\" ><span itemprop='name'>La Lettre JEVI 2025 #3 &#8211; Septembre<\/span><\/span><\/span><\/article><\/div><div class=\"slide-entry-wrap\"><article class='slide-entry flex_column  post-entry post-entry-17870 slide-entry-overview slide-loop-4 slide-parity-odd  av_one_third first real-thumbnail posttype-post post-format-standard'  itemscope=\"itemscope\" itemtype=\"https:\/\/schema.org\/CreativeWork\" ><a href='https:\/\/www.fredonoccitanie.com\/jevi\/2025\/05\/07\/la-lettre-jevi-2025-1-2\/' data-rel='slide-1' class='slide-image' title='La Lettre JEVI 2025 #2 &#8211; Mai'><img decoding=\"async\" fetchpriority=\"high\" width=\"495\" height=\"400\" src=\"https:\/\/www.fredonoccitanie.com\/jevi\/wp-content\/uploads\/sites\/2\/2025\/05\/Lettre2025_2@3x-80-495x400.jpg\" class=\"wp-image-17890 avia-img-lazy-loading-not-17890 attachment-portfolio size-portfolio wp-post-image\" alt=\"\" \/><\/a><div class=\"slide-content\"><header class=\"entry-content-header\" aria-label=\"Slide: La Lettre JEVI 2025 #2 - Mai\"><h3 class='slide-entry-title entry-title '  itemprop=\"headline\" ><a href='https:\/\/www.fredonoccitanie.com\/jevi\/2025\/05\/07\/la-lettre-jevi-2025-1-2\/' title='La Lettre JEVI 2025 #2 &#8211; Mai'>La Lettre JEVI 2025 #2 &#8211; Mai<\/a><\/h3><span class=\"av-vertical-delimiter\"><\/span><\/header><div class=\"slide-meta\"><time class='slide-meta-time updated'  itemprop=\"datePublished\" datetime=\"2025-05-07T09:47:20+02:00\" >7 mai 2025<\/time><\/div><div class='slide-entry-excerpt entry-content'  itemprop=\"text\" >\r\nRetrouvez les actualit\u00e9s du r\u00e9seau dans la lettre #2 2025\r\n\u00a0\u2026<\/div><\/div><footer class=\"entry-footer\"><\/footer><span class='hidden'>\n\t\t\t\t<span class='av-structured-data'  itemprop=\"image\" itemscope=\"itemscope\" itemtype=\"https:\/\/schema.org\/ImageObject\" >\n\t\t\t\t\t\t<span itemprop='url'>https:\/\/www.fredonoccitanie.com\/jevi\/wp-content\/uploads\/sites\/2\/2025\/05\/Lettre2025_2@3x-80-e1746605772919.jpg<\/span>\n\t\t\t\t\t\t<span itemprop='height'>236<\/span>\n\t\t\t\t\t\t<span itemprop='width'>350<\/span>\n\t\t\t\t<\/span>\n\t\t\t\t<span class='av-structured-data'  itemprop=\"publisher\" itemtype=\"https:\/\/schema.org\/Organization\" itemscope=\"itemscope\" >\n\t\t\t\t\t\t<span itemprop='name'>Florian Martel<\/span>\n\t\t\t\t\t\t<span itemprop='logo' itemscope itemtype='https:\/\/schema.org\/ImageObject'>\n\t\t\t\t\t\t\t<span itemprop='url'>https:\/\/www.fredonoccitanie.com\/jevi\/wp-content\/uploads\/sites\/2\/2021\/06\/logo_jevi.png<\/span>\n\t\t\t\t\t\t<\/span>\n\t\t\t\t<\/span><span class='av-structured-data'  itemprop=\"author\" itemscope=\"itemscope\" itemtype=\"https:\/\/schema.org\/Person\" ><span itemprop='name'>Florian Martel<\/span><\/span><span class='av-structured-data'  itemprop=\"datePublished\" datetime=\"2021-07-16T14:09:56+02:00\" >2025-05-07 09:47:20<\/span><span class='av-structured-data'  itemprop=\"dateModified\" itemtype=\"https:\/\/schema.org\/dateModified\" >2025-05-07 10:16:24<\/span><span class='av-structured-data'  itemprop=\"mainEntityOfPage\" itemtype=\"https:\/\/schema.org\/mainEntityOfPage\" ><span itemprop='name'>La Lettre JEVI 2025 #2 &#8211; Mai<\/span><\/span><\/span><\/article><article class='slide-entry flex_column  post-entry post-entry-17392 slide-entry-overview slide-loop-5 slide-parity-even  av_one_third  real-thumbnail posttype-post post-format-standard'  itemscope=\"itemscope\" itemtype=\"https:\/\/schema.org\/CreativeWork\" ><a href='https:\/\/www.fredonoccitanie.com\/jevi\/2025\/02\/13\/la-lettre-jevi-2025-1\/' data-rel='slide-1' class='slide-image' title='La Lettre JEVI 2025 #1'><img decoding=\"async\" fetchpriority=\"high\" width=\"495\" height=\"400\" src=\"https:\/\/www.fredonoccitanie.com\/jevi\/wp-content\/uploads\/sites\/2\/2025\/02\/Lettre2025_1@2x-495x400.png\" class=\"wp-image-17404 avia-img-lazy-loading-not-17404 attachment-portfolio size-portfolio wp-post-image\" alt=\"\" \/><\/a><div class=\"slide-content\"><header class=\"entry-content-header\" aria-label=\"Slide: La Lettre JEVI 2025 #1\"><h3 class='slide-entry-title entry-title '  itemprop=\"headline\" ><a href='https:\/\/www.fredonoccitanie.com\/jevi\/2025\/02\/13\/la-lettre-jevi-2025-1\/' title='La Lettre JEVI 2025 #1'>La Lettre JEVI 2025 #1<\/a><\/h3><span class=\"av-vertical-delimiter\"><\/span><\/header><div class=\"slide-meta\"><time class='slide-meta-time updated'  itemprop=\"datePublished\" datetime=\"2025-02-13T10:53:10+01:00\" >13 f\u00e9vrier 2025<\/time><\/div><div class='slide-entry-excerpt entry-content'  itemprop=\"text\" >\r\nRetrouvez les actualit\u00e9s du r\u00e9seau dans la lettre #1 2025\r\n\u00a0\u2026<\/div><\/div><footer class=\"entry-footer\"><\/footer><span class='hidden'>\n\t\t\t\t<span class='av-structured-data'  itemprop=\"image\" itemscope=\"itemscope\" itemtype=\"https:\/\/schema.org\/ImageObject\" >\n\t\t\t\t\t\t<span itemprop='url'>https:\/\/www.fredonoccitanie.com\/jevi\/wp-content\/uploads\/sites\/2\/2025\/02\/Lettre2025_1@2x.png<\/span>\n\t\t\t\t\t\t<span itemprop='height'>434<\/span>\n\t\t\t\t\t\t<span itemprop='width'>644<\/span>\n\t\t\t\t<\/span>\n\t\t\t\t<span class='av-structured-data'  itemprop=\"publisher\" itemtype=\"https:\/\/schema.org\/Organization\" itemscope=\"itemscope\" >\n\t\t\t\t\t\t<span itemprop='name'>Florian Martel<\/span>\n\t\t\t\t\t\t<span itemprop='logo' itemscope itemtype='https:\/\/schema.org\/ImageObject'>\n\t\t\t\t\t\t\t<span itemprop='url'>https:\/\/www.fredonoccitanie.com\/jevi\/wp-content\/uploads\/sites\/2\/2021\/06\/logo_jevi.png<\/span>\n\t\t\t\t\t\t<\/span>\n\t\t\t\t<\/span><span class='av-structured-data'  itemprop=\"author\" itemscope=\"itemscope\" itemtype=\"https:\/\/schema.org\/Person\" ><span itemprop='name'>Florian Martel<\/span><\/span><span class='av-structured-data'  itemprop=\"datePublished\" datetime=\"2021-07-16T14:09:56+02:00\" >2025-02-13 10:53:10<\/span><span class='av-structured-data'  itemprop=\"dateModified\" itemtype=\"https:\/\/schema.org\/dateModified\" >2025-02-13 11:23:02<\/span><span class='av-structured-data'  itemprop=\"mainEntityOfPage\" itemtype=\"https:\/\/schema.org\/mainEntityOfPage\" ><span itemprop='name'>La Lettre JEVI 2025 #1<\/span><\/span><\/span><\/article><article class='slide-entry flex_column  post-entry post-entry-15159 slide-entry-overview slide-loop-6 slide-parity-odd  post-entry-last  av_one_third  real-thumbnail posttype-post post-format-standard'  itemscope=\"itemscope\" itemtype=\"https:\/\/schema.org\/CreativeWork\" ><a href='https:\/\/www.fredonoccitanie.com\/jevi\/2024\/08\/01\/la-lettre-jevi-2024-3\/' data-rel='slide-1' class='slide-image' title='La Lettre JEVI 2024 #3'><img decoding=\"async\" fetchpriority=\"high\" width=\"495\" height=\"400\" src=\"https:\/\/www.fredonoccitanie.com\/jevi\/wp-content\/uploads\/sites\/2\/2024\/08\/jevi_lettre3-495x400.png\" class=\"wp-image-15182 avia-img-lazy-loading-not-15182 attachment-portfolio size-portfolio wp-post-image\" alt=\"\" \/><\/a><div class=\"slide-content\"><header class=\"entry-content-header\" aria-label=\"Slide: La Lettre JEVI 2024 #3\"><h3 class='slide-entry-title entry-title '  itemprop=\"headline\" ><a href='https:\/\/www.fredonoccitanie.com\/jevi\/2024\/08\/01\/la-lettre-jevi-2024-3\/' title='La Lettre JEVI 2024 #3'>La Lettre JEVI 2024 #3<\/a><\/h3><span class=\"av-vertical-delimiter\"><\/span><\/header><div class=\"slide-meta\"><time class='slide-meta-time updated'  itemprop=\"datePublished\" datetime=\"2024-08-01T12:37:31+02:00\" >1 ao\u00fbt 2024<\/time><\/div><div class='slide-entry-excerpt entry-content'  itemprop=\"text\" >\r\nRetrouvez les actualit\u00e9s du r\u00e9seau dans la lettre #3 2024\r\n\u00a0\u2026<\/div><\/div><footer class=\"entry-footer\"><\/footer><span class='hidden'>\n\t\t\t\t<span class='av-structured-data'  itemprop=\"image\" itemscope=\"itemscope\" itemtype=\"https:\/\/schema.org\/ImageObject\" >\n\t\t\t\t\t\t<span itemprop='url'>https:\/\/www.fredonoccitanie.com\/jevi\/wp-content\/uploads\/sites\/2\/2024\/08\/jevi_lettre3.png<\/span>\n\t\t\t\t\t\t<span itemprop='height'>412<\/span>\n\t\t\t\t\t\t<span itemprop='width'>577<\/span>\n\t\t\t\t<\/span>\n\t\t\t\t<span class='av-structured-data'  itemprop=\"publisher\" itemtype=\"https:\/\/schema.org\/Organization\" itemscope=\"itemscope\" >\n\t\t\t\t\t\t<span itemprop='name'>Florian Martel<\/span>\n\t\t\t\t\t\t<span itemprop='logo' itemscope itemtype='https:\/\/schema.org\/ImageObject'>\n\t\t\t\t\t\t\t<span itemprop='url'>https:\/\/www.fredonoccitanie.com\/jevi\/wp-content\/uploads\/sites\/2\/2021\/06\/logo_jevi.png<\/span>\n\t\t\t\t\t\t<\/span>\n\t\t\t\t<\/span><span class='av-structured-data'  itemprop=\"author\" itemscope=\"itemscope\" itemtype=\"https:\/\/schema.org\/Person\" ><span itemprop='name'>Florian Martel<\/span><\/span><span class='av-structured-data'  itemprop=\"datePublished\" datetime=\"2021-07-16T14:09:56+02:00\" >2024-08-01 12:37:31<\/span><span class='av-structured-data'  itemprop=\"dateModified\" itemtype=\"https:\/\/schema.org\/dateModified\" >2024-08-01 19:58:53<\/span><span class='av-structured-data'  itemprop=\"mainEntityOfPage\" itemtype=\"https:\/\/schema.org\/mainEntityOfPage\" ><span itemprop='name'>La Lettre JEVI 2024 #3<\/span><\/span><\/span><\/article><\/div><\/div><div class='pagination-wrap pagination-slider'><nav class='pagination'><span class='pagination-meta'>Page 1 sur 3<\/span><span class='current'>1<\/span><a href='https:\/\/www.fredonoccitanie.com\/jevi\/wp-json\/wp\/v2\/pages\/8089\/?avia-element-paging=2' class='inactive next_page' >2<\/a><a href='https:\/\/www.fredonoccitanie.com\/jevi\/wp-json\/wp\/v2\/pages\/8089\/?avia-element-paging=3' class='inactive' >3<\/a><\/nav>\n<\/div><\/div><\/div><\/p>\n","protected":false},"excerpt":{"rendered":"","protected":false},"author":1,"featured_media":0,"parent":8051,"menu_order":0,"comment_status":"closed","ping_status":"closed","template":"","meta":{"footnotes":""},"class_list":["post-8089","page","type-page","status-publish","hentry"],"_links":{"self":[{"href":"https:\/\/www.fredonoccitanie.com\/jevi\/wp-json\/wp\/v2\/pages\/8089","targetHints":{"allow":["GET"]}}],"collection":[{"href":"https:\/\/www.fredonoccitanie.com\/jevi\/wp-json\/wp\/v2\/pages"}],"about":[{"href":"https:\/\/www.fredonoccitanie.com\/jevi\/wp-json\/wp\/v2\/types\/page"}],"author":[{"embeddable":true,"href":"https:\/\/www.fredonoccitanie.com\/jevi\/wp-json\/wp\/v2\/users\/1"}],"replies":[{"embeddable":true,"href":"https:\/\/www.fredonoccitanie.com\/jevi\/wp-json\/wp\/v2\/comments?post=8089"}],"version-history":[{"count":5,"href":"https:\/\/www.fredonoccitanie.com\/jevi\/wp-json\/wp\/v2\/pages\/8089\/revisions"}],"predecessor-version":[{"id":18812,"href":"https:\/\/www.fredonoccitanie.com\/jevi\/wp-json\/wp\/v2\/pages\/8089\/revisions\/18812"}],"up":[{"embeddable":true,"href":"https:\/\/www.fredonoccitanie.com\/jevi\/wp-json\/wp\/v2\/pages\/8051"}],"wp:attachment":[{"href":"https:\/\/www.fredonoccitanie.com\/jevi\/wp-json\/wp\/v2\/media?parent=8089"}],"curies":[{"name":"wp","href":"https:\/\/api.w.org\/{rel}","templated":true}]}}