{"id":8051,"date":"2021-07-16T12:49:59","date_gmt":"2021-07-16T10:49:59","guid":{"rendered":"https:\/\/www.fredonoccitanie.com\/jevi\/?page_id=8051"},"modified":"2022-08-24T12:33:04","modified_gmt":"2022-08-24T10:33:04","slug":"ressources","status":"publish","type":"page","link":"https:\/\/www.fredonoccitanie.com\/jevi\/ressources\/","title":{"rendered":"Ressources"},"content":{"rendered":"\n<style type=\"text\/css\" data-created_by=\"avia_inline_auto\" id=\"style-css-av-rk2c37-ad210499851dc7b6d746a2796855b1e1\">\n.flex_column.av-rk2c37-ad210499851dc7b6d746a2796855b1e1{\nborder-radius:0px 0px 0px 0px;\npadding:0px 0px 0px 0px;\n}\n<\/style>\n<div  class='flex_column av-rk2c37-ad210499851dc7b6d746a2796855b1e1 av_one_full  avia-builder-el-0  el_before_av_one_half  avia-builder-el-first  first flex_column_div av-zero-column-padding  '     ><section  class='av_textblock_section av-kr67c3or-4a9cde1d30ecb073adb3583dfdc2bb89 '   itemscope=\"itemscope\" itemtype=\"https:\/\/schema.org\/CreativeWork\" ><div class='avia_textblock'  itemprop=\"text\" ><div class=\"vc_row wpb_row vc_row-fluid\">\n<div class=\"wpb_column vc_column_container vc_col-sm-12\">\n<div class=\"vc_column-inner\">\n<div class=\"wpb_wrapper\">\n<div class=\"wpb_text_column wpb_content_element \">\n<div class=\"wpb_wrapper\">\n<h2>Ressources du r\u00e9seau r\u00e9gional JEVI<\/h2>\n<\/div>\n<\/div>\n<\/div>\n<\/div>\n<\/div>\n<\/div>\n<\/div><\/section><br \/>\n\n<style type=\"text\/css\" data-created_by=\"avia_inline_auto\" id=\"style-css-av-krqj5xhw-0ee95db253807b28ed62ed38877e66bd\">\n#top .hr.hr-invisible.av-krqj5xhw-0ee95db253807b28ed62ed38877e66bd{\nheight:50px;\n}\n<\/style>\n<div  class='hr av-krqj5xhw-0ee95db253807b28ed62ed38877e66bd hr-invisible  avia-builder-el-2  el_after_av_textblock  el_before_av_buttonrow '><span class='hr-inner '><span class=\"hr-inner-style\"><\/span><\/span><\/div><br \/>\n<div  class='avia-buttonrow-wrap av-kr67fv73-593c0f443a3587deb0dd0c5cbeeb5f73 avia-buttonrow-center  avia-builder-el-3  el_after_av_hr  el_before_av_hr '>\n\n<style type=\"text\/css\" data-created_by=\"avia_inline_auto\" id=\"style-css-av-kr67dby1-4d513abe60e93755057d21ae4a98dc40\">\n#top #wrap_all .avia-button.av-kr67dby1-4d513abe60e93755057d21ae4a98dc40{\nmargin-bottom:5px;\nmargin-right:3px;\nmargin-left:3px;\n}\n<\/style>\n<a href='https:\/\/espace.ressources-fredonoccitanie.com\/index.php\/s\/JGcDGTD6Jt2XANB'  class='avia-button av-kr67dby1-4d513abe60e93755057d21ae4a98dc40 avia-icon_select-yes-left-icon avia-size-small avia-color-theme-color'  target=\"_blank\"  rel=\"noopener noreferrer\"  aria-label=\"Bibliographie\"><span class='avia_button_icon avia_button_icon_left avia-iconfont avia-font-entypo-fontello' data-av_icon='\ue84f' data-av_iconfont='entypo-fontello' ><\/span><span class='avia_iconbox_title' >Bibliographie<\/span><\/a>\n\n<style type=\"text\/css\" data-created_by=\"avia_inline_auto\" id=\"style-css-av-kr67dpzb-2b15be35d5b879a78b4a925cee176da9\">\n#top #wrap_all .avia-button.av-kr67dpzb-2b15be35d5b879a78b4a925cee176da9{\nmargin-bottom:5px;\nmargin-right:3px;\nmargin-left:3px;\n}\n<\/style>\n<a href='https:\/\/www.fredonoccitanie.com\/jevi\/ressources\/sites-web\/'  class='avia-button av-kr67dpzb-2b15be35d5b879a78b4a925cee176da9 avia-icon_select-yes-left-icon avia-size-small avia-color-theme-color'   aria-label=\"Sites web\"><span class='avia_button_icon avia_button_icon_left avia-iconfont avia-font-entypo-fontello' data-av_icon='\ue8b1' data-av_iconfont='entypo-fontello' ><\/span><span class='avia_iconbox_title' >Sites web<\/span><\/a>\n\n<style type=\"text\/css\" data-created_by=\"avia_inline_auto\" id=\"style-css-av-kr67ff8w-6fb2093f91578dd37378be687f4eb2a9\">\n#top #wrap_all .avia-button.av-kr67ff8w-6fb2093f91578dd37378be687f4eb2a9{\nmargin-bottom:5px;\nmargin-right:3px;\nmargin-left:3px;\n}\n<\/style>\n<a href='https:\/\/www.fredonoccitanie.com\/jevi\/?page_id=8074'  class='avia-button av-kr67ff8w-6fb2093f91578dd37378be687f4eb2a9 avia-icon_select-yes-left-icon avia-size-small avia-color-theme-color'   aria-label=\"Films et vid\u00e9os\"><span class='avia_button_icon avia_button_icon_left avia-iconfont avia-font-entypo-fontello' data-av_icon='\ue8ab' data-av_iconfont='entypo-fontello' ><\/span><span class='avia_iconbox_title' >Films et vid\u00e9os<\/span><\/a>\n\n<style type=\"text\/css\" data-created_by=\"avia_inline_auto\" id=\"style-css-av-kr67fsev-53385a8d3df645466c0812c562858267\">\n#top #wrap_all .avia-button.av-kr67fsev-53385a8d3df645466c0812c562858267{\nmargin-bottom:5px;\nmargin-right:3px;\nmargin-left:3px;\n}\n<\/style>\n<a href='https:\/\/www.fredonoccitanie.com\/jevi\/ressources\/newsletters\/'  class='avia-button av-kr67fsev-53385a8d3df645466c0812c562858267 avia-icon_select-yes-left-icon avia-size-small avia-color-theme-color'   aria-label=\"Lettres du r\u00e9seau JEVI\"><span class='avia_button_icon avia_button_icon_left avia-iconfont avia-font-entypo-fontello' data-av_icon='\ue84d' data-av_iconfont='entypo-fontello' ><\/span><span class='avia_iconbox_title' >Lettres du r\u00e9seau JEVI<\/span><\/a>\n<\/div><br \/>\n<div  class='hr av-2pjtyr-751c2f632e7c6cb20eb65a3392ccb672 hr-big  avia-builder-el-4  el_after_av_buttonrow  el_before_av_textblock '><span class='hr-inner '><span class=\"hr-inner-style\"><\/span><\/span><\/div><br \/>\n<section  class='av_textblock_section av-kr67gcef-1a6979dc555a753c1675bbe9eb87e244 '   itemscope=\"itemscope\" itemtype=\"https:\/\/schema.org\/CreativeWork\" ><div class='avia_textblock'  itemprop=\"text\" ><div class=\"vc_row wpb_row vc_row-fluid\">\n<div class=\"wpb_column vc_column_container vc_col-sm-12\">\n<div class=\"vc_column-inner\">\n<div class=\"wpb_wrapper\">\n<div class=\"wpb_text_column wpb_content_element \">\n<div class=\"wpb_wrapper\">\n<h2>Nos expositions<\/h2>\n<\/div>\n<\/div>\n<\/div>\n<\/div>\n<\/div>\n<\/div>\n<\/div><\/section><\/p><\/div>\n<style type=\"text\/css\" data-created_by=\"avia_inline_auto\" id=\"style-css-av-qgb0b7-64b6ee89d17b098977a2e2c308f626aa\">\n.flex_column.av-qgb0b7-64b6ee89d17b098977a2e2c308f626aa{\nborder-radius:0px 0px 0px 0px;\npadding:0px 0px 0px 0px;\n}\n<\/style>\n<div  class='flex_column av-qgb0b7-64b6ee89d17b098977a2e2c308f626aa av_one_half  avia-builder-el-6  el_after_av_one_full  el_before_av_one_half  first flex_column_div av-zero-column-padding  column-top-margin'     ><p><div  class='avia-slideshow av-kr67xb7h-805f2398ab551d4247384d83767e2321 avia-slideshow-featured av_slideshow avia-slide-slider  avia-builder-el-7  el_before_av_button  avia-builder-el-first  av-slideshow-ui av-control-default av-slideshow-manual av-loop-once av-loop-manual-endless av-default-height-applied avia-slideshow-1' data-slideshow-options=\"{&quot;animation&quot;:&quot;slide&quot;,&quot;autoplay&quot;:false,&quot;loop_autoplay&quot;:&quot;once&quot;,&quot;interval&quot;:5,&quot;loop_manual&quot;:&quot;manual-endless&quot;,&quot;autoplay_stopper&quot;:false,&quot;noNavigation&quot;:false,&quot;bg_slider&quot;:false,&quot;keep_padding&quot;:false,&quot;hoverpause&quot;:false,&quot;show_slide_delay&quot;:0}\"  itemprop=\"image\" itemscope=\"itemscope\" itemtype=\"https:\/\/schema.org\/ImageObject\" ><ul class='avia-slideshow-inner ' style='padding-bottom: 68.362480127186%;'><li  class='avia-slideshow-slide av-kr67xb7h-805f2398ab551d4247384d83767e2321__0  slide-1 slide-odd'><div data-rel='slideshow-1' class='avia-slide-wrap '   ><img decoding=\"async\" fetchpriority=\"high\" class=\"wp-image-8052 avia-img-lazy-loading-not-8052\"  src=\"https:\/\/www.fredonoccitanie.com\/jevi\/wp-content\/uploads\/sites\/2\/2021\/07\/377525877-629x430.jpg\" width=\"629\" height=\"430\" title='377525877' alt=''  itemprop=\"thumbnailUrl\"   \/><\/div><\/li><li  class='avia-slideshow-slide av-kr67xb7h-805f2398ab551d4247384d83767e2321__1  slide-2 slide-even'><div data-rel='slideshow-1' class='avia-slide-wrap '   ><img decoding=\"async\" fetchpriority=\"high\" class=\"wp-image-8053 avia-img-lazy-loading-not-8053\"  src=\"https:\/\/www.fredonoccitanie.com\/jevi\/wp-content\/uploads\/sites\/2\/2021\/07\/626488519-632x430.jpg\" width=\"632\" height=\"430\" title='626488519' alt=''  itemprop=\"thumbnailUrl\"   \/><\/div><\/li><li  class='avia-slideshow-slide av-kr67xb7h-805f2398ab551d4247384d83767e2321__2  slide-3 slide-odd'><div data-rel='slideshow-1' class='avia-slide-wrap '   ><img decoding=\"async\" fetchpriority=\"high\" class=\"wp-image-8054 avia-img-lazy-loading-not-8054\"  src=\"https:\/\/www.fredonoccitanie.com\/jevi\/wp-content\/uploads\/sites\/2\/2021\/07\/660189173-632x430.jpg\" width=\"632\" height=\"430\" title='660189173' alt=''  itemprop=\"thumbnailUrl\"   \/><\/div><\/li><li  class='avia-slideshow-slide av-kr67xb7h-805f2398ab551d4247384d83767e2321__3  slide-4 slide-even'><div data-rel='slideshow-1' class='avia-slide-wrap '   ><img decoding=\"async\" fetchpriority=\"high\" class=\"wp-image-8055 avia-img-lazy-loading-not-8055\"  src=\"https:\/\/www.fredonoccitanie.com\/jevi\/wp-content\/uploads\/sites\/2\/2021\/07\/749288905-746x430.jpg\" width=\"746\" height=\"430\" title='749288905' alt=''  itemprop=\"thumbnailUrl\"   \/><\/div><\/li><li  class='avia-slideshow-slide av-kr67xb7h-805f2398ab551d4247384d83767e2321__4  slide-5 slide-odd'><div data-rel='slideshow-1' class='avia-slide-wrap '   ><img decoding=\"async\" fetchpriority=\"high\" class=\"wp-image-8056 avia-img-lazy-loading-not-8056\"  src=\"https:\/\/www.fredonoccitanie.com\/jevi\/wp-content\/uploads\/sites\/2\/2021\/07\/911416705-632x430.jpg\" width=\"632\" height=\"430\" title='911416705' alt=''  itemprop=\"thumbnailUrl\"   \/><\/div><\/li><li  class='avia-slideshow-slide av-kr67xb7h-805f2398ab551d4247384d83767e2321__5  slide-6 slide-even'><div data-rel='slideshow-1' class='avia-slide-wrap '   ><img decoding=\"async\" fetchpriority=\"high\" class=\"wp-image-8057 avia-img-lazy-loading-not-8057\"  src=\"https:\/\/www.fredonoccitanie.com\/jevi\/wp-content\/uploads\/sites\/2\/2021\/07\/1098751788-632x430.jpg\" width=\"632\" height=\"430\" title='1098751788' alt=''  itemprop=\"thumbnailUrl\"   \/><\/div><\/li><li  class='avia-slideshow-slide av-kr67xb7h-805f2398ab551d4247384d83767e2321__6  slide-7 slide-odd'><div data-rel='slideshow-1' class='avia-slide-wrap '   ><img decoding=\"async\" fetchpriority=\"high\" class=\"wp-image-8058 avia-img-lazy-loading-not-8058\"  src=\"https:\/\/www.fredonoccitanie.com\/jevi\/wp-content\/uploads\/sites\/2\/2021\/07\/1287915205-629x430.jpg\" width=\"629\" height=\"430\" title='1287915205' alt=''  itemprop=\"thumbnailUrl\"   \/><\/div><\/li><li  class='avia-slideshow-slide av-kr67xb7h-805f2398ab551d4247384d83767e2321__7  slide-8 slide-even'><div data-rel='slideshow-1' class='avia-slide-wrap '   ><img decoding=\"async\" fetchpriority=\"high\" class=\"wp-image-8059 avia-img-lazy-loading-not-8059\"  src=\"https:\/\/www.fredonoccitanie.com\/jevi\/wp-content\/uploads\/sites\/2\/2021\/07\/1487756327-635x430.jpg\" width=\"635\" height=\"430\" title='1487756327' alt=''  itemprop=\"thumbnailUrl\"   \/><\/div><\/li><li  class='avia-slideshow-slide av-kr67xb7h-805f2398ab551d4247384d83767e2321__8  slide-9 slide-odd'><div data-rel='slideshow-1' class='avia-slide-wrap '   ><img decoding=\"async\" fetchpriority=\"high\" class=\"wp-image-8060 avia-img-lazy-loading-not-8060\"  src=\"https:\/\/www.fredonoccitanie.com\/jevi\/wp-content\/uploads\/sites\/2\/2021\/07\/2648994416-632x430.jpg\" width=\"632\" height=\"430\" title='2648994416' alt=''  itemprop=\"thumbnailUrl\"   \/><\/div><\/li><li  class='avia-slideshow-slide av-kr67xb7h-805f2398ab551d4247384d83767e2321__9  slide-10 slide-even'><div data-rel='slideshow-1' class='avia-slide-wrap '   ><img decoding=\"async\" fetchpriority=\"high\" class=\"wp-image-8061 avia-img-lazy-loading-not-8061\"  src=\"https:\/\/www.fredonoccitanie.com\/jevi\/wp-content\/uploads\/sites\/2\/2021\/07\/3007962619-632x430.jpg\" width=\"632\" height=\"430\" title='3007962619' alt=''  itemprop=\"thumbnailUrl\"   \/><\/div><\/li><li  class='avia-slideshow-slide av-kr67xb7h-805f2398ab551d4247384d83767e2321__10  slide-11 slide-odd'><div data-rel='slideshow-1' class='avia-slide-wrap '   ><img decoding=\"async\" fetchpriority=\"high\" class=\"wp-image-8062 avia-img-lazy-loading-not-8062\"  src=\"https:\/\/www.fredonoccitanie.com\/jevi\/wp-content\/uploads\/sites\/2\/2021\/07\/3340530410-632x430.jpg\" width=\"632\" height=\"430\" title='3340530410' alt=''  itemprop=\"thumbnailUrl\"   \/><\/div><\/li><li  class='avia-slideshow-slide av-kr67xb7h-805f2398ab551d4247384d83767e2321__11  slide-12 slide-even'><div data-rel='slideshow-1' class='avia-slide-wrap '   ><img decoding=\"async\" fetchpriority=\"high\" class=\"wp-image-8063 avia-img-lazy-loading-not-8063\"  src=\"https:\/\/www.fredonoccitanie.com\/jevi\/wp-content\/uploads\/sites\/2\/2021\/07\/3547243403-635x430.jpg\" width=\"635\" height=\"430\" title='3547243403' alt=''  itemprop=\"thumbnailUrl\"   \/><\/div><\/li><li  class='avia-slideshow-slide av-kr67xb7h-805f2398ab551d4247384d83767e2321__12  slide-13 slide-odd'><div data-rel='slideshow-1' class='avia-slide-wrap '   ><img decoding=\"async\" fetchpriority=\"high\" class=\"wp-image-8064 avia-img-lazy-loading-not-8064\"  src=\"https:\/\/www.fredonoccitanie.com\/jevi\/wp-content\/uploads\/sites\/2\/2021\/07\/4110721585-632x430.jpg\" width=\"632\" height=\"430\" title='4110721585' alt=''  itemprop=\"thumbnailUrl\"   \/><\/div><\/li><\/ul><div class='avia-slideshow-arrows avia-slideshow-controls' ><a href='#prev' class='prev-slide  avia-svg-icon avia-font-svg_entypo-fontello' data-av_svg_icon='left-open-big' data-av_iconset='svg_entypo-fontello' tabindex='-1' title=\"Pr\u00e9c\u00e9dent\"><svg version=\"1.1\" xmlns=\"http:\/\/www.w3.org\/2000\/svg\" width=\"15\" height=\"32\" viewBox=\"0 0 15 32\" preserveAspectRatio=\"xMidYMid meet\" aria-labelledby='av-svg-title-1' aria-describedby='av-svg-desc-1' role=\"graphics-symbol\" aria-hidden=\"true\">\n<title id='av-svg-title-1'>Pr\u00e9c\u00e9dent<\/title>\n<desc id='av-svg-desc-1'>Pr\u00e9c\u00e9dent<\/desc>\n<path d=\"M14.464 27.84q0.832 0.832 0 1.536-0.832 0.832-1.536 0l-12.544-12.608q-0.768-0.768 0-1.6l12.544-12.608q0.704-0.832 1.536 0 0.832 0.704 0 1.536l-11.456 11.904z\"><\/path>\n<\/svg><span class='avia_hidden_link_text'>Pr\u00e9c\u00e9dent<\/span><\/a><a href='#next' class='next-slide  avia-svg-icon avia-font-svg_entypo-fontello' data-av_svg_icon='right-open-big' data-av_iconset='svg_entypo-fontello' tabindex='-1' title=\"Suivant\"><svg version=\"1.1\" xmlns=\"http:\/\/www.w3.org\/2000\/svg\" width=\"15\" height=\"32\" viewBox=\"0 0 15 32\" preserveAspectRatio=\"xMidYMid meet\" aria-labelledby='av-svg-title-2' aria-describedby='av-svg-desc-2' role=\"graphics-symbol\" aria-hidden=\"true\">\n<title id='av-svg-title-2'>Suivant<\/title>\n<desc id='av-svg-desc-2'>Suivant<\/desc>\n<path d=\"M0.416 27.84l11.456-11.84-11.456-11.904q-0.832-0.832 0-1.536 0.832-0.832 1.536 0l12.544 12.608q0.768 0.832 0 1.6l-12.544 12.608q-0.704 0.832-1.536 0-0.832-0.704 0-1.536z\"><\/path>\n<\/svg><span class='avia_hidden_link_text'>Suivant<\/span><\/a><\/div><div class='avia-slideshow-dots avia-slideshow-controls'><a href='#1' class='goto-slide active' >1<\/a><a href='#2' class='goto-slide ' >2<\/a><a href='#3' class='goto-slide ' >3<\/a><a href='#4' class='goto-slide ' >4<\/a><a href='#5' class='goto-slide ' >5<\/a><a href='#6' class='goto-slide ' >6<\/a><a href='#7' class='goto-slide ' >7<\/a><a href='#8' class='goto-slide ' >8<\/a><a href='#9' class='goto-slide ' >9<\/a><a href='#10' class='goto-slide ' >10<\/a><a href='#11' class='goto-slide ' >11<\/a><a href='#12' class='goto-slide ' >12<\/a><a href='#13' class='goto-slide ' >13<\/a><\/div><\/div><br \/>\n<div  class='avia-button-wrap av-kr67ytn5-b2072daded2502eba16dabd9f035be6a-wrap avia-button-center  avia-builder-el-8  el_after_av_slideshow  avia-builder-el-last '><a href='https:\/\/www.fredonoccitanie.com\/jevi\/contact\/'  class='avia-button av-kr67ytn5-b2072daded2502eba16dabd9f035be6a av-link-btn avia-icon_select-no avia-size-small avia-position-center avia-color-theme-color'   aria-label=\"Faire une demande de r\u00e9servation (en pr\u00e9cisant les dates souhait\u00e9es)\"><span class='avia_iconbox_title' >Faire une demande de r\u00e9servation (en pr\u00e9cisant les dates souhait\u00e9es)<\/span><\/a><\/div><\/p><\/div><\/p>\n\n<style type=\"text\/css\" data-created_by=\"avia_inline_auto\" id=\"style-css-av-2dmy5f-ec50d43de6ebbb1881c8d26fc2b29c58\">\n.flex_column.av-2dmy5f-ec50d43de6ebbb1881c8d26fc2b29c58{\nborder-radius:0px 0px 0px 0px;\npadding:0px 0px 0px 0px;\n}\n<\/style>\n<div  class='flex_column av-2dmy5f-ec50d43de6ebbb1881c8d26fc2b29c58 av_one_half  avia-builder-el-9  el_after_av_one_half  avia-builder-el-last  flex_column_div av-zero-column-padding  column-top-margin'     ><p>\n<style type=\"text\/css\" data-created_by=\"avia_inline_auto\" id=\"style-css-av-kr67y067-8d49bf35820ef6dda5e4b74fa11dbd78\">\n.avia-image-container.av-kr67y067-8d49bf35820ef6dda5e4b74fa11dbd78 img.avia_image{\nbox-shadow:none;\n}\n.avia-image-container.av-kr67y067-8d49bf35820ef6dda5e4b74fa11dbd78 .av-image-caption-overlay-center{\ncolor:#ffffff;\n}\n<\/style>\n<div  class='avia-image-container av-kr67y067-8d49bf35820ef6dda5e4b74fa11dbd78 av-styling- avia-align-center  avia-builder-el-10  el_before_av_button  avia-builder-el-first '   itemprop=\"image\" itemscope=\"itemscope\" itemtype=\"https:\/\/schema.org\/ImageObject\" ><div class=\"avia-image-container-inner\"><div class=\"avia-image-overlay-wrap\"><img decoding=\"async\" fetchpriority=\"high\" class='wp-image-8065 avia-img-lazy-loading-not-8065 avia_image ' src=\"https:\/\/www.fredonoccitanie.com\/jevi\/wp-content\/uploads\/sites\/2\/2021\/07\/charte-0-phyto-2017-99-750x709-1-495x400.jpg\" alt='' title='charte-0-phyto-2017-99-750x709'  height=\"400\" width=\"495\"  itemprop=\"thumbnailUrl\"  \/><\/div><\/div><\/div><br \/>\n<div  class='avia-button-wrap av-kr67z1qx-878be98a19efd4f1906571f8c28913f2-wrap avia-button-center  avia-builder-el-11  el_after_av_image  avia-builder-el-last '><a href='https:\/\/www.fredonoccitanie.com\/jevi\/contact\/'  class='avia-button av-kr67z1qx-878be98a19efd4f1906571f8c28913f2 av-link-btn avia-icon_select-no avia-size-small avia-position-center avia-color-theme-color'   aria-label=\"Faire une demande de r\u00e9servation (en pr\u00e9cisant les dates souhait\u00e9es)\"><span class='avia_iconbox_title' >Faire une demande de r\u00e9servation (en pr\u00e9cisant les dates souhait\u00e9es)<\/span><\/a><\/div><\/p><\/div>\n","protected":false},"excerpt":{"rendered":"","protected":false},"author":1,"featured_media":0,"parent":0,"menu_order":5,"comment_status":"closed","ping_status":"closed","template":"","meta":{"footnotes":""},"class_list":["post-8051","page","type-page","status-publish","hentry"],"_links":{"self":[{"href":"https:\/\/www.fredonoccitanie.com\/jevi\/wp-json\/wp\/v2\/pages\/8051","targetHints":{"allow":["GET"]}}],"collection":[{"href":"https:\/\/www.fredonoccitanie.com\/jevi\/wp-json\/wp\/v2\/pages"}],"about":[{"href":"https:\/\/www.fredonoccitanie.com\/jevi\/wp-json\/wp\/v2\/types\/page"}],"author":[{"embeddable":true,"href":"https:\/\/www.fredonoccitanie.com\/jevi\/wp-json\/wp\/v2\/users\/1"}],"replies":[{"embeddable":true,"href":"https:\/\/www.fredonoccitanie.com\/jevi\/wp-json\/wp\/v2\/comments?post=8051"}],"version-history":[{"count":5,"href":"https:\/\/www.fredonoccitanie.com\/jevi\/wp-json\/wp\/v2\/pages\/8051\/revisions"}],"predecessor-version":[{"id":18575,"href":"https:\/\/www.fredonoccitanie.com\/jevi\/wp-json\/wp\/v2\/pages\/8051\/revisions\/18575"}],"wp:attachment":[{"href":"https:\/\/www.fredonoccitanie.com\/jevi\/wp-json\/wp\/v2\/media?parent=8051"}],"curies":[{"name":"wp","href":"https:\/\/api.w.org\/{rel}","templated":true}]}}