{"id":8045,"date":"2021-07-16T12:27:49","date_gmt":"2021-07-16T10:27:49","guid":{"rendered":"https:\/\/www.fredonoccitanie.com\/jevi\/?page_id=8045"},"modified":"2026-02-27T16:28:37","modified_gmt":"2026-02-27T15:28:37","slug":"contact","status":"publish","type":"page","link":"https:\/\/www.fredonoccitanie.com\/jevi\/contact\/","title":{"rendered":"Contact"},"content":{"rendered":"\n<style type=\"text\/css\" data-created_by=\"avia_inline_auto\" id=\"style-css-av-efs8gt-025780a26dad8cabd73fb3cea06f878e\">\n.flex_column.av-efs8gt-025780a26dad8cabd73fb3cea06f878e{\nborder-radius:0px 0px 0px 0px;\npadding:0px 0px 0px 0px;\n}\n<\/style>\n<div  class='flex_column av-efs8gt-025780a26dad8cabd73fb3cea06f878e av_one_full  avia-builder-el-0  el_before_av_one_fourth  avia-builder-el-first  first flex_column_div av-zero-column-padding  '     ><section  class='av_textblock_section av-kr673vwv-75d9276860cdeadcf53251bbf61cc21a '   itemscope=\"itemscope\" itemtype=\"https:\/\/schema.org\/CreativeWork\" ><div class='avia_textblock'  itemprop=\"text\" ><h2>Contactez-nous pour plus d&rsquo;informations<\/h2>\n<\/div><\/section><\/div>\n\n<style type=\"text\/css\" data-created_by=\"avia_inline_auto\" id=\"style-css-av-d4uukd-f364f65e44d7ed04e38b1b06e1008c57\">\n.flex_column.av-d4uukd-f364f65e44d7ed04e38b1b06e1008c57{\nborder-radius:0px 0px 0px 0px;\npadding:0px 0px 0px 0px;\n}\n<\/style>\n<div  class='flex_column av-d4uukd-f364f65e44d7ed04e38b1b06e1008c57 av_one_fourth  avia-builder-el-2  el_after_av_one_full  el_before_av_one_fourth  first flex_column_div av-zero-column-padding  column-top-margin'     ><section  class='avia-team-member av-kr671snj-38805d904072a751453697ff1eefdce9  avia-builder-el-3  avia-builder-el-no-sibling '  itemscope=\"itemscope\" itemtype=\"https:\/\/schema.org\/Person\" ><div class=\"team-img-container\"><img decoding=\"async\" fetchpriority=\"high\" class='wp-image-14889 avia-img-lazy-loading-not-14889 avia_image avia_image_team' src=\"https:\/\/www.fredonoccitanie.com\/jevi\/wp-content\/uploads\/sites\/2\/2024\/07\/Sophie_albespy-e1720186290164-300x281.jpg\" alt='Sophie Albespy'  itemprop=\"image\"   height=\"281\" width=\"300\" srcset=\"https:\/\/www.fredonoccitanie.com\/jevi\/wp-content\/uploads\/sites\/2\/2024\/07\/Sophie_albespy-e1720186290164-300x281.jpg 300w, https:\/\/www.fredonoccitanie.com\/jevi\/wp-content\/uploads\/sites\/2\/2024\/07\/Sophie_albespy-e1720186290164.jpg 350w\" sizes=\"(max-width: 300px) 100vw, 300px\" \/><\/div><h3 class='team-member-name '  itemprop=\"name\" >Sophie Albespy<\/h3><div class='team-member-job-title '  itemprop=\"jobTitle\" >Secteur Ouest - Ari\u00e8ge, Aveyron, Haute-Garonne, Gers, Lot, Tarn, Tarn-et-Garonne, Hautes-Pyr\u00e9n\u00e9es<\/div><span class='hidden team-member-affiliation'  itemprop=\"affiliation\" >R\u00e9seau JEVI<\/span><\/section><\/div>\n<style type=\"text\/css\" data-created_by=\"avia_inline_auto\" id=\"style-css-av-agxpal-691418910e7e63e0232e8497ad221f9f\">\n.flex_column.av-agxpal-691418910e7e63e0232e8497ad221f9f{\nborder-radius:0px 0px 0px 0px;\npadding:0px 0px 0px 0px;\n}\n<\/style>\n<div  class='flex_column av-agxpal-691418910e7e63e0232e8497ad221f9f av_one_fourth  avia-builder-el-4  el_after_av_one_fourth  el_before_av_one_fifth  flex_column_div av-zero-column-padding  column-top-margin'     ><section  class='avia-team-member av-kr672to7-1a09f4230183905e9bfddfc1aad4d1ed  avia-builder-el-5  avia-builder-el-no-sibling '  itemscope=\"itemscope\" itemtype=\"https:\/\/schema.org\/Person\" ><div class=\"team-img-container\"><img decoding=\"async\" fetchpriority=\"high\" class='wp-image-12913 avia-img-lazy-loading-not-12913 avia_image avia_image_team' src=\"https:\/\/www.fredonoccitanie.com\/jevi\/wp-content\/uploads\/sites\/2\/2023\/07\/florian_web-1.jpg\" alt='Florian MARTEL'  itemprop=\"image\"   height=\"744\" width=\"717\" srcset=\"https:\/\/www.fredonoccitanie.com\/jevi\/wp-content\/uploads\/sites\/2\/2023\/07\/florian_web-1.jpg 717w, https:\/\/www.fredonoccitanie.com\/jevi\/wp-content\/uploads\/sites\/2\/2023\/07\/florian_web-1-289x300.jpg 289w, https:\/\/www.fredonoccitanie.com\/jevi\/wp-content\/uploads\/sites\/2\/2023\/07\/florian_web-1-36x36.jpg 36w, https:\/\/www.fredonoccitanie.com\/jevi\/wp-content\/uploads\/sites\/2\/2023\/07\/florian_web-1-679x705.jpg 679w\" sizes=\"(max-width: 717px) 100vw, 717px\" \/><\/div><h3 class='team-member-name '  itemprop=\"name\" >Florian MARTEL<\/h3><div class='team-member-job-title '  itemprop=\"jobTitle\" >Secteur Est - Aude, H\u00e9rault, Gard, Loz\u00e8re, Pyr\u00e9n\u00e9es Orientales<\/div><span class='hidden team-member-affiliation'  itemprop=\"affiliation\" >R\u00e9seau JEVI<\/span><\/section><\/div>\n<style type=\"text\/css\" data-created_by=\"avia_inline_auto\" id=\"style-css-av-2l80e5-62c3b0e049f2100dfb881c6082158aca\">\n.flex_column.av-2l80e5-62c3b0e049f2100dfb881c6082158aca{\nborder-radius:0px 0px 0px 0px;\npadding:0px 0px 0px 0px;\n}\n<\/style>\n<div  class='flex_column av-2l80e5-62c3b0e049f2100dfb881c6082158aca av_one_fifth  avia-builder-el-6  el_after_av_one_fourth  el_before_av_one_fourth  flex_column_div av-zero-column-padding  column-top-margin'     ><\/div><\/p>\n\n<style type=\"text\/css\" data-created_by=\"avia_inline_auto\" id=\"style-css-av-2s3zv1-18b97a75e8b3ede907c2ec3295b90255\">\n.flex_column.av-2s3zv1-18b97a75e8b3ede907c2ec3295b90255{\nborder-radius:0px 0px 0px 0px;\npadding:0px 0px 0px 0px;\n}\n<\/style>\n<div  class='flex_column av-2s3zv1-18b97a75e8b3ede907c2ec3295b90255 av_one_fourth  avia-builder-el-7  el_after_av_one_fifth  el_before_av_one_half  flex_column_div av-zero-column-padding  column-top-margin'     ><\/div>\n\n<style type=\"text\/css\" data-created_by=\"avia_inline_auto\" id=\"style-css-av-8p18xp-4db40c508d2deb73bfce827c29a7f06f\">\n.flex_column.av-8p18xp-4db40c508d2deb73bfce827c29a7f06f{\nborder-radius:0px 0px 0px 0px;\npadding:0px 0px 0px 0px;\nbackground-color:#ffe5f7;\n}\n<\/style>\n<div  class='flex_column av-8p18xp-4db40c508d2deb73bfce827c29a7f06f av_one_half  avia-builder-el-8  el_after_av_one_fourth  el_before_av_one_fourth  first flex_column_div av-zero-column-padding  column-top-margin'     ><p>\n<style type=\"text\/css\" data-created_by=\"avia_inline_auto\" id=\"style-css-av-ldyb2eqm-50c94ace5276d2785e39768d84964cbc\">\n#top .hr.hr-invisible.av-ldyb2eqm-50c94ace5276d2785e39768d84964cbc{\nheight:50px;\n}\n<\/style>\n<div  class='hr av-ldyb2eqm-50c94ace5276d2785e39768d84964cbc hr-invisible  avia-builder-el-9  el_before_av_textblock  avia-builder-el-first '><span class='hr-inner '><span class=\"hr-inner-style\"><\/span><\/span><\/div><br \/>\n<section  class='av_textblock_section av-l2t352ks-8f3bc3490d91d599574398a443c359fe '   itemscope=\"itemscope\" itemtype=\"https:\/\/schema.org\/CreativeWork\" ><div class='avia_textblock'  itemprop=\"text\" >\n<div class=\"wpcf7 no-js\" id=\"wpcf7-f9520-o1\" lang=\"fr-FR\" dir=\"ltr\" data-wpcf7-id=\"9520\">\n<div class=\"screen-reader-response\"><p role=\"status\" aria-live=\"polite\" aria-atomic=\"true\"><\/p> <ul><\/ul><\/div>\n<form action=\"\/jevi\/wp-json\/wp\/v2\/pages\/8045#wpcf7-f9520-o1\" method=\"post\" class=\"wpcf7-form init\" aria-label=\"Formulaire de contact\" enctype=\"multipart\/form-data\" novalidate=\"novalidate\" data-status=\"init\">\n<fieldset class=\"hidden-fields-container\"><input type=\"hidden\" name=\"_wpcf7\" value=\"9520\" \/><input type=\"hidden\" name=\"_wpcf7_version\" value=\"6.1.5\" \/><input type=\"hidden\" name=\"_wpcf7_locale\" value=\"fr_FR\" \/><input type=\"hidden\" name=\"_wpcf7_unit_tag\" value=\"wpcf7-f9520-o1\" \/><input type=\"hidden\" name=\"_wpcf7_container_post\" value=\"0\" \/><input type=\"hidden\" name=\"_wpcf7_posted_data_hash\" value=\"\" \/><input type=\"hidden\" name=\"_cf7a__timestamp\" value=\"fhudhKQZB2s6Jh\/Lj6N1Yw==\" \/><input type=\"hidden\" name=\"_cf7a_version\" value=\"1.0\" \/><input type=\"hidden\" name=\"_cf7a_address\" value=\"\" \/><input type=\"hidden\" name=\"_cf7a_referer\" value=\"\" \/><input type=\"hidden\" name=\"_cf7a_protocol\" value=\"\" \/><input type=\"hidden\" name=\"_cf7a_bot_fingerprint\" value=\"fhudhKQZB2s6Jh\/Lj6N1Yw==\" \/><input type=\"hidden\" name=\"_cf7a_bot_fingerprint_extras\" \/><input type=\"hidden\" name=\"_cf7a_append_on_submit\" \/>\n<\/fieldset>\n<p><span class=\"wpcf7-form-control-wrap\" data-name=\"civilite\"><select class=\"wpcf7-form-control wpcf7-select\" aria-invalid=\"false\" name=\"civilite\"><option value=\"Madame\">Madame<\/option><option value=\"Monsieur\">Monsieur<\/option><option value=\"Non renseign\u00e9\">Non renseign\u00e9<\/option><\/select><\/span>\n<\/p>\n<p><label> <span style=\"color:#d6970a;padding: 5px\"> Votre nom :<\/span><span class=\"wpcf7-form-control-wrap\" data-name=\"text-881\"><input size=\"40\" maxlength=\"400\" class=\"wpcf7-form-control wpcf7-text\" aria-invalid=\"false\" value=\"Nom\" type=\"text\" name=\"text-881\" \/><input type=\"text\" name=\"name\" value=\"\" autocomplete=\"fill\" class=\"fit-the-fullspace\" aria-hidden=\"true\" tabindex=\"-1\" \/><\/span><\/label><br \/>\n<label> <span style=\"color:#d6970a;padding: 5px\"> Votre pr\u00e9nom : <\/span><span class=\"wpcf7-form-control-wrap\" data-name=\"text-145\"><input type=\"text\" name=\"email\" value=\"\" autocomplete=\"fill\" class=\"fit-the-fullspace\" aria-hidden=\"true\" tabindex=\"-1\" \/><input size=\"40\" maxlength=\"400\" class=\"wpcf7-form-control wpcf7-text\" aria-invalid=\"false\" value=\"Pr\u00e9nom\" type=\"text\" name=\"text-145\" \/><\/span><\/label><br \/>\n<label> <span style=\"color:#d6970a;padding: 5px\">Courriel<\/span><span class=\"wpcf7-form-control-wrap\" data-name=\"your-email\"><input size=\"40\" maxlength=\"400\" class=\"wpcf7-form-control wpcf7-email wpcf7-validates-as-required wpcf7-text wpcf7-validates-as-email\" aria-required=\"true\" aria-invalid=\"false\" value=\"\" type=\"email\" name=\"your-email\" \/><\/span> <\/label><br \/>\n<label> <span style=\"color:#d6970a;padding: 5px\"> Raison sociale \/ Structure \/ Particulier<\/span><span class=\"wpcf7-form-control-wrap\" data-name=\"raison_social\"><input type=\"text\" name=\"zip\" value=\"\" autocomplete=\"fill\" class=\"fit-the-fullspace\" aria-hidden=\"true\" tabindex=\"-1\" \/><input size=\"40\" maxlength=\"400\" class=\"wpcf7-form-control wpcf7-text\" aria-invalid=\"false\" value=\"\" type=\"text\" name=\"raison_social\" \/><\/span><\/label><br \/>\n<label> <span style=\"color:#d6970a;padding: 5px\">Num\u00e9ro de t\u00e9l\u00e9phone<\/span><span class=\"wpcf7-form-control-wrap\" data-name=\"tel-838\"><input size=\"40\" maxlength=\"400\" class=\"wpcf7-form-control wpcf7-tel wpcf7-text wpcf7-validates-as-tel\" aria-invalid=\"false\" value=\"\" type=\"tel\" name=\"tel-838\" \/><\/span><\/label><br \/>\n<label> <span style=\"color:#d6970a;padding: 5px\">Sujet<\/span><span class=\"wpcf7-form-control-wrap\" data-name=\"your-subject\"><input type=\"text\" name=\"phone\" value=\"\" autocomplete=\"fill\" class=\"fit-the-fullspace\" aria-hidden=\"true\" tabindex=\"-1\" \/><input size=\"40\" maxlength=\"400\" class=\"wpcf7-form-control wpcf7-text wpcf7-validates-as-required\" aria-required=\"true\" aria-invalid=\"false\" value=\"\" type=\"text\" name=\"your-subject\" \/><\/span> <\/label><br \/>\n<label> <span style=\"color:#d6970a;padding: 5px\">Votre message (facultatif)<\/span><span class=\"wpcf7-form-control-wrap\" data-name=\"your-message\"><textarea cols=\"40\" rows=\"10\" maxlength=\"2000\" class=\"wpcf7-form-control wpcf7-textarea\" aria-invalid=\"false\" name=\"your-message\">Ecrire votre message<\/textarea><\/span> <\/label><br \/>\n<label> <span style=\"color:#d6970a;padding: 5px\">Joindre un fichier :<\/span><br \/>\n<span class=\"wpcf7-form-control-wrap\" data-name=\"file-65\"><input size=\"40\" class=\"wpcf7-form-control wpcf7-file\" accept=\"audio\/*,video\/*,image\/*\" aria-invalid=\"false\" type=\"file\" name=\"file-65\" \/><\/span><\/label>\n<\/p>\n<p><span class=\"wpcf7-form-control-wrap\" data-name=\"acceptance-886\"><span class=\"wpcf7-form-control wpcf7-acceptance\"><span class=\"wpcf7-list-item\"><label><input type=\"checkbox\" name=\"acceptance-886\" value=\"1\" class=\"httpswwwfredonoccitaniecomwp-contentuploads201906Politique-confidentialite-v2pdf\" id=\"httpswwwfredonoccitaniecomwp-contentuploads201906Politique-confidentialite-v2pdf\" aria-invalid=\"false\" \/><span class=\"wpcf7-list-item-label\">Vous avez pris connaissance avec <a href=\"https:\/\/fredonoccitanie189-my.sharepoint.com\/:b:\/g\/personal\/e_algans_fredon-occitanie_fr\/EZQ7TUC02U9MsrItznjttHwBbAxsD1Tv-0UyNnx1_qtakA?e=pfRDJf\" target=\"blank\">notre politique de confidentialit\u00e9<\/a><\/span><\/label><\/span><\/span><\/span>\n<\/p>\n<p class=\"aiowps-captcha hide-when-displaying-tfa-input\"><label for=\"aiowps-captcha-answer-69d491130fb29\">Saisissez votre r\u00e9ponse en chiffres<\/label>\n<\/p>\n<div class=\"aiowps-captcha-equation hide-when-displaying-tfa-input\">\n\t<p><strong>19 &#8722; onze = <input type=\"hidden\" name=\"aiowps-captcha-string-info\" class=\"aiowps-captcha-string-info\" value=\"6dbsuf3ewi\" \/><input type=\"hidden\" name=\"aiowps-captcha-temp-string\" class=\"aiowps-captcha-temp-string\" value=\"1775538451\" \/><input type=\"text\" size=\"2\" id=\"aiowps-captcha-answer-69d491130fb29\" class=\"aiowps-captcha-answer\" name=\"aiowps-captcha-answer\" value=\"\" autocomplete=\"off\" \/><\/strong>\n\t<\/p>\n<\/div>\n<p><span class='wpcf7-form-control-wrap' data-name='aiowps-captcha'><\/span>\n<\/p>\n<p><input class=\"wpcf7-form-control wpcf7-submit has-spinner\" type=\"submit\" value=\"Envoyer\" \/>\n<\/p><div class=\"wpcf7-response-output\" aria-hidden=\"true\"><\/div>\n<\/form>\n<\/div>\n\n<\/div><\/section><\/p><\/div>\n\n<style type=\"text\/css\" data-created_by=\"avia_inline_auto\" id=\"style-css-av-1vp5ot-e617b383fe9fd936bf35fc8dfb169e42\">\n.flex_column.av-1vp5ot-e617b383fe9fd936bf35fc8dfb169e42{\nborder-radius:0px 0px 0px 0px;\npadding:0px 0px 0px 0px;\n}\n<\/style>\n<div  class='flex_column av-1vp5ot-e617b383fe9fd936bf35fc8dfb169e42 av_one_fourth  avia-builder-el-11  el_after_av_one_half  avia-builder-el-last  flex_column_div av-zero-column-padding  column-top-margin'     ><\/div>\n","protected":false},"excerpt":{"rendered":"","protected":false},"author":1,"featured_media":0,"parent":0,"menu_order":7,"comment_status":"closed","ping_status":"closed","template":"","meta":{"footnotes":""},"class_list":["post-8045","page","type-page","status-publish","hentry"],"_links":{"self":[{"href":"https:\/\/www.fredonoccitanie.com\/jevi\/wp-json\/wp\/v2\/pages\/8045","targetHints":{"allow":["GET"]}}],"collection":[{"href":"https:\/\/www.fredonoccitanie.com\/jevi\/wp-json\/wp\/v2\/pages"}],"about":[{"href":"https:\/\/www.fredonoccitanie.com\/jevi\/wp-json\/wp\/v2\/types\/page"}],"author":[{"embeddable":true,"href":"https:\/\/www.fredonoccitanie.com\/jevi\/wp-json\/wp\/v2\/users\/1"}],"replies":[{"embeddable":true,"href":"https:\/\/www.fredonoccitanie.com\/jevi\/wp-json\/wp\/v2\/comments?post=8045"}],"version-history":[{"count":5,"href":"https:\/\/www.fredonoccitanie.com\/jevi\/wp-json\/wp\/v2\/pages\/8045\/revisions"}],"predecessor-version":[{"id":18678,"href":"https:\/\/www.fredonoccitanie.com\/jevi\/wp-json\/wp\/v2\/pages\/8045\/revisions\/18678"}],"wp:attachment":[{"href":"https:\/\/www.fredonoccitanie.com\/jevi\/wp-json\/wp\/v2\/media?parent=8045"}],"curies":[{"name":"wp","href":"https:\/\/api.w.org\/{rel}","templated":true}]}}