{"id":8041,"date":"2021-07-16T12:21:01","date_gmt":"2021-07-16T10:21:01","guid":{"rendered":"https:\/\/www.fredonoccitanie.com\/jevi\/?page_id=8041"},"modified":"2023-08-03T10:51:41","modified_gmt":"2023-08-03T08:51:41","slug":"faq","status":"publish","type":"page","link":"https:\/\/www.fredonoccitanie.com\/jevi\/experiences\/faq\/","title":{"rendered":"Foire aux questions"},"content":{"rendered":"\n<style type=\"text\/css\" data-created_by=\"avia_inline_auto\" id=\"style-css-av-z1yl5-f93dcfe7c80c3d127c9738b0b4e87102\">\n.flex_column.av-z1yl5-f93dcfe7c80c3d127c9738b0b4e87102{\nborder-radius:0px 0px 0px 0px;\npadding:0px 0px 0px 0px;\n}\n<\/style>\n<div  class='flex_column av-z1yl5-f93dcfe7c80c3d127c9738b0b4e87102 av_one_full  avia-builder-el-0  el_before_av_hr  avia-builder-el-first  first flex_column_div av-zero-column-padding  '     ><section  class='av_textblock_section av-kr66v8hm-c2c3f6d3bb3617aba61090ad8d54ac5f '   itemscope=\"itemscope\" itemtype=\"https:\/\/schema.org\/CreativeWork\" ><div class='avia_textblock'  itemprop=\"text\" ><h2>Les questions d\u00e9j\u00e0 pos\u00e9es :<\/h2>\n<div class=\"wpb_text_column wpb_content_element \">\n<div class=\"wpb_wrapper\"><\/div>\n<\/div>\n<\/div><\/section><br \/>\n\n<style type=\"text\/css\" data-created_by=\"avia_inline_auto\" id=\"style-css-av-2rwpih-121350e7d6c6cb97124c947adee3baf8\">\n#top .hr.hr-invisible.av-2rwpih-121350e7d6c6cb97124c947adee3baf8{\nheight:40px;\n}\n<\/style>\n<div  class='hr av-2rwpih-121350e7d6c6cb97124c947adee3baf8 hr-invisible  avia-builder-el-2  el_after_av_textblock  el_before_av_textblock '><span class='hr-inner '><span class=\"hr-inner-style\"><\/span><\/span><\/div><br \/>\n<section  class='av_textblock_section av-krqiz5fh-52ab50efe13043a5392ce0295a615fce '   itemscope=\"itemscope\" itemtype=\"https:\/\/schema.org\/CreativeWork\" ><div class='avia_textblock'  itemprop=\"text\" ><div class=\"wpb_text_column wpb_content_element \">\n<div class=\"wpb_wrapper\">\n<blockquote>\n<h3>Une commune peut-elle utiliser un insecticide m\u00e9nager (anti-fourmis) dans une cours d\u2019\u00e9cole ?<\/h3>\n<p><em>Aur\u00e9lie Gibert FD CIVAM 30 \u2013 2016<br \/>\n<\/em><\/p>\n<\/blockquote>\n<p>L\u2019usage de produits biocide grand public par une collectivit\u00e9 n\u2019est pas pr\u00e9cis\u00e9 dans la r\u00e9glementation phytosanitaires. L\u2019usage est donc possible en respectant toutefois les pr\u00e9conisations de l\u2019AMM, et notice d\u2019emploi. <a href=\"https:\/\/www.ecologique-solidaire.gouv.fr\/produits-biocides\" target=\"_blank\" rel=\"noopener noreferrer\">En savoir plus sur les produits biocides<\/a><\/p>\n<\/div>\n<\/div>\n<\/div><\/section><br \/>\n\n<style type=\"text\/css\" data-created_by=\"avia_inline_auto\" id=\"style-css-av-588sjd-c686512cd89bea39845fa0ead88b9436\">\n#top .hr.hr-invisible.av-588sjd-c686512cd89bea39845fa0ead88b9436{\nheight:40px;\n}\n<\/style>\n<div  class='hr av-588sjd-c686512cd89bea39845fa0ead88b9436 hr-invisible  avia-builder-el-4  el_after_av_textblock  el_before_av_textblock '><span class='hr-inner '><span class=\"hr-inner-style\"><\/span><\/span><\/div><br \/>\n<section  class='av_textblock_section av-krqizoqi-f2e8e9662be7d8a3bb74da4cdf752e14 '   itemscope=\"itemscope\" itemtype=\"https:\/\/schema.org\/CreativeWork\" ><div class='avia_textblock'  itemprop=\"text\" ><div class=\"wpb_text_column wpb_content_element \">\n<div class=\"wpb_wrapper\">\n<blockquote>\n<h3>Un camping peut-il utiliser des produits phytosanitaires de synth\u00e8se pour l\u2019entretien du site ?<\/h3>\n<p><em>Yannis Gilbert \u2013 EPTB Orb-Libron \u2013 2017<br \/>\n<\/em><\/p>\n<\/blockquote>\n<div class=\"schema-faq wp-block-yoast-faq-block\">\n<div class=\"schema-faq-section\">\n<p>L\u2019interdiction issue de la loi Labb\u00e9 d\u2019utiliser ou de faire utiliser des produits phytopharmaceutiques ne vise que les personnes publiques. Ainsi le gestionnaire d\u2019un camping priv\u00e9 peut utiliser l\u2019ensemble des produits phytopharmaceutiques autoris\u00e9s sur son terrain, qu\u2019il soit ouvert au public ou non. Toutefois l\u2019usage de produits phytopharmaceutiques class\u00e9s comme dangereux vis-\u00e0-vis de la toxicologie, est interdit par l\u2019arr\u00eat minist\u00e9riel du 27 juin 2011 sur les aires de jeu d\u2019un camping. Plus largement, l\u2019utilisation d\u2019un produit phytopharmaceutique doit respecter les conditions r\u00e9glementaires g\u00e9n\u00e9rales ainsi que les conditions particuli\u00e8res d\u2019application mentionn\u00e9es sur l\u2019\u00e9tiquette du produit. Enfin l\u2019utilisateur d\u2019un produit phytopharmaceutique doit d\u00e9tenir un certificat individuel de formation. (source : <a href=\"https:\/\/www.ecophyto-pro.fr\/n\/la-loi-mode-d-emploi-faq-sur-la-loi-labbe\/n:323\" target=\"_blank\" rel=\"noopener noreferrer\">FAQ Loi Labb\u00e9 \u2013 EcophytoPRO<\/a>). Plus d\u2019info sur la <a href=\"https:\/\/fredonoccitanie189-my.sharepoint.com\/:b:\/g\/personal\/f_martel_fredon-occitanie_fr\/EXHSM5w9K5NCk_VNQxTY8OIB8Zi9dKb7GIGL1dRVA8lqmQ?e=6ujIDn\" target=\"_blank\" rel=\"noopener noreferrer\">synth\u00e8se r\u00e9glementaire r\u00e9alis\u00e9e par Plantes &amp; Cit\u00e9<\/a><\/p>\n<\/div>\n<\/div>\n<\/div>\n<\/div>\n<\/div><\/section><\/p><\/div>\n<style type=\"text\/css\" data-created_by=\"avia_inline_auto\" id=\"style-css-av-4vhh1l-d1c21601c87c8e9834489a473110fb82\">\n#top .hr.hr-invisible.av-4vhh1l-d1c21601c87c8e9834489a473110fb82{\nheight:40px;\n}\n<\/style>\n<div  class='hr av-4vhh1l-d1c21601c87c8e9834489a473110fb82 hr-invisible  avia-builder-el-6  el_after_av_one_full  el_before_av_textblock '><span class='hr-inner '><span class=\"hr-inner-style\"><\/span><\/span><\/div><\/p>\n<section  class='av_textblock_section av-2d8dg9-d26b796942cfd1cbfde492c2a8d55e4c '   itemscope=\"itemscope\" itemtype=\"https:\/\/schema.org\/CreativeWork\" ><div class='avia_textblock'  itemprop=\"text\" ><h2>D\u2019autres questions ? Nous vous r\u00e9pondons !<\/h2>\n<\/div><\/section>\n<section  class='av_textblock_section av-ktsejix8-f3ca5aba638cf2591380385c475013cc '   itemscope=\"itemscope\" itemtype=\"https:\/\/schema.org\/CreativeWork\" ><div class='avia_textblock'  itemprop=\"text\" ><style type=\"text\/css\">.super-form:not(.super-initialized) *:not(.super-load-icon) { visibility: hidden !important; }<\/style><div id=\"super-form-8380\" style=\"margin:0px 0px 0px 0px;\" class=\"super-form super-form-8380  super-style-one super-field-size-large\" data-hide=\"true\" data-overlay=\"true\" data-field-size=\"large\"><span class=\"super-load-icon\"><\/span><form tabindex=\"0\" autocomplete=\"on\" enctype=\"multipart\/form-data\"><input type=\"hidden\" name=\"sf_nonce\" value=\"4b4c4f16b36974aaf6f3108090e482f9a6883dd6518c1b7c5d0ea35e2e3a8c9ca3c00ace275fa130607b1134f68d1fd0\" \/><input type=\"text\" name=\"super_hp\" size=\"25\" value=\"\" \/><div class=\"super-shortcode super-field super-hidden\"><input class=\"super-shortcode-field\" type=\"hidden\" value=\"8380\" name=\"hidden_form_id\" \/><\/div><div class=\"super-grid super-shortcode\"><div class=\"super-shortcode super_one_half super-column grid-level-0 column-number-1 first-column \"><div class=\"super-grid super-shortcode\"><div class=\"super-shortcode super_one_full super-column grid-level-1 column-number-1 first-column \"><div class=\"super-shortcode super-field super-text  super-icon-outside super-icon-left  super-ungrouped  \"><div class=\"super-field-wrapper \"><i class=\"fas fa-question-circle super-icon\"><\/i><input tabindex=\"-1\" class=\"super-shortcode-field\" type=\"text\" name=\"Sujet\" data-oname=\"Sujet\" data-validation=\"empty\" data-email=\"Sujet:\" data-exclude=\"0\" data-absolute-default=\"\" data-default-value=\"\" placeholder=\"Sujet\" \/><\/div><div class=\"super-error-msg\">Champ requis!<\/div><div class=\"super-empty-error-msg\">Champ requis!<\/div><\/div><div class=\"super-shortcode super-field super-textarea  super-icon-outside super-icon-left  super-ungrouped  \"><div class=\"super-field-wrapper \"><i class=\"fas fa-envelope super-icon\"><\/i><textarea tabindex=\"-1\" class=\"super-shortcode-field\" name=\"question\" data-oname=\"question\" data-email=\"Question:\" data-exclude=\"0\" data-absolute-default=\"\" data-default-value=\"\" placeholder=\"Votre question\" ><\/textarea><\/div><div class=\"super-error-msg\">Champ requis!<\/div><div class=\"super-empty-error-msg\">Champ requis!<\/div><\/div><\/div><\/div><\/div><div class=\"super-shortcode super_one_half super-column grid-level-0 column-number-2  \"><div class=\"super-grid super-shortcode\"><div class=\"super-shortcode super_one_half super-column grid-level-1 column-number-1 first-column \"><div class=\"super-shortcode super-field super-text  super-icon-outside super-icon-left  super-ungrouped  \"><div class=\"super-field-wrapper \"><i class=\"fas fa-user super-icon\"><\/i><input tabindex=\"-1\" class=\"super-shortcode-field\" type=\"text\" name=\"Prenom\" data-oname=\"Prenom\" data-validation=\"empty\" data-email=\"Pr\u00e9nom:\" data-exclude=\"0\" data-absolute-default=\"\" data-default-value=\"\" placeholder=\"Votre pr\u00e9nom\" \/><\/div><div class=\"super-error-msg\">Champ requis!<\/div><div class=\"super-empty-error-msg\">Champ requis!<\/div><\/div><\/div><div class=\"super-shortcode super_one_half super-column grid-level-1 column-number-2  \"><div class=\"super-shortcode super-field super-text   super-ungrouped  \"><div class=\"super-field-wrapper \"><input tabindex=\"-1\" class=\"super-shortcode-field\" type=\"text\" name=\"nom\" data-oname=\"nom\" data-validation=\"empty\" data-email=\"Nom:\" data-exclude=\"0\" data-absolute-default=\"\" data-default-value=\"\" placeholder=\"Votre nom\" \/><\/div><div class=\"super-error-msg\">Champ requis!<\/div><div class=\"super-empty-error-msg\">Champ requis!<\/div><\/div><\/div><\/div><div class=\"super-grid super-shortcode\"><div class=\"super-shortcode super_one_full super-column grid-level-1 column-number-1 first-column \"><div class=\"super-shortcode super-field super-text  super-icon-outside super-icon-left  super-ungrouped  \"><div class=\"super-field-wrapper \"><i class=\"fas fa-address-card super-icon\"><\/i><input tabindex=\"-1\" class=\"super-shortcode-field\" type=\"text\" name=\"fonction\" data-oname=\"fonction\" data-validation=\"empty\" data-email=\"Fonction:\" data-exclude=\"0\" data-absolute-default=\"\" data-default-value=\"\" placeholder=\"Fonction\" \/><\/div><div class=\"super-error-msg\">Champ requis!<\/div><div class=\"super-empty-error-msg\">Champ requis!<\/div><\/div><div class=\"super-shortcode super-field super-text  super-icon-outside super-icon-left  super-ungrouped  \"><div class=\"super-field-wrapper \"><i class=\"fas fa-envelope super-icon\"><\/i><input tabindex=\"-1\" class=\"super-shortcode-field\" type=\"text\" name=\"email\" data-oname=\"email\" data-validation=\"email\" data-email=\"Email address:\" data-exclude=\"0\" data-absolute-default=\"\" data-default-value=\"\" placeholder=\"Your Email Address\" \/><\/div><div class=\"super-error-msg\">Champ requis!<\/div><div class=\"super-empty-error-msg\">Champ requis!<\/div><\/div><\/div><\/div><\/div><\/div><div data-color=\"#eaa13a\" data-light=\"#feb54e\" data-dark=\"#cc831c\" data-hover-color=\"#444444\" data-hover-light=\"#585858\" data-hover-dark=\"#262626\" data-font=\"#ffffff\" data-font-hover=\"#ffffff\" data-radius=\"square\" data-type=\"flat\" class=\"super-extra-shortcode super-shortcode super-field super-button super-clear-none super-form-button super-radius-square super-type-flat super-button-medium super-button-align-left super-button-width-auto\"><div data-href=\"\" class=\"super-button-wrap no_link\"><div class=\"super-button-name\" data-action=\"submit\" data-normal=\"Envoyer\" data-loading=\"envoi...\">Envoyer<\/div><span class=\"super-after\"><\/span><\/div><\/div><\/form><\/div>\n<\/div><\/section>\n","protected":false},"excerpt":{"rendered":"","protected":false},"author":1,"featured_media":0,"parent":7939,"menu_order":5,"comment_status":"closed","ping_status":"closed","template":"","meta":{"footnotes":""},"class_list":["post-8041","page","type-page","status-publish","hentry"],"_links":{"self":[{"href":"https:\/\/www.fredonoccitanie.com\/jevi\/wp-json\/wp\/v2\/pages\/8041","targetHints":{"allow":["GET"]}}],"collection":[{"href":"https:\/\/www.fredonoccitanie.com\/jevi\/wp-json\/wp\/v2\/pages"}],"about":[{"href":"https:\/\/www.fredonoccitanie.com\/jevi\/wp-json\/wp\/v2\/types\/page"}],"author":[{"embeddable":true,"href":"https:\/\/www.fredonoccitanie.com\/jevi\/wp-json\/wp\/v2\/users\/1"}],"replies":[{"embeddable":true,"href":"https:\/\/www.fredonoccitanie.com\/jevi\/wp-json\/wp\/v2\/comments?post=8041"}],"version-history":[{"count":5,"href":"https:\/\/www.fredonoccitanie.com\/jevi\/wp-json\/wp\/v2\/pages\/8041\/revisions"}],"predecessor-version":[{"id":18576,"href":"https:\/\/www.fredonoccitanie.com\/jevi\/wp-json\/wp\/v2\/pages\/8041\/revisions\/18576"}],"up":[{"embeddable":true,"href":"https:\/\/www.fredonoccitanie.com\/jevi\/wp-json\/wp\/v2\/pages\/7939"}],"wp:attachment":[{"href":"https:\/\/www.fredonoccitanie.com\/jevi\/wp-json\/wp\/v2\/media?parent=8041"}],"curies":[{"name":"wp","href":"https:\/\/api.w.org\/{rel}","templated":true}]}}