{"id":13466,"date":"2023-10-26T14:49:08","date_gmt":"2023-10-26T12:49:08","guid":{"rendered":"https:\/\/www.fredonoccitanie.com\/jevi\/?page_id=13466"},"modified":"2025-08-20T15:00:36","modified_gmt":"2025-08-20T13:00:36","slug":"carte-interactive-engage-pour-le-vegetal","status":"publish","type":"page","link":"https:\/\/www.fredonoccitanie.com\/jevi\/carte-interactive-engage-pour-le-vegetal\/","title":{"rendered":"Carte interactive \u00ab\u00a0Engag\u00e9 pour le v\u00e9g\u00e9tal\u00a0\u00bb"},"content":{"rendered":"\n<style type=\"text\/css\" data-created_by=\"avia_inline_auto\" id=\"style-css-av-209beoq-e57e9d43a6957b0b8a5d6ac4828fdf94\">\n.flex_column.av-209beoq-e57e9d43a6957b0b8a5d6ac4828fdf94{\nborder-radius:0px 0px 0px 0px;\npadding:0px 0px 0px 0px;\n}\n<\/style>\n<div  class='flex_column av-209beoq-e57e9d43a6957b0b8a5d6ac4828fdf94 av_one_fourth  avia-builder-el-0  el_before_av_three_fourth  avia-builder-el-first  first flex_column_div av-zero-column-padding  '     ><style type=\"text\/css\" data-created_by=\"avia_inline_auto\" id=\"style-css-av-lo76qn28-7abf50330ebf4d81cbd28dfcb8ecfb51\">\n.avia-image-container.av-lo76qn28-7abf50330ebf4d81cbd28dfcb8ecfb51 img.avia_image{\nbox-shadow:none;\n}\n.avia-image-container.av-lo76qn28-7abf50330ebf4d81cbd28dfcb8ecfb51 .av-image-caption-overlay-center{\ncolor:#ffffff;\n}\n<\/style>\n<div  class='avia-image-container av-lo76qn28-7abf50330ebf4d81cbd28dfcb8ecfb51 av-styling- avia-align-center  avia-builder-el-1  avia-builder-el-no-sibling '   itemprop=\"image\" itemscope=\"itemscope\" itemtype=\"https:\/\/schema.org\/ImageObject\" ><div class=\"avia-image-container-inner\"><div class=\"avia-image-overlay-wrap\"><img decoding=\"async\" fetchpriority=\"high\" class='wp-image-12437 avia-img-lazy-loading-not-12437 avia_image ' src=\"https:\/\/www.fredonoccitanie.com\/jevi\/wp-content\/uploads\/sites\/2\/2023\/04\/rainette_bord_rond@4x-8-300x148.png\" alt='' title='rainette_bord_rond@4x-8'  height=\"148\" width=\"300\"  itemprop=\"thumbnailUrl\"  \/><\/div><\/div><\/div><\/div>\n\n<style type=\"text\/css\" data-created_by=\"avia_inline_auto\" id=\"style-css-av-1inu716-ce68f69247757dbba1c9bede27c6df0f\">\n.flex_column.av-1inu716-ce68f69247757dbba1c9bede27c6df0f{\nborder-radius:0px 0px 0px 0px;\npadding:0px 0px 0px 0px;\n}\n<\/style>\n<div  class='flex_column av-1inu716-ce68f69247757dbba1c9bede27c6df0f av_three_fourth  avia-builder-el-2  el_after_av_one_fourth  el_before_av_section  avia-builder-el-last  flex_column_div av-zero-column-padding  '     ><style type=\"text\/css\" data-created_by=\"avia_inline_auto\" id=\"style-css-av-17vlfga-4cc4c1583b6cc5eb79bbaee3b57b5db2\">\n#top .av_textblock_section.av-17vlfga-4cc4c1583b6cc5eb79bbaee3b57b5db2 .avia_textblock{\nfont-size:16px;\n}\n<\/style>\n<section  class='av_textblock_section av-17vlfga-4cc4c1583b6cc5eb79bbaee3b57b5db2 '   itemscope=\"itemscope\" itemtype=\"https:\/\/schema.org\/CreativeWork\" ><div class='avia_textblock'  itemprop=\"text\" ><h2>Carte interactive &#8211; adh\u00e9rents \u00e0 la charte Engag\u00e9 pour le v\u00e9g\u00e9tal<\/h2>\n<p><strong>Cette carte permet de :<\/strong><\/p>\n<ul>\n<li><strong>Visualiser l&rsquo;ensemble des structures adh\u00e9rentes \u00e0 la charte ;<\/strong><\/li>\n<li><strong>Afficher leur niveau d&rsquo;adh\u00e9sion ;<\/strong><\/li>\n<li><strong>D\u00e9couvrir leurs trois points forts.<\/strong><\/li>\n<\/ul>\n<\/div><\/section><\/div><\/div><\/div><\/div><!-- close content main div --><\/div><\/div>\n<style type=\"text\/css\" data-created_by=\"avia_inline_auto\" id=\"style-css-av-lpbbnuqz-b348365e73bae210436517c2a1c83c79\">\n.avia-section.av-lpbbnuqz-b348365e73bae210436517c2a1c83c79{\nbackground-color:#ffefde;\nbackground-image:unset;\n}\n<\/style>\n<div id='av_section_1'  class='avia-section av-lpbbnuqz-b348365e73bae210436517c2a1c83c79 main_color avia-section-default avia-no-border-styling  avia-builder-el-4  el_after_av_three_fourth  el_before_av_one_full  avia-bg-style-scroll container_wrap fullsize'  ><div class='container av-section-cont-open' ><div class='template-page content  av-content-full alpha units'><div class='post-entry post-entry-type-page post-entry-13466'><div class='entry-content-wrapper clearfix'>\n<section  class='av_textblock_section av-lpi5cmcu-5918a9b4fe033717b0b4cc6e24019ad8 '   itemscope=\"itemscope\" itemtype=\"https:\/\/schema.org\/CreativeWork\" ><div class='avia_textblock'  itemprop=\"text\" ><h2 style=\"text-align: center\">L\u00e9gende de la carte<\/h2>\n<\/div><\/section>\n\n<style type=\"text\/css\" data-created_by=\"avia_inline_auto\" id=\"style-css-av-88g0hm-04c38e8a17507a5248f60c3d981cfaeb\">\n.flex_column.av-88g0hm-04c38e8a17507a5248f60c3d981cfaeb{\nborder-radius:0px 0px 0px 0px;\npadding:0px 0px 0px 0px;\n}\n<\/style>\n<div  class='flex_column av-88g0hm-04c38e8a17507a5248f60c3d981cfaeb av_one_fifth  avia-builder-el-6  el_after_av_textblock  el_before_av_one_fifth  first flex_column_div av-zero-column-padding  column-top-margin'     ><\/div>\n<style type=\"text\/css\" data-created_by=\"avia_inline_auto\" id=\"style-css-av-t7hxve-bd3061b26555b03cb6796a8fddc2fcaf\">\n.flex_column.av-t7hxve-bd3061b26555b03cb6796a8fddc2fcaf{\nborder-radius:0px 0px 0px 0px;\npadding:0px 0px 0px 0px;\n}\n<\/style>\n<div  class='flex_column av-t7hxve-bd3061b26555b03cb6796a8fddc2fcaf av_one_fifth  avia-builder-el-7  el_after_av_one_fifth  el_before_av_one_fifth  flex_column_div av-zero-column-padding  column-top-margin'     ><style type=\"text\/css\" data-created_by=\"avia_inline_auto\" id=\"style-css-av-lo775amp-a1b6173cb4ec3392a6836e9bbadaef6e\">\n.avia-image-container.av-lo775amp-a1b6173cb4ec3392a6836e9bbadaef6e img.avia_image{\nbox-shadow:none;\n}\n.avia-image-container.av-lo775amp-a1b6173cb4ec3392a6836e9bbadaef6e .av-image-caption-overlay-center{\ncolor:#ffffff;\n}\n<\/style>\n<div  class='avia-image-container av-lo775amp-a1b6173cb4ec3392a6836e9bbadaef6e av-styling- avia-align-center  avia-builder-el-8  avia-builder-el-no-sibling '   itemprop=\"image\" itemscope=\"itemscope\" itemtype=\"https:\/\/schema.org\/ImageObject\" ><div class=\"avia-image-container-inner\"><div class=\"avia-image-overlay-wrap\"><img decoding=\"async\" fetchpriority=\"high\" class='wp-image-13826 avia-img-lazy-loading-not-13826 avia_image ' src=\"https:\/\/www.fredonoccitanie.com\/jevi\/wp-content\/uploads\/sites\/2\/2023\/11\/Plan-de-travail-18-copie@3x-8.png\" alt='' title='Plan de travail 18 copie@3x-8'  height=\"328\" width=\"711\"  itemprop=\"thumbnailUrl\" srcset=\"https:\/\/www.fredonoccitanie.com\/jevi\/wp-content\/uploads\/sites\/2\/2023\/11\/Plan-de-travail-18-copie@3x-8.png 711w, https:\/\/www.fredonoccitanie.com\/jevi\/wp-content\/uploads\/sites\/2\/2023\/11\/Plan-de-travail-18-copie@3x-8-300x138.png 300w, https:\/\/www.fredonoccitanie.com\/jevi\/wp-content\/uploads\/sites\/2\/2023\/11\/Plan-de-travail-18-copie@3x-8-705x325.png 705w\" sizes=\"(max-width: 711px) 100vw, 711px\" \/><\/div><\/div><\/div><\/div>\n<style type=\"text\/css\" data-created_by=\"avia_inline_auto\" id=\"style-css-av-2wmpa6y-d0506f4c4f99e2868d81a97017082849\">\n.flex_column.av-2wmpa6y-d0506f4c4f99e2868d81a97017082849{\nborder-radius:0px 0px 0px 0px;\npadding:0px 0px 0px 0px;\n}\n<\/style>\n<div  class='flex_column av-2wmpa6y-d0506f4c4f99e2868d81a97017082849 av_one_fifth  avia-builder-el-9  el_after_av_one_fifth  el_before_av_one_fifth  flex_column_div av-zero-column-padding  column-top-margin'     ><style type=\"text\/css\" data-created_by=\"avia_inline_auto\" id=\"style-css-av-lpbbelsi-70e118b9c5b36d7a77398c15354e3689\">\n.avia-image-container.av-lpbbelsi-70e118b9c5b36d7a77398c15354e3689 img.avia_image{\nbox-shadow:none;\n}\n.avia-image-container.av-lpbbelsi-70e118b9c5b36d7a77398c15354e3689 .av-image-caption-overlay-center{\ncolor:#ffffff;\n}\n<\/style>\n<div  class='avia-image-container av-lpbbelsi-70e118b9c5b36d7a77398c15354e3689 av-styling- avia-align-center  avia-builder-el-10  avia-builder-el-no-sibling '   itemprop=\"image\" itemscope=\"itemscope\" itemtype=\"https:\/\/schema.org\/ImageObject\" ><div class=\"avia-image-container-inner\"><div class=\"avia-image-overlay-wrap\"><img decoding=\"async\" fetchpriority=\"high\" class='wp-image-13827 avia-img-lazy-loading-not-13827 avia_image ' src=\"https:\/\/www.fredonoccitanie.com\/jevi\/wp-content\/uploads\/sites\/2\/2023\/11\/Plan-de-travail-18@3x-8.png\" alt='' title='Plan de travail 18@3x-8'  height=\"328\" width=\"711\"  itemprop=\"thumbnailUrl\" srcset=\"https:\/\/www.fredonoccitanie.com\/jevi\/wp-content\/uploads\/sites\/2\/2023\/11\/Plan-de-travail-18@3x-8.png 711w, https:\/\/www.fredonoccitanie.com\/jevi\/wp-content\/uploads\/sites\/2\/2023\/11\/Plan-de-travail-18@3x-8-300x138.png 300w, https:\/\/www.fredonoccitanie.com\/jevi\/wp-content\/uploads\/sites\/2\/2023\/11\/Plan-de-travail-18@3x-8-705x325.png 705w\" sizes=\"(max-width: 711px) 100vw, 711px\" \/><\/div><\/div><\/div><\/div>\n<style type=\"text\/css\" data-created_by=\"avia_inline_auto\" id=\"style-css-av-2f2y86y-2d929809818f7c21bd2c9d7b7f7fdae4\">\n.flex_column.av-2f2y86y-2d929809818f7c21bd2c9d7b7f7fdae4{\nborder-radius:0px 0px 0px 0px;\npadding:0px 0px 0px 0px;\n}\n<\/style>\n<div  class='flex_column av-2f2y86y-2d929809818f7c21bd2c9d7b7f7fdae4 av_one_fifth  avia-builder-el-11  el_after_av_one_fifth  el_before_av_one_fifth  flex_column_div av-zero-column-padding  column-top-margin'     ><style type=\"text\/css\" data-created_by=\"avia_inline_auto\" id=\"style-css-av-lpbbeykq-fb33b4ac128ba4aeac24da9e61fb359a\">\n.avia-image-container.av-lpbbeykq-fb33b4ac128ba4aeac24da9e61fb359a img.avia_image{\nbox-shadow:none;\n}\n.avia-image-container.av-lpbbeykq-fb33b4ac128ba4aeac24da9e61fb359a .av-image-caption-overlay-center{\ncolor:#ffffff;\n}\n<\/style>\n<div  class='avia-image-container av-lpbbeykq-fb33b4ac128ba4aeac24da9e61fb359a av-styling- avia-align-center  avia-builder-el-12  avia-builder-el-no-sibling '   itemprop=\"image\" itemscope=\"itemscope\" itemtype=\"https:\/\/schema.org\/ImageObject\" ><div class=\"avia-image-container-inner\"><div class=\"avia-image-overlay-wrap\"><img decoding=\"async\" fetchpriority=\"high\" class='wp-image-13828 avia-img-lazy-loading-not-13828 avia_image ' src=\"https:\/\/www.fredonoccitanie.com\/jevi\/wp-content\/uploads\/sites\/2\/2023\/11\/Plan-de-travail-19@3x-8.png\" alt='' title='Plan de travail 19@3x-8'  height=\"327\" width=\"708\"  itemprop=\"thumbnailUrl\" srcset=\"https:\/\/www.fredonoccitanie.com\/jevi\/wp-content\/uploads\/sites\/2\/2023\/11\/Plan-de-travail-19@3x-8.png 708w, https:\/\/www.fredonoccitanie.com\/jevi\/wp-content\/uploads\/sites\/2\/2023\/11\/Plan-de-travail-19@3x-8-300x139.png 300w, https:\/\/www.fredonoccitanie.com\/jevi\/wp-content\/uploads\/sites\/2\/2023\/11\/Plan-de-travail-19@3x-8-705x326.png 705w\" sizes=\"(max-width: 708px) 100vw, 708px\" \/><\/div><\/div><\/div><\/div>\n<style type=\"text\/css\" data-created_by=\"avia_inline_auto\" id=\"style-css-av-3ajoxm-2e000c23743ff70336f0e4aa078716f9\">\n.flex_column.av-3ajoxm-2e000c23743ff70336f0e4aa078716f9{\nborder-radius:0px 0px 0px 0px;\npadding:0px 0px 0px 0px;\n}\n<\/style>\n<div  class='flex_column av-3ajoxm-2e000c23743ff70336f0e4aa078716f9 av_one_fifth  avia-builder-el-13  el_after_av_one_fifth  avia-builder-el-last  flex_column_div av-zero-column-padding  column-top-margin'     ><div  class='avia-buttonrow-wrap av-ipasa-174d99465b90483ff1cd285517832c9d avia-buttonrow-center  avia-builder-el-14  avia-builder-el-no-sibling '>\n\n<style type=\"text\/css\" data-created_by=\"avia_inline_auto\" id=\"style-css-av-1944ni2-8db7c1ae0e829a1ae84e44bf6ee301ea\">\n#top #wrap_all .avia-button.av-1944ni2-8db7c1ae0e829a1ae84e44bf6ee301ea{\nmargin-bottom:5px;\nmargin-right:3px;\nmargin-left:3px;\n}\n<\/style>\n<a href='https:\/\/fredonoccitanie189-my.sharepoint.com\/:u:\/g\/personal\/e_algans_fredon-occitanie_fr\/EaXUc-8jeRtBmIQjIbAlNKQBTpp2VeLclB05C8T5xMgbOw?e=1svXGe'  class='avia-button av-1944ni2-8db7c1ae0e829a1ae84e44bf6ee301ea avia-icon_select-yes-left-icon avia-size-small avia-color-theme-color'  target=\"_blank\"  rel=\"noopener noreferrer\"  aria-label=\"T\u00e9l\u00e9charger les donn\u00e9es (Geojson et Excel)\"><span class='avia_button_icon avia_button_icon_left avia-iconfont avia-font-entypo-fontello' data-av_icon='\ue86f' data-av_iconfont='entypo-fontello' ><\/span><span class='avia_iconbox_title' >T\u00e9l\u00e9charger les donn\u00e9es (Geojson et Excel)<\/span><\/a>\n<\/div><\/div>\n<\/div><\/div><\/div><!-- close content main div --><\/div><\/div><div id='after_section_1'  class='main_color av_default_container_wrap container_wrap fullsize'  ><div class='container av-section-cont-open' ><div class='template-page content  av-content-full alpha units'><div class='post-entry post-entry-type-page post-entry-13466'><div class='entry-content-wrapper clearfix'><\/p>\n\n<style type=\"text\/css\" data-created_by=\"avia_inline_auto\" id=\"style-css-av-2l0ievu-945835b56d5bddd883b8c173c2973245\">\n.flex_column.av-2l0ievu-945835b56d5bddd883b8c173c2973245{\nborder-radius:0px 0px 0px 0px;\npadding:0px 0px 0px 0px;\n}\n<\/style>\n<div  class='flex_column av-2l0ievu-945835b56d5bddd883b8c173c2973245 av_one_full  avia-builder-el-15  el_after_av_section  el_before_av_section  avia-builder-el-no-sibling  first flex_column_div av-zero-column-padding  '     ><\/div>\n<\/div><\/div><\/div><!-- close content main div --><\/div><\/div>\n<style type=\"text\/css\" data-created_by=\"avia_inline_auto\" id=\"style-css-av-3mirdq2-2c560a097751d850e2b674a0ca9c717a\">\n.avia-section.av-3mirdq2-2c560a097751d850e2b674a0ca9c717a{\nbackground-color:#ffefde;\nbackground-image:unset;\n}\n<\/style>\n<div id='av_section_2'  class='avia-section av-3mirdq2-2c560a097751d850e2b674a0ca9c717a main_color avia-section-default avia-no-border-styling  avia-builder-el-17  el_after_av_one_full  el_before_av_one_full  avia-bg-style-scroll container_wrap fullsize'  ><div class='container av-section-cont-open' ><div class='template-page content  av-content-full alpha units'><div class='post-entry post-entry-type-page post-entry-13466'><div class='entry-content-wrapper clearfix'>\n\n<style type=\"text\/css\" data-created_by=\"avia_inline_auto\" id=\"style-css-av-1gwse2i-feab0479898f80f85385f5463c465ea3\">\n.flex_column.av-1gwse2i-feab0479898f80f85385f5463c465ea3{\nborder-radius:0px 0px 0px 0px;\npadding:0px 0px 0px 0px;\n}\n<\/style>\n<div  class='flex_column av-1gwse2i-feab0479898f80f85385f5463c465ea3 av_one_fifth  avia-builder-el-18  el_before_av_one_fifth  avia-builder-el-first  flex_column_div av-zero-column-padding  '     ><\/div>\n<style type=\"text\/css\" data-created_by=\"avia_inline_auto\" id=\"style-css-av-1bh12d6-10d05b95d57a24cfb229b5e93f151153\">\n.flex_column.av-1bh12d6-10d05b95d57a24cfb229b5e93f151153{\nborder-radius:0px 0px 0px 0px;\npadding:0px 0px 0px 0px;\n}\n<\/style>\n<div  class='flex_column av-1bh12d6-10d05b95d57a24cfb229b5e93f151153 av_one_fifth  avia-builder-el-19  el_after_av_one_fifth  el_before_av_one_fifth  flex_column_div av-zero-column-padding  '     ><\/div>\n<style type=\"text\/css\" data-created_by=\"avia_inline_auto\" id=\"style-css-av-o04tsq-f86527617d974f73cbba6d45d7d76075\">\n.flex_column.av-o04tsq-f86527617d974f73cbba6d45d7d76075{\nborder-radius:0px 0px 0px 0px;\npadding:0px 0px 0px 0px;\n}\n<\/style>\n<div  class='flex_column av-o04tsq-f86527617d974f73cbba6d45d7d76075 av_one_fifth  avia-builder-el-20  el_after_av_one_fifth  avia-builder-el-last  flex_column_div av-zero-column-padding  '     ><\/div>\n<\/div><\/div><\/div><!-- close content main div --><\/div><\/div><div id='after_section_2'  class='main_color av_default_container_wrap container_wrap fullsize'  ><div class='container av-section-cont-open' ><div class='template-page content  av-content-full alpha units'><div class='post-entry post-entry-type-page post-entry-13466'><div class='entry-content-wrapper clearfix'>\n\n<style type=\"text\/css\" data-created_by=\"avia_inline_auto\" id=\"style-css-av-4byx7ei-4928c77ac9f6e5c483a76756f1898d41\">\n.flex_column.av-4byx7ei-4928c77ac9f6e5c483a76756f1898d41{\nborder-radius:0px 0px 0px 0px;\npadding:0px 0px 0px 0px;\n}\n<\/style>\n<div  class='flex_column av-4byx7ei-4928c77ac9f6e5c483a76756f1898d41 av_one_full  avia-builder-el-21  el_after_av_section  avia-builder-el-no-sibling  first flex_column_div av-zero-column-padding  '     ><p>\n<style type=\"text\/css\" data-created_by=\"avia_inline_auto\" id=\"style-css-av-3xoeeey-3ce927466d5ba3a8d3bd2a9882003a0b\">\n#top .hr.hr-invisible.av-3xoeeey-3ce927466d5ba3a8d3bd2a9882003a0b{\nheight:50px;\n}\n<\/style>\n<div  class='hr av-3xoeeey-3ce927466d5ba3a8d3bd2a9882003a0b hr-invisible  avia-builder-el-22  el_before_av_buttonrow  avia-builder-el-first '><span class='hr-inner '><span class=\"hr-inner-style\"><\/span><\/span><\/div><br \/>\n<div  class='avia-buttonrow-wrap av-3o16eey-f2676b3ea62d56eb8239a53e8a3e4105 avia-buttonrow-center  avia-builder-el-23  el_after_av_hr  el_before_av_buttonrow '>\n\n<style type=\"text\/css\" data-created_by=\"avia_inline_auto\" id=\"style-css-av-2yuhd96-c720a2fd85edc44fab4babe3a1cc1790\">\n#top #wrap_all .avia-button.av-2yuhd96-c720a2fd85edc44fab4babe3a1cc1790{\nmargin-bottom:5px;\nmargin-right:3px;\nmargin-left:3px;\n}\n<\/style>\n<a href='https:\/\/fredonoccitanie189-my.sharepoint.com\/:b:\/g\/personal\/e_algans_fredon-occitanie_fr\/Ebj_GKmSaP9BmzvGh5Q71CsB4hAtcU54wxwj9xX6uXS9XQ?e=rWr9pw'  class='avia-button av-2yuhd96-c720a2fd85edc44fab4babe3a1cc1790 avia-icon_select-yes-left-icon avia-size-small avia-color-theme-color'   aria-label=\"Brochure d\u2019information\"><span class='avia_button_icon avia_button_icon_left avia-iconfont avia-font-entypo-fontello' data-av_icon='\ue8b8' data-av_iconfont='entypo-fontello' ><\/span><span class='avia_iconbox_title' >Brochure d\u2019information<\/span><\/a>\n<\/div><br \/>\n<div  class='avia-buttonrow-wrap av-1ro2v2y-e063e51aefe9bb277ba8b9b7e59946c4 avia-buttonrow-center  avia-builder-el-24  el_after_av_buttonrow  avia-builder-el-last '>\n\n<style type=\"text\/css\" data-created_by=\"avia_inline_auto\" id=\"style-css-av-192xsai-442de26004509b8e583fa0c276b976ec\">\n#top #wrap_all .avia-button.av-192xsai-442de26004509b8e583fa0c276b976ec{\nmargin-bottom:5px;\nmargin-right:3px;\nmargin-left:3px;\n}\n<\/style>\n<a href='https:\/\/www.fredonoccitanie.com\/jevi\/charte-regionale-engage-pour-le-vegetal\/#candidature'  class='avia-button av-192xsai-442de26004509b8e583fa0c276b976ec avia-icon_select-yes-left-icon avia-size-small avia-color-theme-color'   aria-label=\"Pour candidater\"><span class='avia_button_icon avia_button_icon_left avia-iconfont avia-font-entypo-fontello' data-av_icon='\ue826' data-av_iconfont='entypo-fontello' ><\/span><span class='avia_iconbox_title' >Pour candidater<\/span><\/a>\n<\/div><\/p><\/div>\n","protected":false},"excerpt":{"rendered":"","protected":false},"author":5,"featured_media":0,"parent":0,"menu_order":0,"comment_status":"closed","ping_status":"closed","template":"","meta":{"footnotes":""},"class_list":["post-13466","page","type-page","status-publish","hentry"],"_links":{"self":[{"href":"https:\/\/www.fredonoccitanie.com\/jevi\/wp-json\/wp\/v2\/pages\/13466","targetHints":{"allow":["GET"]}}],"collection":[{"href":"https:\/\/www.fredonoccitanie.com\/jevi\/wp-json\/wp\/v2\/pages"}],"about":[{"href":"https:\/\/www.fredonoccitanie.com\/jevi\/wp-json\/wp\/v2\/types\/page"}],"author":[{"embeddable":true,"href":"https:\/\/www.fredonoccitanie.com\/jevi\/wp-json\/wp\/v2\/users\/5"}],"replies":[{"embeddable":true,"href":"https:\/\/www.fredonoccitanie.com\/jevi\/wp-json\/wp\/v2\/comments?post=13466"}],"version-history":[{"count":5,"href":"https:\/\/www.fredonoccitanie.com\/jevi\/wp-json\/wp\/v2\/pages\/13466\/revisions"}],"predecessor-version":[{"id":13629,"href":"https:\/\/www.fredonoccitanie.com\/jevi\/wp-json\/wp\/v2\/pages\/13466\/revisions\/13629"}],"wp:attachment":[{"href":"https:\/\/www.fredonoccitanie.com\/jevi\/wp-json\/wp\/v2\/media?parent=13466"}],"curies":[{"name":"wp","href":"https:\/\/api.w.org\/{rel}","templated":true}]}}