{"id":13459,"date":"2023-10-26T09:52:14","date_gmt":"2023-10-26T07:52:14","guid":{"rendered":"https:\/\/www.fredonoccitanie.com\/jevi\/?page_id=13459"},"modified":"2023-12-08T11:25:06","modified_gmt":"2023-12-08T10:25:06","slug":"carte-interactive","status":"publish","type":"page","link":"https:\/\/www.fredonoccitanie.com\/jevi\/carte-interactive\/","title":{"rendered":"Carte interactive"},"content":{"rendered":"<section  class='av_textblock_section av-lo6vnhxl-cbd9a278f16368665a4eb40b1cede7ff '   itemscope=\"itemscope\" itemtype=\"https:\/\/schema.org\/CreativeWork\" ><div class='avia_textblock'  itemprop=\"text\" ><h1>Retrouvez les cartes interactives<\/h1>\n<\/div><\/section>\n<div  class='hr av-1kgm5n7-6a09011c303623bba747fd2e5d98b576 hr-default  avia-builder-el-1  el_after_av_textblock  el_before_av_one_half '><span class='hr-inner '><span class=\"hr-inner-style\"><\/span><\/span><\/div>\n\n<style type=\"text\/css\" data-created_by=\"avia_inline_auto\" id=\"style-css-av-10hvo5v-84a4fa7b96e3f26112ad029a5a031d1f\">\n.flex_column.av-10hvo5v-84a4fa7b96e3f26112ad029a5a031d1f{\nborder-radius:0px 0px 0px 0px;\npadding:0px 0px 0px 0px;\n}\n<\/style>\n<div  class='flex_column av-10hvo5v-84a4fa7b96e3f26112ad029a5a031d1f av_one_half  avia-builder-el-2  el_after_av_hr  el_before_av_one_half  first flex_column_div av-zero-column-padding  '     ><section  class='av_textblock_section av-lo6vy855-5cf0480c193b982377bbedad267859cb '   itemscope=\"itemscope\" itemtype=\"https:\/\/schema.org\/CreativeWork\" ><div class='avia_textblock'  itemprop=\"text\" ><h3 style=\"text-align: center;\"><a href=\"#\">Carte interactive &#8211; Adh\u00e9rents charte \u00ab\u00a0Engag\u00e9 pour le v\u00e9g\u00e9tal\u00a0\u00bb<\/a><\/h3>\n<\/div><\/section><br \/>\n\n<style type=\"text\/css\" data-created_by=\"avia_inline_auto\" id=\"style-css-av-lo6vpkwm-e240f813f9ee052c7e7c2c0f5dea04d7\">\n.avia-image-container.av-lo6vpkwm-e240f813f9ee052c7e7c2c0f5dea04d7 img.avia_image{\nbox-shadow:none;\n}\n.avia-image-container.av-lo6vpkwm-e240f813f9ee052c7e7c2c0f5dea04d7 .av-caption-image-overlay-bg{\nopacity:0.4;\nbackground-color:#000000;\n}\n.avia-image-container.av-lo6vpkwm-e240f813f9ee052c7e7c2c0f5dea04d7 .av-image-caption-overlay-center{\ncolor:#ffffff;\n}\n<\/style>\n<div  class='avia-image-container av-lo6vpkwm-e240f813f9ee052c7e7c2c0f5dea04d7 av-styling- av-hover-grow av-img-linked avia-align-center  avia-builder-el-4  el_after_av_textblock  avia-builder-el-last  noHover av-overlay-hover-deactivate'   itemprop=\"image\" itemscope=\"itemscope\" itemtype=\"https:\/\/schema.org\/ImageObject\" ><div class=\"avia-image-container-inner\"><div class=\"avia-image-overlay-wrap\"><a href=\"https:\/\/www.fredonoccitanie.com\/jevi\/carte-interactive-engage-pour-le-vegetal\/\" class='avia_image '  aria-label='rainette_bord_rond@4x-8'><div class=\"av-image-caption-overlay\"><div class=\"av-caption-image-overlay-bg\"><\/div><div class=\"av-image-caption-overlay-position\"><div class=\"av-image-caption-overlay-center\"><\/div><\/div><\/div><img decoding=\"async\" fetchpriority=\"high\" class='wp-image-12437 avia-img-lazy-loading-not-12437 avia_image ' src=\"https:\/\/www.fredonoccitanie.com\/jevi\/wp-content\/uploads\/sites\/2\/2023\/04\/rainette_bord_rond@4x-8-300x148.png\" alt='' title='rainette_bord_rond@4x-8'  height=\"148\" width=\"300\"  itemprop=\"thumbnailUrl\"  \/><\/a><\/div><\/div><\/div><\/p><\/div>\n\n<style type=\"text\/css\" data-created_by=\"avia_inline_auto\" id=\"style-css-av-2zevwz-e3521e50a223528e5895d762e5bd5128\">\n.flex_column.av-2zevwz-e3521e50a223528e5895d762e5bd5128{\nborder-radius:0px 0px 0px 0px;\npadding:0px 0px 0px 0px;\n}\n<\/style>\n<div  class='flex_column av-2zevwz-e3521e50a223528e5895d762e5bd5128 av_one_half  avia-builder-el-5  el_after_av_one_half  avia-builder-el-last  flex_column_div av-zero-column-padding  '     ><section  class='av_textblock_section av-lo6vyyeb-2666c59e353244b9e25432dfa5562770 '   itemscope=\"itemscope\" itemtype=\"https:\/\/schema.org\/CreativeWork\" ><div class='avia_textblock'  itemprop=\"text\" ><h3 style=\"text-align: center;\"><a href=\"https:\/\/www.fredonoccitanie.com\/carte_interactive\/phyto.html\">Carte interactive &#8211; Adh\u00e9rents charte \u00ab\u00a0Objectif 0 Phyto\u00a0\u00bb <\/a><\/h3>\n<\/div><\/section><br \/>\n\n<style type=\"text\/css\" data-created_by=\"avia_inline_auto\" id=\"style-css-av-lo6vqtie-945f69395269db911348e42aed097903\">\n.avia-image-container.av-lo6vqtie-945f69395269db911348e42aed097903 img.avia_image{\nbox-shadow:none;\n}\n.avia-image-container.av-lo6vqtie-945f69395269db911348e42aed097903 .av-caption-image-overlay-bg{\nopacity:0.4;\nbackground-color:#000000;\n}\n.avia-image-container.av-lo6vqtie-945f69395269db911348e42aed097903 .av-image-caption-overlay-center{\ncolor:#ffffff;\n}\n<\/style>\n<div  class='avia-image-container av-lo6vqtie-945f69395269db911348e42aed097903 av-styling- av-img-linked avia-align-center  avia-builder-el-7  el_after_av_textblock  avia-builder-el-last  noHover av-overlay-hover-deactivate'   itemprop=\"image\" itemscope=\"itemscope\" itemtype=\"https:\/\/schema.org\/ImageObject\" ><div class=\"avia-image-container-inner\"><div class=\"avia-image-overlay-wrap\"><a href=\"https:\/\/www.fredonoccitanie.com\/carte_interactive\/phyto.html\" class='avia_image '  aria-label='Objectif Z\u00e9ro Phyto'><div class=\"av-image-caption-overlay\"><div class=\"av-caption-image-overlay-bg\"><\/div><div class=\"av-image-caption-overlay-position\"><div class=\"av-image-caption-overlay-center\"><\/div><\/div><\/div><img decoding=\"async\" fetchpriority=\"high\" class='wp-image-27 avia-img-lazy-loading-not-27 avia_image ' src=\"https:\/\/www.fredonoccitanie.com\/jevi\/wp-content\/uploads\/sites\/2\/2021\/06\/cartouche_objectif_phyto.png\" alt='' title='Objectif Z\u00e9ro Phyto'  height=\"150\" width=\"305\"  itemprop=\"thumbnailUrl\" srcset=\"https:\/\/www.fredonoccitanie.com\/jevi\/wp-content\/uploads\/sites\/2\/2021\/06\/cartouche_objectif_phyto.png 305w, https:\/\/www.fredonoccitanie.com\/jevi\/wp-content\/uploads\/sites\/2\/2021\/06\/cartouche_objectif_phyto-300x148.png 300w\" sizes=\"(max-width: 305px) 100vw, 305px\" \/><\/a><\/div><\/div><\/div><\/p><\/div>\n","protected":false},"excerpt":{"rendered":"","protected":false},"author":5,"featured_media":0,"parent":0,"menu_order":0,"comment_status":"closed","ping_status":"closed","template":"","meta":{"footnotes":""},"class_list":["post-13459","page","type-page","status-publish","hentry"],"_links":{"self":[{"href":"https:\/\/www.fredonoccitanie.com\/jevi\/wp-json\/wp\/v2\/pages\/13459","targetHints":{"allow":["GET"]}}],"collection":[{"href":"https:\/\/www.fredonoccitanie.com\/jevi\/wp-json\/wp\/v2\/pages"}],"about":[{"href":"https:\/\/www.fredonoccitanie.com\/jevi\/wp-json\/wp\/v2\/types\/page"}],"author":[{"embeddable":true,"href":"https:\/\/www.fredonoccitanie.com\/jevi\/wp-json\/wp\/v2\/users\/5"}],"replies":[{"embeddable":true,"href":"https:\/\/www.fredonoccitanie.com\/jevi\/wp-json\/wp\/v2\/comments?post=13459"}],"version-history":[{"count":5,"href":"https:\/\/www.fredonoccitanie.com\/jevi\/wp-json\/wp\/v2\/pages\/13459\/revisions"}],"predecessor-version":[{"id":18641,"href":"https:\/\/www.fredonoccitanie.com\/jevi\/wp-json\/wp\/v2\/pages\/13459\/revisions\/18641"}],"wp:attachment":[{"href":"https:\/\/www.fredonoccitanie.com\/jevi\/wp-json\/wp\/v2\/media?parent=13459"}],"curies":[{"name":"wp","href":"https:\/\/api.w.org\/{rel}","templated":true}]}}