{"id":585,"date":"2022-04-21T15:13:54","date_gmt":"2022-04-21T13:13:54","guid":{"rendered":"https:\/\/www.fredonoccitanie.com\/ambroisies\/?page_id=585"},"modified":"2023-05-26T11:17:02","modified_gmt":"2023-05-26T09:17:02","slug":"evenements","status":"publish","type":"page","link":"https:\/\/www.fredonoccitanie.com\/eesh\/evenements\/","title":{"rendered":"\u00c9v\u00e9nements Ambroisie Occitanie"},"content":{"rendered":"\n<style type=\"text\/css\" data-created_by=\"avia_inline_auto\" id=\"style-css-av-fpnvl-da1c6e3b9a4c0db897b23893c9f799e4\">\n.flex_column.av-fpnvl-da1c6e3b9a4c0db897b23893c9f799e4{\nborder-radius:0px 0px 0px 0px;\npadding:0px 0px 0px 0px;\n}\n<\/style>\n<div  class='flex_column av-fpnvl-da1c6e3b9a4c0db897b23893c9f799e4 av_two_third  avia-builder-el-0  el_before_av_one_third  avia-builder-el-first  first flex_column_div av-zero-column-padding  '     ><section  class='av_textblock_section av-l290qkd3-cfef2157e6f8c596209d46901cc66316 '   itemscope=\"itemscope\" itemtype=\"https:\/\/schema.org\/CreativeWork\" ><div class='avia_textblock'  itemprop=\"text\" ><h1>\u00c9v\u00e9nements Ambroisies Occitanie<\/h1>\n<p>Retrouvez ci-dessous tous les \u00e9v\u00e9nements de <strong>la lutte contre les Ambroisies<\/strong>.<\/p>\n<p>Ces \u00e9v\u00e9nements sont propos\u00e9s par <strong>FREDON Occitanie et\/ou ses diff\u00e9rents partenaires<\/strong> comme les CPIE d\u00e9partementaux, le RNSA, l&rsquo;Observatoire national des Ambroisies, les D\u00e9l\u00e9gations D\u00e9partementales des ARS,&#8230;etc.<\/p>\n<p>Les informations sont pr\u00e9cis\u00e9es dans chaque lien du calendrier ci-dessous. Vous pouvez <strong>cliquer dessus et obtenir une description <\/strong>de chaque \u00e9v\u00e9nement. <strong>N&rsquo;h\u00e9sitez pas \u00e0 contacter la\/les personne(s) mentionn\u00e9es<\/strong> sur l&rsquo;\u00e9v\u00e9nement pour obtenir plus d&rsquo;informations.<\/p>\n<p>Ponctuellement, vous pouvez aussi retrouver des <strong>articles plus pr\u00e9cis<\/strong> sur l&rsquo;<a href=\"https:\/\/www.fredonoccitanie.com\/ambroisies\/category\/agenda-ambroisies\/\" target=\"_blanck\">Agenda Ambroisie<\/a>.<\/p>\n<\/div><\/section><\/div>\n<style type=\"text\/css\" data-created_by=\"avia_inline_auto\" id=\"style-css-av-arxq9-2627b5a5c920d4895e8c9a6a5565d016\">\n.flex_column.av-arxq9-2627b5a5c920d4895e8c9a6a5565d016{\nborder-radius:0px 0px 0px 0px;\npadding:0px 0px 0px 0px;\n}\n<\/style>\n<div  class='flex_column av-arxq9-2627b5a5c920d4895e8c9a6a5565d016 av_one_third  avia-builder-el-2  el_after_av_two_third  el_before_av_section  avia-builder-el-last  flex_column_div av-zero-column-padding  '     ><style type=\"text\/css\" data-created_by=\"avia_inline_auto\" id=\"style-css-av-li4c0m0p-87496dbbb1e597b9d155b2d6277caf74\">\n.iconbox.av-li4c0m0p-87496dbbb1e597b9d155b2d6277caf74 .iconbox_icon{\nbackground-color:#b02b2c;\n}\n<\/style>\n<article  class='iconbox iconbox_top av-li4c0m0p-87496dbbb1e597b9d155b2d6277caf74  avia-builder-el-3  avia-builder-el-no-sibling  main_color'  itemscope=\"itemscope\" itemtype=\"https:\/\/schema.org\/CreativeWork\" ><div class=\"iconbox_content\"><header class=\"entry-content-header\" aria-label=\"Ic\u00f4ne : Liens utiles\"><div class='iconbox_icon heading-color avia-iconfont avia-font-entypo-fontello' data-av_icon='\ue822' data-av_iconfont='entypo-fontello'  ><\/div><div class='iconbox_content_title '  itemprop=\"headline\" >Liens utiles<\/div><\/header><div class='iconbox_content_container '  itemprop=\"text\" ><p style=\"text-align: center\">Pour <strong>t\u00e9l\u00e9charger<\/strong> le calendrier, <a href=\"https:\/\/calendar.google.com\/calendar\/u\/0?cid=ZHVjYXNzZS5mcmVkb25sckBnbWFpbC5jb20\" target=\"_blanck\" rel=\"noopener\">cliquez-ici<\/a>.<\/p>\n<p style=\"text-align: center\">Pour nous <strong>signaler un \u00e9v\u00e9nement Ambroisies<\/strong> dans votre d\u00e9partement Occitan, <a href=\"https:\/\/www.fredonoccitanie.com\/nous-contacter\/\" target=\"_blanck\" rel=\"noopener\"> contactez-nous<\/a> !<\/p>\n<\/div><\/div><footer class=\"entry-footer\"><\/footer><\/article><\/div><\/p>\n<\/div><\/div><\/div><!-- close content main div --><\/div><\/div>\n<style type=\"text\/css\" data-created_by=\"avia_inline_auto\" id=\"style-css-av-li4cevoq-0b18f7bc2cc056e7b6425b268d3d83c0\">\n.avia-section.av-li4cevoq-0b18f7bc2cc056e7b6425b268d3d83c0{\nbackground-color:#d1dae6;\nbackground-image:unset;\n}\n<\/style>\n<div id='av_section_1'  class='avia-section av-li4cevoq-0b18f7bc2cc056e7b6425b268d3d83c0 main_color avia-section-default avia-no-border-styling  avia-builder-el-4  el_after_av_one_third  avia-builder-el-last  avia-bg-style-scroll container_wrap fullsize'  ><div class='container av-section-cont-open' ><div class='template-page content  av-content-full alpha units'><div class='post-entry post-entry-type-page post-entry-585'><div class='entry-content-wrapper clearfix'>\n\n<style type=\"text\/css\" data-created_by=\"avia_inline_auto\" id=\"style-css-av-brk4x-bcda6d54ff4cd275081c502073a76136\">\n.flex_column.av-brk4x-bcda6d54ff4cd275081c502073a76136{\nborder-radius:0px 0px 0px 0px;\npadding:0px 0px 0px 0px;\n}\n<\/style>\n<div  class='flex_column av-brk4x-bcda6d54ff4cd275081c502073a76136 av_one_full  avia-builder-el-5  avia-builder-el-no-sibling  first flex_column_div av-zero-column-padding  '     ><section  class='av_textblock_section av-ktygpkrb-a9c314ded9d27b7269c353d351651414 '   itemscope=\"itemscope\" itemtype=\"https:\/\/schema.org\/CreativeWork\" ><div class='avia_textblock'  itemprop=\"text\" ><p style=\"text-align: center\">\n<\/div><\/section><\/div>\n\n","protected":false},"excerpt":{"rendered":"","protected":false},"author":1,"featured_media":0,"parent":0,"menu_order":0,"comment_status":"closed","ping_status":"closed","template":"","meta":{"footnotes":""},"class_list":["post-585","page","type-page","status-publish","hentry"],"_links":{"self":[{"href":"https:\/\/www.fredonoccitanie.com\/eesh\/wp-json\/wp\/v2\/pages\/585","targetHints":{"allow":["GET"]}}],"collection":[{"href":"https:\/\/www.fredonoccitanie.com\/eesh\/wp-json\/wp\/v2\/pages"}],"about":[{"href":"https:\/\/www.fredonoccitanie.com\/eesh\/wp-json\/wp\/v2\/types\/page"}],"author":[{"embeddable":true,"href":"https:\/\/www.fredonoccitanie.com\/eesh\/wp-json\/wp\/v2\/users\/1"}],"replies":[{"embeddable":true,"href":"https:\/\/www.fredonoccitanie.com\/eesh\/wp-json\/wp\/v2\/comments?post=585"}],"version-history":[{"count":5,"href":"https:\/\/www.fredonoccitanie.com\/eesh\/wp-json\/wp\/v2\/pages\/585\/revisions"}],"predecessor-version":[{"id":2760,"href":"https:\/\/www.fredonoccitanie.com\/eesh\/wp-json\/wp\/v2\/pages\/585\/revisions\/2760"}],"wp:attachment":[{"href":"https:\/\/www.fredonoccitanie.com\/eesh\/wp-json\/wp\/v2\/media?parent=585"}],"curies":[{"name":"wp","href":"https:\/\/api.w.org\/{rel}","templated":true}]}}