{"id":319,"date":"2021-07-20T09:38:02","date_gmt":"2021-07-20T07:38:02","guid":{"rendered":"https:\/\/www.fredonoccitanie.com\/ambroisies\/?page_id=319"},"modified":"2023-08-22T14:39:57","modified_gmt":"2023-08-22T12:39:57","slug":"signalement-ambroisie","status":"publish","type":"page","link":"https:\/\/www.fredonoccitanie.com\/eesh\/signalement-ambroisie\/","title":{"rendered":"Signalement ambroisie"},"content":{"rendered":"\n<style type=\"text\/css\" data-created_by=\"avia_inline_auto\" id=\"style-css-av-q4dn3-376078c640d0f09978134816c91d7eb6\">\n.flex_column.av-q4dn3-376078c640d0f09978134816c91d7eb6{\nborder-radius:0px 0px 0px 0px;\npadding:0px 0px 0px 0px;\n}\n<\/style>\n<div  class='flex_column av-q4dn3-376078c640d0f09978134816c91d7eb6 av_one_third  avia-builder-el-0  el_before_av_two_third  avia-builder-el-first  first flex_column_div av-zero-column-padding  '     ><section  class='av_textblock_section av-krbqtyjy-b910acc67797b58e7787716518387e4a '   itemscope=\"itemscope\" itemtype=\"https:\/\/schema.org\/CreativeWork\" ><div class='avia_textblock'  itemprop=\"text\" ><div class=\"wpb_column vc_column_container vc_col-sm-3\">\n<div class=\"vc_column-inner\">\n<div class=\"wpb_wrapper\">\n<div class=\"wpb_text_column wpb_content_element \">\n<h2 class=\"wpb_wrapper\">Faire un signalement sur la plateforme d\u00e9di\u00e9e :<\/h2>\n<div class=\"wpb_wrapper\">\n<ul>\n<li>par internet : <a href=\"https:\/\/signalement-ambroisie.atlasante.fr\/apropos\">signalement-ambroisie.atlasante.fr<\/a><\/li>\n<li>par application smartphone<\/li>\n<li>par mail contact@signalement-ambroisie.fr<\/li>\n<li>n\u00b0vert 0 972 376 888<\/li>\n<\/ul>\n<\/div>\n<\/div>\n<\/div>\n<\/div>\n<\/div>\n<\/div><\/section><\/div>\n\n<style type=\"text\/css\" data-created_by=\"avia_inline_auto\" id=\"style-css-av-iy647-419fc5c99641c8b78475d8a9a0c2c6ab\">\n.flex_column.av-iy647-419fc5c99641c8b78475d8a9a0c2c6ab{\nborder-radius:0px 0px 0px 0px;\npadding:0px 0px 0px 0px;\n}\n<\/style>\n<div  class='flex_column av-iy647-419fc5c99641c8b78475d8a9a0c2c6ab av_two_third  avia-builder-el-2  el_after_av_one_third  el_before_av_section  avia-builder-el-last  flex_column_div av-zero-column-padding  '     ><style type=\"text\/css\" data-created_by=\"avia_inline_auto\" id=\"style-css-av-krbqudpf-5f2a0712d035c44edcd43f1f5a72b428\">\n.avia-image-container.av-krbqudpf-5f2a0712d035c44edcd43f1f5a72b428 img.avia_image{\nbox-shadow:none;\n}\n.avia-image-container.av-krbqudpf-5f2a0712d035c44edcd43f1f5a72b428 .av-image-caption-overlay-center{\ncolor:#ffffff;\n}\n<\/style>\n<div  class='avia-image-container av-krbqudpf-5f2a0712d035c44edcd43f1f5a72b428 av-styling- av-img-linked avia-align-center  avia-builder-el-3  avia-builder-el-no-sibling '   itemprop=\"image\" itemscope=\"itemscope\" itemtype=\"https:\/\/schema.org\/ImageObject\" ><div class=\"avia-image-container-inner\"><div class=\"avia-image-overlay-wrap\"><a href=\"https:\/\/signalement-ambroisie.atlasante.fr\/dashboard\" class='avia_image '  target=\"_blank\"  rel=\"noopener noreferrer\" aria-label='signalement_ambrois'><img decoding=\"async\" fetchpriority=\"high\" class='wp-image-1399 avia-img-lazy-loading-not-1399 avia_image ' src=\"https:\/\/www.fredonoccitanie.com\/eesh\/wp-content\/uploads\/sites\/5\/2023\/04\/signalement_ambrois.png\" alt='' title='signalement_ambrois'  height=\"816\" width=\"1609\"  itemprop=\"thumbnailUrl\" srcset=\"https:\/\/www.fredonoccitanie.com\/eesh\/wp-content\/uploads\/sites\/5\/2023\/04\/signalement_ambrois.png 1609w, https:\/\/www.fredonoccitanie.com\/eesh\/wp-content\/uploads\/sites\/5\/2023\/04\/signalement_ambrois-300x152.png 300w, https:\/\/www.fredonoccitanie.com\/eesh\/wp-content\/uploads\/sites\/5\/2023\/04\/signalement_ambrois-1030x522.png 1030w, https:\/\/www.fredonoccitanie.com\/eesh\/wp-content\/uploads\/sites\/5\/2023\/04\/signalement_ambrois-768x389.png 768w, https:\/\/www.fredonoccitanie.com\/eesh\/wp-content\/uploads\/sites\/5\/2023\/04\/signalement_ambrois-1536x779.png 1536w, https:\/\/www.fredonoccitanie.com\/eesh\/wp-content\/uploads\/sites\/5\/2023\/04\/signalement_ambrois-1500x761.png 1500w, https:\/\/www.fredonoccitanie.com\/eesh\/wp-content\/uploads\/sites\/5\/2023\/04\/signalement_ambrois-705x358.png 705w\" sizes=\"(max-width: 1609px) 100vw, 1609px\" \/><\/a><\/div><\/div><\/div><\/div><\/div><\/div><\/div><!-- close content main div --><\/div><\/div>\n<style type=\"text\/css\" data-created_by=\"avia_inline_auto\" id=\"style-css-av-qtr7z-cdf57daa3459d3334f438928e81fe968\">\n.avia-section.av-qtr7z-cdf57daa3459d3334f438928e81fe968{\nbackground-color:#d1dae6;\nbackground-image:unset;\n}\n<\/style>\n<div id='av_section_1'  class='avia-section av-qtr7z-cdf57daa3459d3334f438928e81fe968 main_color avia-section-default avia-no-border-styling  avia-builder-el-4  el_after_av_two_third  el_before_av_one_fifth  avia-bg-style-scroll container_wrap fullsize'  ><div class='container av-section-cont-open' ><div class='template-page content  av-content-full alpha units'><div class='post-entry post-entry-type-page post-entry-319'><div class='entry-content-wrapper clearfix'>\n\n<style type=\"text\/css\" data-created_by=\"avia_inline_auto\" id=\"style-css-av-dhr4n-14e5d86b78dc415d8f8aaa2807fe413b\">\n.flex_column.av-dhr4n-14e5d86b78dc415d8f8aaa2807fe413b{\nborder-radius:0px 0px 0px 0px;\npadding:0px 0px 0px 0px;\n}\n<\/style>\n<div  class='flex_column av-dhr4n-14e5d86b78dc415d8f8aaa2807fe413b av_one_full  avia-builder-el-5  el_before_av_one_third  avia-builder-el-first  first flex_column_div av-zero-column-padding  '     ><section  class='av_textblock_section av-krbqv02c-cee5e33041f08e1ff60ad98dd4fc5d20 '   itemscope=\"itemscope\" itemtype=\"https:\/\/schema.org\/CreativeWork\" ><div class='avia_textblock'  itemprop=\"text\" ><div class=\"wpb_column vc_column_container vc_col-sm-3\">\n<div class=\"wpb_text_column wpb_content_element \">\n<h2 class=\"wpb_wrapper\" style=\"text-align: center\">Il faut indiquer les coordonn\u00e9es GPS et envoyer une photo<\/h2>\n<div class=\"wpb_wrapper\" style=\"text-align: center\">Le r\u00e9f\u00e9rent communal et le coordinateur r\u00e9gional seront avertis, et suivront la gestion du foyer.<\/div>\n<div class=\"wpb_wrapper\" style=\"text-align: center\">Si vous avez des questions, vous pouvez nous contacter via notre <a href=\"https:\/\/www.fredonoccitanie.com\/nous-contacter\/\" target=\"_blanck\" rel=\"noopener\">formulaire de contact<\/a>.<\/div>\n<div class=\"wpb_wrapper\" style=\"text-align: center\">Selon que l\u2019on soit un promeneur, un agriculteur, un propri\u00e9taire, un jardinier ou un gestionnaire d\u2019espace\u00a0:<\/div>\n<\/div>\n<\/div>\n<\/div><\/section><\/div>\n<style type=\"text\/css\" data-created_by=\"avia_inline_auto\" id=\"style-css-av-bq6jr-c5d9c2f42743e7be5663a48407482e95\">\n.flex_column.av-bq6jr-c5d9c2f42743e7be5663a48407482e95{\nborder-radius:0px 0px 0px 0px;\npadding:0px 0px 0px 0px;\n}\n<\/style>\n<div  class='flex_column av-bq6jr-c5d9c2f42743e7be5663a48407482e95 av_one_third  avia-builder-el-7  el_after_av_one_full  el_before_av_one_third  first flex_column_div av-zero-column-padding  column-top-margin'     ><section  class='av_textblock_section av-krj8nnb7-4de3d8adc50bd7353bcc6f920868d1a4 '   itemscope=\"itemscope\" itemtype=\"https:\/\/schema.org\/CreativeWork\" ><div class='avia_textblock'  itemprop=\"text\" ><h3>1- L\u2019arracher si cela est possible<\/h3>\n<p>La meilleure p\u00e9riode est avant floraison car elle ne pr\u00e9sente pas de risque d\u2019allergie. En cas de floraison, mettre des gants et des lunettes de protection.<\/p>\n<\/div><\/section><\/div>\n<style type=\"text\/css\" data-created_by=\"avia_inline_auto\" id=\"style-css-av-t0l6n-60ff2c553ab489e0c9f5a6fb2a7b4c28\">\n.flex_column.av-t0l6n-60ff2c553ab489e0c9f5a6fb2a7b4c28{\nborder-radius:0px 0px 0px 0px;\npadding:0px 0px 0px 0px;\n}\n<\/style>\n<div  class='flex_column av-t0l6n-60ff2c553ab489e0c9f5a6fb2a7b4c28 av_one_third  avia-builder-el-9  el_after_av_one_third  el_before_av_one_third  flex_column_div av-zero-column-padding  column-top-margin'     ><section  class='av_textblock_section av-n7p4f-7ecac24daa126ecaf6c213d2a86b77f6 '   itemscope=\"itemscope\" itemtype=\"https:\/\/schema.org\/CreativeWork\" ><div class='avia_textblock'  itemprop=\"text\" ><h3>2- La faucher<\/h3>\n<p>Mais attention, une fauche pr\u00e9coce favorise la floraison (la plante r\u00e9\u00e9met des tiges fertiles) et une coupe tardive en septembre favorise la diss\u00e9mination des graines. La coupe doit \u00eatre effectu\u00e9e \u00e0 une hauteur sup\u00e9rieure \u00e0 10 cm pour favoriser la comp\u00e9tition d\u2019autres plantes. Le meilleur moment est juste avant la floraison (juillet) mais cela peut \u00eatre en contradiction avec la destruction des CIPAN et des jach\u00e8res : se renseigner aupr\u00e8s de la DDTM pour demander des d\u00e9rogations si n\u00e9cessaire.<\/p>\n<\/div><\/section><\/div>\n<style type=\"text\/css\" data-created_by=\"avia_inline_auto\" id=\"style-css-av-dfcpj-eb7d68cef119878191bc410f2a90cc5b\">\n.flex_column.av-dfcpj-eb7d68cef119878191bc410f2a90cc5b{\nborder-radius:0px 0px 0px 0px;\npadding:0px 0px 0px 0px;\n}\n<\/style>\n<div  class='flex_column av-dfcpj-eb7d68cef119878191bc410f2a90cc5b av_one_third  avia-builder-el-11  el_after_av_one_third  avia-builder-el-last  flex_column_div av-zero-column-padding  column-top-margin'     ><section  class='av_textblock_section av-7q64v-c2fd86aded83e106ca98cfda48d2e411 '   itemscope=\"itemscope\" itemtype=\"https:\/\/schema.org\/CreativeWork\" ><div class='avia_textblock'  itemprop=\"text\" ><h3>3- Pr\u00e9voir une gestion par concurrence des v\u00e9g\u00e9taux comme un engazonnement multi-vari\u00e9t\u00e9s<\/h3>\n<p>Se renseigner par exemple aupr\u00e8s de la marque V\u00e9g\u00e9tal local\u00ae . <a href=\"https:\/\/www.vegetal-local.fr\" target=\"_blank\" rel=\"noopener\">https:\/\/www.vegetal-local.fr<\/a><\/p>\n<\/div><\/section><\/div>\n<\/div><\/div><\/div><!-- close content main div --><\/div><\/div><div id='after_section_1'  class='main_color av_default_container_wrap container_wrap fullsize'  ><div class='container av-section-cont-open' ><div class='template-page content  av-content-full alpha units'><div class='post-entry post-entry-type-page post-entry-319'><div class='entry-content-wrapper clearfix'><\/p>\n\n<style type=\"text\/css\" data-created_by=\"avia_inline_auto\" id=\"style-css-av-12cnb-0066ee89cd49b56f1e83b7639abafdf3\">\n.flex_column.av-12cnb-0066ee89cd49b56f1e83b7639abafdf3{\nborder-radius:0px 0px 0px 0px;\npadding:0px 0px 0px 0px;\n}\n<\/style>\n<div  class='flex_column av-12cnb-0066ee89cd49b56f1e83b7639abafdf3 av_one_fifth  avia-builder-el-13  el_after_av_section  el_before_av_three_fifth  avia-builder-el-first  first flex_column_div av-zero-column-padding  '     ><\/div>\n\n<style type=\"text\/css\" data-created_by=\"avia_inline_auto\" id=\"style-css-av-25kon-15aa5bc96eb1d3d3213a1a08ae7a265f\">\n.flex_column.av-25kon-15aa5bc96eb1d3d3213a1a08ae7a265f{\nborder-radius:0px 0px 0px 0px;\npadding:0px 0px 0px 0px;\n}\n<\/style>\n<div  class='flex_column av-25kon-15aa5bc96eb1d3d3213a1a08ae7a265f av_three_fifth  avia-builder-el-14  el_after_av_one_fifth  el_before_av_one_fifth  flex_column_div av-zero-column-padding  '     ><section  class='av_textblock_section av-liis4rau-e94a92895f25149d88b28b392d3938ff '   itemscope=\"itemscope\" itemtype=\"https:\/\/schema.org\/CreativeWork\" ><div class='avia_textblock'  itemprop=\"text\" ><h2 style=\"text-align: center\">Pour plus d&rsquo;informations, consultez nos pages d\u00e9di\u00e9es<\/h2>\n<\/div><\/section><br \/>\n<div  class='avia-buttonrow-wrap av-liisadk0-b5e64dd07e5879fbe914a9c034bf9ab0 avia-buttonrow-center  avia-builder-el-16  el_after_av_textblock  avia-builder-el-last '>\n\n<style type=\"text\/css\" data-created_by=\"avia_inline_auto\" id=\"style-css-av-liis5msg-ae483ee5797661957edff2b3f17b94de\">\n#top #wrap_all .avia-button.av-liis5msg-ae483ee5797661957edff2b3f17b94de{\nbackground-color:#0c4e67;\nborder-color:#0c4e67;\ncolor:#ffffff;\ntransition:all 0.4s ease-in-out;\nmargin-bottom:5px;\nmargin-right:3px;\nmargin-left:3px;\n}\n#top #wrap_all .avia-button.av-liis5msg-ae483ee5797661957edff2b3f17b94de .avia-svg-icon svg:first-child{\nfill:#ffffff;\nstroke:#ffffff;\n}\n<\/style>\n<a href='https:\/\/www.fredonoccitanie.com\/ambroisies\/le-referent\/'  class='avia-button av-liis5msg-ae483ee5797661957edff2b3f17b94de avia-icon_select-yes-left-icon avia-size-small'  target=\"_blank\"  rel=\"noopener noreferrer\"  aria-label=\"Le R\u00e9f\u00e9rent\"><span class='avia_button_icon avia_button_icon_left avia-iconfont avia-font-entypo-fontello' data-av_icon='\ue80a' data-av_iconfont='entypo-fontello' ><\/span><span class='avia_iconbox_title' >Le R\u00e9f\u00e9rent<\/span><\/a>\n\n<style type=\"text\/css\" data-created_by=\"avia_inline_auto\" id=\"style-css-av-liis5msg-8e0691b71b046024857f59ad50c159d1\">\n#top #wrap_all .avia-button.av-liis5msg-8e0691b71b046024857f59ad50c159d1{\nbackground-color:#0c4e67;\nborder-color:#0c4e67;\ncolor:#ffffff;\ntransition:all 0.4s ease-in-out;\nmargin-bottom:5px;\nmargin-right:3px;\nmargin-left:3px;\n}\n#top #wrap_all .avia-button.av-liis5msg-8e0691b71b046024857f59ad50c159d1 .avia-svg-icon svg:first-child{\nfill:#ffffff;\nstroke:#ffffff;\n}\n<\/style>\n<a href='https:\/\/www.fredonoccitanie.com\/ambroisies\/les-ambroisies\/'  class='avia-button av-liis5msg-8e0691b71b046024857f59ad50c159d1 avia-icon_select-yes-left-icon avia-size-small'  target=\"_blank\"  rel=\"noopener noreferrer\"  aria-label=\"Les Ambroisies\"><span class='avia_button_icon avia_button_icon_left avia-iconfont avia-font-entypo-fontello' data-av_icon='\ue8b8' data-av_iconfont='entypo-fontello' ><\/span><span class='avia_iconbox_title' >Les Ambroisies<\/span><\/a>\n\n<style type=\"text\/css\" data-created_by=\"avia_inline_auto\" id=\"style-css-av-liis5msg-29d7423561c4cb20b41626222ed9799a\">\n#top #wrap_all .avia-button.av-liis5msg-29d7423561c4cb20b41626222ed9799a{\nbackground-color:#0c4e67;\nborder-color:#0c4e67;\ncolor:#ffffff;\ntransition:all 0.4s ease-in-out;\nmargin-bottom:5px;\nmargin-right:3px;\nmargin-left:3px;\n}\n#top #wrap_all .avia-button.av-liis5msg-29d7423561c4cb20b41626222ed9799a .avia-svg-icon svg:first-child{\nfill:#ffffff;\nstroke:#ffffff;\n}\n<\/style>\n<a href='https:\/\/www.fredonoccitanie.com\/ambroisies\/phototheque\/'  class='avia-button av-liis5msg-29d7423561c4cb20b41626222ed9799a avia-icon_select-yes-left-icon avia-size-small'  target=\"_blank\"  rel=\"noopener noreferrer\"  aria-label=\"Phototh\u00e8que\"><span class='avia_button_icon avia_button_icon_left avia-iconfont avia-font-entypo-fontello' data-av_icon='\ue80f' data-av_iconfont='entypo-fontello' ><\/span><span class='avia_iconbox_title' >Phototh\u00e8que<\/span><\/a>\n\n<style type=\"text\/css\" data-created_by=\"avia_inline_auto\" id=\"style-css-av-liis5msg-0b055d7025f22422323d58ea66770e7a\">\n#top #wrap_all .avia-button.av-liis5msg-0b055d7025f22422323d58ea66770e7a{\nbackground-color:#0c4e67;\nborder-color:#0c4e67;\ncolor:#ffffff;\ntransition:all 0.4s ease-in-out;\nmargin-bottom:5px;\nmargin-right:3px;\nmargin-left:3px;\n}\n#top #wrap_all .avia-button.av-liis5msg-0b055d7025f22422323d58ea66770e7a .avia-svg-icon svg:first-child{\nfill:#ffffff;\nstroke:#ffffff;\n}\n<\/style>\n<a href='https:\/\/www.fredonoccitanie.com\/ambroisies\/mediatheque\/'  class='avia-button av-liis5msg-0b055d7025f22422323d58ea66770e7a avia-icon_select-yes-left-icon avia-size-small'  target=\"_blank\"  rel=\"noopener noreferrer\"  aria-label=\"M\u00e9diath\u00e8que\"><span class='avia_button_icon avia_button_icon_left avia-iconfont avia-font-entypo-fontello' data-av_icon='\ue83a' data-av_iconfont='entypo-fontello' ><\/span><span class='avia_iconbox_title' >M\u00e9diath\u00e8que<\/span><\/a>\n\n<style type=\"text\/css\" data-created_by=\"avia_inline_auto\" id=\"style-css-av-liis5msg-097f8873fc1d4ebde8383166be493ee5\">\n#top #wrap_all .avia-button.av-liis5msg-097f8873fc1d4ebde8383166be493ee5{\nbackground-color:#0c4e67;\nborder-color:#0c4e67;\ncolor:#ffffff;\ntransition:all 0.4s ease-in-out;\nmargin-bottom:5px;\nmargin-right:3px;\nmargin-left:3px;\n}\n#top #wrap_all .avia-button.av-liis5msg-097f8873fc1d4ebde8383166be493ee5 .avia-svg-icon svg:first-child{\nfill:#ffffff;\nstroke:#ffffff;\n}\n<\/style>\n<a href='https:\/\/www.fredonoccitanie.com\/ambroisies\/bibliotheque-des-outils-des-ambroisies\/'  class='avia-button av-liis5msg-097f8873fc1d4ebde8383166be493ee5 avia-icon_select-yes-left-icon avia-size-small'  target=\"_blank\"  rel=\"noopener noreferrer\"  aria-label=\"Outils de Communication\"><span class='avia_button_icon avia_button_icon_left avia-iconfont avia-font-entypo-fontello' data-av_icon='\ue83a' data-av_iconfont='entypo-fontello' ><\/span><span class='avia_iconbox_title' >Outils de Communication<\/span><\/a>\n<\/div><\/p><\/div>\n\n<style type=\"text\/css\" data-created_by=\"avia_inline_auto\" id=\"style-css-av-8rcvb-e78917bcacc6e14ab0a9d7ebaea617df\">\n.flex_column.av-8rcvb-e78917bcacc6e14ab0a9d7ebaea617df{\nborder-radius:0px 0px 0px 0px;\npadding:0px 0px 0px 0px;\n}\n<\/style>\n<div  class='flex_column av-8rcvb-e78917bcacc6e14ab0a9d7ebaea617df av_one_fifth  avia-builder-el-17  el_after_av_three_fifth  avia-builder-el-last  flex_column_div av-zero-column-padding  '     ><\/div>\n","protected":false},"excerpt":{"rendered":"","protected":false},"author":1,"featured_media":0,"parent":0,"menu_order":2,"comment_status":"closed","ping_status":"closed","template":"","meta":{"footnotes":""},"class_list":["post-319","page","type-page","status-publish","hentry"],"_links":{"self":[{"href":"https:\/\/www.fredonoccitanie.com\/eesh\/wp-json\/wp\/v2\/pages\/319","targetHints":{"allow":["GET"]}}],"collection":[{"href":"https:\/\/www.fredonoccitanie.com\/eesh\/wp-json\/wp\/v2\/pages"}],"about":[{"href":"https:\/\/www.fredonoccitanie.com\/eesh\/wp-json\/wp\/v2\/types\/page"}],"author":[{"embeddable":true,"href":"https:\/\/www.fredonoccitanie.com\/eesh\/wp-json\/wp\/v2\/users\/1"}],"replies":[{"embeddable":true,"href":"https:\/\/www.fredonoccitanie.com\/eesh\/wp-json\/wp\/v2\/comments?post=319"}],"version-history":[{"count":5,"href":"https:\/\/www.fredonoccitanie.com\/eesh\/wp-json\/wp\/v2\/pages\/319\/revisions"}],"predecessor-version":[{"id":2758,"href":"https:\/\/www.fredonoccitanie.com\/eesh\/wp-json\/wp\/v2\/pages\/319\/revisions\/2758"}],"wp:attachment":[{"href":"https:\/\/www.fredonoccitanie.com\/eesh\/wp-json\/wp\/v2\/media?parent=319"}],"curies":[{"name":"wp","href":"https:\/\/api.w.org\/{rel}","templated":true}]}}