{"id":2090,"date":"2023-06-06T09:51:08","date_gmt":"2023-06-06T07:51:08","guid":{"rendered":"https:\/\/www.fredonoccitanie.com\/ambroisies\/?page_id=2090"},"modified":"2023-06-28T10:13:28","modified_gmt":"2023-06-28T08:13:28","slug":"ressources-sommaire","status":"publish","type":"page","link":"https:\/\/www.fredonoccitanie.com\/eesh\/ressources-sommaire\/","title":{"rendered":"Ressources Sommaire"},"content":{"rendered":"\n<style type=\"text\/css\" data-created_by=\"avia_inline_auto\" id=\"style-css-av-7qw4ii-43c3c3dba4374243f80d360fe36e76f4\">\n.flex_column.av-7qw4ii-43c3c3dba4374243f80d360fe36e76f4{\nborder-radius:0px 0px 0px 0px;\npadding:0px 0px 0px 0px;\n}\n<\/style>\n<div  class='flex_column av-7qw4ii-43c3c3dba4374243f80d360fe36e76f4 av_one_full  avia-builder-el-0  el_before_av_one_full  avia-builder-el-first  first flex_column_div av-zero-column-padding  '     ><section  class='av_textblock_section av-lijy8mmy-1962ef61529ca00ebba43ebe83da7f9c '   itemscope=\"itemscope\" itemtype=\"https:\/\/schema.org\/CreativeWork\" ><div class='avia_textblock'  itemprop=\"text\" ><p style=\"text-align: center\"><em><strong>Cliquez sur l\u2019ic\u00f4ne de votre choix pour acc\u00e9der \u00e0 la page correspondante<\/strong><\/em><\/p>\n<\/div><\/section><\/div>\n\n<style type=\"text\/css\" data-created_by=\"avia_inline_auto\" id=\"style-css-av-64txlm-9c6270d706f16ffc9bc3cd2faa0dfbf0\">\n.flex_column.av-64txlm-9c6270d706f16ffc9bc3cd2faa0dfbf0{\nborder-radius:0px 0px 0px 0px;\npadding:0px 0px 0px 0px;\n}\n<\/style>\n<div  class='flex_column av-64txlm-9c6270d706f16ffc9bc3cd2faa0dfbf0 av_one_full  avia-builder-el-2  el_after_av_one_full  avia-builder-el-last  first flex_column_div av-zero-column-padding  column-top-margin'     ><style type=\"text\/css\" data-created_by=\"avia_inline_auto\" id=\"style-css-av-lijyg7oq-f78abcca08b478cab30d004d41446dbc\">\n.avia-icon-grid-container.av-lijyg7oq-f78abcca08b478cab30d004d41446dbc .avia-icongrid{\njustify-content:space-between;\n}\n.avia-icon-grid-container.av-lijyg7oq-f78abcca08b478cab30d004d41446dbc .avia-icongrid-wrapper .avia-icongrid-content{\nbackground-color:#d1dae6;\n}\n.avia-icon-grid-container.av-lijyg7oq-f78abcca08b478cab30d004d41446dbc .avia-icongrid-wrapper .avia-icongrid-flipback{\nbackground-color:#d1dae6;\n}\n<\/style>\n<div  class='avia-icon-grid-container av-lijyg7oq-f78abcca08b478cab30d004d41446dbc  avia-builder-el-3  avia-builder-el-no-sibling ' ><ul id='avia-icongrid-69f316ea53eab' class='avia-icongrid clearfix avia_animate_when_almost_visible avia-icongrid-flipbox avia-icongrid-numrow-3 avia-cell-space-between av-flex-cells av-break-767 av-can-break-50'>\n<li class='av-icon-cell-item av-row-with-3-cells av-row-nr-1 av-cell-1 av-first-cell-row av-first-cell-item'><a href='https:\/\/www.fredonoccitanie.com\/ambroisies\/phototheque\/' title='Phototh\u00e8que'  target=\"_blank\"  rel=\"noopener noreferrer\" class='avia-icongrid-wrapper av-lijyg5g0-7423ce1a5e4be917e0a8f2450e1f7082'><article class='article-icon-entry '  itemscope=\"itemscope\" itemtype=\"https:\/\/schema.org\/CreativeWork\" ><div class='avia-icongrid-front '><div class=\"avia-icongrid-inner\"><div class='avia-icongrid-icon'><span class='icongrid-char avia-iconfont avia-font-entypo-fontello' data-av_icon='\ue80f' data-av_iconfont='entypo-fontello' ><\/span><\/div><header class=\"entry-content-header\" aria-label=\"Ic\u00f4ne : Phototh\u00e8que\"><h4 class='av_icongrid_title icongrid_title '  itemprop=\"headline\" >Phototh\u00e8que<\/h4><\/header><\/div><\/div><div class='avia-icongrid-flipback '><div class=\"avia-icongrid-inner\"><div class='avia-icongrid-text'  itemprop=\"text\" ><h5 style=\"text-align: center\">Biblioth\u00e8que de photos des Ambroisies<\/h5>\n<p style=\"text-align: center\">Pour bien reconna\u00eetre les 3 esp\u00e8ces d&rsquo;Ambroisies pr\u00e9sentes en Occitanie : Retrouvez des <strong>photos<\/strong> des diff\u00e9rents <strong>stades de d\u00e9veloppement<\/strong> (plantule \u00e0 graines) ainsi que des photos des <strong>confusions possibles<\/strong> avec d&rsquo;autres plantes (armoise, bidens,&#8230;etc.)<\/p>\n<\/div><\/div><\/div><\/article><\/a><\/li>\n<li class='av-icon-cell-item av-row-with-3-cells av-row-nr-1 av-cell-2 av-first-cell-row av-inner-cell-item'><a href='https:\/\/www.fredonoccitanie.com\/ambroisies\/mediatheque\/' title='M\u00e9diath\u00e8que'  target=\"_blank\"  rel=\"noopener noreferrer\" class='avia-icongrid-wrapper av-lijyg5g0-2c385cf3f08cd59cf5b6f9b634eabbd3'><article class='article-icon-entry '  itemscope=\"itemscope\" itemtype=\"https:\/\/schema.org\/CreativeWork\" ><div class='avia-icongrid-front '><div class=\"avia-icongrid-inner\"><div class='avia-icongrid-icon'><span class='icongrid-char avia-iconfont avia-font-entypo-fontello' data-av_icon='\ue8ab' data-av_iconfont='entypo-fontello' ><\/span><\/div><header class=\"entry-content-header\" aria-label=\"Ic\u00f4ne : M\u00e9diath\u00e8que\"><h4 class='av_icongrid_title icongrid_title '  itemprop=\"headline\" >M\u00e9diath\u00e8que<\/h4><\/header><\/div><\/div><div class='avia-icongrid-flipback '><div class=\"avia-icongrid-inner\"><div class='avia-icongrid-text'  itemprop=\"text\" ><h5 style=\"text-align: center\">Biblioth\u00e8que des outils multim\u00e9dias<\/h5>\n<p style=\"text-align: center\">Retrouvez des <strong>vid\u00e9os\/podcast<\/strong>, des <strong>liens utiles<\/strong> et des <strong>guides\/formations \u00e0 t\u00e9l\u00e9charger<\/strong> pour vous <strong>approprier les m\u00e9thodes de gestion\/lutte<\/strong> contre les Ambroisies et partager autour de vous !<\/p>\n<\/div><\/div><\/div><\/article><\/a><\/li>\n<li class='av-icon-cell-item av-row-with-3-cells av-row-nr-1 av-cell-3 av-first-cell-row av-last-cell-item'><a href='https:\/\/www.fredonoccitanie.com\/ambroisies\/bibliotheque-des-outils-des-ambroisies\/' title='Outils de Communication'  target=\"_blank\"  rel=\"noopener noreferrer\" class='avia-icongrid-wrapper av-lijyg5g0-befca374fc7354b2e05fc0fe26fe327e'><article class='article-icon-entry '  itemscope=\"itemscope\" itemtype=\"https:\/\/schema.org\/CreativeWork\" ><div class='avia-icongrid-front '><div class=\"avia-icongrid-inner\"><div class='avia-icongrid-icon'><span class='icongrid-char avia-iconfont avia-font-entypo-fontello' data-av_icon='\ue849' data-av_iconfont='entypo-fontello' ><\/span><\/div><header class=\"entry-content-header\" aria-label=\"Ic\u00f4ne : Outils de Communication\"><h4 class='av_icongrid_title icongrid_title '  itemprop=\"headline\" >Outils de Communication<\/h4><\/header><\/div><\/div><div class='avia-icongrid-flipback '><div class=\"avia-icongrid-inner\"><div class='avia-icongrid-text'  itemprop=\"text\" ><h5 style=\"text-align: center\">Biblioth\u00e8que des outils de communication<\/h5>\n<p style=\"text-align: center\">Brochures, flyers, plaquettes, affiches, &#8230;etc. Retrouvez <strong>tous nos outils de communication pour parler de la lutte<\/strong> contre les Ambroisies.<\/p>\n<\/div><\/div><\/div><\/article><\/a><\/li>\n<li class='av-icon-cell-item av-row-with-3-cells av-row-nr-2 av-cell-1 av-next-cell-row av-first-cell-item'><a href='https:\/\/www.fredonoccitanie.com\/eesh\/category\/actualites-ambroisies\/' title='Actualit\u00e9s Ambroisies'  target=\"_blank\"  rel=\"noopener noreferrer\" class='avia-icongrid-wrapper av-lijyg5g0-4453174668e292ff57bc6c1684d0266e'><article class='article-icon-entry '  itemscope=\"itemscope\" itemtype=\"https:\/\/schema.org\/CreativeWork\" ><div class='avia-icongrid-front '><div class=\"avia-icongrid-inner\"><div class='avia-icongrid-icon'><span class='icongrid-char avia-iconfont avia-font-entypo-fontello' data-av_icon='\ue84e' data-av_iconfont='entypo-fontello' ><\/span><\/div><header class=\"entry-content-header\" aria-label=\"Ic\u00f4ne : Actualit\u00e9s Ambroisies\"><h4 class='av_icongrid_title icongrid_title '  itemprop=\"headline\" >Actualit\u00e9s Ambroisies<\/h4><\/header><\/div><\/div><div class='avia-icongrid-flipback '><div class=\"avia-icongrid-inner\"><div class='avia-icongrid-text'  itemprop=\"text\" ><h5 style=\"text-align: center\">Archive de nos Articles Actualit\u00e9s Ambroisies<\/h5>\n<p style=\"text-align: center\">Retrouvez l&rsquo;ensemble de nos articles publi\u00e9s sur notre site internet et nos r\u00e9seaux sociaux.<\/p>\n<\/div><\/div><\/div><\/article><\/a><\/li>\n<li class='av-icon-cell-item av-row-with-3-cells av-row-nr-2 av-cell-2 av-next-cell-row av-inner-cell-item'><a href='https:\/\/www.fredonoccitanie.com\/eesh\/category\/agenda-ambroisies\/' title='\u00c9v\u00e9nements Ambroisies'  target=\"_blank\"  rel=\"noopener noreferrer\" class='avia-icongrid-wrapper av-lijyg5g0-f262313a8477086f28d3647b11610923'><article class='article-icon-entry '  itemscope=\"itemscope\" itemtype=\"https:\/\/schema.org\/CreativeWork\" ><div class='avia-icongrid-front '><div class=\"avia-icongrid-inner\"><div class='avia-icongrid-icon'><span class='icongrid-char avia-iconfont avia-font-entypo-fontello' data-av_icon='\ue85b' data-av_iconfont='entypo-fontello' ><\/span><\/div><header class=\"entry-content-header\" aria-label=\"Ic\u00f4ne : \u00c9v\u00e9nements Ambroisies\"><h4 class='av_icongrid_title icongrid_title '  itemprop=\"headline\" >\u00c9v\u00e9nements Ambroisies<\/h4><\/header><\/div><\/div><div class='avia-icongrid-flipback '><div class=\"avia-icongrid-inner\"><div class='avia-icongrid-text'  itemprop=\"text\" ><h5 style=\"text-align: center\">Archive de nos Articles d\u2019\u00c9v\u00e9nements\/Agenda<\/h5>\n<p style=\"text-align: center\">Retrouvez l&rsquo;ensemble de nos articles publi\u00e9s sur notre site internet et nos r\u00e9seaux sociaux.<\/p>\n<\/div><\/div><\/div><\/article><\/a><\/li>\n<li class='av-icon-cell-item av-row-with-3-cells av-row-nr-2 av-cell-3 av-next-cell-row av-last-cell-item'><a href='https:\/\/www.fredonoccitanie.com\/eesh\/lettre-ambroisies\/' title='Lettres Ambroisies'  target=\"_blank\"  rel=\"noopener noreferrer\" class='avia-icongrid-wrapper av-lijyg5g0-41fe9e66d0cfd711173b72a769d64f8f'><article class='article-icon-entry '  itemscope=\"itemscope\" itemtype=\"https:\/\/schema.org\/CreativeWork\" ><div class='avia-icongrid-front '><div class=\"avia-icongrid-inner\"><div class='avia-icongrid-icon'><span class='icongrid-char avia-iconfont avia-font-entypo-fontello' data-av_icon='\ue83d' data-av_iconfont='entypo-fontello' ><\/span><\/div><header class=\"entry-content-header\" aria-label=\"Ic\u00f4ne : Lettres Ambroisies\"><h4 class='av_icongrid_title icongrid_title '  itemprop=\"headline\" >Lettres Ambroisies<\/h4><\/header><\/div><\/div><div class='avia-icongrid-flipback '><div class=\"avia-icongrid-inner\"><div class='avia-icongrid-text'  itemprop=\"text\" ><h5 style=\"text-align: center\">Archive de nos Lettres Ambroisies<\/h5>\n<p style=\"text-align: center\">Retrouvez l&rsquo;ensemble de nos lettres publi\u00e9es sur notre site internet et nos r\u00e9seaux sociaux.<\/p>\n<\/div><\/div><\/div><\/article><\/a><\/li>\n<\/ul><\/div><\/div>\n","protected":false},"excerpt":{"rendered":"","protected":false},"author":18,"featured_media":0,"parent":0,"menu_order":0,"comment_status":"closed","ping_status":"closed","template":"","meta":{"footnotes":""},"class_list":["post-2090","page","type-page","status-publish","hentry"],"_links":{"self":[{"href":"https:\/\/www.fredonoccitanie.com\/eesh\/wp-json\/wp\/v2\/pages\/2090","targetHints":{"allow":["GET"]}}],"collection":[{"href":"https:\/\/www.fredonoccitanie.com\/eesh\/wp-json\/wp\/v2\/pages"}],"about":[{"href":"https:\/\/www.fredonoccitanie.com\/eesh\/wp-json\/wp\/v2\/types\/page"}],"author":[{"embeddable":true,"href":"https:\/\/www.fredonoccitanie.com\/eesh\/wp-json\/wp\/v2\/users\/18"}],"replies":[{"embeddable":true,"href":"https:\/\/www.fredonoccitanie.com\/eesh\/wp-json\/wp\/v2\/comments?post=2090"}],"version-history":[{"count":5,"href":"https:\/\/www.fredonoccitanie.com\/eesh\/wp-json\/wp\/v2\/pages\/2090\/revisions"}],"predecessor-version":[{"id":3114,"href":"https:\/\/www.fredonoccitanie.com\/eesh\/wp-json\/wp\/v2\/pages\/2090\/revisions\/3114"}],"wp:attachment":[{"href":"https:\/\/www.fredonoccitanie.com\/eesh\/wp-json\/wp\/v2\/media?parent=2090"}],"curies":[{"name":"wp","href":"https:\/\/api.w.org\/{rel}","templated":true}]}}