{"id":1772,"date":"2023-06-05T12:38:09","date_gmt":"2023-06-05T10:38:09","guid":{"rendered":"https:\/\/www.fredonoccitanie.com\/ambroisies\/?page_id=1772"},"modified":"2023-10-25T09:50:13","modified_gmt":"2023-10-25T07:50:13","slug":"nos-partenaires","status":"publish","type":"page","link":"https:\/\/www.fredonoccitanie.com\/eesh\/nos-partenaires\/","title":{"rendered":"Nos Partenaires"},"content":{"rendered":"<section  class='av_textblock_section av-1iv4rg-a226ba91a368d808b1378fd78c1bb901 '   itemscope=\"itemscope\" itemtype=\"https:\/\/schema.org\/CreativeWork\" ><div class='avia_textblock'  itemprop=\"text\" ><h1>Partenaires R\u00e9gionaux de la gestion des ambroisies<\/h1>\n<\/div><\/section>\n\n<style type=\"text\/css\" data-created_by=\"avia_inline_auto\" id=\"style-css-av-ehs47w-41adcf4fb17e38cd13c850559a998ce2\">\n.flex_column.av-ehs47w-41adcf4fb17e38cd13c850559a998ce2{\nborder-radius:0px 0px 0px 0px;\npadding:0px 0px 0px 0px;\n}\n<\/style>\n<div  class='flex_column av-ehs47w-41adcf4fb17e38cd13c850559a998ce2 av_one_full  avia-builder-el-1  el_after_av_textblock  el_before_av_hr  first flex_column_div av-zero-column-padding  column-top-margin'     ><style type=\"text\/css\" data-created_by=\"avia_inline_auto\" id=\"style-css-av-li4cudqo-3988eaaf4e2ae69382c4fd4ab9acc800\">\n#top .avia-icon-list-container.av-li4cudqo-3988eaaf4e2ae69382c4fd4ab9acc800 .iconlist_icon{\nbackground-color:#0c4e67;\n}\n<\/style>\n<div  class='avia-icon-list-container av-li4cudqo-3988eaaf4e2ae69382c4fd4ab9acc800  avia-builder-el-2  avia-builder-el-no-sibling '><ul class='avia-icon-list avia_animate_when_almost_visible avia-icon-list-left av-iconlist-big av-li4cudqo-3988eaaf4e2ae69382c4fd4ab9acc800 avia-iconlist-animate'>\n<li><div class='iconlist_icon av-c9bdt8-e11d4c28158d31b546fc1fddb91fff48 avia-font-entypo-fontello avia-iconfont avia-font-entypo-fontello'><span class='av-icon-char' data-av_icon='\ue8d1' data-av_iconfont='entypo-fontello' aria-hidden=\"true\"><\/span><\/div><article class=\"article-icon-entry \"  itemscope=\"itemscope\" itemtype=\"https:\/\/schema.org\/CreativeWork\" ><div class=\"iconlist_content_wrap\"><header class=\"entry-content-header\" aria-label=\"Ic\u00f4ne : ARS Occitanie\"><h4 class='av_iconlist_title iconlist_title  '  itemprop=\"headline\" >ARS Occitanie<\/h4><\/header><div class='iconlist_content '  itemprop=\"text\" ><p>L&rsquo;Agence R\u00e9gionale de Sant\u00e9 Occitanie finance les actions de sensibilisation et de lutte de FREDON Occitanie et des CPIE d\u00e9partementaux d&rsquo;Occitanie, ainsi que la coordination r\u00e9gionale de FREDON Occitanie<\/p>\n<\/div><\/div><footer class=\"entry-footer\"><\/footer><\/article><div class=\"iconlist-timeline\"><\/div><\/li>\n<li><div class='iconlist_icon av-bkjjbw-ad7f33ba99742d1d8a6d31f4de83e08e avia-font-entypo-fontello avia-iconfont avia-font-entypo-fontello'><span class='av-icon-char' data-av_icon='\ue8b1' data-av_iconfont='entypo-fontello' aria-hidden=\"true\"><\/span><\/div><article class=\"article-icon-entry \"  itemscope=\"itemscope\" itemtype=\"https:\/\/schema.org\/CreativeWork\" ><div class=\"iconlist_content_wrap\"><header class=\"entry-content-header\" aria-label=\"Ic\u00f4ne : DRAAF Occitanie\"><h4 class='av_iconlist_title iconlist_title  '  itemprop=\"headline\" >DRAAF Occitanie<\/h4><\/header><div class='iconlist_content '  itemprop=\"text\" ><p>La Direction R\u00e9gionale de l&rsquo;Alimentation, de l&rsquo;Agriculture et de la For\u00eat finance et participe \u00e0 la lutte contre l&rsquo;ambroisie \u00e0 feuilles d&rsquo;armoise et l&rsquo;ambroisie trifide (<a href=\"https:\/\/draaf.occitanie.agriculture.gouv.fr\/ambroisies-r1248.html\" target=\"_blanck\" rel=\"noopener\">lien<\/a>)<\/p>\n<\/div><\/div><footer class=\"entry-footer\"><\/footer><\/article><div class=\"iconlist-timeline\"><\/div><\/li>\n<li><div class='iconlist_icon av-97dwoc-b2c774a46de1dcdc82f92fc85c427feb avia-font-entypo-fontello avia-iconfont avia-font-entypo-fontello'><span class='av-icon-char' data-av_icon='\ue821' data-av_iconfont='entypo-fontello' aria-hidden=\"true\"><\/span><\/div><article class=\"article-icon-entry \"  itemscope=\"itemscope\" itemtype=\"https:\/\/schema.org\/CreativeWork\" ><div class=\"iconlist_content_wrap\"><header class=\"entry-content-header\" aria-label=\"Ic\u00f4ne : DREAL Occitanie\"><h4 class='av_iconlist_title iconlist_title  '  itemprop=\"headline\" >DREAL Occitanie<\/h4><\/header><div class='iconlist_content '  itemprop=\"text\" ><p>La Direction R\u00e9gionale de l&rsquo;Environnement, de l&rsquo;Am\u00e9nagement et du Logement participe au travers du <a href=\"https:\/\/www.occitanie.developpement-durable.gouv.fr\/signature-du-plan-regional-sante-environnement-3-a23884.html\" target=\"_blanck\" rel=\"noopener\">PRSE<\/a> (Plan R\u00e9gional Sant\u00e9 Environnement) sign\u00e9 en 2017.<\/p>\n<\/div><\/div><footer class=\"entry-footer\"><\/footer><\/article><div class=\"iconlist-timeline\"><\/div><\/li>\n<li><div class='iconlist_icon av-7ld024-bf0291de5c9832a6d8381bd150905137 avia-font-entypo-fontello avia-iconfont avia-font-entypo-fontello'><span class='av-icon-char' data-av_icon='\ue837' data-av_iconfont='entypo-fontello' aria-hidden=\"true\"><\/span><\/div><article class=\"article-icon-entry \"  itemscope=\"itemscope\" itemtype=\"https:\/\/schema.org\/CreativeWork\" ><div class=\"iconlist_content_wrap\"><header class=\"entry-content-header\" aria-label=\"Ic\u00f4ne : CPIE (Centre d\u2018Initiatives pour l\u2019Environnement)\"><h4 class='av_iconlist_title iconlist_title  '  itemprop=\"headline\" >CPIE (Centre d\u2018Initiatives pour l\u2019Environnement)<\/h4><\/header><div class='iconlist_content '  itemprop=\"text\" ><p>Les CPIE d&rsquo;Occitanie participent avec la FREDON \u00e0 l&rsquo;animation pour la lutte contre les ambroisies ainsi qu&rsquo;\u00e0 des missions de prospections. Ils sont notamment les <a href=\"https:\/\/www.fredonoccitanie.com\/ambroisies\/le-referent\/#ancre11\" target=\"_blank\" rel=\"noopener\">relais d\u00e9partementaux<\/a> en Ari\u00e8ge, en Aveyron, en Haute-Garonne, dans le Gers, dans l&rsquo;H\u00e9rault, les Hautes-Pyr\u00e9n\u00e9es, le Tarn, le Lot et le Tarn-et-Garonne.<\/p>\n<\/div><\/div><footer class=\"entry-footer\"><\/footer><\/article><div class=\"iconlist-timeline\"><\/div><\/li>\n<li><div class='iconlist_icon av-22wkzg-173ed0a1991b67373017f7f4c7905e88 avia-font-entypo-fontello avia-iconfont avia-font-entypo-fontello'><span class='av-icon-char' data-av_icon='\ue8b8' data-av_iconfont='entypo-fontello' aria-hidden=\"true\"><\/span><\/div><article class=\"article-icon-entry \"  itemscope=\"itemscope\" itemtype=\"https:\/\/schema.org\/CreativeWork\" ><div class=\"iconlist_content_wrap\"><header class=\"entry-content-header\" aria-label=\"Ic\u00f4ne : Conservatoire Botanique National\"><h4 class='av_iconlist_title iconlist_title  '  itemprop=\"headline\" >Conservatoire Botanique National<\/h4><\/header><div class='iconlist_content '  itemprop=\"text\" ><p>Les CBN dont le territoire d&rsquo;agr\u00e9ment est l&rsquo;Occitanie participent \u00e0 l&rsquo;\u00e9laboration de cartographies de signalement : CBN m\u00e9diterran\u00e9en de Porquerolles (CBNMed) et CBN Pyr\u00e9n\u00e9es Midi-Pyr\u00e9n\u00e9es (CBNPMP)<\/p>\n<\/div><\/div><footer class=\"entry-footer\"><\/footer><\/article><div class=\"iconlist-timeline\"><\/div><\/li>\n<li><div class='iconlist_icon av-5iwbfg-2387a46b67ed7195fd21d7c5b648e6bc avia-font-entypo-fontello avia-iconfont avia-font-entypo-fontello'><span class='av-icon-char' data-av_icon='\ue866' data-av_iconfont='entypo-fontello' aria-hidden=\"true\"><\/span><\/div><article class=\"article-icon-entry \"  itemscope=\"itemscope\" itemtype=\"https:\/\/schema.org\/CreativeWork\" ><div class=\"iconlist_content_wrap\"><header class=\"entry-content-header\" aria-label=\"Ic\u00f4ne : Secteur Agricole\"><h4 class='av_iconlist_title iconlist_title  '  itemprop=\"headline\" >Secteur Agricole<\/h4><\/header><div class='iconlist_content '  itemprop=\"text\" ><p>Les acteurs du monde agricole sont des partenaires essentiels dans la compr\u00e9hension et la lutte contre les ambroisies. Les Instituts techniques Agricoles (Acta, Arvalis, Terres Inovia), Chambres d&rsquo;agricultures d\u00e9partementales et r\u00e9gionale, coop\u00e9ratives agricoles, les f\u00e9d\u00e9rations d\u00e9partementales ou r\u00e9gionale de CUMA (Coop\u00e9rative d&rsquo;Utilisation de Mat\u00e9riel Agricole), CIVAM, Conseil D\u00e9partemental, associations, &#8230;<\/p>\n<\/div><\/div><footer class=\"entry-footer\"><\/footer><\/article><div class=\"iconlist-timeline\"><\/div><\/li>\n<\/ul><\/div><\/div>\n<style type=\"text\/css\" data-created_by=\"avia_inline_auto\" id=\"style-css-av-lo5ggaan-95effb15f2c3e10b6fb1bf6ca63948e3\">\n#top .hr.av-lo5ggaan-95effb15f2c3e10b6fb1bf6ca63948e3{\nmargin-top:30px;\nmargin-bottom:30px;\n}\n.hr.av-lo5ggaan-95effb15f2c3e10b6fb1bf6ca63948e3 .hr-inner{\nwidth:800px;\nborder-color:#0c4e67;\n}\n<\/style>\n<div  class='hr av-lo5ggaan-95effb15f2c3e10b6fb1bf6ca63948e3 hr-custom  avia-builder-el-3  el_after_av_one_full  el_before_av_textblock  hr-center hr-icon-no'><span class='hr-inner inner-border-av-border-fat'><span class=\"hr-inner-style\"><\/span><\/span><\/div><\/p>\n<section  class='av_textblock_section av-lo5gd3v2-305b203b518612786b335b6ce6053d03 '   itemscope=\"itemscope\" itemtype=\"https:\/\/schema.org\/CreativeWork\" ><div class='avia_textblock'  itemprop=\"text\" ><h1>Partenaires Nationaux de la gestion des Ambroisies<\/h1>\n<\/div><\/section>\n\n<style type=\"text\/css\" data-created_by=\"avia_inline_auto\" id=\"style-css-av-av_one_full-53b0b300fb3685750664fb085c5ad19d\">\n.flex_column.av-av_one_full-53b0b300fb3685750664fb085c5ad19d{\nborder-radius:0px 0px 0px 0px;\npadding:0px 0px 0px 0px;\n}\n<\/style>\n<div  class='flex_column av-av_one_full-53b0b300fb3685750664fb085c5ad19d av_one_full  avia-builder-el-5  el_after_av_textblock  avia-builder-el-last  first flex_column_div av-zero-column-padding  column-top-margin'     ><style type=\"text\/css\" data-created_by=\"avia_inline_auto\" id=\"style-css-av-lo5gddkj-637a4ba05012e1dab66fe724be8281b9\">\n#top .avia-icon-list-container.av-lo5gddkj-637a4ba05012e1dab66fe724be8281b9 .iconlist_icon{\nbackground-color:#0c4e67;\n}\n<\/style>\n<div  class='avia-icon-list-container av-lo5gddkj-637a4ba05012e1dab66fe724be8281b9  avia-builder-el-6  avia-builder-el-no-sibling '><ul class='avia-icon-list avia_animate_when_almost_visible avia-icon-list-left av-iconlist-big av-lo5gddkj-637a4ba05012e1dab66fe724be8281b9 avia-iconlist-animate'>\n<li><div class='iconlist_icon av-av_iconlist_item-a3b4ba14af5bdb460971eba5857abdbc avia-font-entypo-fontello avia-iconfont avia-font-entypo-fontello'><span class='av-icon-char' data-av_icon='\ue803' data-av_iconfont='entypo-fontello' aria-hidden=\"true\"><\/span><\/div><article class=\"article-icon-entry \"  itemscope=\"itemscope\" itemtype=\"https:\/\/schema.org\/CreativeWork\" ><div class=\"iconlist_content_wrap\"><header class=\"entry-content-header\" aria-label=\"Ic\u00f4ne : Observatoire des Ambroisies\"><h4 class='av_iconlist_title iconlist_title  '  itemprop=\"headline\" >Observatoire des Ambroisies<\/h4><\/header><div class='iconlist_content '  itemprop=\"text\" ><p>Il a \u00e9t\u00e9 mis en place depuis juin 2011 par le Minist\u00e8re des Solidarit\u00e9 et de la Sant\u00e9, en partenariat avec les minist\u00e8res de l\u2019Agriculture et de l\u2019Alimentation et de la Transition \u00e9cologique et de l\u2019Int\u00e9rieur. De 2011 \u00e0 2017, c\u2019est l\u2019Institut national de recherche pour l\u2019agriculture, l\u2019alimentation et l\u2019environnement (INRAE) qui a pilot\u00e9 cet Observatoire. Depuis 2017, le pilotage et l\u2019animation de l\u2019<a href=\"https:\/\/ambroisie-risque.info\/\" target=\"_blank\" rel=\"noopener\">Observatoire des Ambroisies<\/a> sont assur\u00e9s par <a href=\"https:\/\/fredon.fr\/\" target=\"_blank\" rel=\"noopener\">FREDON France<\/a>.<\/p>\n<\/div><\/div><footer class=\"entry-footer\"><\/footer><\/article><div class=\"iconlist-timeline\"><\/div><\/li>\n<li><div class='iconlist_icon av-av_iconlist_item-ce67999b8f7ad43b9078d470a6605b60 avia-font-entypo-fontello avia-iconfont avia-font-entypo-fontello'><span class='av-icon-char' data-av_icon='\ue866' data-av_iconfont='entypo-fontello' aria-hidden=\"true\"><\/span><\/div><article class=\"article-icon-entry \"  itemscope=\"itemscope\" itemtype=\"https:\/\/schema.org\/CreativeWork\" ><div class=\"iconlist_content_wrap\"><header class=\"entry-content-header\" aria-label=\"Ic\u00f4ne : RNSA\"><h4 class='av_iconlist_title iconlist_title  '  itemprop=\"headline\" >RNSA<\/h4><\/header><div class='iconlist_content '  itemprop=\"text\" ><p>Le <a href=\"https:\/\/www.pollens.fr\/\" target=\"_blank\" rel=\"noopener\">R\u00e9seau National de Surveillance A\u00e9robiologique<\/a> suit et alerte sur les quantit\u00e9s de pollen pr\u00e9sents dans l&rsquo;air m\u00e9tropolitain. Ses bulletins polliniques sont relay\u00e9s par nos service et permettent de conna\u00eetre l&rsquo;arriv\u00e9e des pollens d&rsquo;ambroisies.<\/p>\n<\/div><\/div><footer class=\"entry-footer\"><\/footer><\/article><div class=\"iconlist-timeline\"><\/div><\/li>\n<\/ul><\/div><\/div>\n","protected":false},"excerpt":{"rendered":"","protected":false},"author":18,"featured_media":0,"parent":0,"menu_order":0,"comment_status":"closed","ping_status":"closed","template":"","meta":{"footnotes":""},"class_list":["post-1772","page","type-page","status-publish","hentry"],"_links":{"self":[{"href":"https:\/\/www.fredonoccitanie.com\/eesh\/wp-json\/wp\/v2\/pages\/1772","targetHints":{"allow":["GET"]}}],"collection":[{"href":"https:\/\/www.fredonoccitanie.com\/eesh\/wp-json\/wp\/v2\/pages"}],"about":[{"href":"https:\/\/www.fredonoccitanie.com\/eesh\/wp-json\/wp\/v2\/types\/page"}],"author":[{"embeddable":true,"href":"https:\/\/www.fredonoccitanie.com\/eesh\/wp-json\/wp\/v2\/users\/18"}],"replies":[{"embeddable":true,"href":"https:\/\/www.fredonoccitanie.com\/eesh\/wp-json\/wp\/v2\/comments?post=1772"}],"version-history":[{"count":5,"href":"https:\/\/www.fredonoccitanie.com\/eesh\/wp-json\/wp\/v2\/pages\/1772\/revisions"}],"predecessor-version":[{"id":3074,"href":"https:\/\/www.fredonoccitanie.com\/eesh\/wp-json\/wp\/v2\/pages\/1772\/revisions\/3074"}],"wp:attachment":[{"href":"https:\/\/www.fredonoccitanie.com\/eesh\/wp-json\/wp\/v2\/media?parent=1772"}],"curies":[{"name":"wp","href":"https:\/\/api.w.org\/{rel}","templated":true}]}}