{"id":8457,"date":"2021-07-19T10:48:12","date_gmt":"2021-07-19T08:48:12","guid":{"rendered":"https:\/\/www.fredonoccitanie.com\/captages\/?page_id=8457"},"modified":"2022-12-01T15:14:14","modified_gmt":"2022-12-01T14:14:14","slug":"newsletters","status":"publish","type":"page","link":"https:\/\/www.fredonoccitanie.com\/captages\/newsletters\/","title":{"rendered":"La lettre Captages d&rsquo;Eauccitanie"},"content":{"rendered":"\n<style type=\"text\/css\" data-created_by=\"avia_inline_auto\" id=\"style-css-av-383a21-27fc646ac51253aaeb6b15bb833ca0d4\">\n.flex_column.av-383a21-27fc646ac51253aaeb6b15bb833ca0d4{\nborder-radius:0px 0px 0px 0px;\npadding:0px 30px 0px 0px;\n}\n<\/style>\n<div  class='flex_column av-383a21-27fc646ac51253aaeb6b15bb833ca0d4 av_three_fourth  avia-builder-el-0  el_before_av_one_full  avia-builder-el-first  first flex_column_div  '     ><section  class='av_textblock_section av-kudwbxi5-6aa574229576c512e282ef4e1d5a2dff '   itemscope=\"itemscope\" itemtype=\"https:\/\/schema.org\/CreativeWork\" ><div class='avia_textblock'  itemprop=\"text\" ><div id=\"mc_embed_signup\">\n<h2 id=\"mc_embed_signup_scroll\"><label for=\"mce-EMAIL\">S\u2019abonner \u00e0 la lettre Captages d&rsquo;Eauccitanie<br \/>\n<\/label><\/h2>\n<p>R\u00e9guli\u00e8rement, nous vous proposons un condens\u00e9 de l\u2019actualit\u00e9 r\u00e9gionale autour de l\u2019eau et de l\u2019agroenvironnement. Du local au national, retrouvez en un seul clic toute l\u2019actualit\u00e9 de la d\u00e9marche <em>Captages d\u2019<\/em>Eau<em>ccitanie<\/em> et ses partenaires, ainsi que les \u00e9v\u00e8nements, les nouvelles ressources et retours d\u2019exp\u00e9rience du moment.<\/p>\n<p><label>Inscrivez-vous pour recevoir toutes les actualit\u00e9s de la d\u00e9marche <em>Captages d\u2019<\/em>Eau<em>ccitanie<\/em> et ses partenaires !<\/label><\/p>\n<\/div>\n<div>\n<div><\/div>\n<div>\n<script>(function() {\n\twindow.mc4wp = window.mc4wp || {\n\t\tlisteners: [],\n\t\tforms: {\n\t\t\ton: function(evt, cb) {\n\t\t\t\twindow.mc4wp.listeners.push(\n\t\t\t\t\t{\n\t\t\t\t\t\tevent   : evt,\n\t\t\t\t\t\tcallback: cb\n\t\t\t\t\t}\n\t\t\t\t);\n\t\t\t}\n\t\t}\n\t}\n})();\n<\/script><!-- Mailchimp for WordPress v4.12.1 - https:\/\/wordpress.org\/plugins\/mailchimp-for-wp\/ --><form id=\"mc4wp-form-1\" class=\"mc4wp-form mc4wp-form-8639\" method=\"post\" data-id=\"8639\" data-name=\"Inscription captages\" ><div class=\"mc4wp-form-fields\"><p>\r\n\t<label>Adresse de courrier \u00e9lectronique: \r\n\t\t<input type=\"email\" name=\"EMAIL\" placeholder=\"Votre adresse de courrier \u00e9lectronique\" required \/>\r\n<\/label>\r\n<\/p>\r\n\r\n<p>\r\n\t<input type=\"submit\" value=\"Abonnez-vous\" \/>\r\n<\/p><\/div><label style=\"display: none !important;\">Laissez ce champ vide si vous \u00eates humain\u00a0: <input type=\"text\" name=\"_mc4wp_honeypot\" value=\"\" tabindex=\"-1\" autocomplete=\"off\" \/><\/label><input type=\"hidden\" name=\"_mc4wp_timestamp\" value=\"1776591623\" \/><input type=\"hidden\" name=\"_mc4wp_form_id\" value=\"8639\" \/><input type=\"hidden\" name=\"_mc4wp_form_element_id\" value=\"mc4wp-form-1\" \/><div class=\"mc4wp-response\"><\/div><\/form><!-- \/ Mailchimp for WordPress Plugin -->\n<p>En m\u2019abonnant, j\u2019accepte de recevoir les actualit\u00e9s de la d\u00e9marche et ses partenaires. Je comprends que je peux me d\u00e9sabonner \u00e0 tout moment \u00e0 l\u2019aide des liens de d\u00e9sinscription en fin de message.<\/p>\n<div class=\"content__gdprLegal\">\n<p><em>We use Mailchimp as our marketing platform. By clicking below to subscribe, you acknowledge that your information will be transferred to Mailchimp for processing. <\/em><a href=\"https:\/\/mailchimp.com\/legal\/\" target=\"_blank\" rel=\"noopener\"><em>Learn more about Mailchimp\u2019s privacy practices here.<\/em><\/a><\/p>\n<\/div>\n<\/div>\n<div>\n<div class=\"content__gdprLegal\"><\/div>\n<\/div>\n<\/div>\n<\/div><\/section><\/div>\n\n<style type=\"text\/css\" data-created_by=\"avia_inline_auto\" id=\"style-css-av-2fntx5-b3a8d6a95f6739e7fd8349141c67fe40\">\n.flex_column.av-2fntx5-b3a8d6a95f6739e7fd8349141c67fe40{\nborder-radius:0px 0px 0px 0px;\npadding:0px 0px 0px 0px;\n}\n<\/style>\n<div  class='flex_column av-2fntx5-b3a8d6a95f6739e7fd8349141c67fe40 av_one_full  avia-builder-el-2  el_after_av_three_fourth  avia-builder-el-last  first flex_column_div av-zero-column-padding  column-top-margin'     ><div  data-slideshow-options=\"{&quot;animation&quot;:&quot;fade&quot;,&quot;autoplay&quot;:false,&quot;loop_autoplay&quot;:&quot;once&quot;,&quot;interval&quot;:5,&quot;loop_manual&quot;:&quot;manual-endless&quot;,&quot;autoplay_stopper&quot;:false,&quot;noNavigation&quot;:false,&quot;show_slide_delay&quot;:90}\" class='avia-content-slider avia-content-grid-active avia-content-slider1 avia-content-slider-even  avia-builder-el-3  avia-builder-el-no-sibling  av-slideshow-ui av-control-default   av-no-slider-navigation av-slideshow-manual av-loop-once av-loop-manual-endless '  itemscope=\"itemscope\" itemtype=\"https:\/\/schema.org\/Blog\" ><div class=\"avia-content-slider-inner\"><div class=\"slide-entry-wrap\"><article class='slide-entry flex_column  post-entry post-entry-10389 slide-entry-overview slide-loop-1 slide-parity-odd  av_one_fourth first real-thumbnail posttype-post post-format-standard'  itemscope=\"itemscope\" itemtype=\"https:\/\/schema.org\/CreativeWork\" ><a href='https:\/\/www.fredonoccitanie.com\/captages\/2023\/03\/23\/lettre-captages-deauccitanie-n10-mars-2023\/' data-rel='slide-1' class='slide-image' title='Lettre Captages d&rsquo;Eauccitanie n\u00b010 &#8211; Mars 2023'><img decoding=\"async\" fetchpriority=\"high\" width=\"260\" height=\"185\" src=\"https:\/\/www.fredonoccitanie.com\/captages\/wp-content\/uploads\/sites\/3\/2021\/10\/sous-sites-06-260x185.png\" class=\"wp-image-8694 avia-img-lazy-loading-not-8694 attachment-portfolio_small size-portfolio_small wp-post-image\" alt=\"\" \/><\/a><div class=\"slide-content\"><header class=\"entry-content-header\" aria-label=\"Slide: Lettre Captages d&#039;Eauccitanie n\u00b010 - Mars 2023\"><h3 class='slide-entry-title entry-title '  itemprop=\"headline\" ><a href='https:\/\/www.fredonoccitanie.com\/captages\/2023\/03\/23\/lettre-captages-deauccitanie-n10-mars-2023\/' title='Lettre Captages d&rsquo;Eauccitanie n\u00b010 &#8211; Mars 2023'>Lettre Captages d&rsquo;Eauccitanie n\u00b010 &#8211; Mars 2023<\/a><\/h3><span class=\"av-vertical-delimiter\"><\/span><\/header><\/div><footer class=\"entry-footer\"><\/footer><span class='hidden'>\n\t\t\t\t<span class='av-structured-data'  itemprop=\"image\" itemscope=\"itemscope\" itemtype=\"https:\/\/schema.org\/ImageObject\" >\n\t\t\t\t\t\t<span itemprop='url'>https:\/\/www.fredonoccitanie.com\/captages\/wp-content\/uploads\/sites\/3\/2021\/10\/sous-sites-06.png<\/span>\n\t\t\t\t\t\t<span itemprop='height'>268<\/span>\n\t\t\t\t\t\t<span itemprop='width'>268<\/span>\n\t\t\t\t<\/span>\n\t\t\t\t<span class='av-structured-data'  itemprop=\"publisher\" itemtype=\"https:\/\/schema.org\/Organization\" itemscope=\"itemscope\" >\n\t\t\t\t\t\t<span itemprop='name'><\/span>\n\t\t\t\t\t\t<span itemprop='logo' itemscope itemtype='https:\/\/schema.org\/ImageObject'>\n\t\t\t\t\t\t\t<span itemprop='url'>https:\/\/www.fredonoccitanie.com\/captages\/wp-content\/uploads\/sites\/3\/2021\/10\/logo_captage.png<\/span>\n\t\t\t\t\t\t<\/span>\n\t\t\t\t<\/span><span class='av-structured-data'  itemprop=\"author\" itemscope=\"itemscope\" itemtype=\"https:\/\/schema.org\/Person\" ><span itemprop='name'><\/span><\/span><span class='av-structured-data'  itemprop=\"datePublished\" datetime=\"2021-07-19T10:48:12+02:00\" >2023-03-23 12:03:26<\/span><span class='av-structured-data'  itemprop=\"dateModified\" itemtype=\"https:\/\/schema.org\/dateModified\" >2023-03-23 12:06:54<\/span><span class='av-structured-data'  itemprop=\"mainEntityOfPage\" itemtype=\"https:\/\/schema.org\/mainEntityOfPage\" ><span itemprop='name'>Lettre Captages d&rsquo;Eauccitanie n\u00b010 &#8211; Mars 2023<\/span><\/span><\/span><\/article><article class='slide-entry flex_column  post-entry post-entry-10234 slide-entry-overview slide-loop-2 slide-parity-even  av_one_fourth  real-thumbnail posttype-post post-format-standard'  itemscope=\"itemscope\" itemtype=\"https:\/\/schema.org\/CreativeWork\" ><a href='https:\/\/www.fredonoccitanie.com\/captages\/2023\/01\/09\/lettre-captages-deauccitanie-n9-janvier-2023\/' data-rel='slide-1' class='slide-image' title='Lettre Captages d&rsquo;Eauccitanie n\u00b09 &#8211; Janvier 2023'><img decoding=\"async\" fetchpriority=\"high\" width=\"260\" height=\"185\" src=\"https:\/\/www.fredonoccitanie.com\/captages\/wp-content\/uploads\/sites\/3\/2021\/10\/sous-sites-06-260x185.png\" class=\"wp-image-8694 avia-img-lazy-loading-not-8694 attachment-portfolio_small size-portfolio_small wp-post-image\" alt=\"\" \/><\/a><div class=\"slide-content\"><header class=\"entry-content-header\" aria-label=\"Slide: Lettre Captages d&#039;Eauccitanie n\u00b09 - Janvier 2023\"><h3 class='slide-entry-title entry-title '  itemprop=\"headline\" ><a href='https:\/\/www.fredonoccitanie.com\/captages\/2023\/01\/09\/lettre-captages-deauccitanie-n9-janvier-2023\/' title='Lettre Captages d&rsquo;Eauccitanie n\u00b09 &#8211; Janvier 2023'>Lettre Captages d&rsquo;Eauccitanie n\u00b09 &#8211; Janvier 2023<\/a><\/h3><span class=\"av-vertical-delimiter\"><\/span><\/header><\/div><footer class=\"entry-footer\"><\/footer><span class='hidden'>\n\t\t\t\t<span class='av-structured-data'  itemprop=\"image\" itemscope=\"itemscope\" itemtype=\"https:\/\/schema.org\/ImageObject\" >\n\t\t\t\t\t\t<span itemprop='url'>https:\/\/www.fredonoccitanie.com\/captages\/wp-content\/uploads\/sites\/3\/2021\/10\/sous-sites-06.png<\/span>\n\t\t\t\t\t\t<span itemprop='height'>268<\/span>\n\t\t\t\t\t\t<span itemprop='width'>268<\/span>\n\t\t\t\t<\/span>\n\t\t\t\t<span class='av-structured-data'  itemprop=\"publisher\" itemtype=\"https:\/\/schema.org\/Organization\" itemscope=\"itemscope\" >\n\t\t\t\t\t\t<span itemprop='name'><\/span>\n\t\t\t\t\t\t<span itemprop='logo' itemscope itemtype='https:\/\/schema.org\/ImageObject'>\n\t\t\t\t\t\t\t<span itemprop='url'>https:\/\/www.fredonoccitanie.com\/captages\/wp-content\/uploads\/sites\/3\/2021\/10\/logo_captage.png<\/span>\n\t\t\t\t\t\t<\/span>\n\t\t\t\t<\/span><span class='av-structured-data'  itemprop=\"author\" itemscope=\"itemscope\" itemtype=\"https:\/\/schema.org\/Person\" ><span itemprop='name'><\/span><\/span><span class='av-structured-data'  itemprop=\"datePublished\" datetime=\"2021-07-19T10:48:12+02:00\" >2023-01-09 10:17:02<\/span><span class='av-structured-data'  itemprop=\"dateModified\" itemtype=\"https:\/\/schema.org\/dateModified\" >2023-01-09 11:49:49<\/span><span class='av-structured-data'  itemprop=\"mainEntityOfPage\" itemtype=\"https:\/\/schema.org\/mainEntityOfPage\" ><span itemprop='name'>Lettre Captages d&rsquo;Eauccitanie n\u00b09 &#8211; Janvier 2023<\/span><\/span><\/span><\/article><article class='slide-entry flex_column  post-entry post-entry-9727 slide-entry-overview slide-loop-3 slide-parity-odd  post-entry-last  av_one_fourth  real-thumbnail posttype-post post-format-standard'  itemscope=\"itemscope\" itemtype=\"https:\/\/schema.org\/CreativeWork\" ><a href='https:\/\/www.fredonoccitanie.com\/captages\/2022\/10\/06\/lettre-captages-deauccitanie-n8-septembre-2022\/' data-rel='slide-1' class='slide-image' title='Lettre Captages d&rsquo;Eauccitanie n\u00b08 &#8211; Septembre 2022'><img decoding=\"async\" fetchpriority=\"high\" width=\"260\" height=\"185\" src=\"https:\/\/www.fredonoccitanie.com\/captages\/wp-content\/uploads\/sites\/3\/2021\/10\/sous-sites-06-260x185.png\" class=\"wp-image-8694 avia-img-lazy-loading-not-8694 attachment-portfolio_small size-portfolio_small wp-post-image\" alt=\"\" \/><\/a><div class=\"slide-content\"><header class=\"entry-content-header\" aria-label=\"Slide: Lettre Captages d&#039;Eauccitanie n\u00b08 - Septembre 2022\"><h3 class='slide-entry-title entry-title '  itemprop=\"headline\" ><a href='https:\/\/www.fredonoccitanie.com\/captages\/2022\/10\/06\/lettre-captages-deauccitanie-n8-septembre-2022\/' title='Lettre Captages d&rsquo;Eauccitanie n\u00b08 &#8211; Septembre 2022'>Lettre Captages d&rsquo;Eauccitanie n\u00b08 &#8211; Septembre 2022<\/a><\/h3><span class=\"av-vertical-delimiter\"><\/span><\/header><\/div><footer class=\"entry-footer\"><\/footer><span class='hidden'>\n\t\t\t\t<span class='av-structured-data'  itemprop=\"image\" itemscope=\"itemscope\" itemtype=\"https:\/\/schema.org\/ImageObject\" >\n\t\t\t\t\t\t<span itemprop='url'>https:\/\/www.fredonoccitanie.com\/captages\/wp-content\/uploads\/sites\/3\/2021\/10\/sous-sites-06.png<\/span>\n\t\t\t\t\t\t<span itemprop='height'>268<\/span>\n\t\t\t\t\t\t<span itemprop='width'>268<\/span>\n\t\t\t\t<\/span>\n\t\t\t\t<span class='av-structured-data'  itemprop=\"publisher\" itemtype=\"https:\/\/schema.org\/Organization\" itemscope=\"itemscope\" >\n\t\t\t\t\t\t<span itemprop='name'><\/span>\n\t\t\t\t\t\t<span itemprop='logo' itemscope itemtype='https:\/\/schema.org\/ImageObject'>\n\t\t\t\t\t\t\t<span itemprop='url'>https:\/\/www.fredonoccitanie.com\/captages\/wp-content\/uploads\/sites\/3\/2021\/10\/logo_captage.png<\/span>\n\t\t\t\t\t\t<\/span>\n\t\t\t\t<\/span><span class='av-structured-data'  itemprop=\"author\" itemscope=\"itemscope\" itemtype=\"https:\/\/schema.org\/Person\" ><span itemprop='name'><\/span><\/span><span class='av-structured-data'  itemprop=\"datePublished\" datetime=\"2021-07-19T10:48:12+02:00\" >2022-10-06 16:26:28<\/span><span class='av-structured-data'  itemprop=\"dateModified\" itemtype=\"https:\/\/schema.org\/dateModified\" >2022-10-06 16:26:41<\/span><span class='av-structured-data'  itemprop=\"mainEntityOfPage\" itemtype=\"https:\/\/schema.org\/mainEntityOfPage\" ><span itemprop='name'>Lettre Captages d&rsquo;Eauccitanie n\u00b08 &#8211; Septembre 2022<\/span><\/span><\/span><\/article><\/div><\/div><div class='pagination-wrap pagination-slider'><nav class='pagination'><span class='pagination-meta'>Page 1 sur 2<\/span><span class='current'>1<\/span><a href='https:\/\/www.fredonoccitanie.com\/captages\/wp-json\/wp\/v2\/pages\/8457\/?avia-element-paging=2' class='inactive next_page' >2<\/a><\/nav>\n<\/div><\/div><\/div>\n","protected":false},"excerpt":{"rendered":"","protected":false},"author":1,"featured_media":0,"parent":0,"menu_order":3,"comment_status":"closed","ping_status":"closed","template":"","meta":{"footnotes":""},"class_list":["post-8457","page","type-page","status-publish","hentry"],"_links":{"self":[{"href":"https:\/\/www.fredonoccitanie.com\/captages\/wp-json\/wp\/v2\/pages\/8457","targetHints":{"allow":["GET"]}}],"collection":[{"href":"https:\/\/www.fredonoccitanie.com\/captages\/wp-json\/wp\/v2\/pages"}],"about":[{"href":"https:\/\/www.fredonoccitanie.com\/captages\/wp-json\/wp\/v2\/types\/page"}],"author":[{"embeddable":true,"href":"https:\/\/www.fredonoccitanie.com\/captages\/wp-json\/wp\/v2\/users\/1"}],"replies":[{"embeddable":true,"href":"https:\/\/www.fredonoccitanie.com\/captages\/wp-json\/wp\/v2\/comments?post=8457"}],"version-history":[{"count":5,"href":"https:\/\/www.fredonoccitanie.com\/captages\/wp-json\/wp\/v2\/pages\/8457\/revisions"}],"predecessor-version":[{"id":8945,"href":"https:\/\/www.fredonoccitanie.com\/captages\/wp-json\/wp\/v2\/pages\/8457\/revisions\/8945"}],"wp:attachment":[{"href":"https:\/\/www.fredonoccitanie.com\/captages\/wp-json\/wp\/v2\/media?parent=8457"}],"curies":[{"name":"wp","href":"https:\/\/api.w.org\/{rel}","templated":true}]}}