{"id":8452,"date":"2021-07-19T10:43:09","date_gmt":"2021-07-19T08:43:09","guid":{"rendered":"https:\/\/www.fredonoccitanie.com\/captages\/?page_id=8452"},"modified":"2023-07-19T12:15:00","modified_gmt":"2023-07-19T10:15:00","slug":"ressources-agenda-cloud","status":"publish","type":"page","link":"https:\/\/www.fredonoccitanie.com\/captages\/ressources-agenda-cloud\/","title":{"rendered":"Agenda et acc\u00e8s cloud"},"content":{"rendered":"\n<style type=\"text\/css\" data-created_by=\"avia_inline_auto\" id=\"style-css-av-lk9ieli1-c642ce5eb61ed2cef27ea46b5d48ff39\">\n#top .av-special-heading.av-lk9ieli1-c642ce5eb61ed2cef27ea46b5d48ff39{\npadding-bottom:10px;\n}\nbody .av-special-heading.av-lk9ieli1-c642ce5eb61ed2cef27ea46b5d48ff39 .av-special-heading-tag .heading-char{\nfont-size:25px;\n}\n.av-special-heading.av-lk9ieli1-c642ce5eb61ed2cef27ea46b5d48ff39 .av-subheading{\nfont-size:15px;\n}\n<\/style>\n<div  class='av-special-heading av-lk9ieli1-c642ce5eb61ed2cef27ea46b5d48ff39 av-special-heading-h2 blockquote modern-quote modern-centered  avia-builder-el-0  el_before_av_hr  avia-builder-el-first '><h2 class='av-special-heading-tag '  itemprop=\"headline\"  >Agenda <\/h2><div class=\"special-heading-border\"><div class=\"special-heading-inner-border\"><\/div><\/div><\/div>\n\n<style type=\"text\/css\" data-created_by=\"avia_inline_auto\" id=\"style-css-av-6vw08k-9cb7f727cc831b5c1f8114371e437b70\">\n#top .hr.hr-invisible.av-6vw08k-9cb7f727cc831b5c1f8114371e437b70{\nheight:50px;\n}\n<\/style>\n<div  class='hr av-6vw08k-9cb7f727cc831b5c1f8114371e437b70 hr-invisible  avia-builder-el-1  el_after_av_heading  el_before_av_two_third '><span class='hr-inner '><span class=\"hr-inner-style\"><\/span><\/span><\/div>\n\n<style type=\"text\/css\" data-created_by=\"avia_inline_auto\" id=\"style-css-av-45xrsk-d6cb5d1bea0805cca695de14d0e66a66\">\n.flex_column.av-45xrsk-d6cb5d1bea0805cca695de14d0e66a66{\nborder-radius:0px 0px 0px 0px;\npadding:0px 0px 0px 0px;\n}\n<\/style>\n<div  class='flex_column av-45xrsk-d6cb5d1bea0805cca695de14d0e66a66 av_two_third  avia-builder-el-2  el_after_av_hr  el_before_av_one_third  first flex_column_div av-zero-column-padding  '     ><p><br \/>\n\n<style type=\"text\/css\" data-created_by=\"avia_inline_auto\" id=\"style-css-av-2bmapw-fb152449aafd23174b7a8d1f276a2339\">\n#top .hr.hr-invisible.av-2bmapw-fb152449aafd23174b7a8d1f276a2339{\nheight:30px;\n}\n<\/style>\n<div  class='hr av-2bmapw-fb152449aafd23174b7a8d1f276a2339 hr-invisible  avia-builder-el-4  el_after_av_codeblock  avia-builder-el-last '><span class='hr-inner '><span class=\"hr-inner-style\"><\/span><\/span><\/div><\/p><\/div>\n\n<style type=\"text\/css\" data-created_by=\"avia_inline_auto\" id=\"style-css-av-2mdtc4-09fa13b02510424a97e6ce99f8c7fc4d\">\n.flex_column.av-2mdtc4-09fa13b02510424a97e6ce99f8c7fc4d{\nborder-radius:0px 0px 0px 0px;\npadding:0px 0px 0px 0px;\n}\n<\/style>\n<div  class='flex_column av-2mdtc4-09fa13b02510424a97e6ce99f8c7fc4d av_one_third  avia-builder-el-5  el_after_av_two_third  el_before_av_section  avia-builder-el-last  flex_column_div av-zero-column-padding  '     ><section  class='av_textblock_section av-kradpvjk-ef9874396af31dd72be9586066f1bfb7 '   itemscope=\"itemscope\" itemtype=\"https:\/\/schema.org\/CreativeWork\" ><div class='avia_textblock'  itemprop=\"text\" ><h3><strong>Embarquez-moi !<\/strong><\/h3>\n<p>Vous pouvez int\u00e9grer l&rsquo;Agenda&rsquo;Captages \u00e0 votre propre agenda \u00e9lectronique (Gmail, Outlook ou autre), en 2 minutes top chrono ! Comment faire\u00a0?<\/p>\n<ol>\n<li>Sur votre calendrier \u00e9lectronique cliquez sur\u00a0\u00a0\u00a0 <em>Autres calendriers \u00a0\u00a0 <\/em>puis\u00a0\u00a0\u00a0 <em>Ajouter un calendrier \u00a0\u00a0 <\/em>puis\u00a0\u00a0 <em>A partir<\/em> <em>d\u2019internet<\/em><\/li>\n<li>Collez le lien\u00a0 <a href=\"https:\/\/calendar.google.com\/calendar\/ical\/agenda.captages%40gmail.com\/public\/basic.ics\">https:\/\/calendar.google.com\/calendar\/ical\/agenda.captages%40gmail.com\/public\/basic.ics<\/a><\/li>\n<\/ol>\n<p>C\u2019est fait ! L&rsquo;Agenda&rsquo;Captages s\u2019actualisera automatiquement dans votre agenda \u00e9lectronique.<\/p>\n<blockquote>\n<h3><strong>Avertissement<\/strong><\/h3>\n<p>Merci de contacter la personne en charge de l&rsquo;\u00e9v\u00e8nement pour toute question ou intention de participation.<\/p>\n<\/blockquote>\n<\/div><\/section><\/div>\n<\/div><\/div><\/div><!-- close content main div --><\/div><\/div>\n<style type=\"text\/css\" data-created_by=\"avia_inline_auto\" id=\"style-css-av-77ixw-f862076f5743a419e45b7f22c4c83ed9\">\n.avia-section.av-77ixw-f862076f5743a419e45b7f22c4c83ed9{\nbackground-color:#f8ead4;\nbackground-image:unset;\n}\n<\/style>\n<div id='av_section_1'  class='avia-section av-77ixw-f862076f5743a419e45b7f22c4c83ed9 main_color avia-section-default avia-no-border-styling  avia-builder-el-7  el_after_av_one_third  el_before_av_hr  avia-bg-style-scroll container_wrap fullsize'  ><div class='container av-section-cont-open' ><div class='template-page content  av-content-full alpha units'><div class='post-entry post-entry-type-page post-entry-8452'><div class='entry-content-wrapper clearfix'>\n\n<style type=\"text\/css\" data-created_by=\"avia_inline_auto\" id=\"style-css-av-lk9iivy8-edcc2212dbf5b7e8d9adb578ebcc6cc9\">\n#top .av-special-heading.av-lk9iivy8-edcc2212dbf5b7e8d9adb578ebcc6cc9{\npadding-bottom:10px;\n}\nbody .av-special-heading.av-lk9iivy8-edcc2212dbf5b7e8d9adb578ebcc6cc9 .av-special-heading-tag .heading-char{\nfont-size:25px;\n}\n.av-special-heading.av-lk9iivy8-edcc2212dbf5b7e8d9adb578ebcc6cc9 .av-subheading{\nfont-size:15px;\n}\n<\/style>\n<div  class='av-special-heading av-lk9iivy8-edcc2212dbf5b7e8d9adb578ebcc6cc9 av-special-heading-h2 blockquote modern-quote modern-centered  avia-builder-el-8  el_before_av_hr  avia-builder-el-first '><h2 class='av-special-heading-tag '  itemprop=\"headline\"  >Cloud\u2019Captages<\/h2><div class=\"special-heading-border\"><div class=\"special-heading-inner-border\"><\/div><\/div><\/div>\n\n<style type=\"text\/css\" data-created_by=\"avia_inline_auto\" id=\"style-css-av-5zndtw-624a6933905c96e34e34ddedb41fa810\">\n#top .hr.hr-invisible.av-5zndtw-624a6933905c96e34e34ddedb41fa810{\nheight:50px;\n}\n<\/style>\n<div  class='hr av-5zndtw-624a6933905c96e34e34ddedb41fa810 hr-invisible  avia-builder-el-9  el_after_av_heading  el_before_av_one_half '><span class='hr-inner '><span class=\"hr-inner-style\"><\/span><\/span><\/div>\n\n<style type=\"text\/css\" data-created_by=\"avia_inline_auto\" id=\"style-css-av-8016c-aa38b82f811055d008c781e2cf52bbb9\">\n.flex_column.av-8016c-aa38b82f811055d008c781e2cf52bbb9{\nborder-radius:0px 0px 0px 0px;\npadding:0px 0px 0px 0px;\n}\n<\/style>\n<div  class='flex_column av-8016c-aa38b82f811055d008c781e2cf52bbb9 av_one_half  avia-builder-el-10  el_after_av_hr  el_before_av_one_half  first flex_column_div av-zero-column-padding  '     ><div  class='avia-button-wrap av-1uadas-d394e2a27eeffcb90ffab574d2ae27de-wrap avia-button-center  avia-builder-el-11  avia-builder-el-no-sibling '><a href='https:\/\/fredonoccitanie189-my.sharepoint.com\/:f:\/g\/personal\/i_helal_fredon-occitanie_fr\/EonEo_ZN8w9FtVSzQjq3KykBZZtfuq0Dn1-s1v1uLwnNyg?e=zdNReI'  class='avia-button av-1uadas-d394e2a27eeffcb90ffab574d2ae27de av-link-btn avia-icon_select-yes-left-icon avia-size-x-large avia-position-center avia-color-theme-color'  target=\"_blank\"  rel=\"noopener noreferrer\"  aria-label=\"Acc\u00e8s au Cloud du r\u00e9seau\"><span class='avia_button_icon avia_button_icon_left avia-iconfont avia-font-entypo-fontello' data-av_icon='\ue824' data-av_iconfont='entypo-fontello' ><\/span><span class='avia_iconbox_title' >Acc\u00e8s au Cloud du r\u00e9seau<\/span><\/a><\/div><\/div>\n<style type=\"text\/css\" data-created_by=\"avia_inline_auto\" id=\"style-css-av-cmkjo-742cd74ce9fd94baf570df7e3896f825\">\n.flex_column.av-cmkjo-742cd74ce9fd94baf570df7e3896f825{\nborder-radius:0px 0px 0px 0px;\npadding:0px 0px 0px 0px;\n}\n<\/style>\n<div  class='flex_column av-cmkjo-742cd74ce9fd94baf570df7e3896f825 av_one_half  avia-builder-el-12  el_after_av_one_half  avia-builder-el-last  flex_column_div av-zero-column-padding  '     ><div  class='avia-button-wrap av-lk9imlrm-b6f88f92756e42c15c4bcf72e6bca4c0-wrap avia-button-center  avia-builder-el-13  avia-builder-el-no-sibling '><a href='https:\/\/fredonoccitanie189-my.sharepoint.com\/:f:\/g\/personal\/i_helal_fredon-occitanie_fr\/EiGaT1KMos9Kq2ODn5vVZuUBljjy-p3AbBIK4OdAFbLcwQ?e=fa5SZC'  class='avia-button av-lk9imlrm-b6f88f92756e42c15c4bcf72e6bca4c0 av-link-btn avia-icon_select-yes-left-icon avia-size-x-large avia-position-center avia-color-theme-color'  target=\"_blank\"  rel=\"noopener noreferrer\"  aria-label=\"Acc\u00e8s au Cloud des collectivit\u00e9s\"><span class='avia_button_icon avia_button_icon_left avia-iconfont avia-font-entypo-fontello' data-av_icon='\ue824' data-av_iconfont='entypo-fontello' ><\/span><span class='avia_iconbox_title' >Acc\u00e8s au Cloud des collectivit\u00e9s<\/span><\/a><\/div><\/div>\n<\/div><\/div><\/div><!-- close content main div --><\/div><\/div><div id='after_section_1'  class='main_color av_default_container_wrap container_wrap fullsize'  ><div class='container av-section-cont-open' ><div class='template-page content  av-content-full alpha units'><div class='post-entry post-entry-type-page post-entry-8452'><div class='entry-content-wrapper clearfix'>\n\n<style type=\"text\/css\" data-created_by=\"avia_inline_auto\" id=\"style-css-av-lk9iom37-b25e29b2a6cde2f759894cc49f9cea20\">\n#top .hr.hr-invisible.av-lk9iom37-b25e29b2a6cde2f759894cc49f9cea20{\nheight:50px;\n}\n<\/style>\n<div  class='hr av-lk9iom37-b25e29b2a6cde2f759894cc49f9cea20 hr-invisible  avia-builder-el-14  el_after_av_section  el_before_av_heading  avia-builder-el-first '><span class='hr-inner '><span class=\"hr-inner-style\"><\/span><\/span><\/div>\n\n<style type=\"text\/css\" data-created_by=\"avia_inline_auto\" id=\"style-css-av-lk9is28n-7080d3ae57ebb3a237ad03dc2b690997\">\n#top .av-special-heading.av-lk9is28n-7080d3ae57ebb3a237ad03dc2b690997{\npadding-bottom:10px;\n}\nbody .av-special-heading.av-lk9is28n-7080d3ae57ebb3a237ad03dc2b690997 .av-special-heading-tag .heading-char{\nfont-size:25px;\n}\n.av-special-heading.av-lk9is28n-7080d3ae57ebb3a237ad03dc2b690997 .av-subheading{\nfont-size:15px;\n}\n<\/style>\n<div  class='av-special-heading av-lk9is28n-7080d3ae57ebb3a237ad03dc2b690997 av-special-heading-h2 blockquote modern-quote modern-centered  avia-builder-el-15  el_after_av_hr  el_before_av_hr '><h2 class='av-special-heading-tag '  itemprop=\"headline\"  >Autres ressources<\/h2><div class=\"special-heading-border\"><div class=\"special-heading-inner-border\"><\/div><\/div><\/div>\n\n<style type=\"text\/css\" data-created_by=\"avia_inline_auto\" id=\"style-css-av-2jwfqs-3c0d65ed37cc4aff055a784124dbca5c\">\n#top .hr.hr-invisible.av-2jwfqs-3c0d65ed37cc4aff055a784124dbca5c{\nheight:50px;\n}\n<\/style>\n<div  class='hr av-2jwfqs-3c0d65ed37cc4aff055a784124dbca5c hr-invisible  avia-builder-el-16  el_after_av_heading  el_before_av_one_fifth '><span class='hr-inner '><span class=\"hr-inner-style\"><\/span><\/span><\/div>\n\n<style type=\"text\/css\" data-created_by=\"avia_inline_auto\" id=\"style-css-av-9di67o-f675b68c2764d047056981410370ae6e\">\n.flex_column.av-9di67o-f675b68c2764d047056981410370ae6e{\nborder-radius:0px 0px 0px 0px;\npadding:0px 0px 0px 0px;\n}\n<\/style>\n<div  class='flex_column av-9di67o-f675b68c2764d047056981410370ae6e av_one_fifth  avia-builder-el-17  el_after_av_hr  el_before_av_one_fifth  first flex_column_div av-zero-column-padding  '     ><section  class='av_textblock_section av-kradt8oj-9e18f07053efa5649331f557bf3b10d5 '   itemscope=\"itemscope\" itemtype=\"https:\/\/schema.org\/CreativeWork\" ><div class='avia_textblock'  itemprop=\"text\" ><h3 class=\"vc_custom_heading\">Notre base documentaire<\/h3>\n<div class=\"wpb_text_column wpb_content_element \">\n<div class=\"wpb_wrapper\">\n<p>L\u2019ensemble des publications d\u2019int\u00e9r\u00eat pour les d\u00e9marches de protection de la ressource en eau : mod\u00e9lisation, m\u00e9thodes d\u2019\u00e9valuation de la vuln\u00e9rabilit\u00e9, exemples de sc\u00e9narios de plan d\u2019action, outils d\u2019animation et diagnostic comme Coclick\u2019eau\u2026<\/p>\n<\/div>\n<\/div>\n<\/div><\/section><br \/>\n<div  class='avia-button-wrap av-kradtl72-e04ca1ee92a324359551c7ef1ef12f90-wrap avia-button-center  avia-builder-el-19  el_after_av_textblock  avia-builder-el-last '><a href='https:\/\/fredonoccitanie189-my.sharepoint.com\/:f:\/g\/personal\/i_helal_fredon-occitanie_fr\/Em966ZicDRdAtOhIHPrQfy4BWUcQI-VYk6pouNMpnKw2oA?e=cEeAIm'  class='avia-button av-kradtl72-e04ca1ee92a324359551c7ef1ef12f90 av-link-btn avia-icon_select-no avia-size-small avia-position-center avia-color-theme-color'  target=\"_blank\"  rel=\"noopener noreferrer\"  aria-label=\"Fiche\"><span class='avia_iconbox_title' >Fiche<\/span><\/a><\/div><\/p><\/div>\n<style type=\"text\/css\" data-created_by=\"avia_inline_auto\" id=\"style-css-av-7o9qn8-1187b4029f4a2e374f1ef56ab19872b2\">\n.flex_column.av-7o9qn8-1187b4029f4a2e374f1ef56ab19872b2{\nborder-radius:0px 0px 0px 0px;\npadding:0px 0px 0px 0px;\n}\n<\/style>\n<div  class='flex_column av-7o9qn8-1187b4029f4a2e374f1ef56ab19872b2 av_one_fifth  avia-builder-el-20  el_after_av_one_fifth  el_before_av_one_fifth  flex_column_div av-zero-column-padding  '     ><section  class='av_textblock_section av-kradty9y-0c5f15370d25df2831be4ad7428ecd54 '   itemscope=\"itemscope\" itemtype=\"https:\/\/schema.org\/CreativeWork\" ><div class='avia_textblock'  itemprop=\"text\" ><h3 class=\"vc_custom_heading\">Notre veille juridique et r\u00e9glementaire<\/h3>\n<div class=\"wpb_text_column wpb_content_element \">\n<div class=\"wpb_wrapper\">\n<p>L\u2019ensemble des textes r\u00e9glementaires et juridiques, du local au national, relatifs \u00e0 l\u2019utilisation des produits phytopharmaceutiques et la protection de la ressource en eau : arr\u00eat\u00e9s cours d\u2019eau, arr\u00eat\u00e9s personnes vuln\u00e9rables, fiches-synth\u00e8se de l\u2019actualit\u00e9 r\u00e9glementaire\u2026<\/p>\n<\/div>\n<\/div>\n<\/div><\/section><br \/>\n<div  class='avia-button-wrap av-kradud18-536778eded2acb3ac1a7ddc4d5c1ceab-wrap avia-button-center  avia-builder-el-22  el_after_av_textblock  avia-builder-el-last '><a href='https:\/\/fredonoccitanie189-my.sharepoint.com\/:f:\/g\/personal\/i_helal_fredon-occitanie_fr\/Ej4ARsT120ZIoTGVb27EqdEBurA6SdlgdNjYuksEPuVK-Q?e=TMk1Uv'  class='avia-button av-kradud18-536778eded2acb3ac1a7ddc4d5c1ceab av-link-btn avia-icon_select-no avia-size-small avia-position-center avia-color-theme-color'  target=\"_blank\"  rel=\"noopener noreferrer\"  aria-label=\"Fiche\"><span class='avia_iconbox_title' >Fiche<\/span><\/a><\/div><\/p><\/div>\n<style type=\"text\/css\" data-created_by=\"avia_inline_auto\" id=\"style-css-av-jvez8-f58238b8e3198a673b323e6e7f6230b8\">\n.flex_column.av-jvez8-f58238b8e3198a673b323e6e7f6230b8{\nborder-radius:0px 0px 0px 0px;\npadding:0px 0px 0px 0px;\n}\n<\/style>\n<div  class='flex_column av-jvez8-f58238b8e3198a673b323e6e7f6230b8 av_one_fifth  avia-builder-el-23  el_after_av_one_fifth  el_before_av_one_fifth  flex_column_div av-zero-column-padding  '     ><section  class='av_textblock_section av-kraduswz-6f497d2855e69fe0b7e980c5851eb916 '   itemscope=\"itemscope\" itemtype=\"https:\/\/schema.org\/CreativeWork\" ><div class='avia_textblock'  itemprop=\"text\" ><h3 class=\"vc_custom_heading\">Fonds europ\u00e9ens en Occitanie<\/h3>\n<div class=\"wpb_text_column wpb_content_element \">\n<div class=\"wpb_wrapper\">\n<p>Les financements mobilisables pour des projets de territoire relatifs \u00e0 l\u2019agriculture et la protection de la ressource en eau, dans le cadre des fonds europ\u00e9ens FEADER et FEDER.<\/p>\n<\/div>\n<\/div>\n<\/div><\/section><br \/>\n<div  class='avia-button-wrap av-kradv1xv-187808c49c2711cd5e704b26e580101e-wrap avia-button-center  avia-builder-el-25  el_after_av_textblock  avia-builder-el-last '><a href='https:\/\/www.europe-en-occitanie.eu\/-Les-financements-'  class='avia-button av-kradv1xv-187808c49c2711cd5e704b26e580101e av-link-btn avia-icon_select-no avia-size-small avia-position-center avia-color-theme-color'  target=\"_blank\"  rel=\"noopener noreferrer\"  aria-label=\"Site web\"><span class='avia_iconbox_title' >Site web<\/span><\/a><\/div><\/p><\/div><\/p>\n\n<style type=\"text\/css\" data-created_by=\"avia_inline_auto\" id=\"style-css-av-4trjf8-d4cea286d37efef124a9407416f91827\">\n.flex_column.av-4trjf8-d4cea286d37efef124a9407416f91827{\nborder-radius:0px 0px 0px 0px;\npadding:0px 0px 0px 0px;\n}\n<\/style>\n<div  class='flex_column av-4trjf8-d4cea286d37efef124a9407416f91827 av_one_fifth  avia-builder-el-26  el_after_av_one_fifth  el_before_av_one_fifth  flex_column_div av-zero-column-padding  '     ><section  class='av_textblock_section av-kradvcsx-8fdc557a76255432784dfe3b7c14ae3f '   itemscope=\"itemscope\" itemtype=\"https:\/\/schema.org\/CreativeWork\" ><div class='avia_textblock'  itemprop=\"text\" ><h3 class=\"vc_custom_heading\">Plateforme GeCCo Occitanie<\/h3>\n<div class=\"wpb_text_column wpb_content_element \">\n<div class=\"wpb_wrapper\">\n<p>Plateforme documentaire de la R\u00e9gion Occitanie, comprenant l\u2019ensemble des documents relatifs aux dispositifs FEADER<\/p>\n<\/div>\n<\/div>\n<\/div><\/section><br \/>\n<div  class='avia-button-wrap av-kradvm5a-e8a6dbbd3a9617421bdd26cfcec6aaaf-wrap avia-button-center  avia-builder-el-28  el_after_av_textblock  avia-builder-el-last '><a href='http:\/\/gecco.cr-languedocroussillon.fr\/share'  class='avia-button av-kradvm5a-e8a6dbbd3a9617421bdd26cfcec6aaaf av-link-btn avia-icon_select-no avia-size-small avia-position-center avia-color-theme-color'  target=\"_blank\"  rel=\"noopener noreferrer\"  aria-label=\"Plateforme\"><span class='avia_iconbox_title' >Plateforme<\/span><\/a><\/div><\/p><\/div>\n\n<style type=\"text\/css\" data-created_by=\"avia_inline_auto\" id=\"style-css-av-29pxas-aeaadb800e718eb2889c6aa7a0263209\">\n.flex_column.av-29pxas-aeaadb800e718eb2889c6aa7a0263209{\nborder-radius:0px 0px 0px 0px;\npadding:0px 0px 0px 0px;\n}\n<\/style>\n<div  class='flex_column av-29pxas-aeaadb800e718eb2889c6aa7a0263209 av_one_fifth  avia-builder-el-29  el_after_av_one_fifth  avia-builder-el-last  flex_column_div av-zero-column-padding  '     ><section  class='av_textblock_section av-kradvxza-7150ea723274ad0b70d51a4f43a805e4 '   itemscope=\"itemscope\" itemtype=\"https:\/\/schema.org\/CreativeWork\" ><div class='avia_textblock'  itemprop=\"text\" ><h3 class=\"vc_custom_heading\">Ressources nationales sur l&rsquo;agriculture biologique<\/h3>\n<div class=\"wpb_text_column wpb_content_element \">\n<div class=\"wpb_wrapper\">\n<p>La base de documentaire de l\u2019agriculture biologique en France, organis\u00e9e par entr\u00e9es th\u00e9matiques et de fili\u00e8re: maraichage, viticulture, \u00e9levage\u2026<\/p>\n<\/div>\n<\/div>\n<\/div><\/section><br \/>\n<div  class='avia-button-wrap av-kradw6p8-8a4a0b535bcb448e27503c82581ed411-wrap avia-button-center  avia-builder-el-31  el_after_av_textblock  avia-builder-el-last '><a href='http:\/\/abiodoc.docressources.fr\/index.php?lvl=etagere_see&amp;id=22'  class='avia-button av-kradw6p8-8a4a0b535bcb448e27503c82581ed411 av-link-btn avia-icon_select-no avia-size-small avia-position-center avia-color-theme-color'  target=\"_blank\"  rel=\"noopener noreferrer\"  aria-label=\"Base documentaire\"><span class='avia_iconbox_title' >Base documentaire<\/span><\/a><\/div><\/p><\/div>\n","protected":false},"excerpt":{"rendered":"","protected":false},"author":1,"featured_media":0,"parent":0,"menu_order":4,"comment_status":"closed","ping_status":"closed","template":"","meta":{"footnotes":""},"class_list":["post-8452","page","type-page","status-publish","hentry"],"_links":{"self":[{"href":"https:\/\/www.fredonoccitanie.com\/captages\/wp-json\/wp\/v2\/pages\/8452","targetHints":{"allow":["GET"]}}],"collection":[{"href":"https:\/\/www.fredonoccitanie.com\/captages\/wp-json\/wp\/v2\/pages"}],"about":[{"href":"https:\/\/www.fredonoccitanie.com\/captages\/wp-json\/wp\/v2\/types\/page"}],"author":[{"embeddable":true,"href":"https:\/\/www.fredonoccitanie.com\/captages\/wp-json\/wp\/v2\/users\/1"}],"replies":[{"embeddable":true,"href":"https:\/\/www.fredonoccitanie.com\/captages\/wp-json\/wp\/v2\/comments?post=8452"}],"version-history":[{"count":5,"href":"https:\/\/www.fredonoccitanie.com\/captages\/wp-json\/wp\/v2\/pages\/8452\/revisions"}],"predecessor-version":[{"id":11404,"href":"https:\/\/www.fredonoccitanie.com\/captages\/wp-json\/wp\/v2\/pages\/8452\/revisions\/11404"}],"wp:attachment":[{"href":"https:\/\/www.fredonoccitanie.com\/captages\/wp-json\/wp\/v2\/media?parent=8452"}],"curies":[{"name":"wp","href":"https:\/\/api.w.org\/{rel}","templated":true}]}}