{"id":8282,"date":"2021-07-16T15:10:02","date_gmt":"2021-07-16T13:10:02","guid":{"rendered":"https:\/\/www.fredonoccitanie.com\/captages\/?page_id=8282"},"modified":"2023-01-04T11:22:59","modified_gmt":"2023-01-04T10:22:59","slug":"notre-demarche-en-chiffres","status":"publish","type":"page","link":"https:\/\/www.fredonoccitanie.com\/captages\/nos-missions\/notre-demarche-en-chiffres\/","title":{"rendered":"Notre d\u00e9marche en chiffres"},"content":{"rendered":"\n<style type=\"text\/css\" data-created_by=\"avia_inline_auto\" id=\"style-css-av-b5qmje-b105a7db7abc9f4014e895bc8ee34adc\">\n.flex_column.av-b5qmje-b105a7db7abc9f4014e895bc8ee34adc{\nborder-radius:0px 0px 0px 0px;\npadding:0px 0px 0px 0px;\n}\n<\/style>\n<div  class='flex_column av-b5qmje-b105a7db7abc9f4014e895bc8ee34adc av_one_third  avia-builder-el-0  el_before_av_two_third  avia-builder-el-first  first flex_column_div av-zero-column-padding  '     ><style type=\"text\/css\" data-created_by=\"avia_inline_auto\" id=\"style-css-av-kr6d4k6l-88c0285743395a6406ee4b516a86aa72\">\n.avia-image-container.av-kr6d4k6l-88c0285743395a6406ee4b516a86aa72 img.avia_image{\nbox-shadow:none;\n}\n.avia-image-container.av-kr6d4k6l-88c0285743395a6406ee4b516a86aa72 .av-image-caption-overlay-center{\ncolor:#ffffff;\n}\n<\/style>\n<div  class='avia-image-container av-kr6d4k6l-88c0285743395a6406ee4b516a86aa72 av-styling- avia-align-center  avia-builder-el-1  avia-builder-el-no-sibling '   itemprop=\"image\" itemscope=\"itemscope\" itemtype=\"https:\/\/schema.org\/ImageObject\" ><div class=\"avia-image-container-inner\"><div class=\"avia-image-overlay-wrap\"><img decoding=\"async\" fetchpriority=\"high\" class='wp-image-8293 avia-img-lazy-loading-not-8293 avia_image ' src=\"https:\/\/www.fredonoccitanie.com\/captages\/wp-content\/uploads\/sites\/3\/2021\/07\/logo_chiffres_cles_2.png\" alt='' title='logo_chiffres_cl\u00e9s_2'  height=\"517\" width=\"539\"  itemprop=\"thumbnailUrl\" srcset=\"https:\/\/www.fredonoccitanie.com\/captages\/wp-content\/uploads\/sites\/3\/2021\/07\/logo_chiffres_cles_2.png 539w, https:\/\/www.fredonoccitanie.com\/captages\/wp-content\/uploads\/sites\/3\/2021\/07\/logo_chiffres_cles_2-300x288.png 300w, https:\/\/www.fredonoccitanie.com\/captages\/wp-content\/uploads\/sites\/3\/2021\/07\/logo_chiffres_cles_2-36x36.png 36w\" sizes=\"(max-width: 539px) 100vw, 539px\" \/><\/div><\/div><\/div><\/div>\n\n<style type=\"text\/css\" data-created_by=\"avia_inline_auto\" id=\"style-css-av-9cbil6-0e3fb7954d98dc95a8793b6fd4a81304\">\n.flex_column.av-9cbil6-0e3fb7954d98dc95a8793b6fd4a81304{\nborder-radius:0px 0px 0px 0px;\npadding:0px 0px 0px 0px;\n}\n<\/style>\n<div  class='flex_column av-9cbil6-0e3fb7954d98dc95a8793b6fd4a81304 av_two_third  avia-builder-el-2  el_after_av_one_third  el_before_av_two_third  flex_column_div av-zero-column-padding  '     ><section  class='av_textblock_section av-kr6d5rze-33bcb3a12ba0d2bf66fb333c8ef552ea '   itemscope=\"itemscope\" itemtype=\"https:\/\/schema.org\/CreativeWork\" ><div class='avia_textblock'  itemprop=\"text\" ><h1 class=\"sc_title sc_title_regular\">La d\u00e9marche en chiffres<\/h1>\n<div class=\"wpb_text_column wpb_content_element \">\n<div class=\"wpb_wrapper\">\n<h3>Bien mieux que des mots, des chiffres pour comprendre les r\u00e9sultats de notre action\u2026<\/h3>\n<\/div>\n<\/div>\n<div class=\"wpb_text_column wpb_content_element \">\n<div class=\"wpb_wrapper\">\n<p>La <strong>d\u00e9marche <em>Captages d&rsquo;<\/em>Eau<em>ccitanie<\/em><\/strong> est d\u00e9ploy\u00e9e sur l&rsquo;ensemble de la r\u00e9gion Occitanie, \u00e0 travers l&rsquo;animation de deux r\u00e9seaux, respectivement sur la bassin Rh\u00f4ne M\u00e9diterran\u00e9e Corse et le bassin Adour-Garonne.<\/p>\n<p>La d\u00e9marche est n\u00e9e sur le bassin Rh\u00f4ne M\u00e9diterran\u00e9e Corse il y a plusieurs ann\u00e9es d\u00e9j\u00e0, et son d\u00e9ploiement sur l&rsquo;Ouest de la r\u00e9gion est bien plus r\u00e9cent.<\/p>\n<p>Aussi, \u00e0 ce stade, les chiffres pr\u00e9sent\u00e9s concernent uniquement l&rsquo;Est de l&rsquo;Occitanie, sur le bassin Rh\u00f4ne M\u00e9diterran\u00e9e Corse.<\/p>\n<p><strong>&gt;&gt; Donn\u00e9es de 2015, issues de 30 territoires d\u2019animation de captages prioritaires sur le bassin Rh\u00f4ne M\u00e9diterran\u00e9e Corse.<\/strong><\/p>\n<\/div>\n<\/div>\n<\/div><\/section><br \/>\n<div  class='avia-button-wrap av-krjd4ggl-83648143a9b9d28ec8acfaac4284f2d1-wrap avia-button-left  avia-builder-el-4  el_after_av_textblock  avia-builder-el-last '><a href='https:\/\/www.fredonoccitanie.com\/captages\/wp-content\/uploads\/sites\/3\/2021\/07\/Sauvons-nos-captages_datavisualisation.pdf'  class='avia-button av-krjd4ggl-83648143a9b9d28ec8acfaac4284f2d1 av-link-btn avia-icon_select-yes-left-icon avia-size-medium avia-position-left avia-color-theme-color'  target=\"_blank\"  rel=\"noopener noreferrer\"  aria-label=\"La publication int\u00e9grale\"><span class='avia_button_icon avia_button_icon_left avia-iconfont avia-font-entypo-fontello' data-av_icon='\ue82d' data-av_iconfont='entypo-fontello' ><\/span><span class='avia_iconbox_title' >La publication int\u00e9grale<\/span><\/a><\/div><\/p><\/div>\n<style type=\"text\/css\" data-created_by=\"avia_inline_auto\" id=\"style-css-av-rvwne-ec9132c89c5310147196f1913f42cbeb\">\n.flex_column.av-rvwne-ec9132c89c5310147196f1913f42cbeb{\nborder-radius:0px 0px 0px 0px;\npadding:0px 0px 0px 0px;\n}\n<\/style>\n<div  class='flex_column av-rvwne-ec9132c89c5310147196f1913f42cbeb av_two_third  avia-builder-el-5  el_after_av_two_third  el_before_av_one_third  first flex_column_div av-zero-column-padding  column-top-margin'     ><style type=\"text\/css\" data-created_by=\"avia_inline_auto\" id=\"style-css-av-kr6d7vin-53e11fdaeaefe7c9974c17aee5231dad\">\n.avia-image-container.av-kr6d7vin-53e11fdaeaefe7c9974c17aee5231dad img.avia_image{\nbox-shadow:none;\n}\n.avia-image-container.av-kr6d7vin-53e11fdaeaefe7c9974c17aee5231dad .av-image-caption-overlay-center{\ncolor:#ffffff;\n}\n<\/style>\n<div  class='avia-image-container av-kr6d7vin-53e11fdaeaefe7c9974c17aee5231dad av-styling- avia-align-center  avia-builder-el-6  avia-builder-el-no-sibling '   itemprop=\"image\" itemscope=\"itemscope\" itemtype=\"https:\/\/schema.org\/ImageObject\" ><div class=\"avia-image-container-inner\"><div class=\"avia-image-overlay-wrap\"><img decoding=\"async\" loading=\"lazy\" class='wp-image-8288 avia-img-lazy-loading-8288 avia_image ' src=\"https:\/\/www.fredonoccitanie.com\/captages\/wp-content\/uploads\/sites\/3\/2021\/07\/Infographie-1.gif\" alt='' title='Infographie-1'  height=\"687\" width=\"951\"  itemprop=\"thumbnailUrl\"  \/><\/div><\/div><\/div><\/div><\/p>\n\n<style type=\"text\/css\" data-created_by=\"avia_inline_auto\" id=\"style-css-av-5r7o22-790590a45078560e534ee1206ed1e59b\">\n.flex_column.av-5r7o22-790590a45078560e534ee1206ed1e59b{\nborder-radius:0px 0px 0px 0px;\npadding:0px 0px 0px 0px;\n}\n<\/style>\n<div  class='flex_column av-5r7o22-790590a45078560e534ee1206ed1e59b av_one_third  avia-builder-el-7  el_after_av_two_third  el_before_av_one_full  flex_column_div av-zero-column-padding  column-top-margin'     ><style type=\"text\/css\" data-created_by=\"avia_inline_auto\" id=\"style-css-av-kr6d8fp4-12c47fa17d9283c4ddd5c612e3b778ad\">\n.avia-image-container.av-kr6d8fp4-12c47fa17d9283c4ddd5c612e3b778ad img.avia_image{\nbox-shadow:none;\n}\n.avia-image-container.av-kr6d8fp4-12c47fa17d9283c4ddd5c612e3b778ad .av-image-caption-overlay-center{\ncolor:#ffffff;\n}\n<\/style>\n<div  class='avia-image-container av-kr6d8fp4-12c47fa17d9283c4ddd5c612e3b778ad av-styling- avia-align-center  avia-builder-el-8  avia-builder-el-no-sibling '   itemprop=\"image\" itemscope=\"itemscope\" itemtype=\"https:\/\/schema.org\/ImageObject\" ><div class=\"avia-image-container-inner\"><div class=\"avia-image-overlay-wrap\"><img decoding=\"async\" loading=\"lazy\" class='wp-image-8289 avia-img-lazy-loading-8289 avia_image ' src=\"https:\/\/www.fredonoccitanie.com\/captages\/wp-content\/uploads\/sites\/3\/2021\/07\/Infographie-2.gif\" alt='' title='Infographie-2'  height=\"750\" width=\"667\"  itemprop=\"thumbnailUrl\"  \/><\/div><\/div><\/div><\/div>\n\n<style type=\"text\/css\" data-created_by=\"avia_inline_auto\" id=\"style-css-av-3hicpm-cb58a8cf06f5cd3ad40d3dfd21d5d6c0\">\n.flex_column.av-3hicpm-cb58a8cf06f5cd3ad40d3dfd21d5d6c0{\nborder-radius:0px 0px 0px 0px;\npadding:0px 0px 0px 0px;\n}\n<\/style>\n<div  class='flex_column av-3hicpm-cb58a8cf06f5cd3ad40d3dfd21d5d6c0 av_one_full  avia-builder-el-9  el_after_av_one_third  el_before_av_one_full  first flex_column_div av-zero-column-padding  column-top-margin'     ><style type=\"text\/css\" data-created_by=\"avia_inline_auto\" id=\"style-css-av-kr6d931l-06539029784120a72327b6faf534986b\">\n.avia-image-container.av-kr6d931l-06539029784120a72327b6faf534986b img.avia_image{\nbox-shadow:none;\n}\n.avia-image-container.av-kr6d931l-06539029784120a72327b6faf534986b .av-image-caption-overlay-center{\ncolor:#ffffff;\n}\n<\/style>\n<div  class='avia-image-container av-kr6d931l-06539029784120a72327b6faf534986b av-styling- avia-align-center  avia-builder-el-10  avia-builder-el-no-sibling '   itemprop=\"image\" itemscope=\"itemscope\" itemtype=\"https:\/\/schema.org\/ImageObject\" ><div class=\"avia-image-container-inner\"><div class=\"avia-image-overlay-wrap\"><img decoding=\"async\" loading=\"lazy\" class='wp-image-8290 avia-img-lazy-loading-8290 avia_image ' src=\"https:\/\/www.fredonoccitanie.com\/captages\/wp-content\/uploads\/sites\/3\/2021\/07\/Infographie-3.gif\" alt='' title='Infographie-3'  height=\"557\" width=\"1418\"  itemprop=\"thumbnailUrl\"  \/><\/div><\/div><\/div><\/div>\n\n<style type=\"text\/css\" data-created_by=\"avia_inline_auto\" id=\"style-css-av-2rr52y-08116612d1ee8d7c883a5e2e6d7adb96\">\n.flex_column.av-2rr52y-08116612d1ee8d7c883a5e2e6d7adb96{\nborder-radius:0px 0px 0px 0px;\npadding:0px 0px 0px 0px;\n}\n<\/style>\n<div  class='flex_column av-2rr52y-08116612d1ee8d7c883a5e2e6d7adb96 av_one_full  avia-builder-el-11  el_after_av_one_full  el_before_av_one_full  first flex_column_div av-zero-column-padding  column-top-margin'     ><style type=\"text\/css\" data-created_by=\"avia_inline_auto\" id=\"style-css-av-kr6dah3q-d0ab594d48e127a3c884f0ae5b5805d8\">\n.avia-image-container.av-kr6dah3q-d0ab594d48e127a3c884f0ae5b5805d8 img.avia_image{\nbox-shadow:none;\n}\n.avia-image-container.av-kr6dah3q-d0ab594d48e127a3c884f0ae5b5805d8 .av-image-caption-overlay-center{\ncolor:#ffffff;\n}\n<\/style>\n<div  class='avia-image-container av-kr6dah3q-d0ab594d48e127a3c884f0ae5b5805d8 av-styling- avia-align-center  avia-builder-el-12  avia-builder-el-no-sibling '   itemprop=\"image\" itemscope=\"itemscope\" itemtype=\"https:\/\/schema.org\/ImageObject\" ><div class=\"avia-image-container-inner\"><div class=\"avia-image-overlay-wrap\"><img decoding=\"async\" loading=\"lazy\" class='wp-image-8291 avia-img-lazy-loading-8291 avia_image ' src=\"https:\/\/www.fredonoccitanie.com\/captages\/wp-content\/uploads\/sites\/3\/2021\/07\/Infographie-4.gif\" alt='' title='Infographie-4'  height=\"451\" width=\"1394\"  itemprop=\"thumbnailUrl\"  \/><\/div><\/div><\/div><\/div>\n\n<style type=\"text\/css\" data-created_by=\"avia_inline_auto\" id=\"style-css-av-26kyt6-57afe506eb22547e1847cc7fec70cb05\">\n.flex_column.av-26kyt6-57afe506eb22547e1847cc7fec70cb05{\nborder-radius:0px 0px 0px 0px;\npadding:0px 0px 0px 0px;\n}\n<\/style>\n<div  class='flex_column av-26kyt6-57afe506eb22547e1847cc7fec70cb05 av_one_full  avia-builder-el-13  el_after_av_one_full  avia-builder-el-last  first flex_column_div av-zero-column-padding  column-top-margin'     ><style type=\"text\/css\" data-created_by=\"avia_inline_auto\" id=\"style-css-av-kr6d9lrt-4f90096f677cac31acfa158b831ee443\">\n.avia-image-container.av-kr6d9lrt-4f90096f677cac31acfa158b831ee443 img.avia_image{\nbox-shadow:none;\n}\n.avia-image-container.av-kr6d9lrt-4f90096f677cac31acfa158b831ee443 .av-image-caption-overlay-center{\ncolor:#ffffff;\n}\n<\/style>\n<div  class='avia-image-container av-kr6d9lrt-4f90096f677cac31acfa158b831ee443 av-styling- avia-align-center  avia-builder-el-14  avia-builder-el-no-sibling '   itemprop=\"image\" itemscope=\"itemscope\" itemtype=\"https:\/\/schema.org\/ImageObject\" ><div class=\"avia-image-container-inner\"><div class=\"avia-image-overlay-wrap\"><img decoding=\"async\" loading=\"lazy\" class='wp-image-8292 avia-img-lazy-loading-8292 avia_image ' src=\"https:\/\/www.fredonoccitanie.com\/captages\/wp-content\/uploads\/sites\/3\/2021\/07\/Infographie-5.gif\" alt='' title='Infographie-5'  height=\"588\" width=\"1405\"  itemprop=\"thumbnailUrl\"  \/><\/div><\/div><\/div><\/div>\n","protected":false},"excerpt":{"rendered":"","protected":false},"author":1,"featured_media":0,"parent":31,"menu_order":2,"comment_status":"closed","ping_status":"closed","template":"","meta":{"footnotes":""},"class_list":["post-8282","page","type-page","status-publish","hentry"],"_links":{"self":[{"href":"https:\/\/www.fredonoccitanie.com\/captages\/wp-json\/wp\/v2\/pages\/8282","targetHints":{"allow":["GET"]}}],"collection":[{"href":"https:\/\/www.fredonoccitanie.com\/captages\/wp-json\/wp\/v2\/pages"}],"about":[{"href":"https:\/\/www.fredonoccitanie.com\/captages\/wp-json\/wp\/v2\/types\/page"}],"author":[{"embeddable":true,"href":"https:\/\/www.fredonoccitanie.com\/captages\/wp-json\/wp\/v2\/users\/1"}],"replies":[{"embeddable":true,"href":"https:\/\/www.fredonoccitanie.com\/captages\/wp-json\/wp\/v2\/comments?post=8282"}],"version-history":[{"count":5,"href":"https:\/\/www.fredonoccitanie.com\/captages\/wp-json\/wp\/v2\/pages\/8282\/revisions"}],"predecessor-version":[{"id":10080,"href":"https:\/\/www.fredonoccitanie.com\/captages\/wp-json\/wp\/v2\/pages\/8282\/revisions\/10080"}],"up":[{"embeddable":true,"href":"https:\/\/www.fredonoccitanie.com\/captages\/wp-json\/wp\/v2\/pages\/31"}],"wp:attachment":[{"href":"https:\/\/www.fredonoccitanie.com\/captages\/wp-json\/wp\/v2\/media?parent=8282"}],"curies":[{"name":"wp","href":"https:\/\/api.w.org\/{rel}","templated":true}]}}