{"id":8247,"date":"2021-07-16T15:09:37","date_gmt":"2021-07-16T13:09:37","guid":{"rendered":"https:\/\/www.fredonoccitanie.com\/captages\/?page_id=8247"},"modified":"2025-08-14T14:37:08","modified_gmt":"2025-08-14T12:37:08","slug":"notre-demarche","status":"publish","type":"page","link":"https:\/\/www.fredonoccitanie.com\/captages\/nos-ressources\/notre-demarche\/","title":{"rendered":"Un enjeu, une d\u00e9marche"},"content":{"rendered":"\n<style type=\"text\/css\" data-created_by=\"avia_inline_auto\" id=\"style-css-av-g1bs8n-bda0efe065f4322a7dad91bf40f9c585\">\n.flex_column.av-g1bs8n-bda0efe065f4322a7dad91bf40f9c585{\nborder-radius:0px 0px 0px 0px;\npadding:0px 0px 0px 0px;\n}\n<\/style>\n<div  class='flex_column av-g1bs8n-bda0efe065f4322a7dad91bf40f9c585 av_one_full  avia-builder-el-0  el_before_av_two_fifth  avia-builder-el-first  first flex_column_div av-zero-column-padding  '     ><section  class='av_textblock_section av-kr6cjwsh-96287c47921c24662122d0b339d5a0db '   itemscope=\"itemscope\" itemtype=\"https:\/\/schema.org\/CreativeWork\" ><div class='avia_textblock'  itemprop=\"text\" ><h2>L\u2019EAU : UNE RESSOURCE VULN\u00c9RABLE<\/h2>\n<p>La qualit\u00e9 de l\u2019eau potable constitue <strong>un enjeu de sant\u00e9 publique<\/strong> et demeure un sujet de pr\u00e9occupation majeur pour les fran\u00e7ais. Les pollutions dites diffuses -dont font partie les nitrates et pesticides- d\u00e9gradent les ressources en eau. Les effets sur l\u2019organisme humain de ces substances, ing\u00e9r\u00e9es r\u00e9guli\u00e8rement \u00e0 doses hom\u00e9opathiques, restent inconnus. C\u2019est pourquoi restaurer la qualit\u00e9 des ressources en eau qui alimentent les captages d\u2019eau potable, \u00e0 l\u2019\u00e9chelle de leurs aires d\u2019alimentation, est <strong>une priorit\u00e9 nationale<\/strong> pour assurer une eau potable de qualit\u00e9 et limiter les traitements avant distribution de l\u2019eau. Il s\u2019agit de <strong>la politique \u00ab\u00a0captages prioritaires\u00a0\u00bb<\/strong>.<\/p>\n<\/div><\/section><\/div>\n\n<style type=\"text\/css\" data-created_by=\"avia_inline_auto\" id=\"style-css-av-did6fr-6987c48cc4049080172d5c74d3d17a22\">\n.flex_column.av-did6fr-6987c48cc4049080172d5c74d3d17a22{\nborder-radius:0px 0px 0px 0px;\npadding:0px 0px 0px 0px;\n}\n<\/style>\n<div  class='flex_column av-did6fr-6987c48cc4049080172d5c74d3d17a22 av_two_fifth  avia-builder-el-2  el_after_av_one_full  el_before_av_one_half  first flex_column_div av-zero-column-padding  column-top-margin'     ><p>\n<style type=\"text\/css\" data-created_by=\"avia_inline_auto\" id=\"style-css-av-kr6cm6mj-031b38553cb42fd99b11c39af09fcbca\">\n.avia-image-container.av-kr6cm6mj-031b38553cb42fd99b11c39af09fcbca img.avia_image{\nbox-shadow:none;\n}\n.avia-image-container.av-kr6cm6mj-031b38553cb42fd99b11c39af09fcbca .av-image-caption-overlay-center{\ncolor:#ffffff;\n}\n<\/style>\n<div  class='avia-image-container av-kr6cm6mj-031b38553cb42fd99b11c39af09fcbca av-styling- avia-align-center  avia-builder-el-3  el_before_av_image  avia-builder-el-first '   itemprop=\"image\" itemscope=\"itemscope\" itemtype=\"https:\/\/schema.org\/ImageObject\" ><div class=\"avia-image-container-inner\"><div class=\"avia-image-overlay-wrap\"><img decoding=\"async\" fetchpriority=\"high\" class='wp-image- avia-img-lazy-loading-not- avia_image ' src=\"https:\/\/www.fredonoccitanie.com\/captages\/wp-content\/uploads\/sites\/3\/2021\/07\/IMG_6619-300x200.jpg\" alt='' title=''   itemprop=\"thumbnailUrl\"  \/><\/div><\/div><\/div><br \/>\n\n<style type=\"text\/css\" data-created_by=\"avia_inline_auto\" id=\"style-css-av-2wmohz-6accfbc45f14b562de09adf225f0851c\">\n.avia-image-container.av-2wmohz-6accfbc45f14b562de09adf225f0851c img.avia_image{\nbox-shadow:none;\n}\n.avia-image-container.av-2wmohz-6accfbc45f14b562de09adf225f0851c .av-image-caption-overlay-center{\ncolor:#ffffff;\n}\n<\/style>\n<div  class='avia-image-container av-2wmohz-6accfbc45f14b562de09adf225f0851c av-styling- avia-align-center  avia-builder-el-4  el_after_av_image  el_before_av_textblock '   itemprop=\"image\" itemscope=\"itemscope\" itemtype=\"https:\/\/schema.org\/ImageObject\" ><div class=\"avia-image-container-inner\"><div class=\"avia-image-overlay-wrap\"><img decoding=\"async\" fetchpriority=\"high\" class='wp-image-10110 avia-img-lazy-loading-not-10110 avia_image ' src=\"https:\/\/www.fredonoccitanie.com\/captages\/wp-content\/uploads\/sites\/3\/2023\/01\/BV-Ceroc-9-300x169.jpg\" alt='' title='BV Ceroc (9)'  height=\"169\" width=\"300\"  itemprop=\"thumbnailUrl\" srcset=\"https:\/\/www.fredonoccitanie.com\/captages\/wp-content\/uploads\/sites\/3\/2023\/01\/BV-Ceroc-9-300x169.jpg 300w, https:\/\/www.fredonoccitanie.com\/captages\/wp-content\/uploads\/sites\/3\/2023\/01\/BV-Ceroc-9-1030x579.jpg 1030w, https:\/\/www.fredonoccitanie.com\/captages\/wp-content\/uploads\/sites\/3\/2023\/01\/BV-Ceroc-9-768x432.jpg 768w, https:\/\/www.fredonoccitanie.com\/captages\/wp-content\/uploads\/sites\/3\/2023\/01\/BV-Ceroc-9-1536x864.jpg 1536w, https:\/\/www.fredonoccitanie.com\/captages\/wp-content\/uploads\/sites\/3\/2023\/01\/BV-Ceroc-9-2048x1152.jpg 2048w, https:\/\/www.fredonoccitanie.com\/captages\/wp-content\/uploads\/sites\/3\/2023\/01\/BV-Ceroc-9-1500x844.jpg 1500w, https:\/\/www.fredonoccitanie.com\/captages\/wp-content\/uploads\/sites\/3\/2023\/01\/BV-Ceroc-9-705x397.jpg 705w\" sizes=\"(max-width: 300px) 100vw, 300px\" \/><\/div><\/div><\/div><br \/>\n<section  class='av_textblock_section av-kr6cn1cx-a6c13e90a6f870d07129169cd2e5c026 '   itemscope=\"itemscope\" itemtype=\"https:\/\/schema.org\/CreativeWork\" ><div class='avia_textblock'  itemprop=\"text\" ><p style=\"text-align: center\"><strong>Initier et p\u00e9renniser le changement de pratiques agricoles (ou la transition agro\u00e9cologique) est un des objectifs principaux vis\u00e9s dans le cadre des actions de protection d\u2019un captage<\/strong><\/p>\n<\/div><\/section><\/p><\/div>\n\n<style type=\"text\/css\" data-created_by=\"avia_inline_auto\" id=\"style-css-av-d4tcpj-7a4ca2057b3b02db1d0b45b65020c3f9\">\n.flex_column.av-d4tcpj-7a4ca2057b3b02db1d0b45b65020c3f9{\nborder-radius:0px 0px 0px 0px;\npadding:0px 0px 0px 0px;\n}\n<\/style>\n<div  class='flex_column av-d4tcpj-7a4ca2057b3b02db1d0b45b65020c3f9 av_one_half  avia-builder-el-6  el_after_av_two_fifth  el_before_av_section  avia-builder-el-last  flex_column_div av-zero-column-padding  column-top-margin'     ><section  class='av_textblock_section av-kr6ckgy8-c3ae2201ecb1fa4b501afc3200158c0e '   itemscope=\"itemscope\" itemtype=\"https:\/\/schema.org\/CreativeWork\" ><div class='avia_textblock'  itemprop=\"text\" ><h2>CE QUI SE PASSE A LA SURFACE IMPACTE L\u2019EAU<\/h2>\n<div class=\"vc_empty_space\"><\/div>\n<div class=\"wpb_text_column wpb_content_element \">\n<div class=\"wpb_wrapper\">\n<div align=\"justify\">\n<p>Les activit\u00e9s humaines agricoles et non agricoles qui se d\u00e9roulent \u00e0 la surface de la zone d\u2019infiltration (ou aire d\u2019alimentation du captage) impactent directement la qualit\u00e9 de l\u2019eau qui se trouve en profondeur ou en superficie. L\u2019eau potable distribu\u00e9e aux robinets des consommateurs r\u00e9sulte donc, entre autres, de l\u2019agriculture du territoire : toutes les deux sont intimement li\u00e9es.<\/p>\n<p>Le maintien d\u2019une agriculture de qualit\u00e9, respectueuse de son environnement, est donc n\u00e9cessaire pour pr\u00e9server la ressource en eau et la sant\u00e9 du consommateur.<\/p>\n<p>Au-del\u00e0 de l&rsquo;agriculture, l&rsquo;ensemble des activit\u00e9s humaines en surface doit int\u00e9grer cet enjeu.<\/p>\n<\/div>\n<\/div>\n<\/div>\n<\/div><\/section><\/div>\n<\/div><\/div><\/div><!-- close content main div --><\/div><\/div>\n<style type=\"text\/css\" data-created_by=\"avia_inline_auto\" id=\"style-css-av-krjbf2vw-4c200b56fc8ff7a0ba3b46d8d7cd8206\">\n.avia-section.av-krjbf2vw-4c200b56fc8ff7a0ba3b46d8d7cd8206{\nbackground-color:#f8ead4;\nbackground-image:unset;\n}\n<\/style>\n<div id='av_section_1'  class='avia-section av-krjbf2vw-4c200b56fc8ff7a0ba3b46d8d7cd8206 main_color avia-section-default avia-no-border-styling  avia-builder-el-8  el_after_av_one_half  el_before_av_two_fifth  avia-bg-style-scroll container_wrap fullsize'  ><div class='container av-section-cont-open' ><div class='template-page content  av-content-full alpha units'><div class='post-entry post-entry-type-page post-entry-8247'><div class='entry-content-wrapper clearfix'>\n\n<style type=\"text\/css\" data-created_by=\"avia_inline_auto\" id=\"style-css-av-ac3gav-695a1bc16d563d93fef48af04e26e7bf\">\n.flex_column.av-ac3gav-695a1bc16d563d93fef48af04e26e7bf{\nborder-radius:0px 0px 0px 0px;\npadding:0px 0px 0px 0px;\n}\n<\/style>\n<div  class='flex_column av-ac3gav-695a1bc16d563d93fef48af04e26e7bf av_one_half  avia-builder-el-9  el_before_av_one_half  avia-builder-el-first  first flex_column_div av-zero-column-padding  '     ><section  class='av_textblock_section av-kr6co5l1-051ab0cb77c5fe71636daef8fcdce413 '   itemscope=\"itemscope\" itemtype=\"https:\/\/schema.org\/CreativeWork\" ><div class='avia_textblock'  itemprop=\"text\" ><h2>DUP, PPI et PPR : UNE DEMARCHE OBLIGATOIRE * POUR PROTEGER LES CAPTAGES CONTRE LES POLLUTIONS PONCTUELLES<\/h2>\n<div class=\"wpb_text_column wpb_content_element \">\n<div class=\"wpb_wrapper\">\n<p>Depuis <span class=\"ILfuVd\"><span class=\"e24Kjd\">la loi sur l\u2019eau du 3 janvier 1992 (loi LEMA), il est obligatoire d\u00e9limiter les p\u00e9rim\u00e8tres de protection de captage (PPC) pour tous les captages faisant objet (ou devant le faire) d\u2019une d\u00e9claration d\u2019utilit\u00e9 publique (DUP). Cette obligation, visant la s\u00e9curit\u00e9 sanitaire des populations, sert \u00e0 prot\u00e9ger un captage contre les pollutions ponctuelles. Comment ? Dans le cadre d\u2019un <\/span><\/span><span class=\"ILfuVd\"><span class=\"e24Kjd\">arr\u00eat\u00e9 Pr\u00e9fectoral, mairie et services de l\u2019Etat (\u00e0 l\u2019aide d\u2019experts) \u00e9tablissent des<\/span><\/span><span class=\"ILfuVd\"><span class=\"e24Kjd\"> p\u00e9rim\u00e8tres de protection imm\u00e9diat (PPI) et rapproch\u00e9 (PPR) autour du captage, zones sur lesquelles des prescriptions d\u00e9taill\u00e9es autorisent ou interdisent les activit\u00e9s humaines pouvant \u00eatre \u00e0 la source de pollutions. <\/span><\/span><\/p>\n<p>La vid\u00e9o ci-contre, de sensibilisation des collectivit\u00e9s \u00e0 la protection de la qualit\u00e9 de l\u2019eau potable, vous permettra de comprendre cette d\u00e9marche r\u00e9glementaire en quelques minutes.<\/p>\n<\/div>\n<\/div>\n<\/div><\/section><\/div>\n<style type=\"text\/css\" data-created_by=\"avia_inline_auto\" id=\"style-css-av-9klnl3-67dd4c1cf3389b3b3b4a719eb9121746\">\n.flex_column.av-9klnl3-67dd4c1cf3389b3b3b4a719eb9121746{\nborder-radius:0px 0px 0px 0px;\npadding:0px 0px 0px 0px;\n}\n<\/style>\n<div  class='flex_column av-9klnl3-67dd4c1cf3389b3b3b4a719eb9121746 av_one_half  avia-builder-el-11  el_after_av_one_half  avia-builder-el-last  flex_column_div av-zero-column-padding  '     ><style type=\"text\/css\" data-created_by=\"avia_inline_auto\" id=\"style-css-av-kr6coic9-89362c663ebb0f28c89c7cd7a66e0fa1\">\n.avia-video.av-kr6coic9-89362c663ebb0f28c89c7cd7a66e0fa1{\nbackground-image:url(https:\/\/www.fredonoccitanie.com\/captages\/wp-content\/uploads\/sites\/3\/2022\/04\/captage_video-300x167.png);\n}\n<\/style>\n<div  class='avia-video av-kr6coic9-89362c663ebb0f28c89c7cd7a66e0fa1 avia-video-16-9 av-preview-image avia-video-load-always av-lazyload-immediate av-lazyload-video-embed'  itemprop=\"video\" itemtype=\"https:\/\/schema.org\/VideoObject\"  data-original_url='https:\/\/youtu.be\/eiIsw930TYU'><script type='text\/html' class='av-video-tmpl'><div class='avia-iframe-wrap'><iframe loading=\"lazy\" title=\"Reconqu\u00e9rir et prot\u00e9ger la qualit\u00e9 des eaux de captage\" width=\"1500\" height=\"844\" src=\"https:\/\/www.youtube.com\/embed\/eiIsw930TYU?feature=oembed&autoplay=0&loop=0&controls=1&mute=0\" frameborder=\"0\" allow=\"accelerometer; autoplay; clipboard-write; encrypted-media; gyroscope; picture-in-picture\" allowfullscreen><\/iframe><\/div><\/script><div class='av-click-to-play-overlay'><div class=\"avia_playpause_icon\"><\/div><\/div><\/div><\/div>\n<\/div><\/div><\/div><!-- close content main div --><\/div><\/div><div id='after_section_1'  class='main_color av_default_container_wrap container_wrap fullsize'  ><div class='container av-section-cont-open' ><div class='template-page content  av-content-full alpha units'><div class='post-entry post-entry-type-page post-entry-8247'><div class='entry-content-wrapper clearfix'>\n\n<style type=\"text\/css\" data-created_by=\"avia_inline_auto\" id=\"style-css-av-5pjftj-9ae5c16c868e4b2222b172e5d9ed0881\">\n.flex_column.av-5pjftj-9ae5c16c868e4b2222b172e5d9ed0881{\nborder-radius:0px 0px 0px 0px;\npadding:0px 0px 0px 0px;\n}\n<\/style>\n<div  class='flex_column av-5pjftj-9ae5c16c868e4b2222b172e5d9ed0881 av_two_fifth  avia-builder-el-13  el_after_av_section  el_before_av_three_fifth  avia-builder-el-first  first flex_column_div av-zero-column-padding  '     ><section  class='av_textblock_section av-kr6cpl5d-c0a92f5a90094f3a9430a5d107d44a11 '   itemscope=\"itemscope\" itemtype=\"https:\/\/schema.org\/CreativeWork\" ><div class='avia_textblock'  itemprop=\"text\" ><h2>AIRE D\u2019ALIMENTATION DE CAPTAGE (AAC) : UNE ZONE D\u2019INFILTRATION A PROT\u00c9GER<\/h2>\n<div class=\"wpb_text_column wpb_content_element \">\n<div class=\"wpb_wrapper\">\n<p>Lorsque les pollutions par les nitrates et les pesticides fr\u00f4lent ou d\u00e9passent les <a href=\"https:\/\/aires-captages.fr\/page\/protection-de-la-ressource\">limites de qualit\u00e9 pour l\u2019eau potable<\/a>, il est possible pour les collectivit\u00e9s de mobiliser une seconde d\u00e9marche, <strong>volontaire<\/strong> cette fois-ci. Il s\u2019agit de la <strong>protection des captages contre les <a href=\"https:\/\/aires-captages.fr\/page\/les-pollutions-diffuses\">pollutions dites diffuses<\/a><\/strong>.<\/p>\n<p>A vis\u00e9e sanitaire mais aussi environnementale, cette d\u00e9marche permet aux collectivit\u00e9s les plus impact\u00e9es par les pollutions de d\u00e9ployer des outils et moyens plus pouss\u00e9s sur le plan r\u00e9glementaire, humain et financier. A commencer par la d\u00e9limitation d\u2019une aire d\u2019alimentation de captage (AAC) et la d\u00e9finition des zones les plus vuln\u00e9rables aux pollutions. S\u2019en suit un diagnostic des pressions polluantes et, enfin, l\u2019\u00e9laboration d\u2019un premier programme d\u2019actions (PA) partenarial et pluriannuel en concertation avec l\u2019ensemble des acteurs concern\u00e9s. Ces \u00e9tapes peuvent faire l\u2019objet d\u2019arr\u00eat\u00e9s pr\u00e9fectoraux.<\/p>\n<\/div>\n<\/div>\n<\/div><\/section><\/div>\n\n<style type=\"text\/css\" data-created_by=\"avia_inline_auto\" id=\"style-css-av-4tv6fr-fb18c166dd24191a8d5b5447e3fed828\">\n.flex_column.av-4tv6fr-fb18c166dd24191a8d5b5447e3fed828{\nborder-radius:0px 0px 0px 0px;\npadding:0px 0px 0px 0px;\n}\n<\/style>\n<div  class='flex_column av-4tv6fr-fb18c166dd24191a8d5b5447e3fed828 av_three_fifth  avia-builder-el-15  el_after_av_two_fifth  el_before_av_one_full  flex_column_div av-zero-column-padding  '     ><style type=\"text\/css\" data-created_by=\"avia_inline_auto\" id=\"style-css-av-359grr-9e64b703cc933301d59d6e590aa6074f\">\n.avia-image-container.av-359grr-9e64b703cc933301d59d6e590aa6074f img.avia_image{\nbox-shadow:none;\n}\n.avia-image-container.av-359grr-9e64b703cc933301d59d6e590aa6074f .av-image-caption-overlay-center{\ncolor:#ffffff;\n}\n<\/style>\n<div  class='avia-image-container av-359grr-9e64b703cc933301d59d6e590aa6074f av-styling- avia-align-center  avia-builder-el-16  avia-builder-el-no-sibling '   itemprop=\"image\" itemscope=\"itemscope\" itemtype=\"https:\/\/schema.org\/ImageObject\" ><div class=\"avia-image-container-inner\"><div class=\"avia-image-overlay-wrap\"><img decoding=\"async\" fetchpriority=\"high\" class='wp-image-8249 avia-img-lazy-loading-not-8249 avia_image ' src=\"https:\/\/www.fredonoccitanie.com\/captages\/wp-content\/uploads\/sites\/3\/2021\/07\/Fotolia_69012419_M.jpg\" alt='' title='Captage deau potable'  height=\"1068\" width=\"1780\"  itemprop=\"thumbnailUrl\" srcset=\"https:\/\/www.fredonoccitanie.com\/captages\/wp-content\/uploads\/sites\/3\/2021\/07\/Fotolia_69012419_M.jpg 1780w, https:\/\/www.fredonoccitanie.com\/captages\/wp-content\/uploads\/sites\/3\/2021\/07\/Fotolia_69012419_M-300x180.jpg 300w, https:\/\/www.fredonoccitanie.com\/captages\/wp-content\/uploads\/sites\/3\/2021\/07\/Fotolia_69012419_M-1030x618.jpg 1030w, https:\/\/www.fredonoccitanie.com\/captages\/wp-content\/uploads\/sites\/3\/2021\/07\/Fotolia_69012419_M-768x461.jpg 768w, https:\/\/www.fredonoccitanie.com\/captages\/wp-content\/uploads\/sites\/3\/2021\/07\/Fotolia_69012419_M-1536x922.jpg 1536w, https:\/\/www.fredonoccitanie.com\/captages\/wp-content\/uploads\/sites\/3\/2021\/07\/Fotolia_69012419_M-1500x900.jpg 1500w, https:\/\/www.fredonoccitanie.com\/captages\/wp-content\/uploads\/sites\/3\/2021\/07\/Fotolia_69012419_M-705x423.jpg 705w\" sizes=\"(max-width: 1780px) 100vw, 1780px\" \/><\/div><\/div><\/div><\/div>\n\n<style type=\"text\/css\" data-created_by=\"avia_inline_auto\" id=\"style-css-av-213kav-88e01e71bd58ac43c5f7c53271aba11e\">\n.flex_column.av-213kav-88e01e71bd58ac43c5f7c53271aba11e{\nborder-radius:0px 0px 0px 0px;\npadding:0px 0px 0px 0px;\n}\n<\/style>\n<div  class='flex_column av-213kav-88e01e71bd58ac43c5f7c53271aba11e av_one_full  avia-builder-el-17  el_after_av_three_fifth  el_before_av_one_half  first flex_column_div av-zero-column-padding  '     ><section  class='av_textblock_section av-krjbkly0-d8c43454da0ad70fa36f1405d370661e '   itemscope=\"itemscope\" itemtype=\"https:\/\/schema.org\/CreativeWork\" ><div class='avia_textblock'  itemprop=\"text\" ><div class=\"wpb_text_column wpb_content_element \">\n<div class=\"wpb_wrapper\">\n<p>Cette d\u00e9marche, volontaire, a permis d\u2019observer sur une majorit\u00e9 de territoires <strong>une reconqu\u00eate progressive<\/strong> de la qualit\u00e9 de l\u2019eau. Elle se veut aussi <strong>pr\u00e9ventive,<\/strong> dans la mesure o\u00f9 elle emp\u00eache une d\u00e9t\u00e9rioration \u00e9ventuelle de la qualit\u00e9 de l\u2019eau \u00e0 l\u2019avenir.<\/p>\n<p>Dans certains cas, elle permet d\u2019\u00e9viter (ou abandonner, a posteriori) la mise en place d\u2019une station de traitement, m\u00e9thode dite \u00ab\u00a0curative\u00a0\u00bb qui peut fortement peser sur le budget d\u2019une collectivit\u00e9, et donc de l\u2019administr\u00e9, notamment dans le cas des pesticides et des nitrates.<\/p>\n<p>Pour tout comprendre sur les captages et l\u2019alimentation en eau potable (AEP), rendez-vous sur le site <a href=\"https:\/\/aires-captages.fr\/page\/les-zones-de-protection-des-captages-0\">Aires-captages.fr<\/a> ou sur le site du <a href=\"https:\/\/professionnels.ofb.fr\/fr\/cdr-captages\">centre de ressources Captages \/ OFB.<\/a><\/p>\n<\/div>\n<\/div>\n<\/div><\/section><\/div>\n\n<style type=\"text\/css\" data-created_by=\"avia_inline_auto\" id=\"style-css-av-kr6cr0u7-ab58250d0e2a7d99712fdbfd784a7b91\">\n.flex_column.av-kr6cr0u7-ab58250d0e2a7d99712fdbfd784a7b91{\nborder-radius:0px 0px 0px 0px;\npadding:20px 20px 20px 20px;\nbackground-color:#f7f7f7;\n}\n<\/style>\n<div  class='flex_column av-kr6cr0u7-ab58250d0e2a7d99712fdbfd784a7b91 av_one_half  avia-builder-el-19  el_after_av_one_full  el_before_av_one_half  first flex_column_div  column-top-margin'     ><section  class='av_textblock_section av-kr6cri74-808422bf2eb9460554d23af8451de2fa '   itemscope=\"itemscope\" itemtype=\"https:\/\/schema.org\/CreativeWork\" ><div class='avia_textblock'  itemprop=\"text\" ><div class=\"vc_cta3-content\">\n<header class=\"vc_cta3-content-header\">\n<h2 class=\"vc_custom_heading\">Notre d\u00e9marche en quelques chiffres<\/h2>\n<\/header>\n<p>En un coup d\u2019\u0153il, comprendre la d\u00e9marche r\u00e9gionale de la gestion p\u00e9renne de la ressource en eau potable <em>Captages d&rsquo;<\/em>Eau<em>ccitanie<\/em>, d\u00e9ploy\u00e9e sur deux bassins.<\/p>\n<\/div>\n<\/div><\/section><br \/>\n<div  class='avia-button-wrap av-kr6cts51-1418dc76b290fa12ce40962e59c0d715-wrap avia-button-center  avia-builder-el-21  el_after_av_textblock  avia-builder-el-last '><a href='https:\/\/www.fredonoccitanie.com\/captages\/nos-missions\/notre-demarche-en-chiffres\/'  class='avia-button av-kr6cts51-1418dc76b290fa12ce40962e59c0d715 av-link-btn avia-icon_select-no avia-size-small avia-position-center avia-color-theme-color'   aria-label=\"Notre d\u00e9marche en quelques chiffres\"><span class='avia_iconbox_title' >Notre d\u00e9marche en quelques chiffres<\/span><\/a><\/div><\/p><\/div>\n<style type=\"text\/css\" data-created_by=\"avia_inline_auto\" id=\"style-css-av-2a3uon-6491ed9efb37eb249e7b757ce72cd4d1\">\n.flex_column.av-2a3uon-6491ed9efb37eb249e7b757ce72cd4d1{\nborder-radius:0px 0px 0px 0px;\npadding:20px 20px 20px 20px;\nbackground-color:#f7f7f7;\n}\n<\/style>\n<div  class='flex_column av-2a3uon-6491ed9efb37eb249e7b757ce72cd4d1 av_one_half  avia-builder-el-22  el_after_av_one_half  avia-builder-el-last  flex_column_div  column-top-margin'     ><section  class='av_textblock_section av-kr6cxs40-9492f559aca1d7812a1a7c9a954c0761 '   itemscope=\"itemscope\" itemtype=\"https:\/\/schema.org\/CreativeWork\" ><div class='avia_textblock'  itemprop=\"text\" ><div class=\"vc_cta3-content\">\n<div class=\"vc_cta3-content\">\n<header class=\"vc_cta3-content-header\">\n<h2 class=\"vc_custom_heading\">Les actions locales<\/h2>\n<\/header>\n<p>D\u00e9couvrez ici les d\u00e9marches territoriales repr\u00e9sent\u00e9es dans le r\u00e9seau <em>Captages d\u2019<\/em>Eau<em>ccitanie, <\/em>ainsi que vos contacts locaux.<\/p>\n<p><span data-olk-copy-source=\"MessageBody\">Au sein de la r\u00e9gion Occitanie, il y a ainsi plus de 15 d\u00e9marches en cours sur le bassin Adour-Garonne et plus de 50 d\u00e9marches sur le bassin Rh\u00f4ne-M\u00e9diterran\u00e9e !<\/span><\/p>\n<\/div>\n<\/div>\n<\/div><\/section><br \/>\n<div  class='avia-button-wrap av-kr6cybph-14adc923ba2e16b324d9f26476152ac3-wrap avia-button-center  avia-builder-el-24  el_after_av_textblock  avia-builder-el-last '><a href='https:\/\/www.fredonoccitanie.com\/captages\/carte-interactive-des-actions-captages-deauccitanie-2\/'  class='avia-button av-kr6cybph-14adc923ba2e16b324d9f26476152ac3 av-link-btn avia-icon_select-no avia-size-small avia-position-center avia-color-theme-color'  target=\"_blank\"  rel=\"noopener noreferrer\"  aria-label=\"J\u2019acc\u00e8de \u00e0 la carte interactive\"><span class='avia_iconbox_title' >J\u2019acc\u00e8de \u00e0 la carte interactive<\/span><\/a><\/div><\/p><\/div><\/p>\n","protected":false},"excerpt":{"rendered":"","protected":false},"author":1,"featured_media":0,"parent":28,"menu_order":1,"comment_status":"closed","ping_status":"closed","template":"","meta":{"footnotes":""},"class_list":["post-8247","page","type-page","status-publish","hentry"],"_links":{"self":[{"href":"https:\/\/www.fredonoccitanie.com\/captages\/wp-json\/wp\/v2\/pages\/8247","targetHints":{"allow":["GET"]}}],"collection":[{"href":"https:\/\/www.fredonoccitanie.com\/captages\/wp-json\/wp\/v2\/pages"}],"about":[{"href":"https:\/\/www.fredonoccitanie.com\/captages\/wp-json\/wp\/v2\/types\/page"}],"author":[{"embeddable":true,"href":"https:\/\/www.fredonoccitanie.com\/captages\/wp-json\/wp\/v2\/users\/1"}],"replies":[{"embeddable":true,"href":"https:\/\/www.fredonoccitanie.com\/captages\/wp-json\/wp\/v2\/comments?post=8247"}],"version-history":[{"count":5,"href":"https:\/\/www.fredonoccitanie.com\/captages\/wp-json\/wp\/v2\/pages\/8247\/revisions"}],"predecessor-version":[{"id":11519,"href":"https:\/\/www.fredonoccitanie.com\/captages\/wp-json\/wp\/v2\/pages\/8247\/revisions\/11519"}],"up":[{"embeddable":true,"href":"https:\/\/www.fredonoccitanie.com\/captages\/wp-json\/wp\/v2\/pages\/28"}],"wp:attachment":[{"href":"https:\/\/www.fredonoccitanie.com\/captages\/wp-json\/wp\/v2\/media?parent=8247"}],"curies":[{"name":"wp","href":"https:\/\/api.w.org\/{rel}","templated":true}]}}