{"id":11216,"date":"2024-10-03T09:00:57","date_gmt":"2024-10-03T07:00:57","guid":{"rendered":"https:\/\/www.fredonoccitanie.com\/captages\/?page_id=11216"},"modified":"2025-04-15T10:54:06","modified_gmt":"2025-04-15T08:54:06","slug":"carte-interactive-des-actions-captages-deauccitanie-2","status":"publish","type":"page","link":"https:\/\/www.fredonoccitanie.com\/captages\/carte-interactive-des-actions-captages-deauccitanie-2\/","title":{"rendered":"Carte interactive des acteurs engag\u00e9s pour la qualit\u00e9 des ressources en eau"},"content":{"rendered":"\n<style type=\"text\/css\" data-created_by=\"avia_inline_auto\" id=\"style-css-av-1fipro0-3a49bfdc33c74ca9867f27d94489e45f\">\n.flex_column.av-1fipro0-3a49bfdc33c74ca9867f27d94489e45f{\nborder-radius:0px 0px 0px 0px;\npadding:0px 0px 0px 0px;\n}\n<\/style>\n<div  class='flex_column av-1fipro0-3a49bfdc33c74ca9867f27d94489e45f av_one_full  avia-builder-el-0  el_before_av_one_full  avia-builder-el-first  first flex_column_div av-zero-column-padding  '     ><section  class='av_textblock_section av-ldcwfml4-d15f83b481c932c7134a0ea39334e7ce '   itemscope=\"itemscope\" itemtype=\"https:\/\/schema.org\/CreativeWork\" ><div class='avia_textblock'  itemprop=\"text\" ><h2 style=\"text-align: center\">CARTE INTERACTIVE DES ACTEURS ENGAGES<\/h2>\n<h2 style=\"text-align: center\">POUR LA QUALITE DES RESSOURCES EN EAU<\/h2>\n<p>De nombreuses actions, d\u00e9ploy\u00e9es localement par les PRPDE ou d&rsquo;autres structures engag\u00e9es dans la lutte contre les pollutions diffuses (syndicats de bassin, EPTB, organismes de conseil, &#8230;), sont men\u00e9es en Occitanie pour prot\u00e9ger <strong>la qualit\u00e9 des eaux brutes servant \u00e0 produire de l&rsquo;eau potable.<\/strong> Ces actions reposent notamment sur <strong>une animation territoriale d\u00e9di\u00e9e et d&rsquo;\u00e9troits partenariats avec les acteurs du territoire<\/strong> (professionnels, \u00e9conomiques, associatifs, &#8230;) afin de faire \u00e9merger des projets de pr\u00e9servation des captages centr\u00e9s sur des actions de transition agro\u00e9cologique, qui disposent de moyens techniques et financiers allou\u00e9s.<\/p>\n<p><strong>FREDON Occitanie est missionn\u00e9e par les pilotes de la politique r\u00e9gionale de protection des captages (DREAL, DRAAF Occitanie, ARS, Agences de l&rsquo;eau Adour-Garonne et Rh\u00f4ne-M\u00e9diterran\u00e9e Corse) pour animer le r\u00e9seau<\/strong> <strong><em>Captages<\/em> d&rsquo;Eau<em>ccitanie<\/em><\/strong> destin\u00e9 aux acteurs engag\u00e9s dans ces actions en faveur de la qualit\u00e9 de l&rsquo;eau.<\/p>\n<p>Retrouvez dans la carte ci-dessous une partie des membres<strong> de ce r\u00e9seau, les animateurs de d\u00e9marches pr\u00e9ventives territoriales, ainsi que les principales informations \u00e0 jour sur les captages, leurs aires d\u2019alimentation, les d\u00e9marches pr\u00e9ventives associ\u00e9es et les coordonn\u00e9es de votre interlocuteur local.<\/strong> Il pourra vous renseigner sur l&rsquo;\u00e9tat d\u2019avancement du plan d\u2019actions territorial, les actualit\u00e9s ou les \u00e9ch\u00e9ances \u00e0 venir, le bon outil ou le bon financement pour votre projet de transition agro\u00e9cologique.<\/p>\n<\/div><\/section><\/div>\n<style type=\"text\/css\" data-created_by=\"avia_inline_auto\" id=\"style-css-av-32i9u8-8c71fd8145b9b6bd11bb7a35f10a5e99\">\n@keyframes av_boxShadowEffect_av-32i9u8-8c71fd8145b9b6bd11bb7a35f10a5e99-column {\n0%   { box-shadow:  0 0 0 0 #c1c1c1; opacity: 1; }\n100% { box-shadow:  0 0 10px 0 #c1c1c1; opacity: 1; }\n}\n.flex_column.av-32i9u8-8c71fd8145b9b6bd11bb7a35f10a5e99{\nbox-shadow: 0 0 10px 0 #c1c1c1;\nborder-radius:0px 0px 0px 0px;\npadding:0px 0px 0px 0px;\n}\n<\/style>\n<div  class='flex_column av-32i9u8-8c71fd8145b9b6bd11bb7a35f10a5e99 av_one_full  avia-builder-el-2  el_after_av_one_full  el_before_av_one_full  first flex_column_div shadow-not-animated av-zero-column-padding  column-top-margin'     ><\/div><\/p>\n\n<style type=\"text\/css\" data-created_by=\"avia_inline_auto\" id=\"style-css-av-w6s7cg-861cfbf2d0a8e6aac6c3b0a42d6df041\">\n.flex_column.av-w6s7cg-861cfbf2d0a8e6aac6c3b0a42d6df041{\nborder-radius:0px 0px 0px 0px;\npadding:0px 100px 0px 100px;\n}\n<\/style>\n<div  class='flex_column av-w6s7cg-861cfbf2d0a8e6aac6c3b0a42d6df041 av_one_full  avia-builder-el-4  el_after_av_one_full  avia-builder-el-last  first flex_column_div  column-top-margin'     ><style type=\"text\/css\" data-created_by=\"avia_inline_auto\" id=\"style-css-av-m0uuuuoj-dd7efc3c21c3e5c5916d3ae0d9d879bf\">\n.avia-image-container.av-m0uuuuoj-dd7efc3c21c3e5c5916d3ae0d9d879bf img.avia_image{\nbox-shadow:none;\n}\n.avia-image-container.av-m0uuuuoj-dd7efc3c21c3e5c5916d3ae0d9d879bf .av-image-caption-overlay-center{\ncolor:#ffffff;\n}\n<\/style>\n<div  class='avia-image-container av-m0uuuuoj-dd7efc3c21c3e5c5916d3ae0d9d879bf av-styling- avia-align-center  avia-builder-el-5  avia-builder-el-no-sibling '   itemprop=\"image\" itemscope=\"itemscope\" itemtype=\"https:\/\/schema.org\/ImageObject\" ><div class=\"avia-image-container-inner\"><div class=\"avia-image-overlay-wrap\"><img decoding=\"async\" fetchpriority=\"high\" class='wp-image-11296 avia-img-lazy-loading-not-11296 avia_image ' src=\"https:\/\/www.fredonoccitanie.com\/captages\/wp-content\/uploads\/sites\/3\/2024\/10\/logo_captage.jpg\" alt='' title='logo_captage'  height=\"224\" width=\"1120\"  itemprop=\"thumbnailUrl\" srcset=\"https:\/\/www.fredonoccitanie.com\/captages\/wp-content\/uploads\/sites\/3\/2024\/10\/logo_captage.jpg 1120w, https:\/\/www.fredonoccitanie.com\/captages\/wp-content\/uploads\/sites\/3\/2024\/10\/logo_captage-300x60.jpg 300w, https:\/\/www.fredonoccitanie.com\/captages\/wp-content\/uploads\/sites\/3\/2024\/10\/logo_captage-1030x206.jpg 1030w, https:\/\/www.fredonoccitanie.com\/captages\/wp-content\/uploads\/sites\/3\/2024\/10\/logo_captage-768x154.jpg 768w, https:\/\/www.fredonoccitanie.com\/captages\/wp-content\/uploads\/sites\/3\/2024\/10\/logo_captage-705x141.jpg 705w\" sizes=\"(max-width: 1120px) 100vw, 1120px\" \/><\/div><\/div><\/div><\/div>\n","protected":false},"excerpt":{"rendered":"","protected":false},"author":5,"featured_media":0,"parent":0,"menu_order":0,"comment_status":"closed","ping_status":"closed","template":"","meta":{"footnotes":""},"class_list":["post-11216","page","type-page","status-publish","hentry"],"_links":{"self":[{"href":"https:\/\/www.fredonoccitanie.com\/captages\/wp-json\/wp\/v2\/pages\/11216","targetHints":{"allow":["GET"]}}],"collection":[{"href":"https:\/\/www.fredonoccitanie.com\/captages\/wp-json\/wp\/v2\/pages"}],"about":[{"href":"https:\/\/www.fredonoccitanie.com\/captages\/wp-json\/wp\/v2\/types\/page"}],"author":[{"embeddable":true,"href":"https:\/\/www.fredonoccitanie.com\/captages\/wp-json\/wp\/v2\/users\/5"}],"replies":[{"embeddable":true,"href":"https:\/\/www.fredonoccitanie.com\/captages\/wp-json\/wp\/v2\/comments?post=11216"}],"version-history":[{"count":5,"href":"https:\/\/www.fredonoccitanie.com\/captages\/wp-json\/wp\/v2\/pages\/11216\/revisions"}],"predecessor-version":[{"id":11462,"href":"https:\/\/www.fredonoccitanie.com\/captages\/wp-json\/wp\/v2\/pages\/11216\/revisions\/11462"}],"wp:attachment":[{"href":"https:\/\/www.fredonoccitanie.com\/captages\/wp-json\/wp\/v2\/media?parent=11216"}],"curies":[{"name":"wp","href":"https:\/\/api.w.org\/{rel}","templated":true}]}}